{"id":20,"date":"2021-09-29T16:38:46","date_gmt":"2021-09-29T20:38:46","guid":{"rendered":"http:\/\/www.cec.org\/tsreports\/?page_id=20"},"modified":"2023-12-08T13:09:48","modified_gmt":"2023-12-08T18:09:48","slug":"test","status":"publish","type":"page","link":"https:\/\/www.cec.org\/tsreports\/fr\/","title":{"rendered":"<em>\u00c0 l\u2019heure des comptes<\/em> : Volume 16"},"content":{"rendered":"<p><strong>Citer comme suit :<\/strong><\/p>\n<p>CCE (2023). <em>\u00c0 l\u2019heure des comptes : Les rejets et les transferts de polluants en Am\u00e9rique du Nord, vol. 16<\/em>, Commission de coop\u00e9ration environnementale, Montr\u00e9al, Canada, 147 p.<\/p>\n<p>Cette publication a \u00e9t\u00e9 pr\u00e9par\u00e9e par le Secr\u00e9tariat de la Commission de coop\u00e9ration environnementale, en collaboration avec l&rsquo;\u00e9quipe de consultants Ambiens-Kuradzo. L\u2019information qu\u2019il contient ne refl\u00e8te pas n\u00e9cessairement les vues des gouvernements du Canada, du Mexique ou des \u00c9tats-Unis.<\/p>\n<p>Le document peut \u00eatre reproduit en tout ou en partie sans le consentement pr\u00e9alable du Secr\u00e9tariat de la CCE, \u00e0 condition que ce soit \u00e0 des fins \u00e9ducatives et non lucratives et que la source soit mentionn\u00e9e. La CCE appr\u00e9cierait n\u00e9anmoins recevoir un exemplaire de toute publication ou de tout \u00e9crit qui s&rsquo;inspire du pr\u00e9sent document.<\/p>\n<p>Sauf indication contraire, le contenu de cette publication est prot\u00e9g\u00e9 en vertu d\u2019une licence Creative Commons : Paternit\u00e9 \u2013 Pas d\u2019utilisation commerciale \u2013 Pas de modification.<\/p>\n<p>\u00a9 Commission de coop\u00e9ration environnementale, 2023<\/p>\n<p>ISBN: 978-2-89700-312-8<br \/>\n<em>Available in English<\/em> \u2013 ISBN: 978-2-89700-311-1<br \/>\n<em>Disponible en espa\u00f1ol<\/em> \u2013 ISBN: 978-2-89700-313-5<\/p>\n<p>D\u00e9p\u00f4t l\u00e9gal : Biblioth\u00e8que et Archives nationales du Qu\u00e9bec, 2023<br \/>\nD\u00e9p\u00f4t l\u00e9gal : Biblioth\u00e8que et Archives Canada, 2023<\/p>\n<div class=\"highlight\"><strong>Renseignements sur la publication <\/strong><br \/>\nCat\u00e9gorie de document :<em> \u00c0 l&rsquo;heure des comptes<\/em><br \/>\nDate de parution : mars 2023<br \/>\nLangue d&rsquo;origine : anglais<br \/>\nProc\u00e9dures d&rsquo;examen et d&rsquo;assurance de la qualit\u00e9 :<br \/>\nR\u00e9vision finale par les Parties : ao\u00fbt &#8211; octobre 2022<br \/>\nQA 353<br \/>\nProjet: Suivi des rejets et des transferts de polluants en Am\u00e9rique du Nord, 2023. <em>\u00c0 l&rsquo;heure des comptes : Les rejets et les transferts de polluants en Am\u00e9rique du Nord,<\/em> <em>vol. 16.<\/em><\/div>\n<p>Photo de couverture : Centrales \u00e9lectriques de Kyger Creek et de Cheshire et leurs bassins de stockage de cendres de charbon, Cheshire, Ohio (avril 2012) \u2013 iStock<\/p>\n<p>Renseignements suppl\u00e9mentaires:<\/p>\n<p><strong>Commission de coop\u00e9ration environnementale<\/strong><br \/>\n1001 boulevard Robert-Bourassa, bureau 1620,<br \/>\nMontr\u00e9al (Qu\u00e9bec) Canada<br \/>\nH3B 4L4<br \/>\nT\u00e9l.\u00a0: 514-350-4300; t\u00e9l\u00e9c.\u00a0: 438-701-1434<br \/>\nCourriel : &lt;<a href=\"mailto:info@cec.org\">info@cec.org<\/a>&gt;; site Web\u00a0: &lt;<a href=\"http:\/\/www.cec.org\">www.cec.org<\/a>&gt;<\/p>\n","protected":false},"excerpt":{"rendered":"<p>Citer comme suit : CCE (2023). \u00c0 l\u2019heure des comptes : Les rejets et les transferts de polluants en Am\u00e9rique du Nord, vol. 16, Commission de coop\u00e9ration environnementale, Montr\u00e9al, Canada, 147 p. Cette publication a \u00e9t\u00e9 pr\u00e9par\u00e9e par le Secr\u00e9tariat de la Commission de coop\u00e9ration environnementale, en collaboration avec l&rsquo;\u00e9quipe de consultants Ambiens-Kuradzo. L\u2019information qu\u2019il [&hellip;]<\/p>\n","protected":false},"author":1,"featured_media":0,"parent":0,"menu_order":0,"comment_status":"closed","ping_status":"closed","template":"","meta":{"_acf_changed":false,"footnotes":""},"class_list":["post-20","page","type-page","status-publish","hentry"],"acf":[],"_links":{"self":[{"href":"https:\/\/www.cec.org\/tsreports\/fr\/wp-json\/wp\/v2\/pages\/20","targetHints":{"allow":["GET"]}}],"collection":[{"href":"https:\/\/www.cec.org\/tsreports\/fr\/wp-json\/wp\/v2\/pages"}],"about":[{"href":"https:\/\/www.cec.org\/tsreports\/fr\/wp-json\/wp\/v2\/types\/page"}],"author":[{"embeddable":true,"href":"https:\/\/www.cec.org\/tsreports\/fr\/wp-json\/wp\/v2\/users\/1"}],"replies":[{"embeddable":true,"href":"https:\/\/www.cec.org\/tsreports\/fr\/wp-json\/wp\/v2\/comments?post=20"}],"version-history":[{"count":7,"href":"https:\/\/www.cec.org\/tsreports\/fr\/wp-json\/wp\/v2\/pages\/20\/revisions"}],"predecessor-version":[{"id":2254,"href":"https:\/\/www.cec.org\/tsreports\/fr\/wp-json\/wp\/v2\/pages\/20\/revisions\/2254"}],"wp:attachment":[{"href":"https:\/\/www.cec.org\/tsreports\/fr\/wp-json\/wp\/v2\/media?parent=20"}],"curies":[{"name":"wp","href":"https:\/\/api.w.org\/{rel}","templated":true}]}}