{"id":959,"date":"2022-10-25T17:32:02","date_gmt":"2022-10-25T21:32:02","guid":{"rendered":"http:\/\/www.cec.org\/tsreports\/indice\/"},"modified":"2023-02-18T11:53:02","modified_gmt":"2023-02-18T16:53:02","slug":"indice","status":"publish","type":"page","link":"https:\/\/www.cec.org\/tsreports\/es\/indice\/","title":{"rendered":"\u00cdndice"},"content":{"rendered":"<p><a href=\"https:\/\/www.cec.org\/tsreports\/es\/volumesixteen-es\/siglas-acronimos-y-abreviaturas\/\">Siglas, acr\u00f3nimos y abreviaturas<\/a><br \/>\n<a href=\"https:\/\/www.cec.org\/tsreports\/es\/volumesixteen-es\/prefacio\/\">Prefacio<\/a><br \/>\n<a href=\"https:\/\/www.cec.org\/tsreports\/es\/volumesixteen-es\/agradecimientos\/\">Agradecimientos<\/a><br \/>\n<a href=\"http:\/\/www.cec.org\/tsreports\/?p=1\">Resumen ejecutivo<\/a><br \/>\n<a href=\"https:\/\/www.cec.org\/tsreports\/es\/volumesixteen-es\/introduccion\/\">Introducci\u00f3n<\/a><br \/>\n<a href=\"https:\/\/www.cec.org\/tsreports\/es\/volumesixteen-es\/principales-hallazgos\/\">Principales hallazgos<\/a><\/p>\n<ul>\n<li><a href=\"https:\/\/www.cec.org\/tsreports\/es\/volumesixteen-es\/1-panorama-general-de-las-emisiones-y-transferencias-en-america-del-norte-2014-2018\/\">1 Panorama general de las emisiones y transferencias en Am\u00e9rica del Norte, 2014-2018<\/a>\n<ul>\n<li><a href=\"https:\/\/www.cec.org\/tsreports\/es\/volumesixteen-es\/1-1-establecimientos-que-declaran-a-los-retc-de-america-del-norte\/\">1.1 Establecimientos que declaran a los RETC de Am\u00e9rica del Norte<\/a><\/li>\n<li><a href=\"https:\/\/www.cec.org\/tsreports\/es\/volumesixteen-es\/1-2-tipos-de-emisiones-y-transferencias-registradas-en-america-del-norte\/\">1.2 Tipos de emisiones y transferencias registradas en Am\u00e9rica del Norte<\/a><\/li>\n<li><a href=\"https:\/\/www.cec.org\/tsreports\/es\/volumesixteen-es\/1-3-sectores-industriales-y-contaminantes-con-mayores-volumenes-registrados\/\">1.3 Sectores industriales y contaminantes con mayores vol\u00famenes registrados<\/a><\/li>\n<li><a href=\"https:\/\/www.cec.org\/tsreports\/es\/volumesixteen-es\/1-4-comparacion-de-los-datos-retc-de-canada-estados-unidos-y-mexico\/\">1.4 Comparaci\u00f3n de los datos RETC de Canad\u00e1, Estados Unidos y M\u00e9xico<\/a><\/li>\n<li><a href=\"https:\/\/www.cec.org\/tsreports\/es\/volumesixteen-es\/1-5-factores-a-considerar-al-utilizar-datos-retc-en-la-evaluacion-de-riesgos\/\">1.5 Factores a considerar al utilizar datos RETC en la evaluaci\u00f3n de riesgos<\/a><\/li>\n<li><a href=\"https:\/\/www.cec.org\/tsreports\/es\/volumesixteen-es\/1-6-transferencias-transfronterizas-de-contaminantes\/\">1.6 Transferencias transfronterizas de contaminantes<\/a><\/li>\n<li><a href=\"https:\/\/www.cec.org\/tsreports\/es\/volumesixteen-es\/1-7-instalaciones-con-los-mayores-volumenes-de-emisiones-al-aire-y-al-agua-registradas-2014-2018\/\">1.7 Instalaciones con los mayores vol\u00famenes de emisiones al aire y al agua registradas, 2014-2018<\/a><\/li>\n<\/ul>\n<\/li>\n<li><a href=\"https:\/\/www.cec.org\/tsreports\/es\/volumesixteen-es\/2-analisis-especial-transferencias-fuera-de-sitio-para-disposicion-final-en-america-del-norte-2014-2018\/\">2 An\u00e1lisis especial: transferencias fuera de sitio para disposici\u00f3n final en Am\u00e9rica del Norte, 2014-2018<\/a>\n<ul>\n<li><a href=\"https:\/\/www.cec.org\/tsreports\/es\/volumesixteen-es\/2-analisis-especial-transferencias-fuera-de-sitio-para-disposicion-final-en-america-del-norte-2014-2018\/#introduction\">2.1 Introducci\u00f3n<\/a><\/li>\n<li><a href=\"https:\/\/www.cec.org\/tsreports\/es\/volumesixteen-es\/2-2-alcance-y-metodologia\/\">2.2 Alcance y metodolog\u00eda<\/a>\n<ul>\n<li><a href=\"https:\/\/www.cec.org\/tsreports\/es\/volumesixteen-es\/2-2-alcance-y-metodologia\/#dataandinfo\">2.2.1 Fuentes de datos e informaci\u00f3n<\/a><\/li>\n<li><a href=\"https:\/\/www.cec.org\/tsreports\/es\/volumesixteen-es\/2-2-alcance-y-metodologia\/#terminology\">2.2.2 Terminolog\u00eda y comparabilidad de los RETC de Am\u00e9rica del Norte<\/a><\/li>\n<\/ul>\n<\/li>\n<li><a href=\"https:\/\/www.cec.org\/tsreports\/es\/volumesixteen-es\/2-3-practicas-de-disposicion-final-de-residuos-y-sus-posibles-impactos\/\">2.3 Pr\u00e1cticas de disposici\u00f3n final de residuos y sus posibles impactos<\/a>\n<ul>\n<li><a href=\"https:\/\/www.cec.org\/tsreports\/es\/volumesixteen-es\/2-3-practicas-de-disposicion-final-de-residuos-y-sus-posibles-impactos\/#disposalpractices\">2.3.1 Pr\u00e1cticas de disposici\u00f3n final empleadas por la industria en Am\u00e9rica del Norte<\/a><\/li>\n<li><a href=\"https:\/\/www.cec.org\/tsreports\/es\/volumesixteen-es\/2-3-practicas-de-disposicion-final-de-residuos-y-sus-posibles-impactos-2\/\">2.3.2 Preocupaciones ambientales y de salud humana en relaci\u00f3n con la eliminaci\u00f3n de residuos industriales<\/a><\/li>\n<li><a href=\"https:\/\/www.cec.org\/tsreports\/es\/volumesixteen-es\/2-3-practicas-de-disposicion-final-de-residuos-y-sus-posibles-impactos-3\/\">2.3.3 Leyes, reglamentos y directrices para el manejo de residuos industriales y peligrosos<\/a><\/li>\n<\/ul>\n<\/li>\n<li><a href=\"https:\/\/www.cec.org\/tsreports\/es\/volumesixteen-es\/2-4-analisis-de-transferencias-fuera-de-sitio-para-disposicion-final-2014-2018\/\">2.4 An\u00e1lisis de transferencias fuera de sitio para disposici\u00f3n final, 2014-2018<\/a>\n<ul>\n<li><a href=\"https:\/\/www.cec.org\/tsreports\/es\/volumesixteen-es\/2-4-analisis-de-transferencias-fuera-de-sitio-para-disposicion-final-2014-2018\/\">2.4.1 Panorama regional<\/a><\/li>\n<li><a href=\"https:\/\/www.cec.org\/tsreports\/es\/volumesixteen-es\/2-4-analisis-de-transferencias-fuera-de-sitio-para-disposicion-final-2014-2018-2\/\">2.4.2 Transferencias para disposici\u00f3n final en Am\u00e9rica del Norte: principales contaminantes y sectores, 2014-2018<\/a><\/li>\n<li><a href=\"https:\/\/www.cec.org\/tsreports\/es\/volumesixteen-es\/2-4-analisis-de-transferencias-fuera-de-sitio-para-disposicion-final-2014-2018-3\/\">2.4.3 Transferencias para disposici\u00f3n final en Canad\u00e1<\/a><\/li>\n<li><a href=\"https:\/\/www.cec.org\/tsreports\/es\/volumesixteen-es\/2-4-analisis-de-transferencias-fuera-de-sitio-para-disposicion-final-2014-2018-4\/\">2.4.4 Transferencias para disposici\u00f3n final en M\u00e9xico<\/a><\/li>\n<li><a href=\"https:\/\/www.cec.org\/tsreports\/es\/volumesixteen-es\/2-4-analisis-de-transferencias-fuera-de-sitio-para-disposicion-final-2014-2018-5\/\">2.4.5 Transferencias para disposici\u00f3n final en Estados Unidos<\/a><\/li>\n<li><a href=\"https:\/\/www.cec.org\/tsreports\/es\/volumesixteen-es\/2-4-analisis-de-transferencias-fuera-de-sitio-para-disposicion-final-2014-2018-6\/\">2.4.6 Transferencias transfronterizas para disposici\u00f3n final en Am\u00e9rica del Norte, 2014-2018<\/a><\/li>\n<li><a href=\"https:\/\/www.cec.org\/tsreports\/es\/volumesixteen-es\/2-4-analisis-de-transferencias-fuera-de-sitio-para-disposicion-final-2014-2018-7\/\">2.4.7 Seguimiento de las transferencias para disposici\u00f3n final, desde el origen hasta el destinatario<\/a><\/li>\n<\/ul>\n<\/li>\n<li><a href=\"https:\/\/www.cec.org\/tsreports\/es\/volumesixteen-es\/2-5-produccion-sostenible-y-alternativas-a-la-generacion-y-eliminacion-de-residuos-industriales\/\">2.5 Producci\u00f3n sostenible y alternativas a la generaci\u00f3n y eliminaci\u00f3n de residuos industriales <\/a>\n<ul>\n<li><a href=\"https:\/\/www.cec.org\/tsreports\/es\/volumesixteen-es\/2-5-produccion-sostenible-y-alternativas-a-la-generacion-y-eliminacion-de-residuos-industriales-2\/\">2.5.1 Producci\u00f3n sostenible y el concepto de econom\u00eda circular<\/a><\/li>\n<li><a href=\"https:\/\/www.cec.org\/tsreports\/es\/volumesixteen-es\/2-5-produccion-sostenible-y-alternativas-a-la-generacion-y-eliminacion-de-residuos-industriales-3\/\">2.5.2 El papel de la industria en la econom\u00eda circular<\/a><\/li>\n<li><a href=\"https:\/\/www.cec.org\/tsreports\/es\/volumesixteen-es\/2-5-produccion-sostenible-y-alternativas-a-la-generacion-y-eliminacion-de-residuos-industriales-4\/\">2.5.3 El papel de los programas RETC en la econom\u00eda circular<\/a><\/li>\n<li><a href=\"https:\/\/www.cec.org\/tsreports\/es\/volumesixteen-es\/2-5-produccion-sostenible-y-alternativas-a-la-generacion-y-eliminacion-de-residuos-industriales-5\/\">2.5.4 Ejemplos de pr\u00e1cticas sostenibles en la industria en Am\u00e9rica del Norte<\/a><\/li>\n<\/ul>\n<\/li>\n<li><a href=\"https:\/\/www.cec.org\/tsreports\/es\/volumesixteen-es\/2-6-conclusiones\/\">2.6 Conclusiones<\/a><\/li>\n<\/ul>\n<\/li>\n<\/ul>\n<p><a href=\"http:\/\/www.cec.org\/tsreports\/?page_id=539\">Referencias bibliogr\u00e1ficas<\/a><\/p>\n","protected":false},"excerpt":{"rendered":"<p>Siglas, acr\u00f3nimos y abreviaturas Prefacio Agradecimientos Resumen ejecutivo Introducci\u00f3n Principales hallazgos 1 Panorama general de las emisiones y transferencias en Am\u00e9rica del Norte, 2014-2018 1.1 Establecimientos que declaran a los RETC de Am\u00e9rica del Norte 1.2 Tipos de emisiones y transferencias registradas en Am\u00e9rica del Norte 1.3 Sectores industriales y contaminantes con mayores vol\u00famenes registrados [&hellip;]<\/p>\n","protected":false},"author":1,"featured_media":0,"parent":0,"menu_order":0,"comment_status":"closed","ping_status":"closed","template":"","meta":{"_acf_changed":false,"footnotes":""},"class_list":["post-959","page","type-page","status-publish","hentry"],"acf":[],"_links":{"self":[{"href":"https:\/\/www.cec.org\/tsreports\/es\/wp-json\/wp\/v2\/pages\/959","targetHints":{"allow":["GET"]}}],"collection":[{"href":"https:\/\/www.cec.org\/tsreports\/es\/wp-json\/wp\/v2\/pages"}],"about":[{"href":"https:\/\/www.cec.org\/tsreports\/es\/wp-json\/wp\/v2\/types\/page"}],"author":[{"embeddable":true,"href":"https:\/\/www.cec.org\/tsreports\/es\/wp-json\/wp\/v2\/users\/1"}],"replies":[{"embeddable":true,"href":"https:\/\/www.cec.org\/tsreports\/es\/wp-json\/wp\/v2\/comments?post=959"}],"version-history":[{"count":4,"href":"https:\/\/www.cec.org\/tsreports\/es\/wp-json\/wp\/v2\/pages\/959\/revisions"}],"predecessor-version":[{"id":963,"href":"https:\/\/www.cec.org\/tsreports\/es\/wp-json\/wp\/v2\/pages\/959\/revisions\/963"}],"wp:attachment":[{"href":"https:\/\/www.cec.org\/tsreports\/es\/wp-json\/wp\/v2\/media?parent=959"}],"curies":[{"name":"wp","href":"https:\/\/api.w.org\/{rel}","templated":true}]}}