{"id":18,"date":"2021-09-29T16:38:46","date_gmt":"2021-09-29T20:38:46","guid":{"rendered":"http:\/\/www.cec.org\/tsreports\/?page_id=18"},"modified":"2023-12-08T13:08:03","modified_gmt":"2023-12-08T18:08:03","slug":"prueba-1","status":"publish","type":"page","link":"https:\/\/www.cec.org\/tsreports\/es\/","title":{"rendered":"Acerca de <em>En balance<\/em>, Volumen 16"},"content":{"rendered":"<p><strong>Citar como:<\/strong><\/p>\n<p>CCA (2023), <em>En balance: emisiones y transferencias de contaminantes en Am\u00e9rica del Norte<\/em>, vol. 16, Comisi\u00f3n para la Cooperaci\u00f3n Ambiental, Montreal, Canad\u00e1, 150 pp.<\/p>\n<p>Esta publicaci\u00f3n fue preparada por la Secretar\u00eda de la Comisi\u00f3n de Cooperaci\u00f3n Ambiental, en colaboraci\u00f3n con el equipo de consultor\u00eda Ambiens-Kuradzo. La informaci\u00f3n que contiene no necesariamente refleja los puntos de vista de los gobiernos de Canad\u00e1, Estados Unidos o M\u00e9xico.<\/p>\n<p>Se permite la reproducci\u00f3n de este material sin previa autorizaci\u00f3n, siempre y cuando se haga con absoluta precisi\u00f3n, su uso no tenga fines comerciales y se cite debidamente la fuente, con el correspondiente cr\u00e9dito a la Comisi\u00f3n para la Cooperaci\u00f3n Ambiental. La CCA apreciar\u00e1 que se le env\u00ede una copia de toda publicaci\u00f3n o material que utilice este documento como fuente.<\/p>\n<p>A menos que se indique lo contrario, el presente documento est\u00e1 protegido mediante licencia de tipo \u201cReconocimiento \u2013 No comercial \u2013 Sin obra derivada\u201d, de Creative Commons.<\/p>\n<p>\u00a9 Comisi\u00f3n para la Cooperaci\u00f3n Ambiental, 2023<\/p>\n<p>ISBN: 978-2-89700-313-5<br \/>\n<em>Available in English<\/em> \u2013 ISBN: 978-2-89700-311-1<br \/>\n<em>Disponible en fran\u00e7ais<\/em> \u2013 ISBN: 978-2-89700-312-8<\/p>\n<p>Dep\u00f3sito legal \u2013 <em>Biblioth\u00e8que et Archives nationales du Qu\u00e9bec<\/em>, 2023<br \/>\nDep\u00f3sito legal \u2013 <em>Library and Archives Canada<\/em>, 2023<\/p>\n<div class=\"highlight\"><strong>Particularidades de la publicaci\u00f3n<\/strong><br \/>\n<em>Categor\u00eda del documento: En balance<\/em><br \/>\n<em>Fecha de publicaci\u00f3n: <\/em>marzo\u00a0de 2023<br \/>\n<em>Idioma original: <\/em>ingl\u00e9s<br \/>\n<em>Procedimientos de revisi\u00f3n y aseguramiento de calidad:<\/em><br \/>\n<em>Revisi\u00f3n final de las Partes:<\/em> agosto-octubre de 2022<br \/>\nQA 353<br \/>\n<em>Proyecto: <\/em>Iniciativa RETC de Am\u00e9rica del Norte, 2023<em>. En balance: emisiones y transferencias de contaminantes en Am\u00e9rica del Norte, vol. 16<\/em><\/div>\n<p>Foto de portada: Centrales t\u00e9rmicas Kyger Creek y Cheshire, con sus estanques de cenizas de carb\u00f3n, Cheshire, Ohio (abril de 2012) \u2013 iStock<\/p>\n<p>Si desea m\u00e1s informaci\u00f3n sobre esta y otras publicaciones de la CCA, dir\u00edjase a:<\/p>\n<p><strong>Comisi\u00f3n para la Cooperaci\u00f3n Ambiental <\/strong><br \/>\n1001 Robert-Bourassa Boulevard, suite 1620<br \/>\nMontreal (Quebec)<br \/>\nH3B 4L4, Canad\u00e1<br \/>\nt 514.350.4300 \u00a0\u00a0f 438.701.1434<br \/>\n<a href=\"mailto:info@cec.org\">info@cec.org<\/a> \/ <a href=\"http:\/\/www.cec.org\/\">www.cec.org<\/a><\/p>\n","protected":false},"excerpt":{"rendered":"<p>Citar como: CCA (2023), En balance: emisiones y transferencias de contaminantes en Am\u00e9rica del Norte, vol. 16, Comisi\u00f3n para la Cooperaci\u00f3n Ambiental, Montreal, Canad\u00e1, 150 pp. Esta publicaci\u00f3n fue preparada por la Secretar\u00eda de la Comisi\u00f3n de Cooperaci\u00f3n Ambiental, en colaboraci\u00f3n con el equipo de consultor\u00eda Ambiens-Kuradzo. La informaci\u00f3n que contiene no necesariamente refleja los [&hellip;]<\/p>\n","protected":false},"author":1,"featured_media":0,"parent":0,"menu_order":0,"comment_status":"closed","ping_status":"closed","template":"","meta":{"_acf_changed":false,"footnotes":""},"class_list":["post-18","page","type-page","status-publish","hentry"],"acf":[],"_links":{"self":[{"href":"https:\/\/www.cec.org\/tsreports\/es\/wp-json\/wp\/v2\/pages\/18","targetHints":{"allow":["GET"]}}],"collection":[{"href":"https:\/\/www.cec.org\/tsreports\/es\/wp-json\/wp\/v2\/pages"}],"about":[{"href":"https:\/\/www.cec.org\/tsreports\/es\/wp-json\/wp\/v2\/types\/page"}],"author":[{"embeddable":true,"href":"https:\/\/www.cec.org\/tsreports\/es\/wp-json\/wp\/v2\/users\/1"}],"replies":[{"embeddable":true,"href":"https:\/\/www.cec.org\/tsreports\/es\/wp-json\/wp\/v2\/comments?post=18"}],"version-history":[{"count":6,"href":"https:\/\/www.cec.org\/tsreports\/es\/wp-json\/wp\/v2\/pages\/18\/revisions"}],"predecessor-version":[{"id":2253,"href":"https:\/\/www.cec.org\/tsreports\/es\/wp-json\/wp\/v2\/pages\/18\/revisions\/2253"}],"wp:attachment":[{"href":"https:\/\/www.cec.org\/tsreports\/es\/wp-json\/wp\/v2\/media?parent=18"}],"curies":[{"name":"wp","href":"https:\/\/api.w.org\/{rel}","templated":true}]}}