{"id":533,"date":"2018-02-28T16:47:49","date_gmt":"2018-02-28T21:47:49","guid":{"rendered":"http:\/\/www.cec.org\/fw\/parlez-nous-de-vos-initiatives\/"},"modified":"2018-02-28T16:47:49","modified_gmt":"2018-02-28T21:47:49","slug":"parlez-nous-de-vos-initiatives","status":"publish","type":"page","link":"https:\/\/www.cec.org\/fw\/fr\/parlez-nous-de-vos-initiatives\/","title":{"rendered":"Parlez-nous de vos initiatives"},"content":{"rendered":"<p>Nous voulons conna\u00eetre vos solutions originales au probl\u00e8me de perte et de gaspillage d\u2019aliments dans votre secteur d\u2019activit\u00e9 ou votre collectivit\u00e9. Vous faites partie d\u2019un organisme qui s\u2019investit dans la r\u00e9duction du gaspillage alimentaire ou la r\u00e9cup\u00e9ration d\u2019aliments exc\u00e9dentaires et vous pensez que votre initiative pourrait \u00eatre une source d\u2019inspiration? Racontez-nous vos exp\u00e9riences et les le\u00e7ons que vous en avez tir\u00e9es dans l\u2019espace ci-dessous.<\/p>\n<p>Et dites-nous si les travaux de la CCE vous ont \u00e9t\u00e9 utiles. Si vous avez des commentaires, n\u2019h\u00e9sitez pas \u00e0 nous les communiquer, votre opinion est importante pour nous.<\/p>\n<p class=\"btn--warning\"><a href=\"mailto:info@cec.org\">\u00c9crivez-nous<\/a><\/p>\n<p>Pour vous tenir au courant des travaux de la CCE sur la perte et le gaspillage d\u2019aliments, <a href=\"http:\/\/cec.us7.list-manage.com\/subscribe\/post?u=5fa638f92a1d9b74d1d595b81&amp;id=58d3fb1a25\">abonnez-vous \u00e0 notre infolettre<\/a>.<\/p>\n","protected":false},"excerpt":{"rendered":"<p>Nous voulons conna\u00eetre vos solutions originales au probl\u00e8me de perte et de gaspillage d\u2019aliments dans votre secteur d\u2019activit\u00e9 ou votre collectivit\u00e9. Vous faites partie d\u2019un organisme qui s\u2019investit dans la r\u00e9duction du gaspillage alimentaire ou la r\u00e9cup\u00e9ration d\u2019aliments exc\u00e9dentaires et vous pensez que votre initiative pourrait \u00eatre une source d\u2019inspiration? Racontez-nous vos exp\u00e9riences et les [&hellip;]<\/p>\n","protected":false},"author":1,"featured_media":0,"parent":0,"menu_order":0,"comment_status":"closed","ping_status":"closed","template":"","meta":{"_acf_changed":false,"footnotes":""},"class_list":["post-533","page","type-page","status-publish","hentry"],"acf":[],"_links":{"self":[{"href":"https:\/\/www.cec.org\/fw\/fr\/wp-json\/wp\/v2\/pages\/533","targetHints":{"allow":["GET"]}}],"collection":[{"href":"https:\/\/www.cec.org\/fw\/fr\/wp-json\/wp\/v2\/pages"}],"about":[{"href":"https:\/\/www.cec.org\/fw\/fr\/wp-json\/wp\/v2\/types\/page"}],"author":[{"embeddable":true,"href":"https:\/\/www.cec.org\/fw\/fr\/wp-json\/wp\/v2\/users\/1"}],"replies":[{"embeddable":true,"href":"https:\/\/www.cec.org\/fw\/fr\/wp-json\/wp\/v2\/comments?post=533"}],"version-history":[{"count":0,"href":"https:\/\/www.cec.org\/fw\/fr\/wp-json\/wp\/v2\/pages\/533\/revisions"}],"wp:attachment":[{"href":"https:\/\/www.cec.org\/fw\/fr\/wp-json\/wp\/v2\/media?parent=533"}],"curies":[{"name":"wp","href":"https:\/\/api.w.org\/{rel}","templated":true}]}}