{"id":525,"date":"2018-02-28T16:28:38","date_gmt":"2018-02-28T21:28:38","guid":{"rendered":"http:\/\/www.cec.org\/fw\/dechets-organiques\/"},"modified":"2022-11-24T11:28:17","modified_gmt":"2022-11-24T16:28:17","slug":"dechets-organiques","status":"publish","type":"page","link":"https:\/\/www.cec.org\/fw\/fr\/dechets-organiques\/","title":{"rendered":"D\u00e9chets organiques"},"content":{"rendered":"<h3>\u00c0 propos de l\u2019initiative R\u00e9acheminement et traitement des d\u00e9chets organiques en Am\u00e9rique du Nord<\/h3>\n<p>Dans le cadre de son Plan op\u00e9rationnel pour 2015 et 2016, la CCE a men\u00e9 un projet appel\u00e9 <a href=\"http:\/\/www.cec.org\/fr\/reacheminement-et-traitement-des-dechets-organiques-en-amerique-du-nord\/\">R\u00e9acheminement et traitement des d\u00e9chets organiques en Am\u00e9rique du Nord<\/a>, dont l\u2019objectif principal est d\u2019aider \u00e0 r\u00e9duire les \u00e9missions de polluants \u00e0 courte dur\u00e9e de vie, comme le m\u00e9thane. Le projet visait \u00e0 d\u00e9finir les obstacles, les possibilit\u00e9s et les solutions li\u00e9s \u00e0 la capacit\u00e9 de r\u00e9acheminement et de traitement des d\u00e9chets organiques en Am\u00e9rique du Nord. La recherche fondamentale, les consultations et les webinaires ont permis d\u2019am\u00e9liorer les connaissances des d\u00e9cideurs du secteur public et des intervenants de l\u2019industrie qui cherchent \u00e0 g\u00e9rer leurs d\u00e9chets de fa\u00e7on plus \u00e9cologique.<\/p>\n<p>Explorez les r\u00e9sultats de nos travaux ici\u00a0:<\/p>\n<p><a href=\"https:\/\/www.cec.org\/fw\/fr\/rapports-sur-les-dechets-organiques\/\">Rapports sur les d\u00e9chets organiques<\/a><\/p>\n<p>Pour une description compl\u00e8te des travaux de la CCE sur les d\u00e9chets organiques, cliquez sur le lien suivant\u00a0:<\/p>\n<p><a href=\"http:\/\/www.cec.org\/fr\/croissance-verte\/reduction-de-la-perte-et-du-gaspillage-daliments-fr\/\">R\u00e9duction de la perte et du gaspillage d\u2019aliments<\/a><\/p>\n","protected":false},"excerpt":{"rendered":"<p>\u00c0 propos de l\u2019initiative R\u00e9acheminement et traitement des d\u00e9chets organiques en Am\u00e9rique du Nord Dans le cadre de son Plan op\u00e9rationnel pour 2015 et 2016, la CCE a men\u00e9 un projet appel\u00e9 R\u00e9acheminement et traitement des d\u00e9chets organiques en Am\u00e9rique du Nord, dont l\u2019objectif principal est d\u2019aider \u00e0 r\u00e9duire les \u00e9missions de polluants \u00e0 courte [&hellip;]<\/p>\n","protected":false},"author":1,"featured_media":530,"parent":0,"menu_order":0,"comment_status":"closed","ping_status":"closed","template":"page-about.php","meta":{"_acf_changed":false,"footnotes":""},"class_list":["post-525","page","type-page","status-publish","has-post-thumbnail","hentry"],"acf":[],"_links":{"self":[{"href":"https:\/\/www.cec.org\/fw\/fr\/wp-json\/wp\/v2\/pages\/525","targetHints":{"allow":["GET"]}}],"collection":[{"href":"https:\/\/www.cec.org\/fw\/fr\/wp-json\/wp\/v2\/pages"}],"about":[{"href":"https:\/\/www.cec.org\/fw\/fr\/wp-json\/wp\/v2\/types\/page"}],"author":[{"embeddable":true,"href":"https:\/\/www.cec.org\/fw\/fr\/wp-json\/wp\/v2\/users\/1"}],"replies":[{"embeddable":true,"href":"https:\/\/www.cec.org\/fw\/fr\/wp-json\/wp\/v2\/comments?post=525"}],"version-history":[{"count":7,"href":"https:\/\/www.cec.org\/fw\/fr\/wp-json\/wp\/v2\/pages\/525\/revisions"}],"predecessor-version":[{"id":1407,"href":"https:\/\/www.cec.org\/fw\/fr\/wp-json\/wp\/v2\/pages\/525\/revisions\/1407"}],"wp:featuredmedia":[{"embeddable":true,"href":"https:\/\/www.cec.org\/fw\/fr\/wp-json\/wp\/v2\/media\/530"}],"wp:attachment":[{"href":"https:\/\/www.cec.org\/fw\/fr\/wp-json\/wp\/v2\/media?parent=525"}],"curies":[{"name":"wp","href":"https:\/\/api.w.org\/{rel}","templated":true}]}}