{"id":522,"date":"2018-02-28T16:25:21","date_gmt":"2018-02-28T21:25:21","guid":{"rendered":"http:\/\/www.cec.org\/fw\/dechets-alimentaires\/"},"modified":"2022-11-14T14:33:09","modified_gmt":"2022-11-14T19:33:09","slug":"dechets-alimentaires","status":"publish","type":"page","link":"https:\/\/www.cec.org\/fw\/fr\/dechets-alimentaires\/","title":{"rendered":"D\u00e9chets alimentaires"},"content":{"rendered":"<h3>\u00c0 propos de l\u2019initiative Diminution et r\u00e9cup\u00e9ration des d\u00e9chets alimentaires en Am\u00e9rique du Nord<\/h3>\n<p>La Commission de coop\u00e9ration environnementale (CCE) travaille avec ses partenaires au Canada, au Mexique et aux \u00c9tats-Unis pour r\u00e9duire les quantit\u00e9s d\u2019aliments gaspill\u00e9s et perdus en Am\u00e9rique du Nord. L\u2019initiative appel\u00e9e <a href=\"http:\/\/www.cec.org\/fr\/diminution-et-recuperation-des-dechets-alimentaires-en-amerique-du-nord\/\">Diminution et r\u00e9cup\u00e9ration des d\u00e9chets alimentaires en Am\u00e9rique du Nord<\/a>, qui s\u2019inscrivait dans le Plan op\u00e9rationnel pour 2015 et 2016, a facilit\u00e9 la mise en commun des ressources et de l\u2019expertise de repr\u00e9sentants des gouvernements et de membres de l\u2019industrie nord-am\u00e9ricaine pour mieux comprendre la perte et le gaspillage d\u2019aliments dans les trois pays et y trouver des solutions. Ce site Web fournit de l\u2019information sur les mesures prises, incluant les comptes rendus de nos ateliers, les r\u00e9sultats des campagnes de participation du public aux activit\u00e9s de r\u00e9cup\u00e9ration d\u2019aliments et de r\u00e9duction \u00e0 la source des d\u00e9chets alimentaires, et des liens vers les sites d\u2019organisations qui cherchent \u00e0 r\u00e9duire les d\u00e9chets en Am\u00e9rique du Nord et ailleurs dans le monde.<\/p>\n<p>Pour faire suite aux initiatives Diminution et r\u00e9cup\u00e9ration des d\u00e9chets alimentaires et <a href=\"http:\/\/www.cec.org\/fr\/reacheminement-et-traitement-des-dechets-organiques-en-amerique-du-nord\/\">R\u00e9acheminement et traitement des d\u00e9chets organiques en Am\u00e9rique du Nord<\/a>, la CCE lance un <a href=\"http:\/\/www.cec.org\/fr\/mesure-et-attenuation-de-la-perte-et-du-gaspillage-daliments\/\">nouveau projet<\/a> ax\u00e9 sur la mesure et l\u2019att\u00e9nuation de la perte et du gaspillage d\u2019aliments. Ce projet, qui est inclus dans le Plan op\u00e9rationnel de la CCE pour 2017 et 2018, permettra de mesurer la perte et le gaspillage d\u2019aliments dans la cha\u00eene d\u2019approvisionnement alimentaire de l\u2019Am\u00e9rique du Nord et d\u2019en d\u00e9terminer les r\u00e9percussions environnementales et socio\u00e9conomiques. Il fournit aussi des outils et de l\u2019information sur la pr\u00e9vention des pertes et du gaspillage et la r\u00e9duction de leurs r\u00e9percussions sur la s\u00e9curit\u00e9 alimentaire, l\u2019\u00e9conomie et l\u2019environnement en Am\u00e9rique du Nord.<\/p>\n<p>Explorez les r\u00e9sultats de nos travaux ici\u00a0:<\/p>\n<p><a href=\"https:\/\/www.cec.org\/fw\/fr\/rapports-sur-la-perte-et-le-gaspillage-daliments\/\">Rapports sur la perte et le gaspillage d\u2019aliments<\/a><\/p>\n<p>Pour une description compl\u00e8te des travaux de la CCE sur la perte et le gaspillage d\u2019aliments, veuillez cliquer sur les liens suivants\u00a0:<\/p>\n<p><a href=\"http:\/\/www.cec.org\/fr\/croissance-verte\/reduction-de-la-perte-et-du-gaspillage-daliments-fr\/\">R\u00e9duction de la perte et du gaspillage d\u2019aliments<\/a><\/p>\n","protected":false},"excerpt":{"rendered":"<p>\u00c0 propos de l\u2019initiative Diminution et r\u00e9cup\u00e9ration des d\u00e9chets alimentaires en Am\u00e9rique du Nord La Commission de coop\u00e9ration environnementale (CCE) travaille avec ses partenaires au Canada, au Mexique et aux \u00c9tats-Unis pour r\u00e9duire les quantit\u00e9s d\u2019aliments gaspill\u00e9s et perdus en Am\u00e9rique du Nord. L\u2019initiative appel\u00e9e Diminution et r\u00e9cup\u00e9ration des d\u00e9chets alimentaires en Am\u00e9rique du Nord, [&hellip;]<\/p>\n","protected":false},"author":1,"featured_media":524,"parent":0,"menu_order":0,"comment_status":"closed","ping_status":"closed","template":"page-about.php","meta":{"_acf_changed":false,"footnotes":""},"class_list":["post-522","page","type-page","status-publish","has-post-thumbnail","hentry"],"acf":[],"_links":{"self":[{"href":"https:\/\/www.cec.org\/fw\/fr\/wp-json\/wp\/v2\/pages\/522","targetHints":{"allow":["GET"]}}],"collection":[{"href":"https:\/\/www.cec.org\/fw\/fr\/wp-json\/wp\/v2\/pages"}],"about":[{"href":"https:\/\/www.cec.org\/fw\/fr\/wp-json\/wp\/v2\/types\/page"}],"author":[{"embeddable":true,"href":"https:\/\/www.cec.org\/fw\/fr\/wp-json\/wp\/v2\/users\/1"}],"replies":[{"embeddable":true,"href":"https:\/\/www.cec.org\/fw\/fr\/wp-json\/wp\/v2\/comments?post=522"}],"version-history":[{"count":5,"href":"https:\/\/www.cec.org\/fw\/fr\/wp-json\/wp\/v2\/pages\/522\/revisions"}],"predecessor-version":[{"id":1402,"href":"https:\/\/www.cec.org\/fw\/fr\/wp-json\/wp\/v2\/pages\/522\/revisions\/1402"}],"wp:featuredmedia":[{"embeddable":true,"href":"https:\/\/www.cec.org\/fw\/fr\/wp-json\/wp\/v2\/media\/524"}],"wp:attachment":[{"href":"https:\/\/www.cec.org\/fw\/fr\/wp-json\/wp\/v2\/media?parent=522"}],"curies":[{"name":"wp","href":"https:\/\/api.w.org\/{rel}","templated":true}]}}