{"id":586,"date":"2018-03-01T17:02:16","date_gmt":"2018-03-01T22:02:16","guid":{"rendered":"http:\/\/www.cec.org\/fw\/desvio-y-procesamiento-de-desechos-organicos\/"},"modified":"2022-11-24T11:27:58","modified_gmt":"2022-11-24T16:27:58","slug":"desvio-y-procesamiento-de-desechos-organicos","status":"publish","type":"page","link":"https:\/\/www.cec.org\/fw\/es\/desvio-y-procesamiento-de-desechos-organicos\/","title":{"rendered":"Desv\u00edo y procesamiento de desechos org\u00e1nicos"},"content":{"rendered":"<h3>Acerca de la <em>Iniciativa de Am\u00e9rica del Norte para el desv\u00edo y procesamiento de desechos org\u00e1nicos<\/em><\/h3>\n<p>Como parte de su Plan Operativo 2015-2016, la CCA encabez\u00f3 un proyecto titulado <a href=\"http:\/\/www.cec.org\/es\/iniciativa-de-america-del-norte-para-el-desvio-y-procesamiento-de-desechos-organicos\/\"><em>Iniciativa de Am\u00e9rica del Norte para el desv\u00edo y procesamiento de desechos org\u00e1nicos<\/em><\/a>, con el objetivo global de ayudar a mitigar las emisiones de contaminantes de vida corta que contribuyen al cambio clim\u00e1tico, como el metano. El proyecto busc\u00f3 identificar barreras, oportunidades y soluciones relacionadas con el aumento de la capacidad de desv\u00edo y procesamiento de residuos org\u00e1nicos en Am\u00e9rica del Norte. Por medio de una investigaci\u00f3n de base, aunada a la realizaci\u00f3n de consultas y seminarios web, el proyecto logr\u00f3 integrar una importante base de conocimiento, ahora a disposici\u00f3n de los responsables de la toma de decisiones en el sector p\u00fablico y sectores industriales interesados que se proponen adoptar pr\u00e1cticas de gesti\u00f3n de residuos m\u00e1s respetuosas del medio ambiente.<\/p>\n<p><strong>Explore las conclusiones de nuestra investigaci\u00f3n aqu\u00ed:<\/strong><\/p>\n<p><a href=\"https:\/\/www.cec.org\/fw\/es\/informes-sobre-la-perdida-y-el-desperdicio-de-alimentos\/\">Informes sobre residuos org\u00e1nicos<\/a><\/p>\n<p>Si desea ver una descripci\u00f3n detallada del trabajo de la CCA en materia de residuos org\u00e1nicos, visite:<\/p>\n<p><a href=\"http:\/\/www.cec.org\/es\/crecimiento-verde\/reduccion-de-la-perdida-y-el-desperdicio-de-alimentos-es\/\">Reducci\u00f3n de la p\u00e9rdida y el desperdicio de alimentos<\/a><\/p>\n","protected":false},"excerpt":{"rendered":"<p>Acerca de la Iniciativa de Am\u00e9rica del Norte para el desv\u00edo y procesamiento de desechos org\u00e1nicos Como parte de su Plan Operativo 2015-2016, la CCA encabez\u00f3 un proyecto titulado Iniciativa de Am\u00e9rica del Norte para el desv\u00edo y procesamiento de desechos org\u00e1nicos, con el objetivo global de ayudar a mitigar las emisiones de contaminantes de [&hellip;]<\/p>\n","protected":false},"author":1,"featured_media":587,"parent":0,"menu_order":0,"comment_status":"closed","ping_status":"closed","template":"page-about.php","meta":{"_acf_changed":false,"footnotes":""},"class_list":["post-586","page","type-page","status-publish","has-post-thumbnail","hentry"],"acf":[],"_links":{"self":[{"href":"https:\/\/www.cec.org\/fw\/es\/wp-json\/wp\/v2\/pages\/586","targetHints":{"allow":["GET"]}}],"collection":[{"href":"https:\/\/www.cec.org\/fw\/es\/wp-json\/wp\/v2\/pages"}],"about":[{"href":"https:\/\/www.cec.org\/fw\/es\/wp-json\/wp\/v2\/types\/page"}],"author":[{"embeddable":true,"href":"https:\/\/www.cec.org\/fw\/es\/wp-json\/wp\/v2\/users\/1"}],"replies":[{"embeddable":true,"href":"https:\/\/www.cec.org\/fw\/es\/wp-json\/wp\/v2\/comments?post=586"}],"version-history":[{"count":5,"href":"https:\/\/www.cec.org\/fw\/es\/wp-json\/wp\/v2\/pages\/586\/revisions"}],"predecessor-version":[{"id":1406,"href":"https:\/\/www.cec.org\/fw\/es\/wp-json\/wp\/v2\/pages\/586\/revisions\/1406"}],"wp:featuredmedia":[{"embeddable":true,"href":"https:\/\/www.cec.org\/fw\/es\/wp-json\/wp\/v2\/media\/587"}],"wp:attachment":[{"href":"https:\/\/www.cec.org\/fw\/es\/wp-json\/wp\/v2\/media?parent=586"}],"curies":[{"name":"wp","href":"https:\/\/api.w.org\/{rel}","templated":true}]}}