{"id":557,"date":"2018-03-01T16:07:40","date_gmt":"2018-03-01T21:07:40","guid":{"rendered":"http:\/\/www.cec.org\/fw\/?page_id=557"},"modified":"2022-03-30T16:03:49","modified_gmt":"2022-03-30T20:03:49","slug":"cuentenos-acerca-de-sus-iniciativas","status":"publish","type":"page","link":"https:\/\/www.cec.org\/fw\/es\/cuentenos-acerca-de-sus-iniciativas\/","title":{"rendered":"Cu\u00e9ntenos acerca de sus iniciativas"},"content":{"rendered":"<p>Nos interesa conocer qu\u00e9 soluciones innovadoras para atender la problem\u00e1tica de la p\u00e9rdida y el desperdicio de alimentos est\u00e1n en curso en su negocio o comunidad. Si es usted miembro de un organismo que participa activamente en favor de la reducci\u00f3n de los desechos alimentarios o la recuperaci\u00f3n de excedentes de alimentos, y considera que su iniciativa podr\u00eda servir de inspiraci\u00f3n para que otros tomen medidas al respecto, le invitamos a utilizar el espacio a continuaci\u00f3n y compartir sus experiencias y aprendizajes.<\/p>\n<p>Asimismo, d\u00edganos si la investigaci\u00f3n de la CCA le result\u00f3 de utilidad e incluya comentarios que desee que tomemos en cuenta: \u00a1sus aportaciones nos son muy importantes!<\/p>\n<p class=\"btn--warning\"><a href=\"mailto:info@cec.org\">Escr\u00edbanos<\/a><\/p>\n<p>Si desea recibir avances acerca del trabajo de la CCA en materia de p\u00e9rdida y desperdicio de alimentos, suscr\u00edbase a nuestro <a href=\"http:\/\/cec.us7.list-manage.com\/subscribe\/post?u=5fa638f92a1d9b74d1d595b81&amp;id=58d3fb1a25\">bolet\u00edn electr\u00f3nico<\/a>.<\/p>\n","protected":false},"excerpt":{"rendered":"<p>Nos interesa conocer qu\u00e9 soluciones innovadoras para atender la problem\u00e1tica de la p\u00e9rdida y el desperdicio de alimentos est\u00e1n en curso en su negocio o comunidad. Si es usted miembro de un organismo que participa activamente en favor de la reducci\u00f3n de los desechos alimentarios o la recuperaci\u00f3n de excedentes de alimentos, y considera que [&hellip;]<\/p>\n","protected":false},"author":1,"featured_media":0,"parent":0,"menu_order":0,"comment_status":"closed","ping_status":"closed","template":"","meta":{"_acf_changed":false,"footnotes":""},"class_list":["post-557","page","type-page","status-publish","hentry"],"acf":[],"_links":{"self":[{"href":"https:\/\/www.cec.org\/fw\/es\/wp-json\/wp\/v2\/pages\/557","targetHints":{"allow":["GET"]}}],"collection":[{"href":"https:\/\/www.cec.org\/fw\/es\/wp-json\/wp\/v2\/pages"}],"about":[{"href":"https:\/\/www.cec.org\/fw\/es\/wp-json\/wp\/v2\/types\/page"}],"author":[{"embeddable":true,"href":"https:\/\/www.cec.org\/fw\/es\/wp-json\/wp\/v2\/users\/1"}],"replies":[{"embeddable":true,"href":"https:\/\/www.cec.org\/fw\/es\/wp-json\/wp\/v2\/comments?post=557"}],"version-history":[{"count":1,"href":"https:\/\/www.cec.org\/fw\/es\/wp-json\/wp\/v2\/pages\/557\/revisions"}],"predecessor-version":[{"id":558,"href":"https:\/\/www.cec.org\/fw\/es\/wp-json\/wp\/v2\/pages\/557\/revisions\/558"}],"wp:attachment":[{"href":"https:\/\/www.cec.org\/fw\/es\/wp-json\/wp\/v2\/media?parent=557"}],"curies":[{"name":"wp","href":"https:\/\/api.w.org\/{rel}","templated":true}]}}