{"id":61894,"date":"2025-04-11T11:27:38","date_gmt":"2025-04-11T15:27:38","guid":{"rendered":"https:\/\/www.cec.org\/chaine-dapprovisionnement\/"},"modified":"2026-03-26T17:54:24","modified_gmt":"2026-03-26T21:54:24","slug":"chaine-dapprovisionnement","status":"publish","type":"page","link":"https:\/\/www.cec.org\/fr\/chaine-dapprovisionnement\/","title":{"rendered":"Accroissement de la transparence dans la cha\u00eene d\u2019approvisionnement au sujet des substances chimiques que renferment les produits"},"content":{"rendered":"<p>Le projet intitul\u00e9 <a href=\"https:\/\/www.cec.org\/fr\/accroissement-de-la-transparence-dans-la-chaine-dapprovisionnement-au-sujet-des-substances-chimiques-que-renferment-les-produits\/\">Accroissement de la transparence dans la cha\u00eene d\u2019approvisionnement (TCA) au sujet des substances chimiques que renferment les produits<\/a> a analys\u00e9 les outils de TCA, en Am\u00e9rique du Nord et \u00e0 l\u2019\u00e9chelle mondiale (politiques, syst\u00e8mes de partage de donn\u00e9es et normes environnementales), afin de d\u00e9terminer les m\u00e9thodes innovantes et les outils num\u00e9riques permettant d\u2019\u00e9tablir et de divulguer la composition chimique de produits et de mat\u00e9riaux. Ce projet s\u2019est d\u00e9roul\u00e9 de juin\u00a02023 \u00e0 mai\u00a02025. Il visait \u00e0 favoriser la collaboration entre le Canada, le Mexique et les \u00c9tats-Unis pour am\u00e9liorer la TCA et renforcer la capacit\u00e9 des gouvernements et de l\u2019industrie \u00e0 cerner les produits contenant des substances chimiques pr\u00e9occupantes, ou leurs substituts, et \u00e0 pr\u00e9venir leur introduction ou r\u00e9introduction dans l\u2019\u00e9conomie.<\/p>\n<p>Ce portail pr\u00e9sente les r\u00e9sultats d\u00e9finitifs du projet, y compris trois \u00e9tudes de cas et un tableau interactif en ligne qui recueille les outils, r\u00e8glements et projets relatifs \u00e0 la TCA.<\/p>\n","protected":false},"excerpt":{"rendered":"<p>Le projet intitul\u00e9 Accroissement de la transparence dans la cha\u00eene d\u2019approvisionnement (TCA) au sujet des substances chimiques que renferment les produits a analys\u00e9 les outils de TCA, en Am\u00e9rique du Nord et \u00e0 l\u2019\u00e9chelle mondiale (politiques, syst\u00e8mes de partage de donn\u00e9es et normes environnementales), afin de d\u00e9terminer les m\u00e9thodes innovantes et les outils num\u00e9riques permettant [&hellip;]<\/p>\n","protected":false},"author":1,"featured_media":0,"parent":0,"menu_order":0,"comment_status":"closed","ping_status":"closed","template":"page-supply-chain.php","meta":{"_acf_changed":false,"footnotes":""},"class_list":["post-61894","page","type-page","status-publish","hentry"],"acf":[],"yoast_head":"<!-- This site is optimized with the Yoast SEO Premium plugin v27.0 (Yoast SEO v27.0) - https:\/\/yoast.com\/product\/yoast-seo-premium-wordpress\/ -->\n<title>Cha\u00eene d\u2019approvisionnement au sujet des substances chimiques<\/title>\n<meta name=\"description\" content=\"Ce projet s\u2019est d\u00e9roul\u00e9 de juin 2023 \u00e0 mai 2025. Il visait \u00e0 favoriser la collaboration entre le Canada, le Mexique et les \u00c9tats-Unis pour am\u00e9liorer la TCA...\" \/>\n<meta name=\"robots\" content=\"index, follow, max-snippet:-1, max-image-preview:large, max-video-preview:-1\" \/>\n<link rel=\"canonical\" href=\"https:\/\/www.cec.org\/fr\/chaine-dapprovisionnement\/\" \/>\n<meta property=\"og:locale\" content=\"fr_FR\" \/>\n<meta property=\"og:type\" content=\"article\" \/>\n<meta property=\"og:title\" content=\"Accroissement de la transparence dans la cha\u00eene d\u2019approvisionnement au sujet des substances chimiques que renferment les produits\" \/>\n<meta property=\"og:description\" content=\"Le projet intitul\u00e9 Accroissement de la transparence dans la cha\u00eene d\u2019approvisionnement (TCA) au sujet des substances chimiques que renferment les produits\" \/>\n<meta property=\"og:url\" content=\"https:\/\/www.cec.org\/fr\/chaine-dapprovisionnement\/\" \/>\n<meta property=\"og:site_name\" content=\"Commission de coop\u00e9ration environnementale\" \/>\n<meta property=\"article:publisher\" content=\"https:\/\/www.facebook.com\/CECconnect\" \/>\n<meta property=\"article:modified_time\" content=\"2026-03-26T21:54:24+00:00\" \/>\n<meta property=\"og:image\" content=\"https:\/\/www.cec.org\/wp-content\/uploads\/cec-cover2023.webp\" \/>\n\t<meta property=\"og:image:width\" content=\"1200\" \/>\n\t<meta property=\"og:image:height\" content=\"630\" \/>\n\t<meta property=\"og:image:type\" content=\"image\/webp\" \/>\n<meta name=\"twitter:card\" content=\"summary_large_image\" \/>\n<meta name=\"twitter:site\" content=\"@CECweb\" \/>\n<script type=\"application\/ld+json\" class=\"yoast-schema-graph\">{\"@context\":\"https:\/\/schema.org\",\"@graph\":[{\"@type\":\"WebPage\",\"@id\":\"https:\/\/www.cec.org\/fr\/chaine-dapprovisionnement\/\",\"url\":\"https:\/\/www.cec.org\/fr\/chaine-dapprovisionnement\/\",\"name\":\"Cha\u00eene d\u2019approvisionnement au sujet des substances chimiques\",\"isPartOf\":{\"@id\":\"https:\/\/www.cec.org\/fr\/#website\"},\"datePublished\":\"2025-04-11T15:27:38+00:00\",\"dateModified\":\"2026-03-26T21:54:24+00:00\",\"description\":\"Ce projet s\u2019est d\u00e9roul\u00e9 de juin 2023 \u00e0 mai 2025. Il visait \u00e0 favoriser la collaboration entre le Canada, le Mexique et les \u00c9tats-Unis pour am\u00e9liorer la TCA...\",\"breadcrumb\":{\"@id\":\"https:\/\/www.cec.org\/fr\/chaine-dapprovisionnement\/#breadcrumb\"},\"inLanguage\":\"fr-FR\",\"potentialAction\":[{\"@type\":\"ReadAction\",\"target\":[\"https:\/\/www.cec.org\/fr\/chaine-dapprovisionnement\/\"]}]},{\"@type\":\"BreadcrumbList\",\"@id\":\"https:\/\/www.cec.org\/fr\/chaine-dapprovisionnement\/#breadcrumb\",\"itemListElement\":[{\"@type\":\"ListItem\",\"position\":1,\"name\":\"Accueil\",\"item\":\"https:\/\/www.cec.org\/fr\/\"},{\"@type\":\"ListItem\",\"position\":2,\"name\":\"Accroissement de la transparence dans la cha\u00eene d\u2019approvisionnement au sujet des substances chimiques que renferment les produits\"}]},{\"@type\":\"WebSite\",\"@id\":\"https:\/\/www.cec.org\/fr\/#website\",\"url\":\"https:\/\/www.cec.org\/fr\/\",\"name\":\"Commission for Environmental Cooperation\",\"description\":\"Three countries working together to protect our shared environment\",\"alternateName\":\"CEC - CCA -CCE\",\"potentialAction\":[{\"@type\":\"SearchAction\",\"target\":{\"@type\":\"EntryPoint\",\"urlTemplate\":\"https:\/\/www.cec.org\/fr\/?s={search_term_string}\"},\"query-input\":{\"@type\":\"PropertyValueSpecification\",\"valueRequired\":true,\"valueName\":\"search_term_string\"}}],\"inLanguage\":\"fr-FR\"}]}<\/script>\n<!-- \/ Yoast SEO Premium plugin. -->","yoast_head_json":{"title":"Cha\u00eene d\u2019approvisionnement au sujet des substances chimiques","description":"Ce projet s\u2019est d\u00e9roul\u00e9 de juin 2023 \u00e0 mai 2025. Il visait \u00e0 favoriser la collaboration entre le Canada, le Mexique et les \u00c9tats-Unis pour am\u00e9liorer la TCA...","robots":{"index":"index","follow":"follow","max-snippet":"max-snippet:-1","max-image-preview":"max-image-preview:large","max-video-preview":"max-video-preview:-1"},"canonical":"https:\/\/www.cec.org\/fr\/chaine-dapprovisionnement\/","og_locale":"fr_FR","og_type":"article","og_title":"Accroissement de la transparence dans la cha\u00eene d\u2019approvisionnement au sujet des substances chimiques que renferment les produits","og_description":"Le projet intitul\u00e9 Accroissement de la transparence dans la cha\u00eene d\u2019approvisionnement (TCA) au sujet des substances chimiques que renferment les produits","og_url":"https:\/\/www.cec.org\/fr\/chaine-dapprovisionnement\/","og_site_name":"Commission de coop\u00e9ration environnementale","article_publisher":"https:\/\/www.facebook.com\/CECconnect","article_modified_time":"2026-03-26T21:54:24+00:00","og_image":[{"width":1200,"height":630,"url":"https:\/\/www.cec.org\/wp-content\/uploads\/cec-cover2023.webp","type":"image\/webp"}],"twitter_card":"summary_large_image","twitter_site":"@CECweb","schema":{"@context":"https:\/\/schema.org","@graph":[{"@type":"WebPage","@id":"https:\/\/www.cec.org\/fr\/chaine-dapprovisionnement\/","url":"https:\/\/www.cec.org\/fr\/chaine-dapprovisionnement\/","name":"Cha\u00eene d\u2019approvisionnement au sujet des substances chimiques","isPartOf":{"@id":"https:\/\/www.cec.org\/fr\/#website"},"datePublished":"2025-04-11T15:27:38+00:00","dateModified":"2026-03-26T21:54:24+00:00","description":"Ce projet s\u2019est d\u00e9roul\u00e9 de juin 2023 \u00e0 mai 2025. Il visait \u00e0 favoriser la collaboration entre le Canada, le Mexique et les \u00c9tats-Unis pour am\u00e9liorer la TCA...","breadcrumb":{"@id":"https:\/\/www.cec.org\/fr\/chaine-dapprovisionnement\/#breadcrumb"},"inLanguage":"fr-FR","potentialAction":[{"@type":"ReadAction","target":["https:\/\/www.cec.org\/fr\/chaine-dapprovisionnement\/"]}]},{"@type":"BreadcrumbList","@id":"https:\/\/www.cec.org\/fr\/chaine-dapprovisionnement\/#breadcrumb","itemListElement":[{"@type":"ListItem","position":1,"name":"Accueil","item":"https:\/\/www.cec.org\/fr\/"},{"@type":"ListItem","position":2,"name":"Accroissement de la transparence dans la cha\u00eene d\u2019approvisionnement au sujet des substances chimiques que renferment les produits"}]},{"@type":"WebSite","@id":"https:\/\/www.cec.org\/fr\/#website","url":"https:\/\/www.cec.org\/fr\/","name":"Commission for Environmental Cooperation","description":"Three countries working together to protect our shared environment","alternateName":"CEC - CCA -CCE","potentialAction":[{"@type":"SearchAction","target":{"@type":"EntryPoint","urlTemplate":"https:\/\/www.cec.org\/fr\/?s={search_term_string}"},"query-input":{"@type":"PropertyValueSpecification","valueRequired":true,"valueName":"search_term_string"}}],"inLanguage":"fr-FR"}]}},"_links":{"self":[{"href":"https:\/\/www.cec.org\/fr\/wp-json\/wp\/v2\/pages\/61894","targetHints":{"allow":["GET"]}}],"collection":[{"href":"https:\/\/www.cec.org\/fr\/wp-json\/wp\/v2\/pages"}],"about":[{"href":"https:\/\/www.cec.org\/fr\/wp-json\/wp\/v2\/types\/page"}],"author":[{"embeddable":true,"href":"https:\/\/www.cec.org\/fr\/wp-json\/wp\/v2\/users\/1"}],"replies":[{"embeddable":true,"href":"https:\/\/www.cec.org\/fr\/wp-json\/wp\/v2\/comments?post=61894"}],"version-history":[{"count":1,"href":"https:\/\/www.cec.org\/fr\/wp-json\/wp\/v2\/pages\/61894\/revisions"}],"predecessor-version":[{"id":62267,"href":"https:\/\/www.cec.org\/fr\/wp-json\/wp\/v2\/pages\/61894\/revisions\/62267"}],"wp:attachment":[{"href":"https:\/\/www.cec.org\/fr\/wp-json\/wp\/v2\/media?parent=61894"}],"curies":[{"name":"wp","href":"https:\/\/api.w.org\/{rel}","templated":true}]}}