{"id":61273,"date":"2026-01-12T17:29:21","date_gmt":"2026-01-12T22:29:21","guid":{"rendered":"https:\/\/www.cec.org\/sujets\/mobilisation-du-secteur-prive\/"},"modified":"2026-04-11T18:33:12","modified_gmt":"2026-04-11T22:33:12","slug":"mobilisation-du-secteur-prive","status":"publish","type":"page","link":"https:\/\/www.cec.org\/fr\/sujets\/mobilisation-du-secteur-prive\/","title":{"rendered":"Mobilisation du secteur priv\u00e9"},"content":{"rendered":"<p>Le secteur priv\u00e9 est un facteur essentiel de la prosp\u00e9rit\u00e9 \u00e9conomique, de l\u2019innovation et du d\u00e9veloppement durable.<\/p>\n<p>En r\u00e9duisant son empreinte \u00e9cologique, en adoptant des pratiques responsables ax\u00e9es sur le march\u00e9, en investissant dans des technologies durables, le secteur priv\u00e9 occupe une place unique pour transformer les d\u00e9fis environnementaux en possibilit\u00e9s. De plus, en stimulant l\u2019innovation et en \u00e9tablissant des partenariats et des collaborations strat\u00e9giques, il permet de r\u00e9duire les \u00e9missions de gaz, d\u2019att\u00e9nuer la pollution et de prot\u00e9ger la biodiversit\u00e9.<\/p>\n<p>Depuis plus de 30\u00a0ans, la Commission de coop\u00e9ration environnementale\u00a0(CCE) collabore avec le secteur priv\u00e9 afin de favoriser les priorit\u00e9s environnementales partout en Am\u00e9rique du Nord. Cette collaboration refl\u00e8te une reconnaissance de longue date selon laquelle une action significative sur l\u2019environnement requiert la participation de tous les secteurs de la soci\u00e9t\u00e9, y compris le milieu des affaires et l\u2019industrie.<\/p>\n","protected":false},"excerpt":{"rendered":"<p>Le secteur priv\u00e9 est un facteur essentiel de la prosp\u00e9rit\u00e9 \u00e9conomique, de l\u2019innovation et du d\u00e9veloppement durable. En r\u00e9duisant son empreinte \u00e9cologique, en adoptant des pratiques responsables ax\u00e9es sur le march\u00e9, en investissant dans des technologies durables, le secteur priv\u00e9 occupe une place unique pour transformer les d\u00e9fis environnementaux en possibilit\u00e9s. De plus, en stimulant [&hellip;]<\/p>\n","protected":false},"author":1,"featured_media":61183,"parent":28883,"menu_order":0,"comment_status":"closed","ping_status":"closed","template":"page-private-sector-engagement.php","meta":{"_acf_changed":false,"footnotes":""},"class_list":["post-61273","page","type-page","status-publish","has-post-thumbnail","hentry"],"acf":[],"yoast_head":"<!-- This site is optimized with the Yoast SEO Premium plugin v27.4 (Yoast SEO v27.4) - https:\/\/yoast.com\/product\/yoast-seo-premium-wordpress\/ -->\n<title>Mobilisation du secteur priv\u00e9<\/title>\n<meta name=\"description\" content=\"Le secteur priv\u00e9 est un facteur essentiel de la prosp\u00e9rit\u00e9 \u00e9conomique, de l\u2019innovation et du d\u00e9veloppement durable. En r\u00e9duisant son empreinte \u00e9cologique,\" \/>\n<meta name=\"robots\" content=\"index, follow, max-snippet:-1, max-image-preview:large, max-video-preview:-1\" \/>\n<link rel=\"canonical\" href=\"https:\/\/www.cec.org\/fr\/sujets\/mobilisation-du-secteur-prive\/\" \/>\n<meta property=\"og:locale\" content=\"fr_FR\" \/>\n<meta property=\"og:type\" content=\"article\" \/>\n<meta property=\"og:title\" content=\"Mobilisation du secteur priv\u00e9\" \/>\n<meta property=\"og:description\" content=\"Le secteur priv\u00e9 est un facteur essentiel de la prosp\u00e9rit\u00e9 \u00e9conomique, de l\u2019innovation et du d\u00e9veloppement durable. En r\u00e9duisant son empreinte \u00e9cologique,\" \/>\n<meta property=\"og:url\" content=\"https:\/\/www.cec.org\/fr\/sujets\/mobilisation-du-secteur-prive\/\" \/>\n<meta property=\"og:site_name\" content=\"Commission de coop\u00e9ration environnementale\" \/>\n<meta property=\"article:publisher\" content=\"https:\/\/www.facebook.com\/CECconnect\" \/>\n<meta property=\"article:modified_time\" content=\"2026-04-11T22:33:12+00:00\" \/>\n<meta property=\"og:image\" content=\"https:\/\/www.cec.org\/wp-content\/uploads\/private-sector-cover-fr.webp\" \/>\n\t<meta property=\"og:image:width\" content=\"1366\" \/>\n\t<meta property=\"og:image:height\" content=\"768\" \/>\n\t<meta property=\"og:image:type\" content=\"image\/webp\" \/>\n<meta name=\"twitter:card\" content=\"summary_large_image\" \/>\n<meta name=\"twitter:site\" content=\"@CECweb\" \/>\n<script type=\"application\/ld+json\" class=\"yoast-schema-graph\">{\"@context\":\"https:\\\/\\\/schema.org\",\"@graph\":[{\"@type\":\"WebPage\",\"@id\":\"https:\\\/\\\/www.cec.org\\\/fr\\\/sujets\\\/mobilisation-du-secteur-prive\\\/\",\"url\":\"https:\\\/\\\/www.cec.org\\\/fr\\\/sujets\\\/mobilisation-du-secteur-prive\\\/\",\"name\":\"Mobilisation du secteur priv\u00e9\",\"isPartOf\":{\"@id\":\"https:\\\/\\\/www.cec.org\\\/fr\\\/#website\"},\"primaryImageOfPage\":{\"@id\":\"https:\\\/\\\/www.cec.org\\\/fr\\\/sujets\\\/mobilisation-du-secteur-prive\\\/#primaryimage\"},\"image\":{\"@id\":\"https:\\\/\\\/www.cec.org\\\/fr\\\/sujets\\\/mobilisation-du-secteur-prive\\\/#primaryimage\"},\"thumbnailUrl\":\"https:\\\/\\\/www.cec.org\\\/wp-content\\\/uploads\\\/private-sector-cover-fr.webp\",\"datePublished\":\"2026-01-12T22:29:21+00:00\",\"dateModified\":\"2026-04-11T22:33:12+00:00\",\"description\":\"Le secteur priv\u00e9 est un facteur essentiel de la prosp\u00e9rit\u00e9 \u00e9conomique, de l\u2019innovation et du d\u00e9veloppement durable. En r\u00e9duisant son empreinte \u00e9cologique,\",\"breadcrumb\":{\"@id\":\"https:\\\/\\\/www.cec.org\\\/fr\\\/sujets\\\/mobilisation-du-secteur-prive\\\/#breadcrumb\"},\"inLanguage\":\"fr-FR\",\"potentialAction\":[{\"@type\":\"ReadAction\",\"target\":[\"https:\\\/\\\/www.cec.org\\\/fr\\\/sujets\\\/mobilisation-du-secteur-prive\\\/\"]}]},{\"@type\":\"ImageObject\",\"inLanguage\":\"fr-FR\",\"@id\":\"https:\\\/\\\/www.cec.org\\\/fr\\\/sujets\\\/mobilisation-du-secteur-prive\\\/#primaryimage\",\"url\":\"https:\\\/\\\/www.cec.org\\\/wp-content\\\/uploads\\\/private-sector-cover-fr.webp\",\"contentUrl\":\"https:\\\/\\\/www.cec.org\\\/wp-content\\\/uploads\\\/private-sector-cover-fr.webp\",\"width\":1366,\"height\":768},{\"@type\":\"BreadcrumbList\",\"@id\":\"https:\\\/\\\/www.cec.org\\\/fr\\\/sujets\\\/mobilisation-du-secteur-prive\\\/#breadcrumb\",\"itemListElement\":[{\"@type\":\"ListItem\",\"position\":1,\"name\":\"Accueil\",\"item\":\"https:\\\/\\\/www.cec.org\\\/fr\\\/\"},{\"@type\":\"ListItem\",\"position\":2,\"name\":\"Sujets\",\"item\":\"https:\\\/\\\/www.cec.org\\\/fr\\\/sujets\\\/\"},{\"@type\":\"ListItem\",\"position\":3,\"name\":\"Mobilisation du secteur priv\u00e9\"}]},{\"@type\":\"WebSite\",\"@id\":\"https:\\\/\\\/www.cec.org\\\/fr\\\/#website\",\"url\":\"https:\\\/\\\/www.cec.org\\\/fr\\\/\",\"name\":\"Commission for Environmental Cooperation\",\"description\":\"Three countries working together to protect our shared environment\",\"alternateName\":\"CEC - CCA -CCE\",\"potentialAction\":[{\"@type\":\"SearchAction\",\"target\":{\"@type\":\"EntryPoint\",\"urlTemplate\":\"https:\\\/\\\/www.cec.org\\\/fr\\\/?s={search_term_string}\"},\"query-input\":{\"@type\":\"PropertyValueSpecification\",\"valueRequired\":true,\"valueName\":\"search_term_string\"}}],\"inLanguage\":\"fr-FR\"}]}<\/script>\n<!-- \/ Yoast SEO Premium plugin. -->","yoast_head_json":{"title":"Mobilisation du secteur priv\u00e9","description":"Le secteur priv\u00e9 est un facteur essentiel de la prosp\u00e9rit\u00e9 \u00e9conomique, de l\u2019innovation et du d\u00e9veloppement durable. En r\u00e9duisant son empreinte \u00e9cologique,","robots":{"index":"index","follow":"follow","max-snippet":"max-snippet:-1","max-image-preview":"max-image-preview:large","max-video-preview":"max-video-preview:-1"},"canonical":"https:\/\/www.cec.org\/fr\/sujets\/mobilisation-du-secteur-prive\/","og_locale":"fr_FR","og_type":"article","og_title":"Mobilisation du secteur priv\u00e9","og_description":"Le secteur priv\u00e9 est un facteur essentiel de la prosp\u00e9rit\u00e9 \u00e9conomique, de l\u2019innovation et du d\u00e9veloppement durable. En r\u00e9duisant son empreinte \u00e9cologique,","og_url":"https:\/\/www.cec.org\/fr\/sujets\/mobilisation-du-secteur-prive\/","og_site_name":"Commission de coop\u00e9ration environnementale","article_publisher":"https:\/\/www.facebook.com\/CECconnect","article_modified_time":"2026-04-11T22:33:12+00:00","og_image":[{"width":1366,"height":768,"url":"https:\/\/www.cec.org\/wp-content\/uploads\/private-sector-cover-fr.webp","type":"image\/webp"}],"twitter_card":"summary_large_image","twitter_site":"@CECweb","schema":{"@context":"https:\/\/schema.org","@graph":[{"@type":"WebPage","@id":"https:\/\/www.cec.org\/fr\/sujets\/mobilisation-du-secteur-prive\/","url":"https:\/\/www.cec.org\/fr\/sujets\/mobilisation-du-secteur-prive\/","name":"Mobilisation du secteur priv\u00e9","isPartOf":{"@id":"https:\/\/www.cec.org\/fr\/#website"},"primaryImageOfPage":{"@id":"https:\/\/www.cec.org\/fr\/sujets\/mobilisation-du-secteur-prive\/#primaryimage"},"image":{"@id":"https:\/\/www.cec.org\/fr\/sujets\/mobilisation-du-secteur-prive\/#primaryimage"},"thumbnailUrl":"https:\/\/www.cec.org\/wp-content\/uploads\/private-sector-cover-fr.webp","datePublished":"2026-01-12T22:29:21+00:00","dateModified":"2026-04-11T22:33:12+00:00","description":"Le secteur priv\u00e9 est un facteur essentiel de la prosp\u00e9rit\u00e9 \u00e9conomique, de l\u2019innovation et du d\u00e9veloppement durable. En r\u00e9duisant son empreinte \u00e9cologique,","breadcrumb":{"@id":"https:\/\/www.cec.org\/fr\/sujets\/mobilisation-du-secteur-prive\/#breadcrumb"},"inLanguage":"fr-FR","potentialAction":[{"@type":"ReadAction","target":["https:\/\/www.cec.org\/fr\/sujets\/mobilisation-du-secteur-prive\/"]}]},{"@type":"ImageObject","inLanguage":"fr-FR","@id":"https:\/\/www.cec.org\/fr\/sujets\/mobilisation-du-secteur-prive\/#primaryimage","url":"https:\/\/www.cec.org\/wp-content\/uploads\/private-sector-cover-fr.webp","contentUrl":"https:\/\/www.cec.org\/wp-content\/uploads\/private-sector-cover-fr.webp","width":1366,"height":768},{"@type":"BreadcrumbList","@id":"https:\/\/www.cec.org\/fr\/sujets\/mobilisation-du-secteur-prive\/#breadcrumb","itemListElement":[{"@type":"ListItem","position":1,"name":"Accueil","item":"https:\/\/www.cec.org\/fr\/"},{"@type":"ListItem","position":2,"name":"Sujets","item":"https:\/\/www.cec.org\/fr\/sujets\/"},{"@type":"ListItem","position":3,"name":"Mobilisation du secteur priv\u00e9"}]},{"@type":"WebSite","@id":"https:\/\/www.cec.org\/fr\/#website","url":"https:\/\/www.cec.org\/fr\/","name":"Commission for Environmental Cooperation","description":"Three countries working together to protect our shared environment","alternateName":"CEC - CCA -CCE","potentialAction":[{"@type":"SearchAction","target":{"@type":"EntryPoint","urlTemplate":"https:\/\/www.cec.org\/fr\/?s={search_term_string}"},"query-input":{"@type":"PropertyValueSpecification","valueRequired":true,"valueName":"search_term_string"}}],"inLanguage":"fr-FR"}]}},"_links":{"self":[{"href":"https:\/\/www.cec.org\/fr\/wp-json\/wp\/v2\/pages\/61273","targetHints":{"allow":["GET"]}}],"collection":[{"href":"https:\/\/www.cec.org\/fr\/wp-json\/wp\/v2\/pages"}],"about":[{"href":"https:\/\/www.cec.org\/fr\/wp-json\/wp\/v2\/types\/page"}],"author":[{"embeddable":true,"href":"https:\/\/www.cec.org\/fr\/wp-json\/wp\/v2\/users\/1"}],"replies":[{"embeddable":true,"href":"https:\/\/www.cec.org\/fr\/wp-json\/wp\/v2\/comments?post=61273"}],"version-history":[{"count":1,"href":"https:\/\/www.cec.org\/fr\/wp-json\/wp\/v2\/pages\/61273\/revisions"}],"predecessor-version":[{"id":61377,"href":"https:\/\/www.cec.org\/fr\/wp-json\/wp\/v2\/pages\/61273\/revisions\/61377"}],"up":[{"embeddable":true,"href":"https:\/\/www.cec.org\/fr\/wp-json\/wp\/v2\/pages\/28883"}],"wp:featuredmedia":[{"embeddable":true,"href":"https:\/\/www.cec.org\/fr\/wp-json\/wp\/v2\/media\/61183"}],"wp:attachment":[{"href":"https:\/\/www.cec.org\/fr\/wp-json\/wp\/v2\/media?parent=61273"}],"curies":[{"name":"wp","href":"https:\/\/api.w.org\/{rel}","templated":true}]}}