{"id":59198,"date":"2025-06-16T17:24:40","date_gmt":"2025-06-16T21:24:40","guid":{"rendered":"https:\/\/www.cec.org\/soutien-de-la-gouvernance-et-de-la-conformite\/"},"modified":"2026-04-11T18:42:58","modified_gmt":"2026-04-11T22:42:58","slug":"soutien-de-la-gouvernance-et-de-la-conformite","status":"publish","type":"page","link":"https:\/\/www.cec.org\/fr\/sujets\/modes-de-vie-et-economies-durables\/soutien-de-la-gouvernance-et-de-la-conformite\/","title":{"rendered":"Soutien de la gouvernance et de la conformit\u00e9"},"content":{"rendered":"<p>La transformation n\u00e9cessaire de nos syst\u00e8mes \u00e9conomiques en vue d\u2019affronter les crises environnementales exige des changements et des mesures sur tous les plans. Parall\u00e8lement, il est crucial de soutenir les cadres institutionnels et de gouvernance afin de faciliter la mise en \u0153uvre, la surveillance et l\u2019application effectives des politiques, initiatives et mesures de durabilit\u00e9 requises. Des syst\u00e8mes de gouvernance solides servent de fondation \u00e0 des actions favorisant des changements r\u00e9els. Ils \u00e9tablissent des standards et r\u00e8glements, renforcent les capacit\u00e9s internes et garantissent le respect des normes.<\/p>\n<p>Ce domaine d\u2019activit\u00e9 de la CCE vise \u00e0 soutenir les cadres institutionnels et de gouvernance \u00e0 l\u2019\u00e9chelle de notre r\u00e9gion afin de mieux promouvoir la durabilit\u00e9. Les travaux dans ce domaine abordent des enjeux essentiels, notamment les normes et r\u00e8glements en mati\u00e8re de durabilit\u00e9, les capacit\u00e9s de nos institutions, les m\u00e9canismes d\u2019application de la loi, le financement et les instruments \u00e9conomiques ou de march\u00e9, entre autres.<\/p>\n","protected":false},"excerpt":{"rendered":"<p>La transformation n\u00e9cessaire de nos syst\u00e8mes \u00e9conomiques en vue d\u2019affronter les crises environnementales exige des changements et des mesures sur tous les plans. Parall\u00e8lement, il est crucial de soutenir les cadres institutionnels et de gouvernance afin de faciliter la mise en \u0153uvre, la surveillance et l\u2019application effectives des politiques, initiatives et mesures de durabilit\u00e9 requises. [&hellip;]<\/p>\n","protected":false},"author":1,"featured_media":61576,"parent":55214,"menu_order":4,"comment_status":"closed","ping_status":"closed","template":"page-2024subtopics.php","meta":{"_acf_changed":false,"footnotes":""},"class_list":["post-59198","page","type-page","status-publish","has-post-thumbnail","hentry"],"acf":[],"yoast_head":"<!-- This site is optimized with the Yoast SEO Premium plugin v27.4 (Yoast SEO v27.4) - https:\/\/yoast.com\/product\/yoast-seo-premium-wordpress\/ -->\n<title>Soutien de la gouvernance et de la conformit\u00e9<\/title>\n<meta name=\"description\" content=\"La transformation n\u00e9cessaire de nos syst\u00e8mes \u00e9conomiques en vue d\u2019affronter les crises environnementales exige des changements et des mesures...\" \/>\n<meta name=\"robots\" content=\"index, follow, max-snippet:-1, max-image-preview:large, max-video-preview:-1\" \/>\n<link rel=\"canonical\" href=\"https:\/\/www.cec.org\/fr\/sujets\/modes-de-vie-et-economies-durables\/soutien-de-la-gouvernance-et-de-la-conformite\/\" \/>\n<meta property=\"og:locale\" content=\"fr_FR\" \/>\n<meta property=\"og:type\" content=\"article\" \/>\n<meta property=\"og:title\" content=\"Soutien de la gouvernance et de la conformit\u00e9\" \/>\n<meta property=\"og:description\" content=\"La transformation n\u00e9cessaire de nos syst\u00e8mes \u00e9conomiques en vue d\u2019affronter les crises environnementales exige des changements et des mesures sur tous les\" \/>\n<meta property=\"og:url\" content=\"https:\/\/www.cec.org\/fr\/sujets\/modes-de-vie-et-economies-durables\/soutien-de-la-gouvernance-et-de-la-conformite\/\" \/>\n<meta property=\"og:site_name\" content=\"Commission de coop\u00e9ration environnementale\" \/>\n<meta property=\"article:publisher\" content=\"https:\/\/www.facebook.com\/CECconnect\" \/>\n<meta property=\"article:modified_time\" content=\"2026-04-11T22:42:58+00:00\" \/>\n<meta property=\"og:image\" content=\"https:\/\/www.cec.org\/wp-content\/uploads\/Governance-SLE.webp\" \/>\n\t<meta property=\"og:image:width\" content=\"1366\" \/>\n\t<meta property=\"og:image:height\" content=\"768\" \/>\n\t<meta property=\"og:image:type\" content=\"image\/webp\" \/>\n<meta name=\"twitter:card\" content=\"summary_large_image\" \/>\n<meta name=\"twitter:site\" content=\"@CECweb\" \/>\n<script type=\"application\/ld+json\" class=\"yoast-schema-graph\">{\"@context\":\"https:\\\/\\\/schema.org\",\"@graph\":[{\"@type\":\"WebPage\",\"@id\":\"https:\\\/\\\/www.cec.org\\\/fr\\\/sujets\\\/modes-de-vie-et-economies-durables\\\/soutien-de-la-gouvernance-et-de-la-conformite\\\/\",\"url\":\"https:\\\/\\\/www.cec.org\\\/fr\\\/sujets\\\/modes-de-vie-et-economies-durables\\\/soutien-de-la-gouvernance-et-de-la-conformite\\\/\",\"name\":\"Soutien de la gouvernance et de la conformit\u00e9\",\"isPartOf\":{\"@id\":\"https:\\\/\\\/www.cec.org\\\/fr\\\/#website\"},\"primaryImageOfPage\":{\"@id\":\"https:\\\/\\\/www.cec.org\\\/fr\\\/sujets\\\/modes-de-vie-et-economies-durables\\\/soutien-de-la-gouvernance-et-de-la-conformite\\\/#primaryimage\"},\"image\":{\"@id\":\"https:\\\/\\\/www.cec.org\\\/fr\\\/sujets\\\/modes-de-vie-et-economies-durables\\\/soutien-de-la-gouvernance-et-de-la-conformite\\\/#primaryimage\"},\"thumbnailUrl\":\"https:\\\/\\\/www.cec.org\\\/wp-content\\\/uploads\\\/Governance-SLE.webp\",\"datePublished\":\"2025-06-16T21:24:40+00:00\",\"dateModified\":\"2026-04-11T22:42:58+00:00\",\"description\":\"La transformation n\u00e9cessaire de nos syst\u00e8mes \u00e9conomiques en vue d\u2019affronter les crises environnementales exige des changements et des mesures...\",\"breadcrumb\":{\"@id\":\"https:\\\/\\\/www.cec.org\\\/fr\\\/sujets\\\/modes-de-vie-et-economies-durables\\\/soutien-de-la-gouvernance-et-de-la-conformite\\\/#breadcrumb\"},\"inLanguage\":\"fr-FR\",\"potentialAction\":[{\"@type\":\"ReadAction\",\"target\":[\"https:\\\/\\\/www.cec.org\\\/fr\\\/sujets\\\/modes-de-vie-et-economies-durables\\\/soutien-de-la-gouvernance-et-de-la-conformite\\\/\"]}]},{\"@type\":\"ImageObject\",\"inLanguage\":\"fr-FR\",\"@id\":\"https:\\\/\\\/www.cec.org\\\/fr\\\/sujets\\\/modes-de-vie-et-economies-durables\\\/soutien-de-la-gouvernance-et-de-la-conformite\\\/#primaryimage\",\"url\":\"https:\\\/\\\/www.cec.org\\\/wp-content\\\/uploads\\\/Governance-SLE.webp\",\"contentUrl\":\"https:\\\/\\\/www.cec.org\\\/wp-content\\\/uploads\\\/Governance-SLE.webp\",\"width\":1366,\"height\":768},{\"@type\":\"BreadcrumbList\",\"@id\":\"https:\\\/\\\/www.cec.org\\\/fr\\\/sujets\\\/modes-de-vie-et-economies-durables\\\/soutien-de-la-gouvernance-et-de-la-conformite\\\/#breadcrumb\",\"itemListElement\":[{\"@type\":\"ListItem\",\"position\":1,\"name\":\"Accueil\",\"item\":\"https:\\\/\\\/www.cec.org\\\/fr\\\/\"},{\"@type\":\"ListItem\",\"position\":2,\"name\":\"Sujets\",\"item\":\"https:\\\/\\\/www.cec.org\\\/fr\\\/sujets\\\/\"},{\"@type\":\"ListItem\",\"position\":3,\"name\":\"Modes de vie et \u00e9conomies durables\",\"item\":\"https:\\\/\\\/www.cec.org\\\/fr\\\/topics\\\/sustainable-living-and-economies\\\/\"},{\"@type\":\"ListItem\",\"position\":4,\"name\":\"Soutien de la gouvernance et de la conformit\u00e9\"}]},{\"@type\":\"WebSite\",\"@id\":\"https:\\\/\\\/www.cec.org\\\/fr\\\/#website\",\"url\":\"https:\\\/\\\/www.cec.org\\\/fr\\\/\",\"name\":\"Commission for Environmental Cooperation\",\"description\":\"Three countries working together to protect our shared environment\",\"alternateName\":\"CEC - CCA -CCE\",\"potentialAction\":[{\"@type\":\"SearchAction\",\"target\":{\"@type\":\"EntryPoint\",\"urlTemplate\":\"https:\\\/\\\/www.cec.org\\\/fr\\\/?s={search_term_string}\"},\"query-input\":{\"@type\":\"PropertyValueSpecification\",\"valueRequired\":true,\"valueName\":\"search_term_string\"}}],\"inLanguage\":\"fr-FR\"}]}<\/script>\n<!-- \/ Yoast SEO Premium plugin. -->","yoast_head_json":{"title":"Soutien de la gouvernance et de la conformit\u00e9","description":"La transformation n\u00e9cessaire de nos syst\u00e8mes \u00e9conomiques en vue d\u2019affronter les crises environnementales exige des changements et des mesures...","robots":{"index":"index","follow":"follow","max-snippet":"max-snippet:-1","max-image-preview":"max-image-preview:large","max-video-preview":"max-video-preview:-1"},"canonical":"https:\/\/www.cec.org\/fr\/sujets\/modes-de-vie-et-economies-durables\/soutien-de-la-gouvernance-et-de-la-conformite\/","og_locale":"fr_FR","og_type":"article","og_title":"Soutien de la gouvernance et de la conformit\u00e9","og_description":"La transformation n\u00e9cessaire de nos syst\u00e8mes \u00e9conomiques en vue d\u2019affronter les crises environnementales exige des changements et des mesures sur tous les","og_url":"https:\/\/www.cec.org\/fr\/sujets\/modes-de-vie-et-economies-durables\/soutien-de-la-gouvernance-et-de-la-conformite\/","og_site_name":"Commission de coop\u00e9ration environnementale","article_publisher":"https:\/\/www.facebook.com\/CECconnect","article_modified_time":"2026-04-11T22:42:58+00:00","og_image":[{"width":1366,"height":768,"url":"https:\/\/www.cec.org\/wp-content\/uploads\/Governance-SLE.webp","type":"image\/webp"}],"twitter_card":"summary_large_image","twitter_site":"@CECweb","schema":{"@context":"https:\/\/schema.org","@graph":[{"@type":"WebPage","@id":"https:\/\/www.cec.org\/fr\/sujets\/modes-de-vie-et-economies-durables\/soutien-de-la-gouvernance-et-de-la-conformite\/","url":"https:\/\/www.cec.org\/fr\/sujets\/modes-de-vie-et-economies-durables\/soutien-de-la-gouvernance-et-de-la-conformite\/","name":"Soutien de la gouvernance et de la conformit\u00e9","isPartOf":{"@id":"https:\/\/www.cec.org\/fr\/#website"},"primaryImageOfPage":{"@id":"https:\/\/www.cec.org\/fr\/sujets\/modes-de-vie-et-economies-durables\/soutien-de-la-gouvernance-et-de-la-conformite\/#primaryimage"},"image":{"@id":"https:\/\/www.cec.org\/fr\/sujets\/modes-de-vie-et-economies-durables\/soutien-de-la-gouvernance-et-de-la-conformite\/#primaryimage"},"thumbnailUrl":"https:\/\/www.cec.org\/wp-content\/uploads\/Governance-SLE.webp","datePublished":"2025-06-16T21:24:40+00:00","dateModified":"2026-04-11T22:42:58+00:00","description":"La transformation n\u00e9cessaire de nos syst\u00e8mes \u00e9conomiques en vue d\u2019affronter les crises environnementales exige des changements et des mesures...","breadcrumb":{"@id":"https:\/\/www.cec.org\/fr\/sujets\/modes-de-vie-et-economies-durables\/soutien-de-la-gouvernance-et-de-la-conformite\/#breadcrumb"},"inLanguage":"fr-FR","potentialAction":[{"@type":"ReadAction","target":["https:\/\/www.cec.org\/fr\/sujets\/modes-de-vie-et-economies-durables\/soutien-de-la-gouvernance-et-de-la-conformite\/"]}]},{"@type":"ImageObject","inLanguage":"fr-FR","@id":"https:\/\/www.cec.org\/fr\/sujets\/modes-de-vie-et-economies-durables\/soutien-de-la-gouvernance-et-de-la-conformite\/#primaryimage","url":"https:\/\/www.cec.org\/wp-content\/uploads\/Governance-SLE.webp","contentUrl":"https:\/\/www.cec.org\/wp-content\/uploads\/Governance-SLE.webp","width":1366,"height":768},{"@type":"BreadcrumbList","@id":"https:\/\/www.cec.org\/fr\/sujets\/modes-de-vie-et-economies-durables\/soutien-de-la-gouvernance-et-de-la-conformite\/#breadcrumb","itemListElement":[{"@type":"ListItem","position":1,"name":"Accueil","item":"https:\/\/www.cec.org\/fr\/"},{"@type":"ListItem","position":2,"name":"Sujets","item":"https:\/\/www.cec.org\/fr\/sujets\/"},{"@type":"ListItem","position":3,"name":"Modes de vie et \u00e9conomies durables","item":"https:\/\/www.cec.org\/fr\/topics\/sustainable-living-and-economies\/"},{"@type":"ListItem","position":4,"name":"Soutien de la gouvernance et de la conformit\u00e9"}]},{"@type":"WebSite","@id":"https:\/\/www.cec.org\/fr\/#website","url":"https:\/\/www.cec.org\/fr\/","name":"Commission for Environmental Cooperation","description":"Three countries working together to protect our shared environment","alternateName":"CEC - CCA -CCE","potentialAction":[{"@type":"SearchAction","target":{"@type":"EntryPoint","urlTemplate":"https:\/\/www.cec.org\/fr\/?s={search_term_string}"},"query-input":{"@type":"PropertyValueSpecification","valueRequired":true,"valueName":"search_term_string"}}],"inLanguage":"fr-FR"}]}},"_links":{"self":[{"href":"https:\/\/www.cec.org\/fr\/wp-json\/wp\/v2\/pages\/59198","targetHints":{"allow":["GET"]}}],"collection":[{"href":"https:\/\/www.cec.org\/fr\/wp-json\/wp\/v2\/pages"}],"about":[{"href":"https:\/\/www.cec.org\/fr\/wp-json\/wp\/v2\/types\/page"}],"author":[{"embeddable":true,"href":"https:\/\/www.cec.org\/fr\/wp-json\/wp\/v2\/users\/1"}],"replies":[{"embeddable":true,"href":"https:\/\/www.cec.org\/fr\/wp-json\/wp\/v2\/comments?post=59198"}],"version-history":[{"count":1,"href":"https:\/\/www.cec.org\/fr\/wp-json\/wp\/v2\/pages\/59198\/revisions"}],"predecessor-version":[{"id":62410,"href":"https:\/\/www.cec.org\/fr\/wp-json\/wp\/v2\/pages\/59198\/revisions\/62410"}],"up":[{"embeddable":true,"href":"https:\/\/www.cec.org\/fr\/wp-json\/wp\/v2\/pages\/55214"}],"wp:featuredmedia":[{"embeddable":true,"href":"https:\/\/www.cec.org\/fr\/wp-json\/wp\/v2\/media\/61576"}],"wp:attachment":[{"href":"https:\/\/www.cec.org\/fr\/wp-json\/wp\/v2\/media?parent=59198"}],"curies":[{"name":"wp","href":"https:\/\/api.w.org\/{rel}","templated":true}]}}