{"id":59197,"date":"2025-06-16T15:25:52","date_gmt":"2025-06-16T19:25:52","guid":{"rendered":"https:\/\/www.cec.org\/promotion-de-la-circularite-et-du-changement-systemique\/"},"modified":"2026-04-11T18:42:35","modified_gmt":"2026-04-11T22:42:35","slug":"promotion-de-la-circularite-et-du-changement-systemique","status":"publish","type":"page","link":"https:\/\/www.cec.org\/fr\/sujets\/modes-de-vie-et-economies-durables\/promotion-de-la-circularite-et-du-changement-systemique\/","title":{"rendered":"Promotion de la circularit\u00e9 et du changement syst\u00e9mique"},"content":{"rendered":"<p>Les crises touchant la biodiversit\u00e9, la pollution et les changements climatiques montrent que nos modes de vie, de production et de consommation courants exercent une pression insoutenable sur notre plan\u00e8te. Les \u00e9conomies lin\u00e9aires habituelles, que caract\u00e9rise le mod\u00e8le \u00ab\u00a0extraire, fabriquer, jeter\u00a0\u00bb, entra\u00eenent une production excessive de d\u00e9chets, l\u2019\u00e9puisement des ressources naturelles et une hausse des \u00e9missions de gaz \u00e0 effet de serre. Non seulement ces approches compromettent-elles la salubrit\u00e9 de l\u2019environnement, elles menacent aussi la stabilit\u00e9 des \u00e9cosyst\u00e8mes et le bien-\u00eatre des g\u00e9n\u00e9rations d\u2019aujourd\u2019hui et de demain.<\/p>\n<p>Ce domaine d\u2019activit\u00e9 de la CCE vise la transformation du syst\u00e8me dans son ensemble, c\u2019est-\u00e0-dire la mani\u00e8re dont sont con\u00e7ues et fonctionnent nos \u00e9conomies. Il aborde des th\u00e8mes qui favorisent l\u2019adoption des principes de l\u2019\u00e9conomie circulaire et encouragent un changement syst\u00e9mique. En r\u00e9examinant et en red\u00e9finissant les syst\u00e8mes \u00e9conomiques, nous pouvons r\u00e9duire au minimum les d\u00e9chets et la pollution, optimiser l\u2019efficacit\u00e9 des ressources et cr\u00e9er des syst\u00e8mes r\u00e9g\u00e9n\u00e9rateurs qui soutiennent la salubrit\u00e9 de l\u2019environnement \u00e0 long terme. Le changement syst\u00e9mique permet en outre d\u2019int\u00e9grer des pratiques durables dans des domaines essentiels, comme la gestion de l\u2019eau, les syst\u00e8mes alimentaires, la gestion des d\u00e9chets et les infrastructures vertes. Il favorise ainsi l\u2019innovation et le d\u00e9veloppement de villes r\u00e9silientes et durables pour les g\u00e9n\u00e9rations futures.<\/p>\n","protected":false},"excerpt":{"rendered":"<p>Les crises touchant la biodiversit\u00e9, la pollution et les changements climatiques montrent que nos modes de vie, de production et de consommation courants exercent une pression insoutenable sur notre plan\u00e8te. Les \u00e9conomies lin\u00e9aires habituelles, que caract\u00e9rise le mod\u00e8le \u00ab\u00a0extraire, fabriquer, jeter\u00a0\u00bb, entra\u00eenent une production excessive de d\u00e9chets, l\u2019\u00e9puisement des ressources naturelles et une hausse des [&hellip;]<\/p>\n","protected":false},"author":1,"featured_media":61385,"parent":55214,"menu_order":3,"comment_status":"closed","ping_status":"closed","template":"page-2024subtopics.php","meta":{"_acf_changed":false,"footnotes":""},"class_list":["post-59197","page","type-page","status-publish","has-post-thumbnail","hentry"],"acf":[],"yoast_head":"<!-- This site is optimized with the Yoast SEO Premium plugin v27.4 (Yoast SEO v27.4) - https:\/\/yoast.com\/product\/yoast-seo-premium-wordpress\/ -->\n<title>Promotion de la circularit\u00e9 et du changement syst\u00e9mique<\/title>\n<meta name=\"description\" content=\"Les crises touchant la biodiversit\u00e9, la pollution et les changements climatiques montrent...\" \/>\n<meta name=\"robots\" content=\"index, follow, max-snippet:-1, max-image-preview:large, max-video-preview:-1\" \/>\n<link rel=\"canonical\" href=\"https:\/\/www.cec.org\/fr\/sujets\/modes-de-vie-et-economies-durables\/promotion-de-la-circularite-et-du-changement-systemique\/\" \/>\n<meta property=\"og:locale\" content=\"fr_FR\" \/>\n<meta property=\"og:type\" content=\"article\" \/>\n<meta property=\"og:title\" content=\"Promotion de la circularit\u00e9 et du changement syst\u00e9mique\" \/>\n<meta property=\"og:description\" content=\"Les crises touchant la biodiversit\u00e9, la pollution et les changements climatiques montrent que nos modes de vie, de production et de consommation courants\" \/>\n<meta property=\"og:url\" content=\"https:\/\/www.cec.org\/fr\/sujets\/modes-de-vie-et-economies-durables\/promotion-de-la-circularite-et-du-changement-systemique\/\" \/>\n<meta property=\"og:site_name\" content=\"Commission de coop\u00e9ration environnementale\" \/>\n<meta property=\"article:publisher\" content=\"https:\/\/www.facebook.com\/CECconnect\" \/>\n<meta property=\"article:modified_time\" content=\"2026-04-11T22:42:35+00:00\" \/>\n<meta property=\"og:image\" content=\"https:\/\/www.cec.org\/wp-content\/uploads\/Promoting-Circularity-and-Systemic-Change-1.webp\" \/>\n\t<meta property=\"og:image:width\" content=\"1366\" \/>\n\t<meta property=\"og:image:height\" content=\"768\" \/>\n\t<meta property=\"og:image:type\" content=\"image\/webp\" \/>\n<meta name=\"twitter:card\" content=\"summary_large_image\" \/>\n<meta name=\"twitter:site\" content=\"@CECweb\" \/>\n<script type=\"application\/ld+json\" class=\"yoast-schema-graph\">{\"@context\":\"https:\\\/\\\/schema.org\",\"@graph\":[{\"@type\":\"WebPage\",\"@id\":\"https:\\\/\\\/www.cec.org\\\/fr\\\/sujets\\\/modes-de-vie-et-economies-durables\\\/promotion-de-la-circularite-et-du-changement-systemique\\\/\",\"url\":\"https:\\\/\\\/www.cec.org\\\/fr\\\/sujets\\\/modes-de-vie-et-economies-durables\\\/promotion-de-la-circularite-et-du-changement-systemique\\\/\",\"name\":\"Promotion de la circularit\u00e9 et du changement syst\u00e9mique\",\"isPartOf\":{\"@id\":\"https:\\\/\\\/www.cec.org\\\/fr\\\/#website\"},\"primaryImageOfPage\":{\"@id\":\"https:\\\/\\\/www.cec.org\\\/fr\\\/sujets\\\/modes-de-vie-et-economies-durables\\\/promotion-de-la-circularite-et-du-changement-systemique\\\/#primaryimage\"},\"image\":{\"@id\":\"https:\\\/\\\/www.cec.org\\\/fr\\\/sujets\\\/modes-de-vie-et-economies-durables\\\/promotion-de-la-circularite-et-du-changement-systemique\\\/#primaryimage\"},\"thumbnailUrl\":\"https:\\\/\\\/www.cec.org\\\/wp-content\\\/uploads\\\/Promoting-Circularity-and-Systemic-Change-1.webp\",\"datePublished\":\"2025-06-16T19:25:52+00:00\",\"dateModified\":\"2026-04-11T22:42:35+00:00\",\"description\":\"Les crises touchant la biodiversit\u00e9, la pollution et les changements climatiques montrent...\",\"breadcrumb\":{\"@id\":\"https:\\\/\\\/www.cec.org\\\/fr\\\/sujets\\\/modes-de-vie-et-economies-durables\\\/promotion-de-la-circularite-et-du-changement-systemique\\\/#breadcrumb\"},\"inLanguage\":\"fr-FR\",\"potentialAction\":[{\"@type\":\"ReadAction\",\"target\":[\"https:\\\/\\\/www.cec.org\\\/fr\\\/sujets\\\/modes-de-vie-et-economies-durables\\\/promotion-de-la-circularite-et-du-changement-systemique\\\/\"]}]},{\"@type\":\"ImageObject\",\"inLanguage\":\"fr-FR\",\"@id\":\"https:\\\/\\\/www.cec.org\\\/fr\\\/sujets\\\/modes-de-vie-et-economies-durables\\\/promotion-de-la-circularite-et-du-changement-systemique\\\/#primaryimage\",\"url\":\"https:\\\/\\\/www.cec.org\\\/wp-content\\\/uploads\\\/Promoting-Circularity-and-Systemic-Change-1.webp\",\"contentUrl\":\"https:\\\/\\\/www.cec.org\\\/wp-content\\\/uploads\\\/Promoting-Circularity-and-Systemic-Change-1.webp\",\"width\":1366,\"height\":768},{\"@type\":\"BreadcrumbList\",\"@id\":\"https:\\\/\\\/www.cec.org\\\/fr\\\/sujets\\\/modes-de-vie-et-economies-durables\\\/promotion-de-la-circularite-et-du-changement-systemique\\\/#breadcrumb\",\"itemListElement\":[{\"@type\":\"ListItem\",\"position\":1,\"name\":\"Accueil\",\"item\":\"https:\\\/\\\/www.cec.org\\\/fr\\\/\"},{\"@type\":\"ListItem\",\"position\":2,\"name\":\"Sujets\",\"item\":\"https:\\\/\\\/www.cec.org\\\/fr\\\/sujets\\\/\"},{\"@type\":\"ListItem\",\"position\":3,\"name\":\"Modes de vie et \u00e9conomies durables\",\"item\":\"https:\\\/\\\/www.cec.org\\\/fr\\\/topics\\\/sustainable-living-and-economies\\\/\"},{\"@type\":\"ListItem\",\"position\":4,\"name\":\"Promotion de la circularit\u00e9 et du changement syst\u00e9mique\"}]},{\"@type\":\"WebSite\",\"@id\":\"https:\\\/\\\/www.cec.org\\\/fr\\\/#website\",\"url\":\"https:\\\/\\\/www.cec.org\\\/fr\\\/\",\"name\":\"Commission for Environmental Cooperation\",\"description\":\"Three countries working together to protect our shared environment\",\"alternateName\":\"CEC - CCA -CCE\",\"potentialAction\":[{\"@type\":\"SearchAction\",\"target\":{\"@type\":\"EntryPoint\",\"urlTemplate\":\"https:\\\/\\\/www.cec.org\\\/fr\\\/?s={search_term_string}\"},\"query-input\":{\"@type\":\"PropertyValueSpecification\",\"valueRequired\":true,\"valueName\":\"search_term_string\"}}],\"inLanguage\":\"fr-FR\"}]}<\/script>\n<!-- \/ Yoast SEO Premium plugin. -->","yoast_head_json":{"title":"Promotion de la circularit\u00e9 et du changement syst\u00e9mique","description":"Les crises touchant la biodiversit\u00e9, la pollution et les changements climatiques montrent...","robots":{"index":"index","follow":"follow","max-snippet":"max-snippet:-1","max-image-preview":"max-image-preview:large","max-video-preview":"max-video-preview:-1"},"canonical":"https:\/\/www.cec.org\/fr\/sujets\/modes-de-vie-et-economies-durables\/promotion-de-la-circularite-et-du-changement-systemique\/","og_locale":"fr_FR","og_type":"article","og_title":"Promotion de la circularit\u00e9 et du changement syst\u00e9mique","og_description":"Les crises touchant la biodiversit\u00e9, la pollution et les changements climatiques montrent que nos modes de vie, de production et de consommation courants","og_url":"https:\/\/www.cec.org\/fr\/sujets\/modes-de-vie-et-economies-durables\/promotion-de-la-circularite-et-du-changement-systemique\/","og_site_name":"Commission de coop\u00e9ration environnementale","article_publisher":"https:\/\/www.facebook.com\/CECconnect","article_modified_time":"2026-04-11T22:42:35+00:00","og_image":[{"width":1366,"height":768,"url":"https:\/\/www.cec.org\/wp-content\/uploads\/Promoting-Circularity-and-Systemic-Change-1.webp","type":"image\/webp"}],"twitter_card":"summary_large_image","twitter_site":"@CECweb","schema":{"@context":"https:\/\/schema.org","@graph":[{"@type":"WebPage","@id":"https:\/\/www.cec.org\/fr\/sujets\/modes-de-vie-et-economies-durables\/promotion-de-la-circularite-et-du-changement-systemique\/","url":"https:\/\/www.cec.org\/fr\/sujets\/modes-de-vie-et-economies-durables\/promotion-de-la-circularite-et-du-changement-systemique\/","name":"Promotion de la circularit\u00e9 et du changement syst\u00e9mique","isPartOf":{"@id":"https:\/\/www.cec.org\/fr\/#website"},"primaryImageOfPage":{"@id":"https:\/\/www.cec.org\/fr\/sujets\/modes-de-vie-et-economies-durables\/promotion-de-la-circularite-et-du-changement-systemique\/#primaryimage"},"image":{"@id":"https:\/\/www.cec.org\/fr\/sujets\/modes-de-vie-et-economies-durables\/promotion-de-la-circularite-et-du-changement-systemique\/#primaryimage"},"thumbnailUrl":"https:\/\/www.cec.org\/wp-content\/uploads\/Promoting-Circularity-and-Systemic-Change-1.webp","datePublished":"2025-06-16T19:25:52+00:00","dateModified":"2026-04-11T22:42:35+00:00","description":"Les crises touchant la biodiversit\u00e9, la pollution et les changements climatiques montrent...","breadcrumb":{"@id":"https:\/\/www.cec.org\/fr\/sujets\/modes-de-vie-et-economies-durables\/promotion-de-la-circularite-et-du-changement-systemique\/#breadcrumb"},"inLanguage":"fr-FR","potentialAction":[{"@type":"ReadAction","target":["https:\/\/www.cec.org\/fr\/sujets\/modes-de-vie-et-economies-durables\/promotion-de-la-circularite-et-du-changement-systemique\/"]}]},{"@type":"ImageObject","inLanguage":"fr-FR","@id":"https:\/\/www.cec.org\/fr\/sujets\/modes-de-vie-et-economies-durables\/promotion-de-la-circularite-et-du-changement-systemique\/#primaryimage","url":"https:\/\/www.cec.org\/wp-content\/uploads\/Promoting-Circularity-and-Systemic-Change-1.webp","contentUrl":"https:\/\/www.cec.org\/wp-content\/uploads\/Promoting-Circularity-and-Systemic-Change-1.webp","width":1366,"height":768},{"@type":"BreadcrumbList","@id":"https:\/\/www.cec.org\/fr\/sujets\/modes-de-vie-et-economies-durables\/promotion-de-la-circularite-et-du-changement-systemique\/#breadcrumb","itemListElement":[{"@type":"ListItem","position":1,"name":"Accueil","item":"https:\/\/www.cec.org\/fr\/"},{"@type":"ListItem","position":2,"name":"Sujets","item":"https:\/\/www.cec.org\/fr\/sujets\/"},{"@type":"ListItem","position":3,"name":"Modes de vie et \u00e9conomies durables","item":"https:\/\/www.cec.org\/fr\/topics\/sustainable-living-and-economies\/"},{"@type":"ListItem","position":4,"name":"Promotion de la circularit\u00e9 et du changement syst\u00e9mique"}]},{"@type":"WebSite","@id":"https:\/\/www.cec.org\/fr\/#website","url":"https:\/\/www.cec.org\/fr\/","name":"Commission for Environmental Cooperation","description":"Three countries working together to protect our shared environment","alternateName":"CEC - CCA -CCE","potentialAction":[{"@type":"SearchAction","target":{"@type":"EntryPoint","urlTemplate":"https:\/\/www.cec.org\/fr\/?s={search_term_string}"},"query-input":{"@type":"PropertyValueSpecification","valueRequired":true,"valueName":"search_term_string"}}],"inLanguage":"fr-FR"}]}},"_links":{"self":[{"href":"https:\/\/www.cec.org\/fr\/wp-json\/wp\/v2\/pages\/59197","targetHints":{"allow":["GET"]}}],"collection":[{"href":"https:\/\/www.cec.org\/fr\/wp-json\/wp\/v2\/pages"}],"about":[{"href":"https:\/\/www.cec.org\/fr\/wp-json\/wp\/v2\/types\/page"}],"author":[{"embeddable":true,"href":"https:\/\/www.cec.org\/fr\/wp-json\/wp\/v2\/users\/1"}],"replies":[{"embeddable":true,"href":"https:\/\/www.cec.org\/fr\/wp-json\/wp\/v2\/comments?post=59197"}],"version-history":[{"count":1,"href":"https:\/\/www.cec.org\/fr\/wp-json\/wp\/v2\/pages\/59197\/revisions"}],"predecessor-version":[{"id":62409,"href":"https:\/\/www.cec.org\/fr\/wp-json\/wp\/v2\/pages\/59197\/revisions\/62409"}],"up":[{"embeddable":true,"href":"https:\/\/www.cec.org\/fr\/wp-json\/wp\/v2\/pages\/55214"}],"wp:featuredmedia":[{"embeddable":true,"href":"https:\/\/www.cec.org\/fr\/wp-json\/wp\/v2\/media\/61385"}],"wp:attachment":[{"href":"https:\/\/www.cec.org\/fr\/wp-json\/wp\/v2\/media?parent=59197"}],"curies":[{"name":"wp","href":"https:\/\/api.w.org\/{rel}","templated":true}]}}