{"id":59196,"date":"2025-06-16T14:25:15","date_gmt":"2025-06-16T18:25:15","guid":{"rendered":"https:\/\/www.cec.org\/transition-vers-des-choix-de-vie-durables\/"},"modified":"2026-04-11T18:43:42","modified_gmt":"2026-04-11T22:43:42","slug":"transition-vers-des-choix-de-vie-durables","status":"publish","type":"page","link":"https:\/\/www.cec.org\/fr\/sujets\/modes-de-vie-et-economies-durables\/transition-vers-des-choix-de-vie-durables\/","title":{"rendered":"Transition vers des choix de vie durables"},"content":{"rendered":"<p>Devant une crise environnementale croissante et une demande de ressources naturelles in\u00e9puisable, il est devenu imp\u00e9ratif de cr\u00e9er les conditions propices \u00e0 des choix de vie durables, afin de pr\u00e9server notre plan\u00e8te et le bien-\u00eatre des communaut\u00e9s nord-am\u00e9ricaines. \u00c0 mesure que s\u2019\u00e9puisent les ressources mondiales et que grandissent les d\u00e9fis environnementaux, nos choix quotidiens d\u00e9terminent de plus en plus l\u2019avenir de notre plan\u00e8te. L\u2019adoption de pratiques durables, comme r\u00e9duire le volume de d\u00e9chets, \u00e9conomiser l\u2019\u00e9nergie et choisir des produits respectueux de l\u2019environnement, att\u00e9nue consid\u00e9rablement ces effets n\u00e9fastes.<\/p>\n<p>Des facteurs \u00e9conomiques, influences sociales et valeurs individuelles fa\u00e7onnent notre capacit\u00e9 \u00e0 faire des choix de vie durables. Ce domaine d\u2019activit\u00e9 de la CCE porte sur les facteurs qui guident les choix de vie et de consommation individuels et collectifs. On reconna\u00eet toute l\u2019importance de mobiliser les personnes et les communaut\u00e9s qui envisagent des mesures \u00e0 petite et \u00e0 moyenne \u00e9chelle au sein de strat\u00e9gies holistiques plus globales. L\u2019objectif consiste \u00e0 mieux comprendre les facteurs syst\u00e9miques et contextuels qui influencent nos choix, et \u00e0 fournir les connaissances, les outils et le soutien dont chacun\u00b7e a besoin pour prendre des d\u00e9cisions plus durables. Ce travail aborde des enjeux comme l\u2019\u00e9ducation, la sensibilisation, le changement de comportements, l\u2019entrepreneuriat et les facteurs sociaux qui d\u00e9terminent nos choix.<\/p>\n","protected":false},"excerpt":{"rendered":"<p>Devant une crise environnementale croissante et une demande de ressources naturelles in\u00e9puisable, il est devenu imp\u00e9ratif de cr\u00e9er les conditions propices \u00e0 des choix de vie durables, afin de pr\u00e9server notre plan\u00e8te et le bien-\u00eatre des communaut\u00e9s nord-am\u00e9ricaines. \u00c0 mesure que s\u2019\u00e9puisent les ressources mondiales et que grandissent les d\u00e9fis environnementaux, nos choix quotidiens d\u00e9terminent [&hellip;]<\/p>\n","protected":false},"author":1,"featured_media":59189,"parent":55214,"menu_order":2,"comment_status":"closed","ping_status":"closed","template":"page-2024subtopics.php","meta":{"_acf_changed":false,"footnotes":""},"class_list":["post-59196","page","type-page","status-publish","has-post-thumbnail","hentry"],"acf":[],"yoast_head":"<!-- This site is optimized with the Yoast SEO Premium plugin v27.4 (Yoast SEO v27.4) - https:\/\/yoast.com\/product\/yoast-seo-premium-wordpress\/ -->\n<title>Transition vers des choix de vie durables<\/title>\n<meta name=\"description\" content=\"Devant une crise environnementale croissante et une demande de ressources naturelles in\u00e9puisable, il est devenu imp\u00e9ratif de cr\u00e9er les conditions propices\" \/>\n<meta name=\"robots\" content=\"index, follow, max-snippet:-1, max-image-preview:large, max-video-preview:-1\" \/>\n<link rel=\"canonical\" href=\"https:\/\/www.cec.org\/fr\/sujets\/modes-de-vie-et-economies-durables\/transition-vers-des-choix-de-vie-durables\/\" \/>\n<meta property=\"og:locale\" content=\"fr_FR\" \/>\n<meta property=\"og:type\" content=\"article\" \/>\n<meta property=\"og:title\" content=\"Transition vers des choix de vie durables\" \/>\n<meta property=\"og:description\" content=\"Devant une crise environnementale croissante et une demande de ressources naturelles in\u00e9puisable, il est devenu imp\u00e9ratif de cr\u00e9er les conditions propices\" \/>\n<meta property=\"og:url\" content=\"https:\/\/www.cec.org\/fr\/sujets\/modes-de-vie-et-economies-durables\/transition-vers-des-choix-de-vie-durables\/\" \/>\n<meta property=\"og:site_name\" content=\"Commission de coop\u00e9ration environnementale\" \/>\n<meta property=\"article:publisher\" content=\"https:\/\/www.facebook.com\/CECconnect\" \/>\n<meta property=\"article:modified_time\" content=\"2026-04-11T22:43:42+00:00\" \/>\n<meta property=\"og:image\" content=\"https:\/\/www.cec.org\/wp-content\/uploads\/Transitioning-to-sustainable-life-choices.webp\" \/>\n\t<meta property=\"og:image:width\" content=\"1200\" \/>\n\t<meta property=\"og:image:height\" content=\"684\" \/>\n\t<meta property=\"og:image:type\" content=\"image\/webp\" \/>\n<meta name=\"twitter:card\" content=\"summary_large_image\" \/>\n<meta name=\"twitter:site\" content=\"@CECweb\" \/>\n<script type=\"application\/ld+json\" class=\"yoast-schema-graph\">{\"@context\":\"https:\\\/\\\/schema.org\",\"@graph\":[{\"@type\":\"WebPage\",\"@id\":\"https:\\\/\\\/www.cec.org\\\/fr\\\/sujets\\\/modes-de-vie-et-economies-durables\\\/transition-vers-des-choix-de-vie-durables\\\/\",\"url\":\"https:\\\/\\\/www.cec.org\\\/fr\\\/sujets\\\/modes-de-vie-et-economies-durables\\\/transition-vers-des-choix-de-vie-durables\\\/\",\"name\":\"Transition vers des choix de vie durables\",\"isPartOf\":{\"@id\":\"https:\\\/\\\/www.cec.org\\\/fr\\\/#website\"},\"primaryImageOfPage\":{\"@id\":\"https:\\\/\\\/www.cec.org\\\/fr\\\/sujets\\\/modes-de-vie-et-economies-durables\\\/transition-vers-des-choix-de-vie-durables\\\/#primaryimage\"},\"image\":{\"@id\":\"https:\\\/\\\/www.cec.org\\\/fr\\\/sujets\\\/modes-de-vie-et-economies-durables\\\/transition-vers-des-choix-de-vie-durables\\\/#primaryimage\"},\"thumbnailUrl\":\"https:\\\/\\\/www.cec.org\\\/wp-content\\\/uploads\\\/Transitioning-to-sustainable-life-choices.webp\",\"datePublished\":\"2025-06-16T18:25:15+00:00\",\"dateModified\":\"2026-04-11T22:43:42+00:00\",\"description\":\"Devant une crise environnementale croissante et une demande de ressources naturelles in\u00e9puisable, il est devenu imp\u00e9ratif de cr\u00e9er les conditions propices\",\"breadcrumb\":{\"@id\":\"https:\\\/\\\/www.cec.org\\\/fr\\\/sujets\\\/modes-de-vie-et-economies-durables\\\/transition-vers-des-choix-de-vie-durables\\\/#breadcrumb\"},\"inLanguage\":\"fr-FR\",\"potentialAction\":[{\"@type\":\"ReadAction\",\"target\":[\"https:\\\/\\\/www.cec.org\\\/fr\\\/sujets\\\/modes-de-vie-et-economies-durables\\\/transition-vers-des-choix-de-vie-durables\\\/\"]}]},{\"@type\":\"ImageObject\",\"inLanguage\":\"fr-FR\",\"@id\":\"https:\\\/\\\/www.cec.org\\\/fr\\\/sujets\\\/modes-de-vie-et-economies-durables\\\/transition-vers-des-choix-de-vie-durables\\\/#primaryimage\",\"url\":\"https:\\\/\\\/www.cec.org\\\/wp-content\\\/uploads\\\/Transitioning-to-sustainable-life-choices.webp\",\"contentUrl\":\"https:\\\/\\\/www.cec.org\\\/wp-content\\\/uploads\\\/Transitioning-to-sustainable-life-choices.webp\",\"width\":1200,\"height\":684,\"caption\":\"sustainable life choices\"},{\"@type\":\"BreadcrumbList\",\"@id\":\"https:\\\/\\\/www.cec.org\\\/fr\\\/sujets\\\/modes-de-vie-et-economies-durables\\\/transition-vers-des-choix-de-vie-durables\\\/#breadcrumb\",\"itemListElement\":[{\"@type\":\"ListItem\",\"position\":1,\"name\":\"Accueil\",\"item\":\"https:\\\/\\\/www.cec.org\\\/fr\\\/\"},{\"@type\":\"ListItem\",\"position\":2,\"name\":\"Sujets\",\"item\":\"https:\\\/\\\/www.cec.org\\\/fr\\\/sujets\\\/\"},{\"@type\":\"ListItem\",\"position\":3,\"name\":\"Modes de vie et \u00e9conomies durables\",\"item\":\"https:\\\/\\\/www.cec.org\\\/fr\\\/topics\\\/sustainable-living-and-economies\\\/\"},{\"@type\":\"ListItem\",\"position\":4,\"name\":\"Transition vers des choix de vie durables\"}]},{\"@type\":\"WebSite\",\"@id\":\"https:\\\/\\\/www.cec.org\\\/fr\\\/#website\",\"url\":\"https:\\\/\\\/www.cec.org\\\/fr\\\/\",\"name\":\"Commission for Environmental Cooperation\",\"description\":\"Three countries working together to protect our shared environment\",\"alternateName\":\"CEC - CCA -CCE\",\"potentialAction\":[{\"@type\":\"SearchAction\",\"target\":{\"@type\":\"EntryPoint\",\"urlTemplate\":\"https:\\\/\\\/www.cec.org\\\/fr\\\/?s={search_term_string}\"},\"query-input\":{\"@type\":\"PropertyValueSpecification\",\"valueRequired\":true,\"valueName\":\"search_term_string\"}}],\"inLanguage\":\"fr-FR\"}]}<\/script>\n<!-- \/ Yoast SEO Premium plugin. -->","yoast_head_json":{"title":"Transition vers des choix de vie durables","description":"Devant une crise environnementale croissante et une demande de ressources naturelles in\u00e9puisable, il est devenu imp\u00e9ratif de cr\u00e9er les conditions propices","robots":{"index":"index","follow":"follow","max-snippet":"max-snippet:-1","max-image-preview":"max-image-preview:large","max-video-preview":"max-video-preview:-1"},"canonical":"https:\/\/www.cec.org\/fr\/sujets\/modes-de-vie-et-economies-durables\/transition-vers-des-choix-de-vie-durables\/","og_locale":"fr_FR","og_type":"article","og_title":"Transition vers des choix de vie durables","og_description":"Devant une crise environnementale croissante et une demande de ressources naturelles in\u00e9puisable, il est devenu imp\u00e9ratif de cr\u00e9er les conditions propices","og_url":"https:\/\/www.cec.org\/fr\/sujets\/modes-de-vie-et-economies-durables\/transition-vers-des-choix-de-vie-durables\/","og_site_name":"Commission de coop\u00e9ration environnementale","article_publisher":"https:\/\/www.facebook.com\/CECconnect","article_modified_time":"2026-04-11T22:43:42+00:00","og_image":[{"width":1200,"height":684,"url":"https:\/\/www.cec.org\/wp-content\/uploads\/Transitioning-to-sustainable-life-choices.webp","type":"image\/webp"}],"twitter_card":"summary_large_image","twitter_site":"@CECweb","schema":{"@context":"https:\/\/schema.org","@graph":[{"@type":"WebPage","@id":"https:\/\/www.cec.org\/fr\/sujets\/modes-de-vie-et-economies-durables\/transition-vers-des-choix-de-vie-durables\/","url":"https:\/\/www.cec.org\/fr\/sujets\/modes-de-vie-et-economies-durables\/transition-vers-des-choix-de-vie-durables\/","name":"Transition vers des choix de vie durables","isPartOf":{"@id":"https:\/\/www.cec.org\/fr\/#website"},"primaryImageOfPage":{"@id":"https:\/\/www.cec.org\/fr\/sujets\/modes-de-vie-et-economies-durables\/transition-vers-des-choix-de-vie-durables\/#primaryimage"},"image":{"@id":"https:\/\/www.cec.org\/fr\/sujets\/modes-de-vie-et-economies-durables\/transition-vers-des-choix-de-vie-durables\/#primaryimage"},"thumbnailUrl":"https:\/\/www.cec.org\/wp-content\/uploads\/Transitioning-to-sustainable-life-choices.webp","datePublished":"2025-06-16T18:25:15+00:00","dateModified":"2026-04-11T22:43:42+00:00","description":"Devant une crise environnementale croissante et une demande de ressources naturelles in\u00e9puisable, il est devenu imp\u00e9ratif de cr\u00e9er les conditions propices","breadcrumb":{"@id":"https:\/\/www.cec.org\/fr\/sujets\/modes-de-vie-et-economies-durables\/transition-vers-des-choix-de-vie-durables\/#breadcrumb"},"inLanguage":"fr-FR","potentialAction":[{"@type":"ReadAction","target":["https:\/\/www.cec.org\/fr\/sujets\/modes-de-vie-et-economies-durables\/transition-vers-des-choix-de-vie-durables\/"]}]},{"@type":"ImageObject","inLanguage":"fr-FR","@id":"https:\/\/www.cec.org\/fr\/sujets\/modes-de-vie-et-economies-durables\/transition-vers-des-choix-de-vie-durables\/#primaryimage","url":"https:\/\/www.cec.org\/wp-content\/uploads\/Transitioning-to-sustainable-life-choices.webp","contentUrl":"https:\/\/www.cec.org\/wp-content\/uploads\/Transitioning-to-sustainable-life-choices.webp","width":1200,"height":684,"caption":"sustainable life choices"},{"@type":"BreadcrumbList","@id":"https:\/\/www.cec.org\/fr\/sujets\/modes-de-vie-et-economies-durables\/transition-vers-des-choix-de-vie-durables\/#breadcrumb","itemListElement":[{"@type":"ListItem","position":1,"name":"Accueil","item":"https:\/\/www.cec.org\/fr\/"},{"@type":"ListItem","position":2,"name":"Sujets","item":"https:\/\/www.cec.org\/fr\/sujets\/"},{"@type":"ListItem","position":3,"name":"Modes de vie et \u00e9conomies durables","item":"https:\/\/www.cec.org\/fr\/topics\/sustainable-living-and-economies\/"},{"@type":"ListItem","position":4,"name":"Transition vers des choix de vie durables"}]},{"@type":"WebSite","@id":"https:\/\/www.cec.org\/fr\/#website","url":"https:\/\/www.cec.org\/fr\/","name":"Commission for Environmental Cooperation","description":"Three countries working together to protect our shared environment","alternateName":"CEC - CCA -CCE","potentialAction":[{"@type":"SearchAction","target":{"@type":"EntryPoint","urlTemplate":"https:\/\/www.cec.org\/fr\/?s={search_term_string}"},"query-input":{"@type":"PropertyValueSpecification","valueRequired":true,"valueName":"search_term_string"}}],"inLanguage":"fr-FR"}]}},"_links":{"self":[{"href":"https:\/\/www.cec.org\/fr\/wp-json\/wp\/v2\/pages\/59196","targetHints":{"allow":["GET"]}}],"collection":[{"href":"https:\/\/www.cec.org\/fr\/wp-json\/wp\/v2\/pages"}],"about":[{"href":"https:\/\/www.cec.org\/fr\/wp-json\/wp\/v2\/types\/page"}],"author":[{"embeddable":true,"href":"https:\/\/www.cec.org\/fr\/wp-json\/wp\/v2\/users\/1"}],"replies":[{"embeddable":true,"href":"https:\/\/www.cec.org\/fr\/wp-json\/wp\/v2\/comments?post=59196"}],"version-history":[{"count":1,"href":"https:\/\/www.cec.org\/fr\/wp-json\/wp\/v2\/pages\/59196\/revisions"}],"predecessor-version":[{"id":62411,"href":"https:\/\/www.cec.org\/fr\/wp-json\/wp\/v2\/pages\/59196\/revisions\/62411"}],"up":[{"embeddable":true,"href":"https:\/\/www.cec.org\/fr\/wp-json\/wp\/v2\/pages\/55214"}],"wp:featuredmedia":[{"embeddable":true,"href":"https:\/\/www.cec.org\/fr\/wp-json\/wp\/v2\/media\/59189"}],"wp:attachment":[{"href":"https:\/\/www.cec.org\/fr\/wp-json\/wp\/v2\/media?parent=59196"}],"curies":[{"name":"wp","href":"https:\/\/api.w.org\/{rel}","templated":true}]}}