{"id":59195,"date":"2025-06-16T13:43:17","date_gmt":"2025-06-16T17:43:17","guid":{"rendered":"https:\/\/www.cec.org\/ecologisation-de-la-production-et-des-activites-economiques\/"},"modified":"2025-06-16T13:43:17","modified_gmt":"2025-06-16T17:43:17","slug":"ecologisation-de-la-production-et-des-activites-economiques","status":"publish","type":"page","link":"https:\/\/www.cec.org\/fr\/sujets\/modes-de-vie-et-economies-durables\/ecologisation-de-la-production-et-des-activites-economiques\/","title":{"rendered":"\u00c9cologisation de la production et des activit\u00e9s \u00e9conomiques"},"content":{"rendered":"<p>Face aux cons\u00e9quences toujours plus lourdes de la d\u00e9gradation de l\u2019environnement et de l\u2019\u00e9puisement des ressources naturelles, il devient de plus en plus \u00e9vident que nos pratiques \u00e9conomiques actuelles ne sont pas durables. Notre d\u00e9pendance excessive des combustibles fossiles, l\u2019\u00e9puisement des ressources naturelles et la production d\u00e9mesur\u00e9e de d\u00e9chets acc\u00e9l\u00e8rent la destruction de nos \u00e9cosyst\u00e8mes. Nous devons trouver de meilleurs moyens d\u2019att\u00e9nuer les effets n\u00e9fastes des proc\u00e9d\u00e9s de production et de favoriser un environnement plus sain et plus r\u00e9silient.<\/p>\n<p>Ce domaine d\u2019activit\u00e9 de la CCE porte sur la production et les activit\u00e9s \u00e9conomiques \u2013 la fa\u00e7on dont nous produisons et commercialisons les biens et les services. Il vise \u00e0 cerner les possibilit\u00e9s de r\u00e9duire les impacts environnementaux et de promouvoir des solutions de rechange plus durables. Des travaux collaboratifs examineront les activit\u00e9s essentielles des secteurs de production de l\u2019\u00e9conomie, dont\u00a0:<\/p>\n<ul>\n<li>l\u2019extraction des ressources (agriculture\/alimentation, foresterie, p\u00eaches, exploitation mini\u00e8re, etc.);<\/li>\n<li>la transformation (fabrication, \u00e9nergie, construction, etc.);<\/li>\n<li>les services (transports, commerce, tourisme, technologies de l\u2019information, etc.).<\/li>\n<\/ul>\n","protected":false},"excerpt":{"rendered":"<p>Face aux cons\u00e9quences toujours plus lourdes de la d\u00e9gradation de l\u2019environnement et de l\u2019\u00e9puisement des ressources naturelles, il devient de plus en plus \u00e9vident que nos pratiques \u00e9conomiques actuelles ne sont pas durables. Notre d\u00e9pendance excessive des combustibles fossiles, l\u2019\u00e9puisement des ressources naturelles et la production d\u00e9mesur\u00e9e de d\u00e9chets acc\u00e9l\u00e8rent la destruction de nos \u00e9cosyst\u00e8mes. [&hellip;]<\/p>\n","protected":false},"author":1,"featured_media":61437,"parent":55214,"menu_order":1,"comment_status":"closed","ping_status":"closed","template":"page-2024subtopics.php","meta":{"_acf_changed":false,"footnotes":""},"class_list":["post-59195","page","type-page","status-publish","has-post-thumbnail","hentry"],"acf":[],"yoast_head":"<!-- This site is optimized with the Yoast SEO Premium plugin v27.4 (Yoast SEO v27.4) - https:\/\/yoast.com\/product\/yoast-seo-premium-wordpress\/ -->\n<title>\u00c9cologisation de la production et des activit\u00e9s \u00e9conomiques<\/title>\n<meta name=\"description\" content=\"Face aux cons\u00e9quences toujours plus lourdes de la d\u00e9gradation de l\u2019environnement et de l\u2019\u00e9puisement des ressources naturelles, il devient de plus en plus\" \/>\n<meta name=\"robots\" content=\"index, follow, max-snippet:-1, max-image-preview:large, max-video-preview:-1\" \/>\n<link rel=\"canonical\" href=\"https:\/\/www.cec.org\/fr\/sujets\/modes-de-vie-et-economies-durables\/ecologisation-de-la-production-et-des-activites-economiques\/\" \/>\n<meta property=\"og:locale\" content=\"fr_FR\" \/>\n<meta property=\"og:type\" content=\"article\" \/>\n<meta property=\"og:title\" content=\"\u00c9cologisation de la production et des activit\u00e9s \u00e9conomiques\" \/>\n<meta property=\"og:description\" content=\"Face aux cons\u00e9quences toujours plus lourdes de la d\u00e9gradation de l\u2019environnement et de l\u2019\u00e9puisement des ressources naturelles, il devient de plus en plus\" \/>\n<meta property=\"og:url\" content=\"https:\/\/www.cec.org\/fr\/sujets\/modes-de-vie-et-economies-durables\/ecologisation-de-la-production-et-des-activites-economiques\/\" \/>\n<meta property=\"og:site_name\" content=\"Commission de coop\u00e9ration environnementale\" \/>\n<meta property=\"article:publisher\" content=\"https:\/\/www.facebook.com\/CECconnect\" \/>\n<meta property=\"og:image\" content=\"https:\/\/www.cec.org\/wp-content\/uploads\/Greening-production-and-economic-activities.webp\" \/>\n\t<meta property=\"og:image:width\" content=\"1200\" \/>\n\t<meta property=\"og:image:height\" content=\"684\" \/>\n\t<meta property=\"og:image:type\" content=\"image\/webp\" \/>\n<meta name=\"twitter:card\" content=\"summary_large_image\" \/>\n<meta name=\"twitter:site\" content=\"@CECweb\" \/>\n<script type=\"application\/ld+json\" class=\"yoast-schema-graph\">{\"@context\":\"https:\\\/\\\/schema.org\",\"@graph\":[{\"@type\":\"WebPage\",\"@id\":\"https:\\\/\\\/www.cec.org\\\/fr\\\/sujets\\\/modes-de-vie-et-economies-durables\\\/ecologisation-de-la-production-et-des-activites-economiques\\\/\",\"url\":\"https:\\\/\\\/www.cec.org\\\/fr\\\/sujets\\\/modes-de-vie-et-economies-durables\\\/ecologisation-de-la-production-et-des-activites-economiques\\\/\",\"name\":\"\u00c9cologisation de la production et des activit\u00e9s \u00e9conomiques\",\"isPartOf\":{\"@id\":\"https:\\\/\\\/www.cec.org\\\/fr\\\/#website\"},\"primaryImageOfPage\":{\"@id\":\"https:\\\/\\\/www.cec.org\\\/fr\\\/sujets\\\/modes-de-vie-et-economies-durables\\\/ecologisation-de-la-production-et-des-activites-economiques\\\/#primaryimage\"},\"image\":{\"@id\":\"https:\\\/\\\/www.cec.org\\\/fr\\\/sujets\\\/modes-de-vie-et-economies-durables\\\/ecologisation-de-la-production-et-des-activites-economiques\\\/#primaryimage\"},\"thumbnailUrl\":\"https:\\\/\\\/www.cec.org\\\/wp-content\\\/uploads\\\/Greening-Prduction.webp\",\"datePublished\":\"2025-06-16T17:43:17+00:00\",\"description\":\"Face aux cons\u00e9quences toujours plus lourdes de la d\u00e9gradation de l\u2019environnement et de l\u2019\u00e9puisement des ressources naturelles, il devient de plus en plus\",\"breadcrumb\":{\"@id\":\"https:\\\/\\\/www.cec.org\\\/fr\\\/sujets\\\/modes-de-vie-et-economies-durables\\\/ecologisation-de-la-production-et-des-activites-economiques\\\/#breadcrumb\"},\"inLanguage\":\"fr-FR\",\"potentialAction\":[{\"@type\":\"ReadAction\",\"target\":[\"https:\\\/\\\/www.cec.org\\\/fr\\\/sujets\\\/modes-de-vie-et-economies-durables\\\/ecologisation-de-la-production-et-des-activites-economiques\\\/\"]}]},{\"@type\":\"ImageObject\",\"inLanguage\":\"fr-FR\",\"@id\":\"https:\\\/\\\/www.cec.org\\\/fr\\\/sujets\\\/modes-de-vie-et-economies-durables\\\/ecologisation-de-la-production-et-des-activites-economiques\\\/#primaryimage\",\"url\":\"https:\\\/\\\/www.cec.org\\\/wp-content\\\/uploads\\\/Greening-Prduction.webp\",\"contentUrl\":\"https:\\\/\\\/www.cec.org\\\/wp-content\\\/uploads\\\/Greening-Prduction.webp\",\"width\":1366,\"height\":768},{\"@type\":\"BreadcrumbList\",\"@id\":\"https:\\\/\\\/www.cec.org\\\/fr\\\/sujets\\\/modes-de-vie-et-economies-durables\\\/ecologisation-de-la-production-et-des-activites-economiques\\\/#breadcrumb\",\"itemListElement\":[{\"@type\":\"ListItem\",\"position\":1,\"name\":\"Accueil\",\"item\":\"https:\\\/\\\/www.cec.org\\\/fr\\\/\"},{\"@type\":\"ListItem\",\"position\":2,\"name\":\"\u00c9cologisation de la production et des activit\u00e9s \u00e9conomiques\"}]},{\"@type\":\"WebSite\",\"@id\":\"https:\\\/\\\/www.cec.org\\\/fr\\\/#website\",\"url\":\"https:\\\/\\\/www.cec.org\\\/fr\\\/\",\"name\":\"Commission for Environmental Cooperation\",\"description\":\"Three countries working together to protect our shared environment\",\"alternateName\":\"CEC - CCA -CCE\",\"potentialAction\":[{\"@type\":\"SearchAction\",\"target\":{\"@type\":\"EntryPoint\",\"urlTemplate\":\"https:\\\/\\\/www.cec.org\\\/fr\\\/?s={search_term_string}\"},\"query-input\":{\"@type\":\"PropertyValueSpecification\",\"valueRequired\":true,\"valueName\":\"search_term_string\"}}],\"inLanguage\":\"fr-FR\"}]}<\/script>\n<!-- \/ Yoast SEO Premium plugin. -->","yoast_head_json":{"title":"\u00c9cologisation de la production et des activit\u00e9s \u00e9conomiques","description":"Face aux cons\u00e9quences toujours plus lourdes de la d\u00e9gradation de l\u2019environnement et de l\u2019\u00e9puisement des ressources naturelles, il devient de plus en plus","robots":{"index":"index","follow":"follow","max-snippet":"max-snippet:-1","max-image-preview":"max-image-preview:large","max-video-preview":"max-video-preview:-1"},"canonical":"https:\/\/www.cec.org\/fr\/sujets\/modes-de-vie-et-economies-durables\/ecologisation-de-la-production-et-des-activites-economiques\/","og_locale":"fr_FR","og_type":"article","og_title":"\u00c9cologisation de la production et des activit\u00e9s \u00e9conomiques","og_description":"Face aux cons\u00e9quences toujours plus lourdes de la d\u00e9gradation de l\u2019environnement et de l\u2019\u00e9puisement des ressources naturelles, il devient de plus en plus","og_url":"https:\/\/www.cec.org\/fr\/sujets\/modes-de-vie-et-economies-durables\/ecologisation-de-la-production-et-des-activites-economiques\/","og_site_name":"Commission de coop\u00e9ration environnementale","article_publisher":"https:\/\/www.facebook.com\/CECconnect","og_image":[{"width":1200,"height":684,"url":"https:\/\/www.cec.org\/wp-content\/uploads\/Greening-production-and-economic-activities.webp","type":"image\/webp"}],"twitter_card":"summary_large_image","twitter_site":"@CECweb","schema":{"@context":"https:\/\/schema.org","@graph":[{"@type":"WebPage","@id":"https:\/\/www.cec.org\/fr\/sujets\/modes-de-vie-et-economies-durables\/ecologisation-de-la-production-et-des-activites-economiques\/","url":"https:\/\/www.cec.org\/fr\/sujets\/modes-de-vie-et-economies-durables\/ecologisation-de-la-production-et-des-activites-economiques\/","name":"\u00c9cologisation de la production et des activit\u00e9s \u00e9conomiques","isPartOf":{"@id":"https:\/\/www.cec.org\/fr\/#website"},"primaryImageOfPage":{"@id":"https:\/\/www.cec.org\/fr\/sujets\/modes-de-vie-et-economies-durables\/ecologisation-de-la-production-et-des-activites-economiques\/#primaryimage"},"image":{"@id":"https:\/\/www.cec.org\/fr\/sujets\/modes-de-vie-et-economies-durables\/ecologisation-de-la-production-et-des-activites-economiques\/#primaryimage"},"thumbnailUrl":"https:\/\/www.cec.org\/wp-content\/uploads\/Greening-Prduction.webp","datePublished":"2025-06-16T17:43:17+00:00","description":"Face aux cons\u00e9quences toujours plus lourdes de la d\u00e9gradation de l\u2019environnement et de l\u2019\u00e9puisement des ressources naturelles, il devient de plus en plus","breadcrumb":{"@id":"https:\/\/www.cec.org\/fr\/sujets\/modes-de-vie-et-economies-durables\/ecologisation-de-la-production-et-des-activites-economiques\/#breadcrumb"},"inLanguage":"fr-FR","potentialAction":[{"@type":"ReadAction","target":["https:\/\/www.cec.org\/fr\/sujets\/modes-de-vie-et-economies-durables\/ecologisation-de-la-production-et-des-activites-economiques\/"]}]},{"@type":"ImageObject","inLanguage":"fr-FR","@id":"https:\/\/www.cec.org\/fr\/sujets\/modes-de-vie-et-economies-durables\/ecologisation-de-la-production-et-des-activites-economiques\/#primaryimage","url":"https:\/\/www.cec.org\/wp-content\/uploads\/Greening-Prduction.webp","contentUrl":"https:\/\/www.cec.org\/wp-content\/uploads\/Greening-Prduction.webp","width":1366,"height":768},{"@type":"BreadcrumbList","@id":"https:\/\/www.cec.org\/fr\/sujets\/modes-de-vie-et-economies-durables\/ecologisation-de-la-production-et-des-activites-economiques\/#breadcrumb","itemListElement":[{"@type":"ListItem","position":1,"name":"Accueil","item":"https:\/\/www.cec.org\/fr\/"},{"@type":"ListItem","position":2,"name":"\u00c9cologisation de la production et des activit\u00e9s \u00e9conomiques"}]},{"@type":"WebSite","@id":"https:\/\/www.cec.org\/fr\/#website","url":"https:\/\/www.cec.org\/fr\/","name":"Commission for Environmental Cooperation","description":"Three countries working together to protect our shared environment","alternateName":"CEC - CCA -CCE","potentialAction":[{"@type":"SearchAction","target":{"@type":"EntryPoint","urlTemplate":"https:\/\/www.cec.org\/fr\/?s={search_term_string}"},"query-input":{"@type":"PropertyValueSpecification","valueRequired":true,"valueName":"search_term_string"}}],"inLanguage":"fr-FR"}]}},"_links":{"self":[{"href":"https:\/\/www.cec.org\/fr\/wp-json\/wp\/v2\/pages\/59195","targetHints":{"allow":["GET"]}}],"collection":[{"href":"https:\/\/www.cec.org\/fr\/wp-json\/wp\/v2\/pages"}],"about":[{"href":"https:\/\/www.cec.org\/fr\/wp-json\/wp\/v2\/types\/page"}],"author":[{"embeddable":true,"href":"https:\/\/www.cec.org\/fr\/wp-json\/wp\/v2\/users\/1"}],"replies":[{"embeddable":true,"href":"https:\/\/www.cec.org\/fr\/wp-json\/wp\/v2\/comments?post=59195"}],"version-history":[{"count":0,"href":"https:\/\/www.cec.org\/fr\/wp-json\/wp\/v2\/pages\/59195\/revisions"}],"up":[{"embeddable":true,"href":"https:\/\/www.cec.org\/fr\/wp-json\/wp\/v2\/pages\/55214"}],"wp:featuredmedia":[{"embeddable":true,"href":"https:\/\/www.cec.org\/fr\/wp-json\/wp\/v2\/media\/61437"}],"wp:attachment":[{"href":"https:\/\/www.cec.org\/fr\/wp-json\/wp\/v2\/media?parent=59195"}],"curies":[{"name":"wp","href":"https:\/\/api.w.org\/{rel}","templated":true}]}}