{"id":59007,"date":"2024-04-01T12:38:10","date_gmt":"2024-04-01T16:38:10","guid":{"rendered":"https:\/\/www.cec.org\/sujets\/modes-de-vie-et-economies-durables\/innovation-pour-des-economies-viables\/"},"modified":"2025-06-18T11:24:02","modified_gmt":"2025-06-18T15:24:02","slug":"innovation-pour-des-economies-viables","status":"publish","type":"page","link":"https:\/\/www.cec.org\/fr\/sujets\/modes-de-vie-et-economies-durables\/innovation-pour-des-economies-viables\/","title":{"rendered":"Innovation pour des \u00e9conomies viables"},"content":{"rendered":"<p>Des centres d'innovation universitaires donnent aux jeunes entrepreneurs les moyens de transformer leurs grands projets en produits et entreprises. Le\u00a0<a href=\"http:\/\/ecoinnovationnetwork.org\/fr\/\">R\u00e9seau nord-am\u00e9ricain pour l'\u00e9coinnovation<\/a>\u00a0fournit \u00e0 ces centres l'acc\u00e8s \u00e0 des ressources p\u00e9dagogiques, la possibilit\u00e9 d'\u00e9tablir des relations et des activit\u00e9s promotionnelles. De plus, gr\u00e2ce \u00e0 des concours annuels et \u00e0 un soutien continu, nous aidons ces entrepreneurs innovateurs \u00e0 trouver des solutions commerciales \u00e0 leurs d\u00e9fis environnementaux.<\/p>\n","protected":false},"excerpt":{"rendered":"<p>Des centres d&rsquo;innovation universitaires donnent aux jeunes entrepreneurs les moyens de transformer leurs grands projets en produits et entreprises. Le\u00a0R\u00e9seau nord-am\u00e9ricain pour l&rsquo;\u00e9coinnovation\u00a0fournit \u00e0 ces centres l&rsquo;acc\u00e8s \u00e0 des ressources p\u00e9dagogiques, la possibilit\u00e9 d&rsquo;\u00e9tablir des relations et des activit\u00e9s promotionnelles. De plus, gr\u00e2ce \u00e0 des concours annuels et \u00e0 un soutien continu, nous aidons ces [&hellip;]<\/p>\n","protected":false},"author":1,"featured_media":42135,"parent":55214,"menu_order":0,"comment_status":"closed","ping_status":"closed","template":"page-2024subtopics.php","meta":{"_acf_changed":false,"footnotes":""},"class_list":["post-59007","page","type-page","status-publish","has-post-thumbnail","hentry"],"acf":[],"yoast_head":"<!-- This site is optimized with the Yoast SEO Premium plugin v27.0 (Yoast SEO v27.0) - https:\/\/yoast.com\/product\/yoast-seo-premium-wordpress\/ -->\n<title>Innovation pour des \u00e9conomies viables<\/title>\n<meta name=\"description\" content=\"Des centres d&#039;innovation universitaires donnent aux jeunes entrepreneurs les moyens de transformer leurs grands projets en produits et entreprises.\" \/>\n<meta name=\"robots\" content=\"index, follow, max-snippet:-1, max-image-preview:large, max-video-preview:-1\" \/>\n<link rel=\"canonical\" href=\"https:\/\/www.cec.org\/fr\/sujets\/modes-de-vie-et-economies-durables\/innovation-pour-des-economies-viables\/\" \/>\n<meta property=\"og:locale\" content=\"fr_FR\" \/>\n<meta property=\"og:type\" content=\"article\" \/>\n<meta property=\"og:title\" content=\"Innovation pour des \u00e9conomies viables\" \/>\n<meta property=\"og:description\" content=\"Des centres d&#039;innovation universitaires donnent aux jeunes entrepreneurs les moyens de transformer leurs grands projets en produits et entreprises.\" \/>\n<meta property=\"og:url\" content=\"https:\/\/www.cec.org\/fr\/sujets\/modes-de-vie-et-economies-durables\/innovation-pour-des-economies-viables\/\" \/>\n<meta property=\"og:site_name\" content=\"Commission de coop\u00e9ration environnementale\" \/>\n<meta property=\"article:publisher\" content=\"https:\/\/www.facebook.com\/CECconnect\" \/>\n<meta property=\"article:modified_time\" content=\"2025-06-18T15:24:02+00:00\" \/>\n<meta property=\"og:image\" content=\"https:\/\/www.cec.org\/wp-content\/uploads\/innovation-thumbnail.jpg\" \/>\n\t<meta property=\"og:image:width\" content=\"600\" \/>\n\t<meta property=\"og:image:height\" content=\"342\" \/>\n\t<meta property=\"og:image:type\" content=\"image\/jpeg\" \/>\n<meta name=\"twitter:card\" content=\"summary_large_image\" \/>\n<meta name=\"twitter:site\" content=\"@CECweb\" \/>\n<script type=\"application\/ld+json\" class=\"yoast-schema-graph\">{\"@context\":\"https:\/\/schema.org\",\"@graph\":[{\"@type\":\"WebPage\",\"@id\":\"https:\/\/www.cec.org\/fr\/sujets\/modes-de-vie-et-economies-durables\/innovation-pour-des-economies-viables\/\",\"url\":\"https:\/\/www.cec.org\/fr\/sujets\/modes-de-vie-et-economies-durables\/innovation-pour-des-economies-viables\/\",\"name\":\"Innovation pour des \u00e9conomies viables\",\"isPartOf\":{\"@id\":\"https:\/\/www.cec.org\/fr\/#website\"},\"primaryImageOfPage\":{\"@id\":\"https:\/\/www.cec.org\/fr\/sujets\/modes-de-vie-et-economies-durables\/innovation-pour-des-economies-viables\/#primaryimage\"},\"image\":{\"@id\":\"https:\/\/www.cec.org\/fr\/sujets\/modes-de-vie-et-economies-durables\/innovation-pour-des-economies-viables\/#primaryimage\"},\"thumbnailUrl\":\"https:\/\/www.cec.org\/wp-content\/uploads\/innovation-thumbnail.jpg\",\"datePublished\":\"2024-04-01T16:38:10+00:00\",\"dateModified\":\"2025-06-18T15:24:02+00:00\",\"description\":\"Des centres d'innovation universitaires donnent aux jeunes entrepreneurs les moyens de transformer leurs grands projets en produits et entreprises.\",\"breadcrumb\":{\"@id\":\"https:\/\/www.cec.org\/fr\/sujets\/modes-de-vie-et-economies-durables\/innovation-pour-des-economies-viables\/#breadcrumb\"},\"inLanguage\":\"fr-FR\",\"potentialAction\":[{\"@type\":\"ReadAction\",\"target\":[\"https:\/\/www.cec.org\/fr\/sujets\/modes-de-vie-et-economies-durables\/innovation-pour-des-economies-viables\/\"]}]},{\"@type\":\"ImageObject\",\"inLanguage\":\"fr-FR\",\"@id\":\"https:\/\/www.cec.org\/fr\/sujets\/modes-de-vie-et-economies-durables\/innovation-pour-des-economies-viables\/#primaryimage\",\"url\":\"https:\/\/www.cec.org\/wp-content\/uploads\/innovation-thumbnail.jpg\",\"contentUrl\":\"https:\/\/www.cec.org\/wp-content\/uploads\/innovation-thumbnail.jpg\",\"width\":600,\"height\":342,\"caption\":\"Woman drawing a diagram\"},{\"@type\":\"BreadcrumbList\",\"@id\":\"https:\/\/www.cec.org\/fr\/sujets\/modes-de-vie-et-economies-durables\/innovation-pour-des-economies-viables\/#breadcrumb\",\"itemListElement\":[{\"@type\":\"ListItem\",\"position\":1,\"name\":\"Accueil\",\"item\":\"https:\/\/www.cec.org\/fr\/\"},{\"@type\":\"ListItem\",\"position\":2,\"name\":\"Sujets\",\"item\":\"https:\/\/www.cec.org\/fr\/sujets\/\"},{\"@type\":\"ListItem\",\"position\":3,\"name\":\"Modes de vie et \u00e9conomies durables\",\"item\":\"https:\/\/www.cec.org\/fr\/topics\/sustainable-living-and-economies\/\"},{\"@type\":\"ListItem\",\"position\":4,\"name\":\"Innovation pour des \u00e9conomies viables\"}]},{\"@type\":\"WebSite\",\"@id\":\"https:\/\/www.cec.org\/fr\/#website\",\"url\":\"https:\/\/www.cec.org\/fr\/\",\"name\":\"Commission for Environmental Cooperation\",\"description\":\"Three countries working together to protect our shared environment\",\"alternateName\":\"CEC - CCA -CCE\",\"potentialAction\":[{\"@type\":\"SearchAction\",\"target\":{\"@type\":\"EntryPoint\",\"urlTemplate\":\"https:\/\/www.cec.org\/fr\/?s={search_term_string}\"},\"query-input\":{\"@type\":\"PropertyValueSpecification\",\"valueRequired\":true,\"valueName\":\"search_term_string\"}}],\"inLanguage\":\"fr-FR\"}]}<\/script>\n<!-- \/ Yoast SEO Premium plugin. -->","yoast_head_json":{"title":"Innovation pour des \u00e9conomies viables","description":"Des centres d'innovation universitaires donnent aux jeunes entrepreneurs les moyens de transformer leurs grands projets en produits et entreprises.","robots":{"index":"index","follow":"follow","max-snippet":"max-snippet:-1","max-image-preview":"max-image-preview:large","max-video-preview":"max-video-preview:-1"},"canonical":"https:\/\/www.cec.org\/fr\/sujets\/modes-de-vie-et-economies-durables\/innovation-pour-des-economies-viables\/","og_locale":"fr_FR","og_type":"article","og_title":"Innovation pour des \u00e9conomies viables","og_description":"Des centres d'innovation universitaires donnent aux jeunes entrepreneurs les moyens de transformer leurs grands projets en produits et entreprises.","og_url":"https:\/\/www.cec.org\/fr\/sujets\/modes-de-vie-et-economies-durables\/innovation-pour-des-economies-viables\/","og_site_name":"Commission de coop\u00e9ration environnementale","article_publisher":"https:\/\/www.facebook.com\/CECconnect","article_modified_time":"2025-06-18T15:24:02+00:00","og_image":[{"width":600,"height":342,"url":"https:\/\/www.cec.org\/wp-content\/uploads\/innovation-thumbnail.jpg","type":"image\/jpeg"}],"twitter_card":"summary_large_image","twitter_site":"@CECweb","schema":{"@context":"https:\/\/schema.org","@graph":[{"@type":"WebPage","@id":"https:\/\/www.cec.org\/fr\/sujets\/modes-de-vie-et-economies-durables\/innovation-pour-des-economies-viables\/","url":"https:\/\/www.cec.org\/fr\/sujets\/modes-de-vie-et-economies-durables\/innovation-pour-des-economies-viables\/","name":"Innovation pour des \u00e9conomies viables","isPartOf":{"@id":"https:\/\/www.cec.org\/fr\/#website"},"primaryImageOfPage":{"@id":"https:\/\/www.cec.org\/fr\/sujets\/modes-de-vie-et-economies-durables\/innovation-pour-des-economies-viables\/#primaryimage"},"image":{"@id":"https:\/\/www.cec.org\/fr\/sujets\/modes-de-vie-et-economies-durables\/innovation-pour-des-economies-viables\/#primaryimage"},"thumbnailUrl":"https:\/\/www.cec.org\/wp-content\/uploads\/innovation-thumbnail.jpg","datePublished":"2024-04-01T16:38:10+00:00","dateModified":"2025-06-18T15:24:02+00:00","description":"Des centres d'innovation universitaires donnent aux jeunes entrepreneurs les moyens de transformer leurs grands projets en produits et entreprises.","breadcrumb":{"@id":"https:\/\/www.cec.org\/fr\/sujets\/modes-de-vie-et-economies-durables\/innovation-pour-des-economies-viables\/#breadcrumb"},"inLanguage":"fr-FR","potentialAction":[{"@type":"ReadAction","target":["https:\/\/www.cec.org\/fr\/sujets\/modes-de-vie-et-economies-durables\/innovation-pour-des-economies-viables\/"]}]},{"@type":"ImageObject","inLanguage":"fr-FR","@id":"https:\/\/www.cec.org\/fr\/sujets\/modes-de-vie-et-economies-durables\/innovation-pour-des-economies-viables\/#primaryimage","url":"https:\/\/www.cec.org\/wp-content\/uploads\/innovation-thumbnail.jpg","contentUrl":"https:\/\/www.cec.org\/wp-content\/uploads\/innovation-thumbnail.jpg","width":600,"height":342,"caption":"Woman drawing a diagram"},{"@type":"BreadcrumbList","@id":"https:\/\/www.cec.org\/fr\/sujets\/modes-de-vie-et-economies-durables\/innovation-pour-des-economies-viables\/#breadcrumb","itemListElement":[{"@type":"ListItem","position":1,"name":"Accueil","item":"https:\/\/www.cec.org\/fr\/"},{"@type":"ListItem","position":2,"name":"Sujets","item":"https:\/\/www.cec.org\/fr\/sujets\/"},{"@type":"ListItem","position":3,"name":"Modes de vie et \u00e9conomies durables","item":"https:\/\/www.cec.org\/fr\/topics\/sustainable-living-and-economies\/"},{"@type":"ListItem","position":4,"name":"Innovation pour des \u00e9conomies viables"}]},{"@type":"WebSite","@id":"https:\/\/www.cec.org\/fr\/#website","url":"https:\/\/www.cec.org\/fr\/","name":"Commission for Environmental Cooperation","description":"Three countries working together to protect our shared environment","alternateName":"CEC - CCA -CCE","potentialAction":[{"@type":"SearchAction","target":{"@type":"EntryPoint","urlTemplate":"https:\/\/www.cec.org\/fr\/?s={search_term_string}"},"query-input":{"@type":"PropertyValueSpecification","valueRequired":true,"valueName":"search_term_string"}}],"inLanguage":"fr-FR"}]}},"_links":{"self":[{"href":"https:\/\/www.cec.org\/fr\/wp-json\/wp\/v2\/pages\/59007","targetHints":{"allow":["GET"]}}],"collection":[{"href":"https:\/\/www.cec.org\/fr\/wp-json\/wp\/v2\/pages"}],"about":[{"href":"https:\/\/www.cec.org\/fr\/wp-json\/wp\/v2\/types\/page"}],"author":[{"embeddable":true,"href":"https:\/\/www.cec.org\/fr\/wp-json\/wp\/v2\/users\/1"}],"replies":[{"embeddable":true,"href":"https:\/\/www.cec.org\/fr\/wp-json\/wp\/v2\/comments?post=59007"}],"version-history":[{"count":1,"href":"https:\/\/www.cec.org\/fr\/wp-json\/wp\/v2\/pages\/59007\/revisions"}],"predecessor-version":[{"id":59008,"href":"https:\/\/www.cec.org\/fr\/wp-json\/wp\/v2\/pages\/59007\/revisions\/59008"}],"up":[{"embeddable":true,"href":"https:\/\/www.cec.org\/fr\/wp-json\/wp\/v2\/pages\/55214"}],"wp:featuredmedia":[{"embeddable":true,"href":"https:\/\/www.cec.org\/fr\/wp-json\/wp\/v2\/media\/42135"}],"wp:attachment":[{"href":"https:\/\/www.cec.org\/fr\/wp-json\/wp\/v2\/media?parent=59007"}],"curies":[{"name":"wp","href":"https:\/\/api.w.org\/{rel}","templated":true}]}}