{"id":56803,"date":"2024-10-21T12:37:15","date_gmt":"2024-10-21T16:37:15","guid":{"rendered":"http:\/\/www.cec.org\/cop16\/"},"modified":"2024-11-11T16:46:18","modified_gmt":"2024-11-11T21:46:18","slug":"cop16","status":"publish","type":"page","link":"https:\/\/www.cec.org\/fr\/cop16\/","title":{"rendered":"Joignez-vous \u00e0 la CCE \u00e0 la #COP16, la conf\u00e9rence des Nations Unies sur la biodiversit\u00e9"},"content":{"rendered":"<p>Participerez-vous \u00e0 la COP16? La conf\u00e9rence des Nations\u00a0Unies sur la biodiversit\u00e9 2024 aura lieu \u00e0 Cali, en Colombie, du 21\u00a0octobre au 1<sup>er<\/sup>\u00a0novembre. La Commission de coop\u00e9ration environnementale (CCE) animera un panel de sp\u00e9cialistes, participera \u00e0 des activit\u00e9s, tiendra un kiosque et collaborera \u00e0 de nombreuses activit\u00e9s de r\u00e9seautage dans le cadre de cette conf\u00e9rence.<\/p>\n<p>Il y aura plusieurs occasions d\u2019\u00e9changer avec des repr\u00e9sentant\u00b7es de la CCE, de d\u00e9couvrir ses travaux et de favoriser la collaboration.<\/p>\n<p>Pour en savoir plus sur la COP16 et la Convention sur la diversit\u00e9 biologique, cliquez <a href=\"https:\/\/www.cbd.int\/conferences\/2024\">ici<\/a>.<\/p>\n","protected":false},"excerpt":{"rendered":"<p>Participerez-vous \u00e0 la COP16? La conf\u00e9rence des Nations\u00a0Unies sur la biodiversit\u00e9 2024 aura lieu \u00e0 Cali, en Colombie, du 21\u00a0octobre au 1er\u00a0novembre. La Commission de coop\u00e9ration environnementale (CCE) animera un panel de sp\u00e9cialistes, participera \u00e0 des activit\u00e9s, tiendra un kiosque et collaborera \u00e0 de nombreuses activit\u00e9s de r\u00e9seautage dans le cadre de cette conf\u00e9rence. Il [&hellip;]<\/p>\n","protected":false},"author":1,"featured_media":56818,"parent":0,"menu_order":0,"comment_status":"closed","ping_status":"closed","template":"page-cop27.php","meta":{"_acf_changed":false,"footnotes":""},"class_list":["post-56803","page","type-page","status-publish","has-post-thumbnail","hentry"],"acf":[],"yoast_head":"<!-- This site is optimized with the Yoast SEO Premium plugin v27.6 (Yoast SEO v27.6) - https:\/\/yoast.com\/product\/yoast-seo-premium-wordpress\/ -->\n<title>Joignez-vous \u00e0 la CCE \u00e0 la #COP16, la conf\u00e9rence des Nations Unies sur la biodiversit\u00e9<\/title>\n<meta name=\"description\" content=\"Participerez-vous \u00e0 la COP16? La conf\u00e9rence des Nations\u00a0Unies sur la biodiversit\u00e9 2024 aura lieu \u00e0 Cali, en Colombie, du 21\u00a0octobre au 1er\u00a0novembre. La\" \/>\n<meta name=\"robots\" content=\"index, follow, max-snippet:-1, max-image-preview:large, max-video-preview:-1\" \/>\n<link rel=\"canonical\" href=\"https:\/\/www.cec.org\/fr\/cop16\/\" \/>\n<meta property=\"og:locale\" content=\"fr_FR\" \/>\n<meta property=\"og:type\" content=\"article\" \/>\n<meta property=\"og:title\" content=\"Joignez-vous \u00e0 la CCE \u00e0 la #COP16, la conf\u00e9rence des Nations Unies sur la biodiversit\u00e9\" \/>\n<meta property=\"og:description\" content=\"Participerez-vous \u00e0 la COP16? La conf\u00e9rence des Nations\u00a0Unies sur la biodiversit\u00e9 2024 aura lieu \u00e0 Cali, en Colombie, du 21\u00a0octobre au 1er\u00a0novembre. La\" \/>\n<meta property=\"og:url\" content=\"https:\/\/www.cec.org\/fr\/cop16\/\" \/>\n<meta property=\"og:site_name\" content=\"Commission de coop\u00e9ration environnementale\" \/>\n<meta property=\"article:publisher\" content=\"https:\/\/www.facebook.com\/CECconnect\" \/>\n<meta property=\"article:modified_time\" content=\"2024-11-11T21:46:18+00:00\" \/>\n<meta property=\"og:image\" content=\"https:\/\/www.cec.org\/wp-content\/uploads\/cop16-booth.webp\" \/>\n\t<meta property=\"og:image:width\" content=\"1200\" \/>\n\t<meta property=\"og:image:height\" content=\"684\" \/>\n\t<meta property=\"og:image:type\" content=\"image\/webp\" \/>\n<meta name=\"twitter:card\" content=\"summary_large_image\" \/>\n<meta name=\"twitter:site\" content=\"@CECweb\" \/>\n<script type=\"application\/ld+json\" class=\"yoast-schema-graph\">{\"@context\":\"https:\\\/\\\/schema.org\",\"@graph\":[{\"@type\":\"WebPage\",\"@id\":\"https:\\\/\\\/www.cec.org\\\/fr\\\/cop16\\\/\",\"url\":\"https:\\\/\\\/www.cec.org\\\/fr\\\/cop16\\\/\",\"name\":\"Joignez-vous \u00e0 la CCE \u00e0 la #COP16, la conf\u00e9rence des Nations Unies sur la biodiversit\u00e9\",\"isPartOf\":{\"@id\":\"https:\\\/\\\/www.cec.org\\\/fr\\\/#website\"},\"primaryImageOfPage\":{\"@id\":\"https:\\\/\\\/www.cec.org\\\/fr\\\/cop16\\\/#primaryimage\"},\"image\":{\"@id\":\"https:\\\/\\\/www.cec.org\\\/fr\\\/cop16\\\/#primaryimage\"},\"thumbnailUrl\":\"https:\\\/\\\/www.cec.org\\\/wp-content\\\/uploads\\\/cop16-booth.webp\",\"datePublished\":\"2024-10-21T16:37:15+00:00\",\"dateModified\":\"2024-11-11T21:46:18+00:00\",\"description\":\"Participerez-vous \u00e0 la COP16? La conf\u00e9rence des Nations\u00a0Unies sur la biodiversit\u00e9 2024 aura lieu \u00e0 Cali, en Colombie, du 21\u00a0octobre au 1er\u00a0novembre. La\",\"breadcrumb\":{\"@id\":\"https:\\\/\\\/www.cec.org\\\/fr\\\/cop16\\\/#breadcrumb\"},\"inLanguage\":\"fr-FR\",\"potentialAction\":[{\"@type\":\"ReadAction\",\"target\":[\"https:\\\/\\\/www.cec.org\\\/fr\\\/cop16\\\/\"]}]},{\"@type\":\"ImageObject\",\"inLanguage\":\"fr-FR\",\"@id\":\"https:\\\/\\\/www.cec.org\\\/fr\\\/cop16\\\/#primaryimage\",\"url\":\"https:\\\/\\\/www.cec.org\\\/wp-content\\\/uploads\\\/cop16-booth.webp\",\"contentUrl\":\"https:\\\/\\\/www.cec.org\\\/wp-content\\\/uploads\\\/cop16-booth.webp\",\"width\":1200,\"height\":684,\"caption\":\"CEC at COP16\"},{\"@type\":\"BreadcrumbList\",\"@id\":\"https:\\\/\\\/www.cec.org\\\/fr\\\/cop16\\\/#breadcrumb\",\"itemListElement\":[{\"@type\":\"ListItem\",\"position\":1,\"name\":\"Accueil\",\"item\":\"https:\\\/\\\/www.cec.org\\\/fr\\\/\"},{\"@type\":\"ListItem\",\"position\":2,\"name\":\"Joignez-vous \u00e0 la CCE \u00e0 la #COP16, la conf\u00e9rence des Nations Unies sur la biodiversit\u00e9\"}]},{\"@type\":\"WebSite\",\"@id\":\"https:\\\/\\\/www.cec.org\\\/fr\\\/#website\",\"url\":\"https:\\\/\\\/www.cec.org\\\/fr\\\/\",\"name\":\"Commission for Environmental Cooperation\",\"description\":\"Three countries working together to protect our shared environment\",\"alternateName\":\"CEC - CCA -CCE\",\"potentialAction\":[{\"@type\":\"SearchAction\",\"target\":{\"@type\":\"EntryPoint\",\"urlTemplate\":\"https:\\\/\\\/www.cec.org\\\/fr\\\/?s={search_term_string}\"},\"query-input\":{\"@type\":\"PropertyValueSpecification\",\"valueRequired\":true,\"valueName\":\"search_term_string\"}}],\"inLanguage\":\"fr-FR\"}]}<\/script>\n<!-- \/ Yoast SEO Premium plugin. -->","yoast_head_json":{"title":"Joignez-vous \u00e0 la CCE \u00e0 la #COP16, la conf\u00e9rence des Nations Unies sur la biodiversit\u00e9","description":"Participerez-vous \u00e0 la COP16? La conf\u00e9rence des Nations\u00a0Unies sur la biodiversit\u00e9 2024 aura lieu \u00e0 Cali, en Colombie, du 21\u00a0octobre au 1er\u00a0novembre. La","robots":{"index":"index","follow":"follow","max-snippet":"max-snippet:-1","max-image-preview":"max-image-preview:large","max-video-preview":"max-video-preview:-1"},"canonical":"https:\/\/www.cec.org\/fr\/cop16\/","og_locale":"fr_FR","og_type":"article","og_title":"Joignez-vous \u00e0 la CCE \u00e0 la #COP16, la conf\u00e9rence des Nations Unies sur la biodiversit\u00e9","og_description":"Participerez-vous \u00e0 la COP16? La conf\u00e9rence des Nations\u00a0Unies sur la biodiversit\u00e9 2024 aura lieu \u00e0 Cali, en Colombie, du 21\u00a0octobre au 1er\u00a0novembre. La","og_url":"https:\/\/www.cec.org\/fr\/cop16\/","og_site_name":"Commission de coop\u00e9ration environnementale","article_publisher":"https:\/\/www.facebook.com\/CECconnect","article_modified_time":"2024-11-11T21:46:18+00:00","og_image":[{"width":1200,"height":684,"url":"https:\/\/www.cec.org\/wp-content\/uploads\/cop16-booth.webp","type":"image\/webp"}],"twitter_card":"summary_large_image","twitter_site":"@CECweb","schema":{"@context":"https:\/\/schema.org","@graph":[{"@type":"WebPage","@id":"https:\/\/www.cec.org\/fr\/cop16\/","url":"https:\/\/www.cec.org\/fr\/cop16\/","name":"Joignez-vous \u00e0 la CCE \u00e0 la #COP16, la conf\u00e9rence des Nations Unies sur la biodiversit\u00e9","isPartOf":{"@id":"https:\/\/www.cec.org\/fr\/#website"},"primaryImageOfPage":{"@id":"https:\/\/www.cec.org\/fr\/cop16\/#primaryimage"},"image":{"@id":"https:\/\/www.cec.org\/fr\/cop16\/#primaryimage"},"thumbnailUrl":"https:\/\/www.cec.org\/wp-content\/uploads\/cop16-booth.webp","datePublished":"2024-10-21T16:37:15+00:00","dateModified":"2024-11-11T21:46:18+00:00","description":"Participerez-vous \u00e0 la COP16? La conf\u00e9rence des Nations\u00a0Unies sur la biodiversit\u00e9 2024 aura lieu \u00e0 Cali, en Colombie, du 21\u00a0octobre au 1er\u00a0novembre. La","breadcrumb":{"@id":"https:\/\/www.cec.org\/fr\/cop16\/#breadcrumb"},"inLanguage":"fr-FR","potentialAction":[{"@type":"ReadAction","target":["https:\/\/www.cec.org\/fr\/cop16\/"]}]},{"@type":"ImageObject","inLanguage":"fr-FR","@id":"https:\/\/www.cec.org\/fr\/cop16\/#primaryimage","url":"https:\/\/www.cec.org\/wp-content\/uploads\/cop16-booth.webp","contentUrl":"https:\/\/www.cec.org\/wp-content\/uploads\/cop16-booth.webp","width":1200,"height":684,"caption":"CEC at COP16"},{"@type":"BreadcrumbList","@id":"https:\/\/www.cec.org\/fr\/cop16\/#breadcrumb","itemListElement":[{"@type":"ListItem","position":1,"name":"Accueil","item":"https:\/\/www.cec.org\/fr\/"},{"@type":"ListItem","position":2,"name":"Joignez-vous \u00e0 la CCE \u00e0 la #COP16, la conf\u00e9rence des Nations Unies sur la biodiversit\u00e9"}]},{"@type":"WebSite","@id":"https:\/\/www.cec.org\/fr\/#website","url":"https:\/\/www.cec.org\/fr\/","name":"Commission for Environmental Cooperation","description":"Three countries working together to protect our shared environment","alternateName":"CEC - CCA -CCE","potentialAction":[{"@type":"SearchAction","target":{"@type":"EntryPoint","urlTemplate":"https:\/\/www.cec.org\/fr\/?s={search_term_string}"},"query-input":{"@type":"PropertyValueSpecification","valueRequired":true,"valueName":"search_term_string"}}],"inLanguage":"fr-FR"}]}},"_links":{"self":[{"href":"https:\/\/www.cec.org\/fr\/wp-json\/wp\/v2\/pages\/56803","targetHints":{"allow":["GET"]}}],"collection":[{"href":"https:\/\/www.cec.org\/fr\/wp-json\/wp\/v2\/pages"}],"about":[{"href":"https:\/\/www.cec.org\/fr\/wp-json\/wp\/v2\/types\/page"}],"author":[{"embeddable":true,"href":"https:\/\/www.cec.org\/fr\/wp-json\/wp\/v2\/users\/1"}],"replies":[{"embeddable":true,"href":"https:\/\/www.cec.org\/fr\/wp-json\/wp\/v2\/comments?post=56803"}],"version-history":[{"count":3,"href":"https:\/\/www.cec.org\/fr\/wp-json\/wp\/v2\/pages\/56803\/revisions"}],"predecessor-version":[{"id":56990,"href":"https:\/\/www.cec.org\/fr\/wp-json\/wp\/v2\/pages\/56803\/revisions\/56990"}],"wp:featuredmedia":[{"embeddable":true,"href":"https:\/\/www.cec.org\/fr\/wp-json\/wp\/v2\/media\/56818"}],"wp:attachment":[{"href":"https:\/\/www.cec.org\/fr\/wp-json\/wp\/v2\/media?parent=56803"}],"curies":[{"name":"wp","href":"https:\/\/api.w.org\/{rel}","templated":true}]}}