{"id":55427,"date":"2024-04-23T12:32:33","date_gmt":"2024-04-23T16:32:33","guid":{"rendered":"http:\/\/www.cec.org\/justice-environnementale\/"},"modified":"2026-02-22T18:49:08","modified_gmt":"2026-02-22T23:49:08","slug":"justice-environnementale","status":"publish","type":"page","link":"https:\/\/www.cec.org\/fr\/sujets\/justice-environnementale\/","title":{"rendered":"Justice environnementale"},"content":{"rendered":"<p>La qu\u00eate de justice environnementale\u00a0(JE) vise \u00e0 rem\u00e9dier aux in\u00e9galit\u00e9s, \u00e0 la marginalisation et \u00e0 la discrimination historique, auxquelles font face certaines communaut\u00e9s \u00e0 l\u2019\u00e9gard des avantages et des fardeaux environnementaux dont elles b\u00e9n\u00e9ficient ou qui leur nuisent.<\/p>\n<p>La JE est devenue \u00e0 la fois un symbole d\u2019aspiration et un imp\u00e9ratif au chapitre des politiques publiques pour l\u2019\u00e9tablissement d\u2019une soci\u00e9t\u00e9 plus saine, plus durable et plus juste. La r\u00e9alisation de la justice environnementale est au c\u0153ur de la mission de la CCE.<\/p>\n","protected":false},"excerpt":{"rendered":"<p>La qu\u00eate de justice environnementale\u00a0(JE) vise \u00e0 rem\u00e9dier aux in\u00e9galit\u00e9s, \u00e0 la marginalisation et \u00e0 la discrimination historique, auxquelles font face certaines communaut\u00e9s \u00e0 l\u2019\u00e9gard des avantages et des fardeaux environnementaux dont elles b\u00e9n\u00e9ficient ou qui leur nuisent. La JE est devenue \u00e0 la fois un symbole d\u2019aspiration et un imp\u00e9ratif au chapitre des politiques [&hellip;]<\/p>\n","protected":false},"author":1,"featured_media":55080,"parent":28883,"menu_order":0,"comment_status":"closed","ping_status":"closed","template":"page-environmental-justice.php","meta":{"_acf_changed":false,"footnotes":""},"class_list":["post-55427","page","type-page","status-publish","has-post-thumbnail","hentry"],"acf":[],"yoast_head":"<!-- This site is optimized with the Yoast SEO Premium plugin v27.0 (Yoast SEO v27.0) - https:\/\/yoast.com\/product\/yoast-seo-premium-wordpress\/ -->\n<title>Justice environnementale<\/title>\n<meta name=\"description\" content=\"La qu\u00eate de justice environnementale (JE) vise \u00e0 rem\u00e9dier aux in\u00e9galit\u00e9s, \u00e0 la marginalisation et \u00e0 la discrimination historique, auxquelles font face certaines communaut\u00e9s...\" \/>\n<meta name=\"robots\" content=\"index, follow, max-snippet:-1, max-image-preview:large, max-video-preview:-1\" \/>\n<link rel=\"canonical\" href=\"https:\/\/www.cec.org\/fr\/sujets\/justice-environnementale\/\" \/>\n<meta property=\"og:locale\" content=\"fr_FR\" \/>\n<meta property=\"og:type\" content=\"article\" \/>\n<meta property=\"og:title\" content=\"Justice environnementale\" \/>\n<meta property=\"og:description\" content=\"La qu\u00eate de justice environnementale\u00a0(JE) vise \u00e0 rem\u00e9dier aux in\u00e9galit\u00e9s, \u00e0 la marginalisation et \u00e0 la discrimination historique, auxquelles font face\" \/>\n<meta property=\"og:url\" content=\"https:\/\/www.cec.org\/fr\/sujets\/justice-environnementale\/\" \/>\n<meta property=\"og:site_name\" content=\"Commission de coop\u00e9ration environnementale\" \/>\n<meta property=\"article:publisher\" content=\"https:\/\/www.facebook.com\/CECconnect\" \/>\n<meta property=\"article:modified_time\" content=\"2026-02-22T23:49:08+00:00\" \/>\n<meta property=\"og:image\" content=\"https:\/\/www.cec.org\/wp-content\/uploads\/ej-intro-en.webp\" \/>\n\t<meta property=\"og:image:width\" content=\"600\" \/>\n\t<meta property=\"og:image:height\" content=\"342\" \/>\n\t<meta property=\"og:image:type\" content=\"image\/webp\" \/>\n<meta name=\"twitter:card\" content=\"summary_large_image\" \/>\n<meta name=\"twitter:site\" content=\"@CECweb\" \/>\n<script type=\"application\/ld+json\" class=\"yoast-schema-graph\">{\"@context\":\"https:\/\/schema.org\",\"@graph\":[{\"@type\":\"WebPage\",\"@id\":\"https:\/\/www.cec.org\/fr\/sujets\/justice-environnementale\/\",\"url\":\"https:\/\/www.cec.org\/fr\/sujets\/justice-environnementale\/\",\"name\":\"Justice environnementale\",\"isPartOf\":{\"@id\":\"https:\/\/www.cec.org\/fr\/#website\"},\"primaryImageOfPage\":{\"@id\":\"https:\/\/www.cec.org\/fr\/sujets\/justice-environnementale\/#primaryimage\"},\"image\":{\"@id\":\"https:\/\/www.cec.org\/fr\/sujets\/justice-environnementale\/#primaryimage\"},\"thumbnailUrl\":\"https:\/\/www.cec.org\/wp-content\/uploads\/ej-intro-en.webp\",\"datePublished\":\"2024-04-23T16:32:33+00:00\",\"dateModified\":\"2026-02-22T23:49:08+00:00\",\"description\":\"La qu\u00eate de justice environnementale (JE) vise \u00e0 rem\u00e9dier aux in\u00e9galit\u00e9s, \u00e0 la marginalisation et \u00e0 la discrimination historique, auxquelles font face certaines communaut\u00e9s...\",\"breadcrumb\":{\"@id\":\"https:\/\/www.cec.org\/fr\/sujets\/justice-environnementale\/#breadcrumb\"},\"inLanguage\":\"fr-FR\",\"potentialAction\":[{\"@type\":\"ReadAction\",\"target\":[\"https:\/\/www.cec.org\/fr\/sujets\/justice-environnementale\/\"]}]},{\"@type\":\"ImageObject\",\"inLanguage\":\"fr-FR\",\"@id\":\"https:\/\/www.cec.org\/fr\/sujets\/justice-environnementale\/#primaryimage\",\"url\":\"https:\/\/www.cec.org\/wp-content\/uploads\/ej-intro-en.webp\",\"contentUrl\":\"https:\/\/www.cec.org\/wp-content\/uploads\/ej-intro-en.webp\",\"width\":600,\"height\":342,\"caption\":\"Environmental Justice\"},{\"@type\":\"BreadcrumbList\",\"@id\":\"https:\/\/www.cec.org\/fr\/sujets\/justice-environnementale\/#breadcrumb\",\"itemListElement\":[{\"@type\":\"ListItem\",\"position\":1,\"name\":\"Accueil\",\"item\":\"https:\/\/www.cec.org\/fr\/\"},{\"@type\":\"ListItem\",\"position\":2,\"name\":\"Sujets\",\"item\":\"https:\/\/www.cec.org\/fr\/sujets\/\"},{\"@type\":\"ListItem\",\"position\":3,\"name\":\"Justice environnementale\"}]},{\"@type\":\"WebSite\",\"@id\":\"https:\/\/www.cec.org\/fr\/#website\",\"url\":\"https:\/\/www.cec.org\/fr\/\",\"name\":\"Commission for Environmental Cooperation\",\"description\":\"Three countries working together to protect our shared environment\",\"alternateName\":\"CEC - CCA -CCE\",\"potentialAction\":[{\"@type\":\"SearchAction\",\"target\":{\"@type\":\"EntryPoint\",\"urlTemplate\":\"https:\/\/www.cec.org\/fr\/?s={search_term_string}\"},\"query-input\":{\"@type\":\"PropertyValueSpecification\",\"valueRequired\":true,\"valueName\":\"search_term_string\"}}],\"inLanguage\":\"fr-FR\"}]}<\/script>\n<!-- \/ Yoast SEO Premium plugin. -->","yoast_head_json":{"title":"Justice environnementale","description":"La qu\u00eate de justice environnementale (JE) vise \u00e0 rem\u00e9dier aux in\u00e9galit\u00e9s, \u00e0 la marginalisation et \u00e0 la discrimination historique, auxquelles font face certaines communaut\u00e9s...","robots":{"index":"index","follow":"follow","max-snippet":"max-snippet:-1","max-image-preview":"max-image-preview:large","max-video-preview":"max-video-preview:-1"},"canonical":"https:\/\/www.cec.org\/fr\/sujets\/justice-environnementale\/","og_locale":"fr_FR","og_type":"article","og_title":"Justice environnementale","og_description":"La qu\u00eate de justice environnementale\u00a0(JE) vise \u00e0 rem\u00e9dier aux in\u00e9galit\u00e9s, \u00e0 la marginalisation et \u00e0 la discrimination historique, auxquelles font face","og_url":"https:\/\/www.cec.org\/fr\/sujets\/justice-environnementale\/","og_site_name":"Commission de coop\u00e9ration environnementale","article_publisher":"https:\/\/www.facebook.com\/CECconnect","article_modified_time":"2026-02-22T23:49:08+00:00","og_image":[{"width":600,"height":342,"url":"https:\/\/www.cec.org\/wp-content\/uploads\/ej-intro-en.webp","type":"image\/webp"}],"twitter_card":"summary_large_image","twitter_site":"@CECweb","schema":{"@context":"https:\/\/schema.org","@graph":[{"@type":"WebPage","@id":"https:\/\/www.cec.org\/fr\/sujets\/justice-environnementale\/","url":"https:\/\/www.cec.org\/fr\/sujets\/justice-environnementale\/","name":"Justice environnementale","isPartOf":{"@id":"https:\/\/www.cec.org\/fr\/#website"},"primaryImageOfPage":{"@id":"https:\/\/www.cec.org\/fr\/sujets\/justice-environnementale\/#primaryimage"},"image":{"@id":"https:\/\/www.cec.org\/fr\/sujets\/justice-environnementale\/#primaryimage"},"thumbnailUrl":"https:\/\/www.cec.org\/wp-content\/uploads\/ej-intro-en.webp","datePublished":"2024-04-23T16:32:33+00:00","dateModified":"2026-02-22T23:49:08+00:00","description":"La qu\u00eate de justice environnementale (JE) vise \u00e0 rem\u00e9dier aux in\u00e9galit\u00e9s, \u00e0 la marginalisation et \u00e0 la discrimination historique, auxquelles font face certaines communaut\u00e9s...","breadcrumb":{"@id":"https:\/\/www.cec.org\/fr\/sujets\/justice-environnementale\/#breadcrumb"},"inLanguage":"fr-FR","potentialAction":[{"@type":"ReadAction","target":["https:\/\/www.cec.org\/fr\/sujets\/justice-environnementale\/"]}]},{"@type":"ImageObject","inLanguage":"fr-FR","@id":"https:\/\/www.cec.org\/fr\/sujets\/justice-environnementale\/#primaryimage","url":"https:\/\/www.cec.org\/wp-content\/uploads\/ej-intro-en.webp","contentUrl":"https:\/\/www.cec.org\/wp-content\/uploads\/ej-intro-en.webp","width":600,"height":342,"caption":"Environmental Justice"},{"@type":"BreadcrumbList","@id":"https:\/\/www.cec.org\/fr\/sujets\/justice-environnementale\/#breadcrumb","itemListElement":[{"@type":"ListItem","position":1,"name":"Accueil","item":"https:\/\/www.cec.org\/fr\/"},{"@type":"ListItem","position":2,"name":"Sujets","item":"https:\/\/www.cec.org\/fr\/sujets\/"},{"@type":"ListItem","position":3,"name":"Justice environnementale"}]},{"@type":"WebSite","@id":"https:\/\/www.cec.org\/fr\/#website","url":"https:\/\/www.cec.org\/fr\/","name":"Commission for Environmental Cooperation","description":"Three countries working together to protect our shared environment","alternateName":"CEC - CCA -CCE","potentialAction":[{"@type":"SearchAction","target":{"@type":"EntryPoint","urlTemplate":"https:\/\/www.cec.org\/fr\/?s={search_term_string}"},"query-input":{"@type":"PropertyValueSpecification","valueRequired":true,"valueName":"search_term_string"}}],"inLanguage":"fr-FR"}]}},"_links":{"self":[{"href":"https:\/\/www.cec.org\/fr\/wp-json\/wp\/v2\/pages\/55427","targetHints":{"allow":["GET"]}}],"collection":[{"href":"https:\/\/www.cec.org\/fr\/wp-json\/wp\/v2\/pages"}],"about":[{"href":"https:\/\/www.cec.org\/fr\/wp-json\/wp\/v2\/types\/page"}],"author":[{"embeddable":true,"href":"https:\/\/www.cec.org\/fr\/wp-json\/wp\/v2\/users\/1"}],"replies":[{"embeddable":true,"href":"https:\/\/www.cec.org\/fr\/wp-json\/wp\/v2\/comments?post=55427"}],"version-history":[{"count":2,"href":"https:\/\/www.cec.org\/fr\/wp-json\/wp\/v2\/pages\/55427\/revisions"}],"predecessor-version":[{"id":56014,"href":"https:\/\/www.cec.org\/fr\/wp-json\/wp\/v2\/pages\/55427\/revisions\/56014"}],"up":[{"embeddable":true,"href":"https:\/\/www.cec.org\/fr\/wp-json\/wp\/v2\/pages\/28883"}],"wp:featuredmedia":[{"embeddable":true,"href":"https:\/\/www.cec.org\/fr\/wp-json\/wp\/v2\/media\/55080"}],"wp:attachment":[{"href":"https:\/\/www.cec.org\/fr\/wp-json\/wp\/v2\/media?parent=55427"}],"curies":[{"name":"wp","href":"https:\/\/api.w.org\/{rel}","templated":true}]}}