{"id":55324,"date":"2024-05-07T11:02:01","date_gmt":"2024-05-07T15:02:01","guid":{"rendered":"http:\/\/www.cec.org\/collecte-de-donnees\/"},"modified":"2025-05-08T18:05:05","modified_gmt":"2025-05-08T22:05:05","slug":"collecte-de-donnees","status":"publish","type":"page","link":"https:\/\/www.cec.org\/fr\/collecte-de-donnees\/","title":{"rendered":"Avertissement relatif \u00e0 la collecte de donn\u00e9es"},"content":{"rendered":"<p><strong>Pourquoi recueillons-nous ces donn\u00e9es?<\/strong><\/p>\n<p>La collecte des donn\u00e9es des personnes participantes lors de l\u2019inscription est importante pour nous, \u00e0 la Commission de coop\u00e9ration environnementale\u00a0(CCE), car elle fait partie de notre engagement \u00e0 offrir une exp\u00e9rience personnalis\u00e9e et significative aux membres de notre collectivit\u00e9. Nous attachons une grande importance \u00e0 la protection de votre vie priv\u00e9e. Les informations que vous nous fournissez resteront confidentielles et ne seront pas communiqu\u00e9es \u00e0 des tiers sans votre consentement.<\/p>\n<p>Les renseignements ainsi recueillis nous aident \u00e0 mieux conna\u00eetre notre public et \u00e0 obtenir de l\u2019information utile sur les donn\u00e9es d\u00e9mographiques des personnes qui participent \u00e0 nos activit\u00e9s, leurs emplacements g\u00e9ographiques et d\u2019autres facteurs pertinents. En particulier, les informations g\u00e9ographiques nous aideront \u00e0 vous informer sur les \u00e9v\u00e9nements de la CCE qui se d\u00e9roulent pr\u00e8s de chez vous. Nous pourrons ainsi prendre des d\u00e9cisions plus \u00e9clair\u00e9es sur nos efforts de diffusion, afin de mieux mobiliser notre collectivit\u00e9 nord-am\u00e9ricaine. Nous pourrons \u00e9galement mieux aborder la diversit\u00e9 de notre public et nous assurer que nos communications sont pertinentes, de mani\u00e8re \u00e0 offrir une exp\u00e9rience plus personnalis\u00e9e et stimulante pour tout le monde.<\/p>\n","protected":false},"excerpt":{"rendered":"<p>Pourquoi recueillons-nous ces donn\u00e9es? La collecte des donn\u00e9es des personnes participantes lors de l\u2019inscription est importante pour nous, \u00e0 la Commission de coop\u00e9ration environnementale\u00a0(CCE), car elle fait partie de notre engagement \u00e0 offrir une exp\u00e9rience personnalis\u00e9e et significative aux membres de notre collectivit\u00e9. Nous attachons une grande importance \u00e0 la protection de votre vie priv\u00e9e. [&hellip;]<\/p>\n","protected":false},"author":1,"featured_media":0,"parent":0,"menu_order":0,"comment_status":"closed","ping_status":"closed","template":"","meta":{"_acf_changed":false,"footnotes":""},"class_list":["post-55324","page","type-page","status-publish","hentry"],"acf":[],"yoast_head":"<!-- This site is optimized with the Yoast SEO Premium plugin v27.4 (Yoast SEO v27.4) - https:\/\/yoast.com\/product\/yoast-seo-premium-wordpress\/ -->\n<title>Avertissement relatif \u00e0 la collecte de donn\u00e9es<\/title>\n<meta name=\"description\" content=\"Pourquoi recueillons-nous ces donn\u00e9es? La collecte des donn\u00e9es des personnes participantes lors de l\u2019inscription est importante pour nous, \u00e0 la Commission\" \/>\n<meta name=\"robots\" content=\"index, follow, max-snippet:-1, max-image-preview:large, max-video-preview:-1\" \/>\n<link rel=\"canonical\" href=\"https:\/\/www.cec.org\/fr\/collecte-de-donnees\/\" \/>\n<meta property=\"og:locale\" content=\"fr_FR\" \/>\n<meta property=\"og:type\" content=\"article\" \/>\n<meta property=\"og:title\" content=\"Avertissement relatif \u00e0 la collecte de donn\u00e9es\" \/>\n<meta property=\"og:description\" content=\"Pourquoi recueillons-nous ces donn\u00e9es? La collecte des donn\u00e9es des personnes participantes lors de l\u2019inscription est importante pour nous, \u00e0 la Commission\" \/>\n<meta property=\"og:url\" content=\"https:\/\/www.cec.org\/fr\/collecte-de-donnees\/\" \/>\n<meta property=\"og:site_name\" content=\"Commission de coop\u00e9ration environnementale\" \/>\n<meta property=\"article:publisher\" content=\"https:\/\/www.facebook.com\/CECconnect\" \/>\n<meta property=\"article:modified_time\" content=\"2025-05-08T22:05:05+00:00\" \/>\n<meta property=\"og:image\" content=\"https:\/\/www.cec.org\/wp-content\/uploads\/cec-cover2023.webp\" \/>\n\t<meta property=\"og:image:width\" content=\"1200\" \/>\n\t<meta property=\"og:image:height\" content=\"630\" \/>\n\t<meta property=\"og:image:type\" content=\"image\/webp\" \/>\n<meta name=\"twitter:card\" content=\"summary_large_image\" \/>\n<meta name=\"twitter:site\" content=\"@CECweb\" \/>\n<script type=\"application\/ld+json\" class=\"yoast-schema-graph\">{\"@context\":\"https:\\\/\\\/schema.org\",\"@graph\":[{\"@type\":\"WebPage\",\"@id\":\"https:\\\/\\\/www.cec.org\\\/fr\\\/collecte-de-donnees\\\/\",\"url\":\"https:\\\/\\\/www.cec.org\\\/fr\\\/collecte-de-donnees\\\/\",\"name\":\"Avertissement relatif \u00e0 la collecte de donn\u00e9es\",\"isPartOf\":{\"@id\":\"https:\\\/\\\/www.cec.org\\\/fr\\\/#website\"},\"datePublished\":\"2024-05-07T15:02:01+00:00\",\"dateModified\":\"2025-05-08T22:05:05+00:00\",\"description\":\"Pourquoi recueillons-nous ces donn\u00e9es? La collecte des donn\u00e9es des personnes participantes lors de l\u2019inscription est importante pour nous, \u00e0 la Commission\",\"breadcrumb\":{\"@id\":\"https:\\\/\\\/www.cec.org\\\/fr\\\/collecte-de-donnees\\\/#breadcrumb\"},\"inLanguage\":\"fr-FR\",\"potentialAction\":[{\"@type\":\"ReadAction\",\"target\":[\"https:\\\/\\\/www.cec.org\\\/fr\\\/collecte-de-donnees\\\/\"]}]},{\"@type\":\"BreadcrumbList\",\"@id\":\"https:\\\/\\\/www.cec.org\\\/fr\\\/collecte-de-donnees\\\/#breadcrumb\",\"itemListElement\":[{\"@type\":\"ListItem\",\"position\":1,\"name\":\"Accueil\",\"item\":\"https:\\\/\\\/www.cec.org\\\/fr\\\/\"},{\"@type\":\"ListItem\",\"position\":2,\"name\":\"Avertissement relatif \u00e0 la collecte de donn\u00e9es\"}]},{\"@type\":\"WebSite\",\"@id\":\"https:\\\/\\\/www.cec.org\\\/fr\\\/#website\",\"url\":\"https:\\\/\\\/www.cec.org\\\/fr\\\/\",\"name\":\"Commission for Environmental Cooperation\",\"description\":\"Three countries working together to protect our shared environment\",\"alternateName\":\"CEC - CCA -CCE\",\"potentialAction\":[{\"@type\":\"SearchAction\",\"target\":{\"@type\":\"EntryPoint\",\"urlTemplate\":\"https:\\\/\\\/www.cec.org\\\/fr\\\/?s={search_term_string}\"},\"query-input\":{\"@type\":\"PropertyValueSpecification\",\"valueRequired\":true,\"valueName\":\"search_term_string\"}}],\"inLanguage\":\"fr-FR\"}]}<\/script>\n<!-- \/ Yoast SEO Premium plugin. -->","yoast_head_json":{"title":"Avertissement relatif \u00e0 la collecte de donn\u00e9es","description":"Pourquoi recueillons-nous ces donn\u00e9es? La collecte des donn\u00e9es des personnes participantes lors de l\u2019inscription est importante pour nous, \u00e0 la Commission","robots":{"index":"index","follow":"follow","max-snippet":"max-snippet:-1","max-image-preview":"max-image-preview:large","max-video-preview":"max-video-preview:-1"},"canonical":"https:\/\/www.cec.org\/fr\/collecte-de-donnees\/","og_locale":"fr_FR","og_type":"article","og_title":"Avertissement relatif \u00e0 la collecte de donn\u00e9es","og_description":"Pourquoi recueillons-nous ces donn\u00e9es? La collecte des donn\u00e9es des personnes participantes lors de l\u2019inscription est importante pour nous, \u00e0 la Commission","og_url":"https:\/\/www.cec.org\/fr\/collecte-de-donnees\/","og_site_name":"Commission de coop\u00e9ration environnementale","article_publisher":"https:\/\/www.facebook.com\/CECconnect","article_modified_time":"2025-05-08T22:05:05+00:00","og_image":[{"width":1200,"height":630,"url":"https:\/\/www.cec.org\/wp-content\/uploads\/cec-cover2023.webp","type":"image\/webp"}],"twitter_card":"summary_large_image","twitter_site":"@CECweb","schema":{"@context":"https:\/\/schema.org","@graph":[{"@type":"WebPage","@id":"https:\/\/www.cec.org\/fr\/collecte-de-donnees\/","url":"https:\/\/www.cec.org\/fr\/collecte-de-donnees\/","name":"Avertissement relatif \u00e0 la collecte de donn\u00e9es","isPartOf":{"@id":"https:\/\/www.cec.org\/fr\/#website"},"datePublished":"2024-05-07T15:02:01+00:00","dateModified":"2025-05-08T22:05:05+00:00","description":"Pourquoi recueillons-nous ces donn\u00e9es? La collecte des donn\u00e9es des personnes participantes lors de l\u2019inscription est importante pour nous, \u00e0 la Commission","breadcrumb":{"@id":"https:\/\/www.cec.org\/fr\/collecte-de-donnees\/#breadcrumb"},"inLanguage":"fr-FR","potentialAction":[{"@type":"ReadAction","target":["https:\/\/www.cec.org\/fr\/collecte-de-donnees\/"]}]},{"@type":"BreadcrumbList","@id":"https:\/\/www.cec.org\/fr\/collecte-de-donnees\/#breadcrumb","itemListElement":[{"@type":"ListItem","position":1,"name":"Accueil","item":"https:\/\/www.cec.org\/fr\/"},{"@type":"ListItem","position":2,"name":"Avertissement relatif \u00e0 la collecte de donn\u00e9es"}]},{"@type":"WebSite","@id":"https:\/\/www.cec.org\/fr\/#website","url":"https:\/\/www.cec.org\/fr\/","name":"Commission for Environmental Cooperation","description":"Three countries working together to protect our shared environment","alternateName":"CEC - CCA -CCE","potentialAction":[{"@type":"SearchAction","target":{"@type":"EntryPoint","urlTemplate":"https:\/\/www.cec.org\/fr\/?s={search_term_string}"},"query-input":{"@type":"PropertyValueSpecification","valueRequired":true,"valueName":"search_term_string"}}],"inLanguage":"fr-FR"}]}},"_links":{"self":[{"href":"https:\/\/www.cec.org\/fr\/wp-json\/wp\/v2\/pages\/55324","targetHints":{"allow":["GET"]}}],"collection":[{"href":"https:\/\/www.cec.org\/fr\/wp-json\/wp\/v2\/pages"}],"about":[{"href":"https:\/\/www.cec.org\/fr\/wp-json\/wp\/v2\/types\/page"}],"author":[{"embeddable":true,"href":"https:\/\/www.cec.org\/fr\/wp-json\/wp\/v2\/users\/1"}],"replies":[{"embeddable":true,"href":"https:\/\/www.cec.org\/fr\/wp-json\/wp\/v2\/comments?post=55324"}],"version-history":[{"count":2,"href":"https:\/\/www.cec.org\/fr\/wp-json\/wp\/v2\/pages\/55324\/revisions"}],"predecessor-version":[{"id":58509,"href":"https:\/\/www.cec.org\/fr\/wp-json\/wp\/v2\/pages\/55324\/revisions\/58509"}],"wp:attachment":[{"href":"https:\/\/www.cec.org\/fr\/wp-json\/wp\/v2\/media?parent=55324"}],"curies":[{"name":"wp","href":"https:\/\/api.w.org\/{rel}","templated":true}]}}