{"id":55218,"date":"2024-05-01T12:27:30","date_gmt":"2024-05-01T16:27:30","guid":{"rendered":"http:\/\/www.cec.org\/topics\/polluants\/"},"modified":"2024-07-11T13:35:45","modified_gmt":"2024-07-11T17:35:45","slug":"polluants","status":"publish","type":"page","link":"https:\/\/www.cec.org\/fr\/sujets\/polluants\/","title":{"rendered":"Polluants"},"content":{"rendered":"<p>Promotion de la salubrit\u00e9 de l'air, de l'eau et du sol par la pr\u00e9vention, la r\u00e9duction et la gestion rationnelle des rejets de polluants, de produits chimiques toxiques et de d\u00e9chets dangereux<\/p>\n","protected":false},"excerpt":{"rendered":"<p>Promotion de la salubrit\u00e9 de l&rsquo;air, de l&rsquo;eau et du sol par la pr\u00e9vention, la r\u00e9duction et la gestion rationnelle des rejets de polluants, de produits chimiques toxiques et de d\u00e9chets dangereux<\/p>\n","protected":false},"author":1,"featured_media":55449,"parent":28883,"menu_order":0,"comment_status":"closed","ping_status":"closed","template":"page-2024topics.php","meta":{"_acf_changed":false,"footnotes":""},"class_list":["post-55218","page","type-page","status-publish","has-post-thumbnail","hentry"],"acf":[],"yoast_head":"<!-- This site is optimized with the Yoast SEO Premium plugin v27.0 (Yoast SEO v27.0) - https:\/\/yoast.com\/product\/yoast-seo-premium-wordpress\/ -->\n<title>Polluants<\/title>\n<meta name=\"description\" content=\"Promotion de la salubrit\u00e9 de l&#039;air, de l&#039;eau et du sol par la pr\u00e9vention, la r\u00e9duction et la gestion rationnelle des rejets de polluants, de produits\" \/>\n<meta name=\"robots\" content=\"index, follow, max-snippet:-1, max-image-preview:large, max-video-preview:-1\" \/>\n<link rel=\"canonical\" href=\"https:\/\/www.cec.org\/fr\/sujets\/polluants\/\" \/>\n<meta property=\"og:locale\" content=\"fr_FR\" \/>\n<meta property=\"og:type\" content=\"article\" \/>\n<meta property=\"og:title\" content=\"Polluants\" \/>\n<meta property=\"og:description\" content=\"Promotion de la salubrit\u00e9 de l&#039;air, de l&#039;eau et du sol par la pr\u00e9vention, la r\u00e9duction et la gestion rationnelle des rejets de polluants, de produits\" \/>\n<meta property=\"og:url\" content=\"https:\/\/www.cec.org\/fr\/sujets\/polluants\/\" \/>\n<meta property=\"og:site_name\" content=\"Commission de coop\u00e9ration environnementale\" \/>\n<meta property=\"article:publisher\" content=\"https:\/\/www.facebook.com\/CECconnect\" \/>\n<meta property=\"article:modified_time\" content=\"2024-07-11T17:35:45+00:00\" \/>\n<meta property=\"og:image\" content=\"https:\/\/www.cec.org\/wp-content\/uploads\/pollutants-thumbnail-opt-1.webp\" \/>\n\t<meta property=\"og:image:width\" content=\"1200\" \/>\n\t<meta property=\"og:image:height\" content=\"684\" \/>\n\t<meta property=\"og:image:type\" content=\"image\/webp\" \/>\n<meta name=\"twitter:card\" content=\"summary_large_image\" \/>\n<meta name=\"twitter:site\" content=\"@CECweb\" \/>\n<script type=\"application\/ld+json\" class=\"yoast-schema-graph\">{\"@context\":\"https:\/\/schema.org\",\"@graph\":[{\"@type\":\"WebPage\",\"@id\":\"https:\/\/www.cec.org\/fr\/sujets\/polluants\/\",\"url\":\"https:\/\/www.cec.org\/fr\/sujets\/polluants\/\",\"name\":\"Polluants\",\"isPartOf\":{\"@id\":\"https:\/\/www.cec.org\/fr\/#website\"},\"primaryImageOfPage\":{\"@id\":\"https:\/\/www.cec.org\/fr\/sujets\/polluants\/#primaryimage\"},\"image\":{\"@id\":\"https:\/\/www.cec.org\/fr\/sujets\/polluants\/#primaryimage\"},\"thumbnailUrl\":\"https:\/\/www.cec.org\/wp-content\/uploads\/pollutants-thumbnail-opt-1.webp\",\"datePublished\":\"2024-05-01T16:27:30+00:00\",\"dateModified\":\"2024-07-11T17:35:45+00:00\",\"description\":\"Promotion de la salubrit\u00e9 de l'air, de l'eau et du sol par la pr\u00e9vention, la r\u00e9duction et la gestion rationnelle des rejets de polluants, de produits\",\"breadcrumb\":{\"@id\":\"https:\/\/www.cec.org\/fr\/sujets\/polluants\/#breadcrumb\"},\"inLanguage\":\"fr-FR\",\"potentialAction\":[{\"@type\":\"ReadAction\",\"target\":[\"https:\/\/www.cec.org\/fr\/sujets\/polluants\/\"]}]},{\"@type\":\"ImageObject\",\"inLanguage\":\"fr-FR\",\"@id\":\"https:\/\/www.cec.org\/fr\/sujets\/polluants\/#primaryimage\",\"url\":\"https:\/\/www.cec.org\/wp-content\/uploads\/pollutants-thumbnail-opt-1.webp\",\"contentUrl\":\"https:\/\/www.cec.org\/wp-content\/uploads\/pollutants-thumbnail-opt-1.webp\",\"width\":1200,\"height\":684,\"caption\":\"Pollutans Topic\"},{\"@type\":\"BreadcrumbList\",\"@id\":\"https:\/\/www.cec.org\/fr\/sujets\/polluants\/#breadcrumb\",\"itemListElement\":[{\"@type\":\"ListItem\",\"position\":1,\"name\":\"Accueil\",\"item\":\"https:\/\/www.cec.org\/fr\/\"},{\"@type\":\"ListItem\",\"position\":2,\"name\":\"Sujets\",\"item\":\"https:\/\/www.cec.org\/fr\/sujets\/\"},{\"@type\":\"ListItem\",\"position\":3,\"name\":\"Polluants\"}]},{\"@type\":\"WebSite\",\"@id\":\"https:\/\/www.cec.org\/fr\/#website\",\"url\":\"https:\/\/www.cec.org\/fr\/\",\"name\":\"Commission for Environmental Cooperation\",\"description\":\"Three countries working together to protect our shared environment\",\"alternateName\":\"CEC - CCA -CCE\",\"potentialAction\":[{\"@type\":\"SearchAction\",\"target\":{\"@type\":\"EntryPoint\",\"urlTemplate\":\"https:\/\/www.cec.org\/fr\/?s={search_term_string}\"},\"query-input\":{\"@type\":\"PropertyValueSpecification\",\"valueRequired\":true,\"valueName\":\"search_term_string\"}}],\"inLanguage\":\"fr-FR\"}]}<\/script>\n<!-- \/ Yoast SEO Premium plugin. -->","yoast_head_json":{"title":"Polluants","description":"Promotion de la salubrit\u00e9 de l'air, de l'eau et du sol par la pr\u00e9vention, la r\u00e9duction et la gestion rationnelle des rejets de polluants, de produits","robots":{"index":"index","follow":"follow","max-snippet":"max-snippet:-1","max-image-preview":"max-image-preview:large","max-video-preview":"max-video-preview:-1"},"canonical":"https:\/\/www.cec.org\/fr\/sujets\/polluants\/","og_locale":"fr_FR","og_type":"article","og_title":"Polluants","og_description":"Promotion de la salubrit\u00e9 de l'air, de l'eau et du sol par la pr\u00e9vention, la r\u00e9duction et la gestion rationnelle des rejets de polluants, de produits","og_url":"https:\/\/www.cec.org\/fr\/sujets\/polluants\/","og_site_name":"Commission de coop\u00e9ration environnementale","article_publisher":"https:\/\/www.facebook.com\/CECconnect","article_modified_time":"2024-07-11T17:35:45+00:00","og_image":[{"width":1200,"height":684,"url":"https:\/\/www.cec.org\/wp-content\/uploads\/pollutants-thumbnail-opt-1.webp","type":"image\/webp"}],"twitter_card":"summary_large_image","twitter_site":"@CECweb","schema":{"@context":"https:\/\/schema.org","@graph":[{"@type":"WebPage","@id":"https:\/\/www.cec.org\/fr\/sujets\/polluants\/","url":"https:\/\/www.cec.org\/fr\/sujets\/polluants\/","name":"Polluants","isPartOf":{"@id":"https:\/\/www.cec.org\/fr\/#website"},"primaryImageOfPage":{"@id":"https:\/\/www.cec.org\/fr\/sujets\/polluants\/#primaryimage"},"image":{"@id":"https:\/\/www.cec.org\/fr\/sujets\/polluants\/#primaryimage"},"thumbnailUrl":"https:\/\/www.cec.org\/wp-content\/uploads\/pollutants-thumbnail-opt-1.webp","datePublished":"2024-05-01T16:27:30+00:00","dateModified":"2024-07-11T17:35:45+00:00","description":"Promotion de la salubrit\u00e9 de l'air, de l'eau et du sol par la pr\u00e9vention, la r\u00e9duction et la gestion rationnelle des rejets de polluants, de produits","breadcrumb":{"@id":"https:\/\/www.cec.org\/fr\/sujets\/polluants\/#breadcrumb"},"inLanguage":"fr-FR","potentialAction":[{"@type":"ReadAction","target":["https:\/\/www.cec.org\/fr\/sujets\/polluants\/"]}]},{"@type":"ImageObject","inLanguage":"fr-FR","@id":"https:\/\/www.cec.org\/fr\/sujets\/polluants\/#primaryimage","url":"https:\/\/www.cec.org\/wp-content\/uploads\/pollutants-thumbnail-opt-1.webp","contentUrl":"https:\/\/www.cec.org\/wp-content\/uploads\/pollutants-thumbnail-opt-1.webp","width":1200,"height":684,"caption":"Pollutans Topic"},{"@type":"BreadcrumbList","@id":"https:\/\/www.cec.org\/fr\/sujets\/polluants\/#breadcrumb","itemListElement":[{"@type":"ListItem","position":1,"name":"Accueil","item":"https:\/\/www.cec.org\/fr\/"},{"@type":"ListItem","position":2,"name":"Sujets","item":"https:\/\/www.cec.org\/fr\/sujets\/"},{"@type":"ListItem","position":3,"name":"Polluants"}]},{"@type":"WebSite","@id":"https:\/\/www.cec.org\/fr\/#website","url":"https:\/\/www.cec.org\/fr\/","name":"Commission for Environmental Cooperation","description":"Three countries working together to protect our shared environment","alternateName":"CEC - CCA -CCE","potentialAction":[{"@type":"SearchAction","target":{"@type":"EntryPoint","urlTemplate":"https:\/\/www.cec.org\/fr\/?s={search_term_string}"},"query-input":{"@type":"PropertyValueSpecification","valueRequired":true,"valueName":"search_term_string"}}],"inLanguage":"fr-FR"}]}},"_links":{"self":[{"href":"https:\/\/www.cec.org\/fr\/wp-json\/wp\/v2\/pages\/55218","targetHints":{"allow":["GET"]}}],"collection":[{"href":"https:\/\/www.cec.org\/fr\/wp-json\/wp\/v2\/pages"}],"about":[{"href":"https:\/\/www.cec.org\/fr\/wp-json\/wp\/v2\/types\/page"}],"author":[{"embeddable":true,"href":"https:\/\/www.cec.org\/fr\/wp-json\/wp\/v2\/users\/1"}],"replies":[{"embeddable":true,"href":"https:\/\/www.cec.org\/fr\/wp-json\/wp\/v2\/comments?post=55218"}],"version-history":[{"count":1,"href":"https:\/\/www.cec.org\/fr\/wp-json\/wp\/v2\/pages\/55218\/revisions"}],"predecessor-version":[{"id":56007,"href":"https:\/\/www.cec.org\/fr\/wp-json\/wp\/v2\/pages\/55218\/revisions\/56007"}],"up":[{"embeddable":true,"href":"https:\/\/www.cec.org\/fr\/wp-json\/wp\/v2\/pages\/28883"}],"wp:featuredmedia":[{"embeddable":true,"href":"https:\/\/www.cec.org\/fr\/wp-json\/wp\/v2\/media\/55449"}],"wp:attachment":[{"href":"https:\/\/www.cec.org\/fr\/wp-json\/wp\/v2\/media?parent=55218"}],"curies":[{"name":"wp","href":"https:\/\/api.w.org\/{rel}","templated":true}]}}