{"id":55214,"date":"2024-05-01T12:09:09","date_gmt":"2024-05-01T16:09:09","guid":{"rendered":"http:\/\/www.cec.org\/topics\/croissance-verte\/"},"modified":"2026-02-03T15:58:14","modified_gmt":"2026-02-03T20:58:14","slug":"modes-de-vie-et-economies-durables","status":"publish","type":"page","link":"https:\/\/www.cec.org\/fr\/sujets\/modes-de-vie-et-economies-durables\/","title":{"rendered":"Modes de vie et \u00e9conomies durables"},"content":{"rendered":"<p>Promouvoir la durabilit\u00e9 de nos activit\u00e9s \u00e9conomiques et de nos modes de vie en identifiant et en favorisant des solutions alternatives qui int\u00e8grent pleinement les dimensions sociale, \u00e9conomique et environnementale, pour une Am\u00e9rique du Nord juste et r\u00e9siliente. Notre travail porte sur quatre domaines principaux:<\/p>\n<p><!--EndFragment --><\/p>\n","protected":false},"excerpt":{"rendered":"<p>Promouvoir la durabilit\u00e9 de nos activit\u00e9s \u00e9conomiques et de nos modes de vie en identifiant et en favorisant des solutions alternatives qui int\u00e8grent pleinement les dimensions sociale, \u00e9conomique et environnementale, pour une Am\u00e9rique du Nord juste et r\u00e9siliente. Notre travail porte sur quatre domaines principaux:<\/p>\n","protected":false},"author":1,"featured_media":55446,"parent":28883,"menu_order":0,"comment_status":"closed","ping_status":"closed","template":"page-sle.php","meta":{"_acf_changed":false,"footnotes":""},"class_list":["post-55214","page","type-page","status-publish","has-post-thumbnail","hentry"],"acf":[],"yoast_head":"<!-- This site is optimized with the Yoast SEO Premium plugin v27.0 (Yoast SEO v27.0) - https:\/\/yoast.com\/product\/yoast-seo-premium-wordpress\/ -->\n<title>Modes de vie et \u00e9conomies durables<\/title>\n<meta name=\"description\" content=\"Promouvoir la durabilit\u00e9 de nos activit\u00e9s \u00e9conomiques et de nos modes de vie en identifiant et en favorisant des solutions alternatives qui int\u00e8grent\" \/>\n<meta name=\"robots\" content=\"index, follow, max-snippet:-1, max-image-preview:large, max-video-preview:-1\" \/>\n<link rel=\"canonical\" href=\"https:\/\/www.cec.org\/fr\/sujets\/modes-de-vie-et-economies-durables\/\" \/>\n<meta property=\"og:locale\" content=\"fr_FR\" \/>\n<meta property=\"og:type\" content=\"article\" \/>\n<meta property=\"og:title\" content=\"Modes de vie et \u00e9conomies durables\" \/>\n<meta property=\"og:description\" content=\"Promouvoir la durabilit\u00e9 de nos activit\u00e9s \u00e9conomiques et de nos modes de vie en identifiant et en favorisant des solutions alternatives qui int\u00e8grent\" \/>\n<meta property=\"og:url\" content=\"https:\/\/www.cec.org\/fr\/sujets\/modes-de-vie-et-economies-durables\/\" \/>\n<meta property=\"og:site_name\" content=\"Commission de coop\u00e9ration environnementale\" \/>\n<meta property=\"article:publisher\" content=\"https:\/\/www.facebook.com\/CECconnect\" \/>\n<meta property=\"article:modified_time\" content=\"2026-02-03T20:58:14+00:00\" \/>\n<meta property=\"og:image\" content=\"https:\/\/www.cec.org\/wp-content\/uploads\/green-economy-thumbnail-opt-1.webp\" \/>\n\t<meta property=\"og:image:width\" content=\"1200\" \/>\n\t<meta property=\"og:image:height\" content=\"684\" \/>\n\t<meta property=\"og:image:type\" content=\"image\/webp\" \/>\n<meta name=\"twitter:card\" content=\"summary_large_image\" \/>\n<meta name=\"twitter:site\" content=\"@CECweb\" \/>\n<script type=\"application\/ld+json\" class=\"yoast-schema-graph\">{\"@context\":\"https:\/\/schema.org\",\"@graph\":[{\"@type\":\"WebPage\",\"@id\":\"https:\/\/www.cec.org\/fr\/sujets\/modes-de-vie-et-economies-durables\/\",\"url\":\"https:\/\/www.cec.org\/fr\/sujets\/modes-de-vie-et-economies-durables\/\",\"name\":\"Modes de vie et \u00e9conomies durables\",\"isPartOf\":{\"@id\":\"https:\/\/www.cec.org\/fr\/#website\"},\"primaryImageOfPage\":{\"@id\":\"https:\/\/www.cec.org\/fr\/sujets\/modes-de-vie-et-economies-durables\/#primaryimage\"},\"image\":{\"@id\":\"https:\/\/www.cec.org\/fr\/sujets\/modes-de-vie-et-economies-durables\/#primaryimage\"},\"thumbnailUrl\":\"https:\/\/www.cec.org\/wp-content\/uploads\/green-economy-thumbnail-opt-1.webp\",\"datePublished\":\"2024-05-01T16:09:09+00:00\",\"dateModified\":\"2026-02-03T20:58:14+00:00\",\"description\":\"Promouvoir la durabilit\u00e9 de nos activit\u00e9s \u00e9conomiques et de nos modes de vie en identifiant et en favorisant des solutions alternatives qui int\u00e8grent\",\"breadcrumb\":{\"@id\":\"https:\/\/www.cec.org\/fr\/sujets\/modes-de-vie-et-economies-durables\/#breadcrumb\"},\"inLanguage\":\"fr-FR\",\"potentialAction\":[{\"@type\":\"ReadAction\",\"target\":[\"https:\/\/www.cec.org\/fr\/sujets\/modes-de-vie-et-economies-durables\/\"]}]},{\"@type\":\"ImageObject\",\"inLanguage\":\"fr-FR\",\"@id\":\"https:\/\/www.cec.org\/fr\/sujets\/modes-de-vie-et-economies-durables\/#primaryimage\",\"url\":\"https:\/\/www.cec.org\/wp-content\/uploads\/green-economy-thumbnail-opt-1.webp\",\"contentUrl\":\"https:\/\/www.cec.org\/wp-content\/uploads\/green-economy-thumbnail-opt-1.webp\",\"width\":1200,\"height\":684,\"caption\":\"Green Economy - Topic\"},{\"@type\":\"BreadcrumbList\",\"@id\":\"https:\/\/www.cec.org\/fr\/sujets\/modes-de-vie-et-economies-durables\/#breadcrumb\",\"itemListElement\":[{\"@type\":\"ListItem\",\"position\":1,\"name\":\"Accueil\",\"item\":\"https:\/\/www.cec.org\/fr\/\"},{\"@type\":\"ListItem\",\"position\":2,\"name\":\"Sujets\",\"item\":\"https:\/\/www.cec.org\/fr\/sujets\/\"},{\"@type\":\"ListItem\",\"position\":3,\"name\":\"Modes de vie et \u00e9conomies durables\"}]},{\"@type\":\"WebSite\",\"@id\":\"https:\/\/www.cec.org\/fr\/#website\",\"url\":\"https:\/\/www.cec.org\/fr\/\",\"name\":\"Commission for Environmental Cooperation\",\"description\":\"Three countries working together to protect our shared environment\",\"alternateName\":\"CEC - CCA -CCE\",\"potentialAction\":[{\"@type\":\"SearchAction\",\"target\":{\"@type\":\"EntryPoint\",\"urlTemplate\":\"https:\/\/www.cec.org\/fr\/?s={search_term_string}\"},\"query-input\":{\"@type\":\"PropertyValueSpecification\",\"valueRequired\":true,\"valueName\":\"search_term_string\"}}],\"inLanguage\":\"fr-FR\"}]}<\/script>\n<!-- \/ Yoast SEO Premium plugin. -->","yoast_head_json":{"title":"Modes de vie et \u00e9conomies durables","description":"Promouvoir la durabilit\u00e9 de nos activit\u00e9s \u00e9conomiques et de nos modes de vie en identifiant et en favorisant des solutions alternatives qui int\u00e8grent","robots":{"index":"index","follow":"follow","max-snippet":"max-snippet:-1","max-image-preview":"max-image-preview:large","max-video-preview":"max-video-preview:-1"},"canonical":"https:\/\/www.cec.org\/fr\/sujets\/modes-de-vie-et-economies-durables\/","og_locale":"fr_FR","og_type":"article","og_title":"Modes de vie et \u00e9conomies durables","og_description":"Promouvoir la durabilit\u00e9 de nos activit\u00e9s \u00e9conomiques et de nos modes de vie en identifiant et en favorisant des solutions alternatives qui int\u00e8grent","og_url":"https:\/\/www.cec.org\/fr\/sujets\/modes-de-vie-et-economies-durables\/","og_site_name":"Commission de coop\u00e9ration environnementale","article_publisher":"https:\/\/www.facebook.com\/CECconnect","article_modified_time":"2026-02-03T20:58:14+00:00","og_image":[{"width":1200,"height":684,"url":"https:\/\/www.cec.org\/wp-content\/uploads\/green-economy-thumbnail-opt-1.webp","type":"image\/webp"}],"twitter_card":"summary_large_image","twitter_site":"@CECweb","schema":{"@context":"https:\/\/schema.org","@graph":[{"@type":"WebPage","@id":"https:\/\/www.cec.org\/fr\/sujets\/modes-de-vie-et-economies-durables\/","url":"https:\/\/www.cec.org\/fr\/sujets\/modes-de-vie-et-economies-durables\/","name":"Modes de vie et \u00e9conomies durables","isPartOf":{"@id":"https:\/\/www.cec.org\/fr\/#website"},"primaryImageOfPage":{"@id":"https:\/\/www.cec.org\/fr\/sujets\/modes-de-vie-et-economies-durables\/#primaryimage"},"image":{"@id":"https:\/\/www.cec.org\/fr\/sujets\/modes-de-vie-et-economies-durables\/#primaryimage"},"thumbnailUrl":"https:\/\/www.cec.org\/wp-content\/uploads\/green-economy-thumbnail-opt-1.webp","datePublished":"2024-05-01T16:09:09+00:00","dateModified":"2026-02-03T20:58:14+00:00","description":"Promouvoir la durabilit\u00e9 de nos activit\u00e9s \u00e9conomiques et de nos modes de vie en identifiant et en favorisant des solutions alternatives qui int\u00e8grent","breadcrumb":{"@id":"https:\/\/www.cec.org\/fr\/sujets\/modes-de-vie-et-economies-durables\/#breadcrumb"},"inLanguage":"fr-FR","potentialAction":[{"@type":"ReadAction","target":["https:\/\/www.cec.org\/fr\/sujets\/modes-de-vie-et-economies-durables\/"]}]},{"@type":"ImageObject","inLanguage":"fr-FR","@id":"https:\/\/www.cec.org\/fr\/sujets\/modes-de-vie-et-economies-durables\/#primaryimage","url":"https:\/\/www.cec.org\/wp-content\/uploads\/green-economy-thumbnail-opt-1.webp","contentUrl":"https:\/\/www.cec.org\/wp-content\/uploads\/green-economy-thumbnail-opt-1.webp","width":1200,"height":684,"caption":"Green Economy - Topic"},{"@type":"BreadcrumbList","@id":"https:\/\/www.cec.org\/fr\/sujets\/modes-de-vie-et-economies-durables\/#breadcrumb","itemListElement":[{"@type":"ListItem","position":1,"name":"Accueil","item":"https:\/\/www.cec.org\/fr\/"},{"@type":"ListItem","position":2,"name":"Sujets","item":"https:\/\/www.cec.org\/fr\/sujets\/"},{"@type":"ListItem","position":3,"name":"Modes de vie et \u00e9conomies durables"}]},{"@type":"WebSite","@id":"https:\/\/www.cec.org\/fr\/#website","url":"https:\/\/www.cec.org\/fr\/","name":"Commission for Environmental Cooperation","description":"Three countries working together to protect our shared environment","alternateName":"CEC - CCA -CCE","potentialAction":[{"@type":"SearchAction","target":{"@type":"EntryPoint","urlTemplate":"https:\/\/www.cec.org\/fr\/?s={search_term_string}"},"query-input":{"@type":"PropertyValueSpecification","valueRequired":true,"valueName":"search_term_string"}}],"inLanguage":"fr-FR"}]}},"_links":{"self":[{"href":"https:\/\/www.cec.org\/fr\/wp-json\/wp\/v2\/pages\/55214","targetHints":{"allow":["GET"]}}],"collection":[{"href":"https:\/\/www.cec.org\/fr\/wp-json\/wp\/v2\/pages"}],"about":[{"href":"https:\/\/www.cec.org\/fr\/wp-json\/wp\/v2\/types\/page"}],"author":[{"embeddable":true,"href":"https:\/\/www.cec.org\/fr\/wp-json\/wp\/v2\/users\/1"}],"replies":[{"embeddable":true,"href":"https:\/\/www.cec.org\/fr\/wp-json\/wp\/v2\/comments?post=55214"}],"version-history":[{"count":5,"href":"https:\/\/www.cec.org\/fr\/wp-json\/wp\/v2\/pages\/55214\/revisions"}],"predecessor-version":[{"id":61383,"href":"https:\/\/www.cec.org\/fr\/wp-json\/wp\/v2\/pages\/55214\/revisions\/61383"}],"up":[{"embeddable":true,"href":"https:\/\/www.cec.org\/fr\/wp-json\/wp\/v2\/pages\/28883"}],"wp:featuredmedia":[{"embeddable":true,"href":"https:\/\/www.cec.org\/fr\/wp-json\/wp\/v2\/media\/55446"}],"wp:attachment":[{"href":"https:\/\/www.cec.org\/fr\/wp-json\/wp\/v2\/media?parent=55214"}],"curies":[{"name":"wp","href":"https:\/\/api.w.org\/{rel}","templated":true}]}}