{"id":55210,"date":"2024-05-01T12:04:43","date_gmt":"2024-05-01T16:04:43","guid":{"rendered":"http:\/\/www.cec.org\/topics\/application-des-lois\/"},"modified":"2026-04-11T18:06:26","modified_gmt":"2026-04-11T22:06:26","slug":"application-des-lois","status":"publish","type":"page","link":"https:\/\/www.cec.org\/fr\/sujets\/application-des-lois\/","title":{"rendered":"Application des lois"},"content":{"rendered":"<p>Soutien \u00e0 l'application et \u00e0 l'observation des lois nationales relatives \u00e0 l'environnement et aux accords environnementaux multilat\u00e9raux<\/p>\n","protected":false},"excerpt":{"rendered":"<p>Soutien \u00e0 l&rsquo;application et \u00e0 l&rsquo;observation des lois nationales relatives \u00e0 l&rsquo;environnement et aux accords environnementaux multilat\u00e9raux<\/p>\n","protected":false},"author":1,"featured_media":55443,"parent":28883,"menu_order":0,"comment_status":"closed","ping_status":"closed","template":"page-2024topics.php","meta":{"_acf_changed":false,"footnotes":""},"class_list":["post-55210","page","type-page","status-publish","has-post-thumbnail","hentry"],"acf":[],"yoast_head":"<!-- This site is optimized with the Yoast SEO Premium plugin v27.4 (Yoast SEO v27.4) - https:\/\/yoast.com\/product\/yoast-seo-premium-wordpress\/ -->\n<title>Application des lois<\/title>\n<meta name=\"description\" content=\"Soutien \u00e0 l&#039;application et \u00e0 l&#039;observation des lois nationales relatives \u00e0 l&#039;environnement et aux accords environnementaux multilat\u00e9raux\" \/>\n<meta name=\"robots\" content=\"index, follow, max-snippet:-1, max-image-preview:large, max-video-preview:-1\" \/>\n<link rel=\"canonical\" href=\"https:\/\/www.cec.org\/fr\/sujets\/application-des-lois\/\" \/>\n<meta property=\"og:locale\" content=\"fr_FR\" \/>\n<meta property=\"og:type\" content=\"article\" \/>\n<meta property=\"og:title\" content=\"Application des lois\" \/>\n<meta property=\"og:description\" content=\"Soutien \u00e0 l&#039;application et \u00e0 l&#039;observation des lois nationales relatives \u00e0 l&#039;environnement et aux accords environnementaux multilat\u00e9raux\" \/>\n<meta property=\"og:url\" content=\"https:\/\/www.cec.org\/fr\/sujets\/application-des-lois\/\" \/>\n<meta property=\"og:site_name\" content=\"Commission de coop\u00e9ration environnementale\" \/>\n<meta property=\"article:publisher\" content=\"https:\/\/www.facebook.com\/CECconnect\" \/>\n<meta property=\"article:modified_time\" content=\"2026-04-11T22:06:26+00:00\" \/>\n<meta property=\"og:image\" content=\"https:\/\/www.cec.org\/wp-content\/uploads\/enforcement-thumbnail-opt.webp\" \/>\n\t<meta property=\"og:image:width\" content=\"1200\" \/>\n\t<meta property=\"og:image:height\" content=\"684\" \/>\n\t<meta property=\"og:image:type\" content=\"image\/webp\" \/>\n<meta name=\"twitter:card\" content=\"summary_large_image\" \/>\n<meta name=\"twitter:site\" content=\"@CECweb\" \/>\n<script type=\"application\/ld+json\" class=\"yoast-schema-graph\">{\"@context\":\"https:\\\/\\\/schema.org\",\"@graph\":[{\"@type\":\"WebPage\",\"@id\":\"https:\\\/\\\/www.cec.org\\\/fr\\\/sujets\\\/application-des-lois\\\/\",\"url\":\"https:\\\/\\\/www.cec.org\\\/fr\\\/sujets\\\/application-des-lois\\\/\",\"name\":\"Application des lois\",\"isPartOf\":{\"@id\":\"https:\\\/\\\/www.cec.org\\\/fr\\\/#website\"},\"primaryImageOfPage\":{\"@id\":\"https:\\\/\\\/www.cec.org\\\/fr\\\/sujets\\\/application-des-lois\\\/#primaryimage\"},\"image\":{\"@id\":\"https:\\\/\\\/www.cec.org\\\/fr\\\/sujets\\\/application-des-lois\\\/#primaryimage\"},\"thumbnailUrl\":\"https:\\\/\\\/www.cec.org\\\/wp-content\\\/uploads\\\/enforcement-thumbnail-opt.webp\",\"datePublished\":\"2024-05-01T16:04:43+00:00\",\"dateModified\":\"2026-04-11T22:06:26+00:00\",\"description\":\"Soutien \u00e0 l'application et \u00e0 l'observation des lois nationales relatives \u00e0 l'environnement et aux accords environnementaux multilat\u00e9raux\",\"breadcrumb\":{\"@id\":\"https:\\\/\\\/www.cec.org\\\/fr\\\/sujets\\\/application-des-lois\\\/#breadcrumb\"},\"inLanguage\":\"fr-FR\",\"potentialAction\":[{\"@type\":\"ReadAction\",\"target\":[\"https:\\\/\\\/www.cec.org\\\/fr\\\/sujets\\\/application-des-lois\\\/\"]}]},{\"@type\":\"ImageObject\",\"inLanguage\":\"fr-FR\",\"@id\":\"https:\\\/\\\/www.cec.org\\\/fr\\\/sujets\\\/application-des-lois\\\/#primaryimage\",\"url\":\"https:\\\/\\\/www.cec.org\\\/wp-content\\\/uploads\\\/enforcement-thumbnail-opt.webp\",\"contentUrl\":\"https:\\\/\\\/www.cec.org\\\/wp-content\\\/uploads\\\/enforcement-thumbnail-opt.webp\",\"width\":1200,\"height\":684,\"caption\":\"Enforcement Topic\"},{\"@type\":\"BreadcrumbList\",\"@id\":\"https:\\\/\\\/www.cec.org\\\/fr\\\/sujets\\\/application-des-lois\\\/#breadcrumb\",\"itemListElement\":[{\"@type\":\"ListItem\",\"position\":1,\"name\":\"Accueil\",\"item\":\"https:\\\/\\\/www.cec.org\\\/fr\\\/\"},{\"@type\":\"ListItem\",\"position\":2,\"name\":\"Sujets\",\"item\":\"https:\\\/\\\/www.cec.org\\\/fr\\\/sujets\\\/\"},{\"@type\":\"ListItem\",\"position\":3,\"name\":\"Application des lois\"}]},{\"@type\":\"WebSite\",\"@id\":\"https:\\\/\\\/www.cec.org\\\/fr\\\/#website\",\"url\":\"https:\\\/\\\/www.cec.org\\\/fr\\\/\",\"name\":\"Commission for Environmental Cooperation\",\"description\":\"Three countries working together to protect our shared environment\",\"alternateName\":\"CEC - CCA -CCE\",\"potentialAction\":[{\"@type\":\"SearchAction\",\"target\":{\"@type\":\"EntryPoint\",\"urlTemplate\":\"https:\\\/\\\/www.cec.org\\\/fr\\\/?s={search_term_string}\"},\"query-input\":{\"@type\":\"PropertyValueSpecification\",\"valueRequired\":true,\"valueName\":\"search_term_string\"}}],\"inLanguage\":\"fr-FR\"}]}<\/script>\n<!-- \/ Yoast SEO Premium plugin. -->","yoast_head_json":{"title":"Application des lois","description":"Soutien \u00e0 l'application et \u00e0 l'observation des lois nationales relatives \u00e0 l'environnement et aux accords environnementaux multilat\u00e9raux","robots":{"index":"index","follow":"follow","max-snippet":"max-snippet:-1","max-image-preview":"max-image-preview:large","max-video-preview":"max-video-preview:-1"},"canonical":"https:\/\/www.cec.org\/fr\/sujets\/application-des-lois\/","og_locale":"fr_FR","og_type":"article","og_title":"Application des lois","og_description":"Soutien \u00e0 l'application et \u00e0 l'observation des lois nationales relatives \u00e0 l'environnement et aux accords environnementaux multilat\u00e9raux","og_url":"https:\/\/www.cec.org\/fr\/sujets\/application-des-lois\/","og_site_name":"Commission de coop\u00e9ration environnementale","article_publisher":"https:\/\/www.facebook.com\/CECconnect","article_modified_time":"2026-04-11T22:06:26+00:00","og_image":[{"width":1200,"height":684,"url":"https:\/\/www.cec.org\/wp-content\/uploads\/enforcement-thumbnail-opt.webp","type":"image\/webp"}],"twitter_card":"summary_large_image","twitter_site":"@CECweb","schema":{"@context":"https:\/\/schema.org","@graph":[{"@type":"WebPage","@id":"https:\/\/www.cec.org\/fr\/sujets\/application-des-lois\/","url":"https:\/\/www.cec.org\/fr\/sujets\/application-des-lois\/","name":"Application des lois","isPartOf":{"@id":"https:\/\/www.cec.org\/fr\/#website"},"primaryImageOfPage":{"@id":"https:\/\/www.cec.org\/fr\/sujets\/application-des-lois\/#primaryimage"},"image":{"@id":"https:\/\/www.cec.org\/fr\/sujets\/application-des-lois\/#primaryimage"},"thumbnailUrl":"https:\/\/www.cec.org\/wp-content\/uploads\/enforcement-thumbnail-opt.webp","datePublished":"2024-05-01T16:04:43+00:00","dateModified":"2026-04-11T22:06:26+00:00","description":"Soutien \u00e0 l'application et \u00e0 l'observation des lois nationales relatives \u00e0 l'environnement et aux accords environnementaux multilat\u00e9raux","breadcrumb":{"@id":"https:\/\/www.cec.org\/fr\/sujets\/application-des-lois\/#breadcrumb"},"inLanguage":"fr-FR","potentialAction":[{"@type":"ReadAction","target":["https:\/\/www.cec.org\/fr\/sujets\/application-des-lois\/"]}]},{"@type":"ImageObject","inLanguage":"fr-FR","@id":"https:\/\/www.cec.org\/fr\/sujets\/application-des-lois\/#primaryimage","url":"https:\/\/www.cec.org\/wp-content\/uploads\/enforcement-thumbnail-opt.webp","contentUrl":"https:\/\/www.cec.org\/wp-content\/uploads\/enforcement-thumbnail-opt.webp","width":1200,"height":684,"caption":"Enforcement Topic"},{"@type":"BreadcrumbList","@id":"https:\/\/www.cec.org\/fr\/sujets\/application-des-lois\/#breadcrumb","itemListElement":[{"@type":"ListItem","position":1,"name":"Accueil","item":"https:\/\/www.cec.org\/fr\/"},{"@type":"ListItem","position":2,"name":"Sujets","item":"https:\/\/www.cec.org\/fr\/sujets\/"},{"@type":"ListItem","position":3,"name":"Application des lois"}]},{"@type":"WebSite","@id":"https:\/\/www.cec.org\/fr\/#website","url":"https:\/\/www.cec.org\/fr\/","name":"Commission for Environmental Cooperation","description":"Three countries working together to protect our shared environment","alternateName":"CEC - CCA -CCE","potentialAction":[{"@type":"SearchAction","target":{"@type":"EntryPoint","urlTemplate":"https:\/\/www.cec.org\/fr\/?s={search_term_string}"},"query-input":{"@type":"PropertyValueSpecification","valueRequired":true,"valueName":"search_term_string"}}],"inLanguage":"fr-FR"}]}},"_links":{"self":[{"href":"https:\/\/www.cec.org\/fr\/wp-json\/wp\/v2\/pages\/55210","targetHints":{"allow":["GET"]}}],"collection":[{"href":"https:\/\/www.cec.org\/fr\/wp-json\/wp\/v2\/pages"}],"about":[{"href":"https:\/\/www.cec.org\/fr\/wp-json\/wp\/v2\/types\/page"}],"author":[{"embeddable":true,"href":"https:\/\/www.cec.org\/fr\/wp-json\/wp\/v2\/users\/1"}],"replies":[{"embeddable":true,"href":"https:\/\/www.cec.org\/fr\/wp-json\/wp\/v2\/comments?post=55210"}],"version-history":[{"count":1,"href":"https:\/\/www.cec.org\/fr\/wp-json\/wp\/v2\/pages\/55210\/revisions"}],"predecessor-version":[{"id":55996,"href":"https:\/\/www.cec.org\/fr\/wp-json\/wp\/v2\/pages\/55210\/revisions\/55996"}],"up":[{"embeddable":true,"href":"https:\/\/www.cec.org\/fr\/wp-json\/wp\/v2\/pages\/28883"}],"wp:featuredmedia":[{"embeddable":true,"href":"https:\/\/www.cec.org\/fr\/wp-json\/wp\/v2\/media\/55443"}],"wp:attachment":[{"href":"https:\/\/www.cec.org\/fr\/wp-json\/wp\/v2\/media?parent=55210"}],"curies":[{"name":"wp","href":"https:\/\/api.w.org\/{rel}","templated":true}]}}