{"id":54750,"date":"2024-04-01T13:58:47","date_gmt":"2024-04-01T17:58:47","guid":{"rendered":"http:\/\/www.cec.org\/amelioration-de-la-qualite-de-lair\/"},"modified":"2026-04-11T18:30:43","modified_gmt":"2026-04-11T22:30:43","slug":"amelioration-de-la-qualite-de-lair","status":"publish","type":"page","link":"https:\/\/www.cec.org\/fr\/sujets\/polluants\/amelioration-de-la-qualite-de-lair\/","title":{"rendered":"Am\u00e9lioration de la qualit\u00e9 de l\u2019air"},"content":{"rendered":"<p>Les ressources atmosph\u00e9riques sont communes \u00e0 nos trois pays et ne connaissent aucune fronti\u00e8re nationale. Avec nos travaux, nous brossons un tableau plus complet de la qualit\u00e9 de l'air et des \u00e9missions atmosph\u00e9riques pour faciliter la prise de d\u00e9cisions sur la gestion de la qualit\u00e9 de l'air et garantir la protection de la sant\u00e9 publique et des \u00e9cosyst\u00e8mes naturels.<\/p>\n","protected":false},"excerpt":{"rendered":"<p>Les ressources atmosph\u00e9riques sont communes \u00e0 nos trois pays et ne connaissent aucune fronti\u00e8re nationale. Avec nos travaux, nous brossons un tableau plus complet de la qualit\u00e9 de l&rsquo;air et des \u00e9missions atmosph\u00e9riques pour faciliter la prise de d\u00e9cisions sur la gestion de la qualit\u00e9 de l&rsquo;air et garantir la protection de la sant\u00e9 publique [&hellip;]<\/p>\n","protected":false},"author":1,"featured_media":45949,"parent":55218,"menu_order":0,"comment_status":"closed","ping_status":"closed","template":"page-2024subtopics.php","meta":{"_acf_changed":false,"footnotes":""},"class_list":["post-54750","page","type-page","status-publish","has-post-thumbnail","hentry"],"acf":[],"yoast_head":"<!-- This site is optimized with the Yoast SEO Premium plugin v27.4 (Yoast SEO v27.4) - https:\/\/yoast.com\/product\/yoast-seo-premium-wordpress\/ -->\n<title>Am\u00e9lioration de la qualit\u00e9 de l\u2019air<\/title>\n<meta name=\"description\" content=\"Learn how air quality affects public health and natural ecosystems. Discover the importance of air quality management in North America.\" \/>\n<meta name=\"robots\" content=\"index, follow, max-snippet:-1, max-image-preview:large, max-video-preview:-1\" \/>\n<link rel=\"canonical\" href=\"https:\/\/www.cec.org\/fr\/sujets\/polluants\/amelioration-de-la-qualite-de-lair\/\" \/>\n<meta property=\"og:locale\" content=\"fr_FR\" \/>\n<meta property=\"og:type\" content=\"article\" \/>\n<meta property=\"og:title\" content=\"Am\u00e9lioration de la qualit\u00e9 de l\u2019air\" \/>\n<meta property=\"og:description\" content=\"Les ressources atmosph\u00e9riques sont communes \u00e0 nos trois pays et ne connaissent aucune fronti\u00e8re nationale. Avec nos travaux, nous brossons un tableau plus\" \/>\n<meta property=\"og:url\" content=\"https:\/\/www.cec.org\/fr\/sujets\/polluants\/amelioration-de-la-qualite-de-lair\/\" \/>\n<meta property=\"og:site_name\" content=\"Commission de coop\u00e9ration environnementale\" \/>\n<meta property=\"article:publisher\" content=\"https:\/\/www.facebook.com\/CECconnect\" \/>\n<meta property=\"article:modified_time\" content=\"2026-04-11T22:30:43+00:00\" \/>\n<meta property=\"og:image\" content=\"https:\/\/www.cec.org\/wp-content\/uploads\/air2-2.jpg\" \/>\n\t<meta property=\"og:image:width\" content=\"600\" \/>\n\t<meta property=\"og:image:height\" content=\"342\" \/>\n\t<meta property=\"og:image:type\" content=\"image\/jpeg\" \/>\n<meta name=\"twitter:card\" content=\"summary_large_image\" \/>\n<meta name=\"twitter:site\" content=\"@CECweb\" \/>\n<script type=\"application\/ld+json\" class=\"yoast-schema-graph\">{\"@context\":\"https:\\\/\\\/schema.org\",\"@graph\":[{\"@type\":\"WebPage\",\"@id\":\"https:\\\/\\\/www.cec.org\\\/fr\\\/sujets\\\/polluants\\\/amelioration-de-la-qualite-de-lair\\\/\",\"url\":\"https:\\\/\\\/www.cec.org\\\/fr\\\/sujets\\\/polluants\\\/amelioration-de-la-qualite-de-lair\\\/\",\"name\":\"Am\u00e9lioration de la qualit\u00e9 de l\u2019air\",\"isPartOf\":{\"@id\":\"https:\\\/\\\/www.cec.org\\\/fr\\\/#website\"},\"primaryImageOfPage\":{\"@id\":\"https:\\\/\\\/www.cec.org\\\/fr\\\/sujets\\\/polluants\\\/amelioration-de-la-qualite-de-lair\\\/#primaryimage\"},\"image\":{\"@id\":\"https:\\\/\\\/www.cec.org\\\/fr\\\/sujets\\\/polluants\\\/amelioration-de-la-qualite-de-lair\\\/#primaryimage\"},\"thumbnailUrl\":\"https:\\\/\\\/www.cec.org\\\/wp-content\\\/uploads\\\/air2-2.jpg\",\"datePublished\":\"2024-04-01T17:58:47+00:00\",\"dateModified\":\"2026-04-11T22:30:43+00:00\",\"description\":\"Learn how air quality affects public health and natural ecosystems. Discover the importance of air quality management in North America.\",\"breadcrumb\":{\"@id\":\"https:\\\/\\\/www.cec.org\\\/fr\\\/sujets\\\/polluants\\\/amelioration-de-la-qualite-de-lair\\\/#breadcrumb\"},\"inLanguage\":\"fr-FR\",\"potentialAction\":[{\"@type\":\"ReadAction\",\"target\":[\"https:\\\/\\\/www.cec.org\\\/fr\\\/sujets\\\/polluants\\\/amelioration-de-la-qualite-de-lair\\\/\"]}]},{\"@type\":\"ImageObject\",\"inLanguage\":\"fr-FR\",\"@id\":\"https:\\\/\\\/www.cec.org\\\/fr\\\/sujets\\\/polluants\\\/amelioration-de-la-qualite-de-lair\\\/#primaryimage\",\"url\":\"https:\\\/\\\/www.cec.org\\\/wp-content\\\/uploads\\\/air2-2.jpg\",\"contentUrl\":\"https:\\\/\\\/www.cec.org\\\/wp-content\\\/uploads\\\/air2-2.jpg\",\"width\":600,\"height\":342,\"caption\":\"Factory releasing pollutants to the air\"},{\"@type\":\"BreadcrumbList\",\"@id\":\"https:\\\/\\\/www.cec.org\\\/fr\\\/sujets\\\/polluants\\\/amelioration-de-la-qualite-de-lair\\\/#breadcrumb\",\"itemListElement\":[{\"@type\":\"ListItem\",\"position\":1,\"name\":\"Accueil\",\"item\":\"https:\\\/\\\/www.cec.org\\\/fr\\\/\"},{\"@type\":\"ListItem\",\"position\":2,\"name\":\"Sujets\",\"item\":\"https:\\\/\\\/www.cec.org\\\/fr\\\/sujets\\\/\"},{\"@type\":\"ListItem\",\"position\":3,\"name\":\"Polluants\",\"item\":\"https:\\\/\\\/www.cec.org\\\/fr\\\/topics\\\/pollutants\\\/\"},{\"@type\":\"ListItem\",\"position\":4,\"name\":\"Am\u00e9lioration de la qualit\u00e9 de l\u2019air\"}]},{\"@type\":\"WebSite\",\"@id\":\"https:\\\/\\\/www.cec.org\\\/fr\\\/#website\",\"url\":\"https:\\\/\\\/www.cec.org\\\/fr\\\/\",\"name\":\"Commission for Environmental Cooperation\",\"description\":\"Three countries working together to protect our shared environment\",\"alternateName\":\"CEC - CCA -CCE\",\"potentialAction\":[{\"@type\":\"SearchAction\",\"target\":{\"@type\":\"EntryPoint\",\"urlTemplate\":\"https:\\\/\\\/www.cec.org\\\/fr\\\/?s={search_term_string}\"},\"query-input\":{\"@type\":\"PropertyValueSpecification\",\"valueRequired\":true,\"valueName\":\"search_term_string\"}}],\"inLanguage\":\"fr-FR\"}]}<\/script>\n<!-- \/ Yoast SEO Premium plugin. -->","yoast_head_json":{"title":"Am\u00e9lioration de la qualit\u00e9 de l\u2019air","description":"Learn how air quality affects public health and natural ecosystems. Discover the importance of air quality management in North America.","robots":{"index":"index","follow":"follow","max-snippet":"max-snippet:-1","max-image-preview":"max-image-preview:large","max-video-preview":"max-video-preview:-1"},"canonical":"https:\/\/www.cec.org\/fr\/sujets\/polluants\/amelioration-de-la-qualite-de-lair\/","og_locale":"fr_FR","og_type":"article","og_title":"Am\u00e9lioration de la qualit\u00e9 de l\u2019air","og_description":"Les ressources atmosph\u00e9riques sont communes \u00e0 nos trois pays et ne connaissent aucune fronti\u00e8re nationale. Avec nos travaux, nous brossons un tableau plus","og_url":"https:\/\/www.cec.org\/fr\/sujets\/polluants\/amelioration-de-la-qualite-de-lair\/","og_site_name":"Commission de coop\u00e9ration environnementale","article_publisher":"https:\/\/www.facebook.com\/CECconnect","article_modified_time":"2026-04-11T22:30:43+00:00","og_image":[{"width":600,"height":342,"url":"https:\/\/www.cec.org\/wp-content\/uploads\/air2-2.jpg","type":"image\/jpeg"}],"twitter_card":"summary_large_image","twitter_site":"@CECweb","schema":{"@context":"https:\/\/schema.org","@graph":[{"@type":"WebPage","@id":"https:\/\/www.cec.org\/fr\/sujets\/polluants\/amelioration-de-la-qualite-de-lair\/","url":"https:\/\/www.cec.org\/fr\/sujets\/polluants\/amelioration-de-la-qualite-de-lair\/","name":"Am\u00e9lioration de la qualit\u00e9 de l\u2019air","isPartOf":{"@id":"https:\/\/www.cec.org\/fr\/#website"},"primaryImageOfPage":{"@id":"https:\/\/www.cec.org\/fr\/sujets\/polluants\/amelioration-de-la-qualite-de-lair\/#primaryimage"},"image":{"@id":"https:\/\/www.cec.org\/fr\/sujets\/polluants\/amelioration-de-la-qualite-de-lair\/#primaryimage"},"thumbnailUrl":"https:\/\/www.cec.org\/wp-content\/uploads\/air2-2.jpg","datePublished":"2024-04-01T17:58:47+00:00","dateModified":"2026-04-11T22:30:43+00:00","description":"Learn how air quality affects public health and natural ecosystems. Discover the importance of air quality management in North America.","breadcrumb":{"@id":"https:\/\/www.cec.org\/fr\/sujets\/polluants\/amelioration-de-la-qualite-de-lair\/#breadcrumb"},"inLanguage":"fr-FR","potentialAction":[{"@type":"ReadAction","target":["https:\/\/www.cec.org\/fr\/sujets\/polluants\/amelioration-de-la-qualite-de-lair\/"]}]},{"@type":"ImageObject","inLanguage":"fr-FR","@id":"https:\/\/www.cec.org\/fr\/sujets\/polluants\/amelioration-de-la-qualite-de-lair\/#primaryimage","url":"https:\/\/www.cec.org\/wp-content\/uploads\/air2-2.jpg","contentUrl":"https:\/\/www.cec.org\/wp-content\/uploads\/air2-2.jpg","width":600,"height":342,"caption":"Factory releasing pollutants to the air"},{"@type":"BreadcrumbList","@id":"https:\/\/www.cec.org\/fr\/sujets\/polluants\/amelioration-de-la-qualite-de-lair\/#breadcrumb","itemListElement":[{"@type":"ListItem","position":1,"name":"Accueil","item":"https:\/\/www.cec.org\/fr\/"},{"@type":"ListItem","position":2,"name":"Sujets","item":"https:\/\/www.cec.org\/fr\/sujets\/"},{"@type":"ListItem","position":3,"name":"Polluants","item":"https:\/\/www.cec.org\/fr\/topics\/pollutants\/"},{"@type":"ListItem","position":4,"name":"Am\u00e9lioration de la qualit\u00e9 de l\u2019air"}]},{"@type":"WebSite","@id":"https:\/\/www.cec.org\/fr\/#website","url":"https:\/\/www.cec.org\/fr\/","name":"Commission for Environmental Cooperation","description":"Three countries working together to protect our shared environment","alternateName":"CEC - CCA -CCE","potentialAction":[{"@type":"SearchAction","target":{"@type":"EntryPoint","urlTemplate":"https:\/\/www.cec.org\/fr\/?s={search_term_string}"},"query-input":{"@type":"PropertyValueSpecification","valueRequired":true,"valueName":"search_term_string"}}],"inLanguage":"fr-FR"}]}},"_links":{"self":[{"href":"https:\/\/www.cec.org\/fr\/wp-json\/wp\/v2\/pages\/54750","targetHints":{"allow":["GET"]}}],"collection":[{"href":"https:\/\/www.cec.org\/fr\/wp-json\/wp\/v2\/pages"}],"about":[{"href":"https:\/\/www.cec.org\/fr\/wp-json\/wp\/v2\/types\/page"}],"author":[{"embeddable":true,"href":"https:\/\/www.cec.org\/fr\/wp-json\/wp\/v2\/users\/1"}],"replies":[{"embeddable":true,"href":"https:\/\/www.cec.org\/fr\/wp-json\/wp\/v2\/comments?post=54750"}],"version-history":[{"count":1,"href":"https:\/\/www.cec.org\/fr\/wp-json\/wp\/v2\/pages\/54750\/revisions"}],"predecessor-version":[{"id":56008,"href":"https:\/\/www.cec.org\/fr\/wp-json\/wp\/v2\/pages\/54750\/revisions\/56008"}],"up":[{"embeddable":true,"href":"https:\/\/www.cec.org\/fr\/wp-json\/wp\/v2\/pages\/55218"}],"wp:featuredmedia":[{"embeddable":true,"href":"https:\/\/www.cec.org\/fr\/wp-json\/wp\/v2\/media\/45949"}],"wp:attachment":[{"href":"https:\/\/www.cec.org\/fr\/wp-json\/wp\/v2\/media?parent=54750"}],"curies":[{"name":"wp","href":"https:\/\/api.w.org\/{rel}","templated":true}]}}