{"id":54745,"date":"2024-04-01T13:52:30","date_gmt":"2024-04-01T17:52:30","guid":{"rendered":"http:\/\/www.cec.org\/gestion-ecologiquement-rationnelle-des-produits-chimiques\/"},"modified":"2024-07-11T13:35:47","modified_gmt":"2024-07-11T17:35:47","slug":"gestion-ecologiquement-rationnelle-des-produits-chimiques","status":"publish","type":"page","link":"https:\/\/www.cec.org\/fr\/sujets\/polluants\/gestion-ecologiquement-rationnelle-des-produits-chimiques\/","title":{"rendered":"Gestion \u00e9cologiquement rationnelle des produits chimiques"},"content":{"rendered":"<p>Nous nous int\u00e9ressons \u00e0 la gestion rationnelle des produits chimiques tout au long de leur cycle de vie, y compris la pr\u00e9vention de la pollution, la r\u00e9duction \u00e0 la source et la lutte contre la pollution.<\/p>\n","protected":false},"excerpt":{"rendered":"<p>Nous nous int\u00e9ressons \u00e0 la gestion rationnelle des produits chimiques tout au long de leur cycle de vie, y compris la pr\u00e9vention de la pollution, la r\u00e9duction \u00e0 la source et la lutte contre la pollution.<\/p>\n","protected":false},"author":1,"featured_media":46014,"parent":55218,"menu_order":0,"comment_status":"closed","ping_status":"closed","template":"page-2024subtopics.php","meta":{"_acf_changed":false,"footnotes":""},"class_list":["post-54745","page","type-page","status-publish","has-post-thumbnail","hentry"],"acf":[],"yoast_head":"<!-- This site is optimized with the Yoast SEO Premium plugin v27.0 (Yoast SEO v27.0) - https:\/\/yoast.com\/product\/yoast-seo-premium-wordpress\/ -->\n<title>Gestion \u00e9cologiquement rationnelle des produits chimiques<\/title>\n<meta name=\"description\" content=\"Nous nous int\u00e9ressons \u00e0 la gestion rationnelle des produits chimiques tout au long de leur cycle de vie, y compris la pr\u00e9vention de la pollution, la\" \/>\n<meta name=\"robots\" content=\"index, follow, max-snippet:-1, max-image-preview:large, max-video-preview:-1\" \/>\n<link rel=\"canonical\" href=\"https:\/\/www.cec.org\/fr\/sujets\/polluants\/gestion-ecologiquement-rationnelle-des-produits-chimiques\/\" \/>\n<meta property=\"og:locale\" content=\"fr_FR\" \/>\n<meta property=\"og:type\" content=\"article\" \/>\n<meta property=\"og:title\" content=\"Gestion \u00e9cologiquement rationnelle des produits chimiques\" \/>\n<meta property=\"og:description\" content=\"Nous nous int\u00e9ressons \u00e0 la gestion rationnelle des produits chimiques tout au long de leur cycle de vie, y compris la pr\u00e9vention de la pollution, la\" \/>\n<meta property=\"og:url\" content=\"https:\/\/www.cec.org\/fr\/sujets\/polluants\/gestion-ecologiquement-rationnelle-des-produits-chimiques\/\" \/>\n<meta property=\"og:site_name\" content=\"Commission de coop\u00e9ration environnementale\" \/>\n<meta property=\"article:publisher\" content=\"https:\/\/www.facebook.com\/CECconnect\" \/>\n<meta property=\"article:modified_time\" content=\"2024-07-11T17:35:47+00:00\" \/>\n<meta property=\"og:image\" content=\"https:\/\/www.cec.org\/wp-content\/uploads\/chemicals1-2.jpg\" \/>\n\t<meta property=\"og:image:width\" content=\"600\" \/>\n\t<meta property=\"og:image:height\" content=\"342\" \/>\n\t<meta property=\"og:image:type\" content=\"image\/jpeg\" \/>\n<meta name=\"twitter:card\" content=\"summary_large_image\" \/>\n<meta name=\"twitter:site\" content=\"@CECweb\" \/>\n<script type=\"application\/ld+json\" class=\"yoast-schema-graph\">{\"@context\":\"https:\/\/schema.org\",\"@graph\":[{\"@type\":\"WebPage\",\"@id\":\"https:\/\/www.cec.org\/fr\/sujets\/polluants\/gestion-ecologiquement-rationnelle-des-produits-chimiques\/\",\"url\":\"https:\/\/www.cec.org\/fr\/sujets\/polluants\/gestion-ecologiquement-rationnelle-des-produits-chimiques\/\",\"name\":\"Gestion \u00e9cologiquement rationnelle des produits chimiques\",\"isPartOf\":{\"@id\":\"https:\/\/www.cec.org\/fr\/#website\"},\"primaryImageOfPage\":{\"@id\":\"https:\/\/www.cec.org\/fr\/sujets\/polluants\/gestion-ecologiquement-rationnelle-des-produits-chimiques\/#primaryimage\"},\"image\":{\"@id\":\"https:\/\/www.cec.org\/fr\/sujets\/polluants\/gestion-ecologiquement-rationnelle-des-produits-chimiques\/#primaryimage\"},\"thumbnailUrl\":\"https:\/\/www.cec.org\/wp-content\/uploads\/chemicals1-2.jpg\",\"datePublished\":\"2024-04-01T17:52:30+00:00\",\"dateModified\":\"2024-07-11T17:35:47+00:00\",\"description\":\"Nous nous int\u00e9ressons \u00e0 la gestion rationnelle des produits chimiques tout au long de leur cycle de vie, y compris la pr\u00e9vention de la pollution, la\",\"breadcrumb\":{\"@id\":\"https:\/\/www.cec.org\/fr\/sujets\/polluants\/gestion-ecologiquement-rationnelle-des-produits-chimiques\/#breadcrumb\"},\"inLanguage\":\"fr-FR\",\"potentialAction\":[{\"@type\":\"ReadAction\",\"target\":[\"https:\/\/www.cec.org\/fr\/sujets\/polluants\/gestion-ecologiquement-rationnelle-des-produits-chimiques\/\"]}]},{\"@type\":\"ImageObject\",\"inLanguage\":\"fr-FR\",\"@id\":\"https:\/\/www.cec.org\/fr\/sujets\/polluants\/gestion-ecologiquement-rationnelle-des-produits-chimiques\/#primaryimage\",\"url\":\"https:\/\/www.cec.org\/wp-content\/uploads\/chemicals1-2.jpg\",\"contentUrl\":\"https:\/\/www.cec.org\/wp-content\/uploads\/chemicals1-2.jpg\",\"width\":600,\"height\":342,\"caption\":\"\u00a9 Medilab Exports Consortium\"},{\"@type\":\"BreadcrumbList\",\"@id\":\"https:\/\/www.cec.org\/fr\/sujets\/polluants\/gestion-ecologiquement-rationnelle-des-produits-chimiques\/#breadcrumb\",\"itemListElement\":[{\"@type\":\"ListItem\",\"position\":1,\"name\":\"Accueil\",\"item\":\"https:\/\/www.cec.org\/fr\/\"},{\"@type\":\"ListItem\",\"position\":2,\"name\":\"Sujets\",\"item\":\"https:\/\/www.cec.org\/fr\/sujets\/\"},{\"@type\":\"ListItem\",\"position\":3,\"name\":\"Polluants\",\"item\":\"https:\/\/www.cec.org\/fr\/sujets\/polluants\/\"},{\"@type\":\"ListItem\",\"position\":4,\"name\":\"Gestion \u00e9cologiquement rationnelle des produits chimiques\"}]},{\"@type\":\"WebSite\",\"@id\":\"https:\/\/www.cec.org\/fr\/#website\",\"url\":\"https:\/\/www.cec.org\/fr\/\",\"name\":\"Commission for Environmental Cooperation\",\"description\":\"Three countries working together to protect our shared environment\",\"alternateName\":\"CEC - CCA -CCE\",\"potentialAction\":[{\"@type\":\"SearchAction\",\"target\":{\"@type\":\"EntryPoint\",\"urlTemplate\":\"https:\/\/www.cec.org\/fr\/?s={search_term_string}\"},\"query-input\":{\"@type\":\"PropertyValueSpecification\",\"valueRequired\":true,\"valueName\":\"search_term_string\"}}],\"inLanguage\":\"fr-FR\"}]}<\/script>\n<!-- \/ Yoast SEO Premium plugin. -->","yoast_head_json":{"title":"Gestion \u00e9cologiquement rationnelle des produits chimiques","description":"Nous nous int\u00e9ressons \u00e0 la gestion rationnelle des produits chimiques tout au long de leur cycle de vie, y compris la pr\u00e9vention de la pollution, la","robots":{"index":"index","follow":"follow","max-snippet":"max-snippet:-1","max-image-preview":"max-image-preview:large","max-video-preview":"max-video-preview:-1"},"canonical":"https:\/\/www.cec.org\/fr\/sujets\/polluants\/gestion-ecologiquement-rationnelle-des-produits-chimiques\/","og_locale":"fr_FR","og_type":"article","og_title":"Gestion \u00e9cologiquement rationnelle des produits chimiques","og_description":"Nous nous int\u00e9ressons \u00e0 la gestion rationnelle des produits chimiques tout au long de leur cycle de vie, y compris la pr\u00e9vention de la pollution, la","og_url":"https:\/\/www.cec.org\/fr\/sujets\/polluants\/gestion-ecologiquement-rationnelle-des-produits-chimiques\/","og_site_name":"Commission de coop\u00e9ration environnementale","article_publisher":"https:\/\/www.facebook.com\/CECconnect","article_modified_time":"2024-07-11T17:35:47+00:00","og_image":[{"width":600,"height":342,"url":"https:\/\/www.cec.org\/wp-content\/uploads\/chemicals1-2.jpg","type":"image\/jpeg"}],"twitter_card":"summary_large_image","twitter_site":"@CECweb","schema":{"@context":"https:\/\/schema.org","@graph":[{"@type":"WebPage","@id":"https:\/\/www.cec.org\/fr\/sujets\/polluants\/gestion-ecologiquement-rationnelle-des-produits-chimiques\/","url":"https:\/\/www.cec.org\/fr\/sujets\/polluants\/gestion-ecologiquement-rationnelle-des-produits-chimiques\/","name":"Gestion \u00e9cologiquement rationnelle des produits chimiques","isPartOf":{"@id":"https:\/\/www.cec.org\/fr\/#website"},"primaryImageOfPage":{"@id":"https:\/\/www.cec.org\/fr\/sujets\/polluants\/gestion-ecologiquement-rationnelle-des-produits-chimiques\/#primaryimage"},"image":{"@id":"https:\/\/www.cec.org\/fr\/sujets\/polluants\/gestion-ecologiquement-rationnelle-des-produits-chimiques\/#primaryimage"},"thumbnailUrl":"https:\/\/www.cec.org\/wp-content\/uploads\/chemicals1-2.jpg","datePublished":"2024-04-01T17:52:30+00:00","dateModified":"2024-07-11T17:35:47+00:00","description":"Nous nous int\u00e9ressons \u00e0 la gestion rationnelle des produits chimiques tout au long de leur cycle de vie, y compris la pr\u00e9vention de la pollution, la","breadcrumb":{"@id":"https:\/\/www.cec.org\/fr\/sujets\/polluants\/gestion-ecologiquement-rationnelle-des-produits-chimiques\/#breadcrumb"},"inLanguage":"fr-FR","potentialAction":[{"@type":"ReadAction","target":["https:\/\/www.cec.org\/fr\/sujets\/polluants\/gestion-ecologiquement-rationnelle-des-produits-chimiques\/"]}]},{"@type":"ImageObject","inLanguage":"fr-FR","@id":"https:\/\/www.cec.org\/fr\/sujets\/polluants\/gestion-ecologiquement-rationnelle-des-produits-chimiques\/#primaryimage","url":"https:\/\/www.cec.org\/wp-content\/uploads\/chemicals1-2.jpg","contentUrl":"https:\/\/www.cec.org\/wp-content\/uploads\/chemicals1-2.jpg","width":600,"height":342,"caption":"\u00a9 Medilab Exports Consortium"},{"@type":"BreadcrumbList","@id":"https:\/\/www.cec.org\/fr\/sujets\/polluants\/gestion-ecologiquement-rationnelle-des-produits-chimiques\/#breadcrumb","itemListElement":[{"@type":"ListItem","position":1,"name":"Accueil","item":"https:\/\/www.cec.org\/fr\/"},{"@type":"ListItem","position":2,"name":"Sujets","item":"https:\/\/www.cec.org\/fr\/sujets\/"},{"@type":"ListItem","position":3,"name":"Polluants","item":"https:\/\/www.cec.org\/fr\/sujets\/polluants\/"},{"@type":"ListItem","position":4,"name":"Gestion \u00e9cologiquement rationnelle des produits chimiques"}]},{"@type":"WebSite","@id":"https:\/\/www.cec.org\/fr\/#website","url":"https:\/\/www.cec.org\/fr\/","name":"Commission for Environmental Cooperation","description":"Three countries working together to protect our shared environment","alternateName":"CEC - CCA -CCE","potentialAction":[{"@type":"SearchAction","target":{"@type":"EntryPoint","urlTemplate":"https:\/\/www.cec.org\/fr\/?s={search_term_string}"},"query-input":{"@type":"PropertyValueSpecification","valueRequired":true,"valueName":"search_term_string"}}],"inLanguage":"fr-FR"}]}},"_links":{"self":[{"href":"https:\/\/www.cec.org\/fr\/wp-json\/wp\/v2\/pages\/54745","targetHints":{"allow":["GET"]}}],"collection":[{"href":"https:\/\/www.cec.org\/fr\/wp-json\/wp\/v2\/pages"}],"about":[{"href":"https:\/\/www.cec.org\/fr\/wp-json\/wp\/v2\/types\/page"}],"author":[{"embeddable":true,"href":"https:\/\/www.cec.org\/fr\/wp-json\/wp\/v2\/users\/1"}],"replies":[{"embeddable":true,"href":"https:\/\/www.cec.org\/fr\/wp-json\/wp\/v2\/comments?post=54745"}],"version-history":[{"count":1,"href":"https:\/\/www.cec.org\/fr\/wp-json\/wp\/v2\/pages\/54745\/revisions"}],"predecessor-version":[{"id":56009,"href":"https:\/\/www.cec.org\/fr\/wp-json\/wp\/v2\/pages\/54745\/revisions\/56009"}],"up":[{"embeddable":true,"href":"https:\/\/www.cec.org\/fr\/wp-json\/wp\/v2\/pages\/55218"}],"wp:featuredmedia":[{"embeddable":true,"href":"https:\/\/www.cec.org\/fr\/wp-json\/wp\/v2\/media\/46014"}],"wp:attachment":[{"href":"https:\/\/www.cec.org\/fr\/wp-json\/wp\/v2\/media?parent=54745"}],"curies":[{"name":"wp","href":"https:\/\/api.w.org\/{rel}","templated":true}]}}