{"id":54741,"date":"2024-04-01T13:45:47","date_gmt":"2024-04-01T17:45:47","guid":{"rendered":"http:\/\/www.cec.org\/reduction-des-emissions-attribuables-au-transport\/"},"modified":"2026-04-11T18:30:28","modified_gmt":"2026-04-11T22:30:28","slug":"reduction-des-emissions-attribuables-au-transport","status":"publish","type":"page","link":"https:\/\/www.cec.org\/fr\/sujets\/polluants\/reduction-des-emissions-attribuables-au-transport\/","title":{"rendered":"R\u00e9duction des \u00e9missions attribuables au transport"},"content":{"rendered":"<p>Les \u00e9missions atmosph\u00e9riques associ\u00e9es au transport des marchandises et des personnes sont une importante source de pollution qui a des effets sur la qualit\u00e9 de l'air, la sant\u00e9 publique et l'environnement. Nous voulons nous assurer que des mesures peuvent \u00eatre prises pour rendre le secteur nord-am\u00e9ricain du transport de marchandises plus efficace et moins polluant.<\/p>\n","protected":false},"excerpt":{"rendered":"<p>Les \u00e9missions atmosph\u00e9riques associ\u00e9es au transport des marchandises et des personnes sont une importante source de pollution qui a des effets sur la qualit\u00e9 de l&rsquo;air, la sant\u00e9 publique et l&rsquo;environnement. Nous voulons nous assurer que des mesures peuvent \u00eatre prises pour rendre le secteur nord-am\u00e9ricain du transport de marchandises plus efficace et moins polluant.<\/p>\n","protected":false},"author":1,"featured_media":42186,"parent":55218,"menu_order":0,"comment_status":"closed","ping_status":"closed","template":"page-2024subtopics.php","meta":{"_acf_changed":false,"footnotes":""},"class_list":["post-54741","page","type-page","status-publish","has-post-thumbnail","hentry"],"acf":[],"yoast_head":"<!-- This site is optimized with the Yoast SEO Premium plugin v27.4 (Yoast SEO v27.4) - https:\/\/yoast.com\/product\/yoast-seo-premium-wordpress\/ -->\n<title>R\u00e9duction des \u00e9missions attribuables au transport<\/title>\n<meta name=\"description\" content=\"Les \u00e9missions atmosph\u00e9riques associ\u00e9es au transport des marchandises et des personnes sont une importante source de pollution...\" \/>\n<meta name=\"robots\" content=\"index, follow, max-snippet:-1, max-image-preview:large, max-video-preview:-1\" \/>\n<link rel=\"canonical\" href=\"https:\/\/www.cec.org\/fr\/sujets\/polluants\/reduction-des-emissions-attribuables-au-transport\/\" \/>\n<meta property=\"og:locale\" content=\"fr_FR\" \/>\n<meta property=\"og:type\" content=\"article\" \/>\n<meta property=\"og:title\" content=\"R\u00e9duction des \u00e9missions attribuables au transport\" \/>\n<meta property=\"og:description\" content=\"Les \u00e9missions atmosph\u00e9riques associ\u00e9es au transport des marchandises et des personnes sont une importante source de pollution qui a des effets sur la\" \/>\n<meta property=\"og:url\" content=\"https:\/\/www.cec.org\/fr\/sujets\/polluants\/reduction-des-emissions-attribuables-au-transport\/\" \/>\n<meta property=\"og:site_name\" content=\"Commission de coop\u00e9ration environnementale\" \/>\n<meta property=\"article:publisher\" content=\"https:\/\/www.facebook.com\/CECconnect\" \/>\n<meta property=\"article:modified_time\" content=\"2026-04-11T22:30:28+00:00\" \/>\n<meta property=\"og:image\" content=\"https:\/\/www.cec.org\/wp-content\/uploads\/maritime-transportation-thumbnail.jpg\" \/>\n\t<meta property=\"og:image:width\" content=\"600\" \/>\n\t<meta property=\"og:image:height\" content=\"342\" \/>\n\t<meta property=\"og:image:type\" content=\"image\/jpeg\" \/>\n<meta name=\"twitter:card\" content=\"summary_large_image\" \/>\n<meta name=\"twitter:site\" content=\"@CECweb\" \/>\n<script type=\"application\/ld+json\" class=\"yoast-schema-graph\">{\"@context\":\"https:\\\/\\\/schema.org\",\"@graph\":[{\"@type\":\"WebPage\",\"@id\":\"https:\\\/\\\/www.cec.org\\\/fr\\\/sujets\\\/polluants\\\/reduction-des-emissions-attribuables-au-transport\\\/\",\"url\":\"https:\\\/\\\/www.cec.org\\\/fr\\\/sujets\\\/polluants\\\/reduction-des-emissions-attribuables-au-transport\\\/\",\"name\":\"R\u00e9duction des \u00e9missions attribuables au transport\",\"isPartOf\":{\"@id\":\"https:\\\/\\\/www.cec.org\\\/fr\\\/#website\"},\"primaryImageOfPage\":{\"@id\":\"https:\\\/\\\/www.cec.org\\\/fr\\\/sujets\\\/polluants\\\/reduction-des-emissions-attribuables-au-transport\\\/#primaryimage\"},\"image\":{\"@id\":\"https:\\\/\\\/www.cec.org\\\/fr\\\/sujets\\\/polluants\\\/reduction-des-emissions-attribuables-au-transport\\\/#primaryimage\"},\"thumbnailUrl\":\"https:\\\/\\\/www.cec.org\\\/wp-content\\\/uploads\\\/maritime-transportation-thumbnail.jpg\",\"datePublished\":\"2024-04-01T17:45:47+00:00\",\"dateModified\":\"2026-04-11T22:30:28+00:00\",\"description\":\"Les \u00e9missions atmosph\u00e9riques associ\u00e9es au transport des marchandises et des personnes sont une importante source de pollution...\",\"breadcrumb\":{\"@id\":\"https:\\\/\\\/www.cec.org\\\/fr\\\/sujets\\\/polluants\\\/reduction-des-emissions-attribuables-au-transport\\\/#breadcrumb\"},\"inLanguage\":\"fr-FR\",\"potentialAction\":[{\"@type\":\"ReadAction\",\"target\":[\"https:\\\/\\\/www.cec.org\\\/fr\\\/sujets\\\/polluants\\\/reduction-des-emissions-attribuables-au-transport\\\/\"]}]},{\"@type\":\"ImageObject\",\"inLanguage\":\"fr-FR\",\"@id\":\"https:\\\/\\\/www.cec.org\\\/fr\\\/sujets\\\/polluants\\\/reduction-des-emissions-attribuables-au-transport\\\/#primaryimage\",\"url\":\"https:\\\/\\\/www.cec.org\\\/wp-content\\\/uploads\\\/maritime-transportation-thumbnail.jpg\",\"contentUrl\":\"https:\\\/\\\/www.cec.org\\\/wp-content\\\/uploads\\\/maritime-transportation-thumbnail.jpg\",\"width\":600,\"height\":342,\"caption\":\"Cargo Ship at sea\"},{\"@type\":\"BreadcrumbList\",\"@id\":\"https:\\\/\\\/www.cec.org\\\/fr\\\/sujets\\\/polluants\\\/reduction-des-emissions-attribuables-au-transport\\\/#breadcrumb\",\"itemListElement\":[{\"@type\":\"ListItem\",\"position\":1,\"name\":\"Accueil\",\"item\":\"https:\\\/\\\/www.cec.org\\\/fr\\\/\"},{\"@type\":\"ListItem\",\"position\":2,\"name\":\"Sujets\",\"item\":\"https:\\\/\\\/www.cec.org\\\/fr\\\/sujets\\\/\"},{\"@type\":\"ListItem\",\"position\":3,\"name\":\"Polluants\",\"item\":\"https:\\\/\\\/www.cec.org\\\/fr\\\/topics\\\/pollutants\\\/\"},{\"@type\":\"ListItem\",\"position\":4,\"name\":\"R\u00e9duction des \u00e9missions attribuables au transport\"}]},{\"@type\":\"WebSite\",\"@id\":\"https:\\\/\\\/www.cec.org\\\/fr\\\/#website\",\"url\":\"https:\\\/\\\/www.cec.org\\\/fr\\\/\",\"name\":\"Commission for Environmental Cooperation\",\"description\":\"Three countries working together to protect our shared environment\",\"alternateName\":\"CEC - CCA -CCE\",\"potentialAction\":[{\"@type\":\"SearchAction\",\"target\":{\"@type\":\"EntryPoint\",\"urlTemplate\":\"https:\\\/\\\/www.cec.org\\\/fr\\\/?s={search_term_string}\"},\"query-input\":{\"@type\":\"PropertyValueSpecification\",\"valueRequired\":true,\"valueName\":\"search_term_string\"}}],\"inLanguage\":\"fr-FR\"}]}<\/script>\n<!-- \/ Yoast SEO Premium plugin. -->","yoast_head_json":{"title":"R\u00e9duction des \u00e9missions attribuables au transport","description":"Les \u00e9missions atmosph\u00e9riques associ\u00e9es au transport des marchandises et des personnes sont une importante source de pollution...","robots":{"index":"index","follow":"follow","max-snippet":"max-snippet:-1","max-image-preview":"max-image-preview:large","max-video-preview":"max-video-preview:-1"},"canonical":"https:\/\/www.cec.org\/fr\/sujets\/polluants\/reduction-des-emissions-attribuables-au-transport\/","og_locale":"fr_FR","og_type":"article","og_title":"R\u00e9duction des \u00e9missions attribuables au transport","og_description":"Les \u00e9missions atmosph\u00e9riques associ\u00e9es au transport des marchandises et des personnes sont une importante source de pollution qui a des effets sur la","og_url":"https:\/\/www.cec.org\/fr\/sujets\/polluants\/reduction-des-emissions-attribuables-au-transport\/","og_site_name":"Commission de coop\u00e9ration environnementale","article_publisher":"https:\/\/www.facebook.com\/CECconnect","article_modified_time":"2026-04-11T22:30:28+00:00","og_image":[{"width":600,"height":342,"url":"https:\/\/www.cec.org\/wp-content\/uploads\/maritime-transportation-thumbnail.jpg","type":"image\/jpeg"}],"twitter_card":"summary_large_image","twitter_site":"@CECweb","schema":{"@context":"https:\/\/schema.org","@graph":[{"@type":"WebPage","@id":"https:\/\/www.cec.org\/fr\/sujets\/polluants\/reduction-des-emissions-attribuables-au-transport\/","url":"https:\/\/www.cec.org\/fr\/sujets\/polluants\/reduction-des-emissions-attribuables-au-transport\/","name":"R\u00e9duction des \u00e9missions attribuables au transport","isPartOf":{"@id":"https:\/\/www.cec.org\/fr\/#website"},"primaryImageOfPage":{"@id":"https:\/\/www.cec.org\/fr\/sujets\/polluants\/reduction-des-emissions-attribuables-au-transport\/#primaryimage"},"image":{"@id":"https:\/\/www.cec.org\/fr\/sujets\/polluants\/reduction-des-emissions-attribuables-au-transport\/#primaryimage"},"thumbnailUrl":"https:\/\/www.cec.org\/wp-content\/uploads\/maritime-transportation-thumbnail.jpg","datePublished":"2024-04-01T17:45:47+00:00","dateModified":"2026-04-11T22:30:28+00:00","description":"Les \u00e9missions atmosph\u00e9riques associ\u00e9es au transport des marchandises et des personnes sont une importante source de pollution...","breadcrumb":{"@id":"https:\/\/www.cec.org\/fr\/sujets\/polluants\/reduction-des-emissions-attribuables-au-transport\/#breadcrumb"},"inLanguage":"fr-FR","potentialAction":[{"@type":"ReadAction","target":["https:\/\/www.cec.org\/fr\/sujets\/polluants\/reduction-des-emissions-attribuables-au-transport\/"]}]},{"@type":"ImageObject","inLanguage":"fr-FR","@id":"https:\/\/www.cec.org\/fr\/sujets\/polluants\/reduction-des-emissions-attribuables-au-transport\/#primaryimage","url":"https:\/\/www.cec.org\/wp-content\/uploads\/maritime-transportation-thumbnail.jpg","contentUrl":"https:\/\/www.cec.org\/wp-content\/uploads\/maritime-transportation-thumbnail.jpg","width":600,"height":342,"caption":"Cargo Ship at sea"},{"@type":"BreadcrumbList","@id":"https:\/\/www.cec.org\/fr\/sujets\/polluants\/reduction-des-emissions-attribuables-au-transport\/#breadcrumb","itemListElement":[{"@type":"ListItem","position":1,"name":"Accueil","item":"https:\/\/www.cec.org\/fr\/"},{"@type":"ListItem","position":2,"name":"Sujets","item":"https:\/\/www.cec.org\/fr\/sujets\/"},{"@type":"ListItem","position":3,"name":"Polluants","item":"https:\/\/www.cec.org\/fr\/topics\/pollutants\/"},{"@type":"ListItem","position":4,"name":"R\u00e9duction des \u00e9missions attribuables au transport"}]},{"@type":"WebSite","@id":"https:\/\/www.cec.org\/fr\/#website","url":"https:\/\/www.cec.org\/fr\/","name":"Commission for Environmental Cooperation","description":"Three countries working together to protect our shared environment","alternateName":"CEC - CCA -CCE","potentialAction":[{"@type":"SearchAction","target":{"@type":"EntryPoint","urlTemplate":"https:\/\/www.cec.org\/fr\/?s={search_term_string}"},"query-input":{"@type":"PropertyValueSpecification","valueRequired":true,"valueName":"search_term_string"}}],"inLanguage":"fr-FR"}]}},"_links":{"self":[{"href":"https:\/\/www.cec.org\/fr\/wp-json\/wp\/v2\/pages\/54741","targetHints":{"allow":["GET"]}}],"collection":[{"href":"https:\/\/www.cec.org\/fr\/wp-json\/wp\/v2\/pages"}],"about":[{"href":"https:\/\/www.cec.org\/fr\/wp-json\/wp\/v2\/types\/page"}],"author":[{"embeddable":true,"href":"https:\/\/www.cec.org\/fr\/wp-json\/wp\/v2\/users\/1"}],"replies":[{"embeddable":true,"href":"https:\/\/www.cec.org\/fr\/wp-json\/wp\/v2\/comments?post=54741"}],"version-history":[{"count":1,"href":"https:\/\/www.cec.org\/fr\/wp-json\/wp\/v2\/pages\/54741\/revisions"}],"predecessor-version":[{"id":56010,"href":"https:\/\/www.cec.org\/fr\/wp-json\/wp\/v2\/pages\/54741\/revisions\/56010"}],"up":[{"embeddable":true,"href":"https:\/\/www.cec.org\/fr\/wp-json\/wp\/v2\/pages\/55218"}],"wp:featuredmedia":[{"embeddable":true,"href":"https:\/\/www.cec.org\/fr\/wp-json\/wp\/v2\/media\/42186"}],"wp:attachment":[{"href":"https:\/\/www.cec.org\/fr\/wp-json\/wp\/v2\/media?parent=54741"}],"curies":[{"name":"wp","href":"https:\/\/api.w.org\/{rel}","templated":true}]}}