{"id":54736,"date":"2024-04-01T13:21:12","date_gmt":"2024-04-01T17:21:12","guid":{"rendered":"http:\/\/www.cec.org\/suivi-des-rejets-et-des-transferts-de-polluants-en-amerique-du-nord\/"},"modified":"2024-10-01T11:38:04","modified_gmt":"2024-10-01T15:38:04","slug":"suivi-des-rejets-et-des-transferts-de-polluants-en-amerique-du-nord","status":"publish","type":"page","link":"https:\/\/www.cec.org\/fr\/sujets\/polluants\/suivi-des-rejets-et-des-transferts-de-polluants-en-amerique-du-nord\/","title":{"rendered":"Suivi des rejets et des transferts de polluants en am\u00e9rique du nord"},"content":{"rendered":"<p>Les industries de l'Am\u00e9rique du Nord produisent de l'\u00e9nergie, des mat\u00e9riaux et divers produits, mais elle g\u00e9n\u00e8rent \u00e9galement des polluants qu'il faut g\u00e9rer pour prot\u00e9ger la sant\u00e9 et l'environnement. Chaque ann\u00e9e, les installations industrielles d\u00e9clarent les quantit\u00e9s de substances qu'elles rejettent dans l'air, l'eau et le sol, qu'elles envoient \u00e0 des sites d'\u00e9limination, \u00e0 des centres de recyclage ou \u00e0 un autre centre de gestion. Nous int\u00e9grons et analysons les donn\u00e9es d\u00e9clar\u00e9es aux RRTP du Canada, du Mexique et des \u00c9tats-Unis et les rendons disponibles au public par le biais de notre site \u00c0 l'heure des comptes en ligne et de nos rapports \u00c0 l'heure des comptes.<\/p>\n","protected":false},"excerpt":{"rendered":"<p>Les industries de l&rsquo;Am\u00e9rique du Nord produisent de l&rsquo;\u00e9nergie, des mat\u00e9riaux et divers produits, mais elle g\u00e9n\u00e8rent \u00e9galement des polluants qu&rsquo;il faut g\u00e9rer pour prot\u00e9ger la sant\u00e9 et l&rsquo;environnement. Chaque ann\u00e9e, les installations industrielles d\u00e9clarent les quantit\u00e9s de substances qu&rsquo;elles rejettent dans l&rsquo;air, l&rsquo;eau et le sol, qu&rsquo;elles envoient \u00e0 des sites d&rsquo;\u00e9limination, \u00e0 des [&hellip;]<\/p>\n","protected":false},"author":1,"featured_media":42168,"parent":55218,"menu_order":0,"comment_status":"closed","ping_status":"closed","template":"page-2024subtopics.php","meta":{"_acf_changed":false,"footnotes":""},"class_list":["post-54736","page","type-page","status-publish","has-post-thumbnail","hentry"],"acf":[],"yoast_head":"<!-- This site is optimized with the Yoast SEO Premium plugin v27.0 (Yoast SEO v27.0) - https:\/\/yoast.com\/product\/yoast-seo-premium-wordpress\/ -->\n<title>Suivi des rejets et des transferts de polluants en am\u00e9rique du nord<\/title>\n<meta name=\"description\" content=\"Les industries de l&#039;Am\u00e9rique du Nord produisent de l&#039;\u00e9nergie, des mat\u00e9riaux et divers produits, mais elle g\u00e9n\u00e8rent \u00e9galement des polluants qu&#039;il faut\" \/>\n<meta name=\"robots\" content=\"index, follow, max-snippet:-1, max-image-preview:large, max-video-preview:-1\" \/>\n<link rel=\"canonical\" href=\"https:\/\/www.cec.org\/fr\/sujets\/polluants\/suivi-des-rejets-et-des-transferts-de-polluants-en-amerique-du-nord\/\" \/>\n<meta property=\"og:locale\" content=\"fr_FR\" \/>\n<meta property=\"og:type\" content=\"article\" \/>\n<meta property=\"og:title\" content=\"Suivi des rejets et des transferts de polluants en am\u00e9rique du nord\" \/>\n<meta property=\"og:description\" content=\"Les industries de l&#039;Am\u00e9rique du Nord produisent de l&#039;\u00e9nergie, des mat\u00e9riaux et divers produits, mais elle g\u00e9n\u00e8rent \u00e9galement des polluants qu&#039;il faut\" \/>\n<meta property=\"og:url\" content=\"https:\/\/www.cec.org\/fr\/sujets\/polluants\/suivi-des-rejets-et-des-transferts-de-polluants-en-amerique-du-nord\/\" \/>\n<meta property=\"og:site_name\" content=\"Commission de coop\u00e9ration environnementale\" \/>\n<meta property=\"article:publisher\" content=\"https:\/\/www.facebook.com\/CECconnect\" \/>\n<meta property=\"article:modified_time\" content=\"2024-10-01T15:38:04+00:00\" \/>\n<meta property=\"og:image\" content=\"https:\/\/www.cec.org\/wp-content\/uploads\/prtr-thumbnail.jpg\" \/>\n\t<meta property=\"og:image:width\" content=\"600\" \/>\n\t<meta property=\"og:image:height\" content=\"342\" \/>\n\t<meta property=\"og:image:type\" content=\"image\/jpeg\" \/>\n<meta name=\"twitter:card\" content=\"summary_large_image\" \/>\n<meta name=\"twitter:site\" content=\"@CECweb\" \/>\n<script type=\"application\/ld+json\" class=\"yoast-schema-graph\">{\"@context\":\"https:\/\/schema.org\",\"@graph\":[{\"@type\":\"WebPage\",\"@id\":\"https:\/\/www.cec.org\/fr\/sujets\/polluants\/suivi-des-rejets-et-des-transferts-de-polluants-en-amerique-du-nord\/\",\"url\":\"https:\/\/www.cec.org\/fr\/sujets\/polluants\/suivi-des-rejets-et-des-transferts-de-polluants-en-amerique-du-nord\/\",\"name\":\"Suivi des rejets et des transferts de polluants en am\u00e9rique du nord\",\"isPartOf\":{\"@id\":\"https:\/\/www.cec.org\/fr\/#website\"},\"primaryImageOfPage\":{\"@id\":\"https:\/\/www.cec.org\/fr\/sujets\/polluants\/suivi-des-rejets-et-des-transferts-de-polluants-en-amerique-du-nord\/#primaryimage\"},\"image\":{\"@id\":\"https:\/\/www.cec.org\/fr\/sujets\/polluants\/suivi-des-rejets-et-des-transferts-de-polluants-en-amerique-du-nord\/#primaryimage\"},\"thumbnailUrl\":\"https:\/\/www.cec.org\/wp-content\/uploads\/prtr-thumbnail.jpg\",\"datePublished\":\"2024-04-01T17:21:12+00:00\",\"dateModified\":\"2024-10-01T15:38:04+00:00\",\"description\":\"Les industries de l'Am\u00e9rique du Nord produisent de l'\u00e9nergie, des mat\u00e9riaux et divers produits, mais elle g\u00e9n\u00e8rent \u00e9galement des polluants qu'il faut\",\"breadcrumb\":{\"@id\":\"https:\/\/www.cec.org\/fr\/sujets\/polluants\/suivi-des-rejets-et-des-transferts-de-polluants-en-amerique-du-nord\/#breadcrumb\"},\"inLanguage\":\"fr-FR\",\"potentialAction\":[{\"@type\":\"ReadAction\",\"target\":[\"https:\/\/www.cec.org\/fr\/sujets\/polluants\/suivi-des-rejets-et-des-transferts-de-polluants-en-amerique-du-nord\/\"]}]},{\"@type\":\"ImageObject\",\"inLanguage\":\"fr-FR\",\"@id\":\"https:\/\/www.cec.org\/fr\/sujets\/polluants\/suivi-des-rejets-et-des-transferts-de-polluants-en-amerique-du-nord\/#primaryimage\",\"url\":\"https:\/\/www.cec.org\/wp-content\/uploads\/prtr-thumbnail.jpg\",\"contentUrl\":\"https:\/\/www.cec.org\/wp-content\/uploads\/prtr-thumbnail.jpg\",\"width\":600,\"height\":342,\"caption\":\"http:\/\/www.cec.org\/topics\/\"},{\"@type\":\"BreadcrumbList\",\"@id\":\"https:\/\/www.cec.org\/fr\/sujets\/polluants\/suivi-des-rejets-et-des-transferts-de-polluants-en-amerique-du-nord\/#breadcrumb\",\"itemListElement\":[{\"@type\":\"ListItem\",\"position\":1,\"name\":\"Accueil\",\"item\":\"https:\/\/www.cec.org\/fr\/\"},{\"@type\":\"ListItem\",\"position\":2,\"name\":\"Sujets\",\"item\":\"https:\/\/www.cec.org\/fr\/sujets\/\"},{\"@type\":\"ListItem\",\"position\":3,\"name\":\"Polluants\",\"item\":\"https:\/\/www.cec.org\/fr\/sujets\/polluants\/\"},{\"@type\":\"ListItem\",\"position\":4,\"name\":\"Suivi des rejets et des transferts de polluants en am\u00e9rique du nord\"}]},{\"@type\":\"WebSite\",\"@id\":\"https:\/\/www.cec.org\/fr\/#website\",\"url\":\"https:\/\/www.cec.org\/fr\/\",\"name\":\"Commission for Environmental Cooperation\",\"description\":\"Three countries working together to protect our shared environment\",\"alternateName\":\"CEC - CCA -CCE\",\"potentialAction\":[{\"@type\":\"SearchAction\",\"target\":{\"@type\":\"EntryPoint\",\"urlTemplate\":\"https:\/\/www.cec.org\/fr\/?s={search_term_string}\"},\"query-input\":{\"@type\":\"PropertyValueSpecification\",\"valueRequired\":true,\"valueName\":\"search_term_string\"}}],\"inLanguage\":\"fr-FR\"}]}<\/script>\n<!-- \/ Yoast SEO Premium plugin. -->","yoast_head_json":{"title":"Suivi des rejets et des transferts de polluants en am\u00e9rique du nord","description":"Les industries de l'Am\u00e9rique du Nord produisent de l'\u00e9nergie, des mat\u00e9riaux et divers produits, mais elle g\u00e9n\u00e8rent \u00e9galement des polluants qu'il faut","robots":{"index":"index","follow":"follow","max-snippet":"max-snippet:-1","max-image-preview":"max-image-preview:large","max-video-preview":"max-video-preview:-1"},"canonical":"https:\/\/www.cec.org\/fr\/sujets\/polluants\/suivi-des-rejets-et-des-transferts-de-polluants-en-amerique-du-nord\/","og_locale":"fr_FR","og_type":"article","og_title":"Suivi des rejets et des transferts de polluants en am\u00e9rique du nord","og_description":"Les industries de l'Am\u00e9rique du Nord produisent de l'\u00e9nergie, des mat\u00e9riaux et divers produits, mais elle g\u00e9n\u00e8rent \u00e9galement des polluants qu'il faut","og_url":"https:\/\/www.cec.org\/fr\/sujets\/polluants\/suivi-des-rejets-et-des-transferts-de-polluants-en-amerique-du-nord\/","og_site_name":"Commission de coop\u00e9ration environnementale","article_publisher":"https:\/\/www.facebook.com\/CECconnect","article_modified_time":"2024-10-01T15:38:04+00:00","og_image":[{"width":600,"height":342,"url":"https:\/\/www.cec.org\/wp-content\/uploads\/prtr-thumbnail.jpg","type":"image\/jpeg"}],"twitter_card":"summary_large_image","twitter_site":"@CECweb","schema":{"@context":"https:\/\/schema.org","@graph":[{"@type":"WebPage","@id":"https:\/\/www.cec.org\/fr\/sujets\/polluants\/suivi-des-rejets-et-des-transferts-de-polluants-en-amerique-du-nord\/","url":"https:\/\/www.cec.org\/fr\/sujets\/polluants\/suivi-des-rejets-et-des-transferts-de-polluants-en-amerique-du-nord\/","name":"Suivi des rejets et des transferts de polluants en am\u00e9rique du nord","isPartOf":{"@id":"https:\/\/www.cec.org\/fr\/#website"},"primaryImageOfPage":{"@id":"https:\/\/www.cec.org\/fr\/sujets\/polluants\/suivi-des-rejets-et-des-transferts-de-polluants-en-amerique-du-nord\/#primaryimage"},"image":{"@id":"https:\/\/www.cec.org\/fr\/sujets\/polluants\/suivi-des-rejets-et-des-transferts-de-polluants-en-amerique-du-nord\/#primaryimage"},"thumbnailUrl":"https:\/\/www.cec.org\/wp-content\/uploads\/prtr-thumbnail.jpg","datePublished":"2024-04-01T17:21:12+00:00","dateModified":"2024-10-01T15:38:04+00:00","description":"Les industries de l'Am\u00e9rique du Nord produisent de l'\u00e9nergie, des mat\u00e9riaux et divers produits, mais elle g\u00e9n\u00e8rent \u00e9galement des polluants qu'il faut","breadcrumb":{"@id":"https:\/\/www.cec.org\/fr\/sujets\/polluants\/suivi-des-rejets-et-des-transferts-de-polluants-en-amerique-du-nord\/#breadcrumb"},"inLanguage":"fr-FR","potentialAction":[{"@type":"ReadAction","target":["https:\/\/www.cec.org\/fr\/sujets\/polluants\/suivi-des-rejets-et-des-transferts-de-polluants-en-amerique-du-nord\/"]}]},{"@type":"ImageObject","inLanguage":"fr-FR","@id":"https:\/\/www.cec.org\/fr\/sujets\/polluants\/suivi-des-rejets-et-des-transferts-de-polluants-en-amerique-du-nord\/#primaryimage","url":"https:\/\/www.cec.org\/wp-content\/uploads\/prtr-thumbnail.jpg","contentUrl":"https:\/\/www.cec.org\/wp-content\/uploads\/prtr-thumbnail.jpg","width":600,"height":342,"caption":"http:\/\/www.cec.org\/topics\/"},{"@type":"BreadcrumbList","@id":"https:\/\/www.cec.org\/fr\/sujets\/polluants\/suivi-des-rejets-et-des-transferts-de-polluants-en-amerique-du-nord\/#breadcrumb","itemListElement":[{"@type":"ListItem","position":1,"name":"Accueil","item":"https:\/\/www.cec.org\/fr\/"},{"@type":"ListItem","position":2,"name":"Sujets","item":"https:\/\/www.cec.org\/fr\/sujets\/"},{"@type":"ListItem","position":3,"name":"Polluants","item":"https:\/\/www.cec.org\/fr\/sujets\/polluants\/"},{"@type":"ListItem","position":4,"name":"Suivi des rejets et des transferts de polluants en am\u00e9rique du nord"}]},{"@type":"WebSite","@id":"https:\/\/www.cec.org\/fr\/#website","url":"https:\/\/www.cec.org\/fr\/","name":"Commission for Environmental Cooperation","description":"Three countries working together to protect our shared environment","alternateName":"CEC - CCA -CCE","potentialAction":[{"@type":"SearchAction","target":{"@type":"EntryPoint","urlTemplate":"https:\/\/www.cec.org\/fr\/?s={search_term_string}"},"query-input":{"@type":"PropertyValueSpecification","valueRequired":true,"valueName":"search_term_string"}}],"inLanguage":"fr-FR"}]}},"_links":{"self":[{"href":"https:\/\/www.cec.org\/fr\/wp-json\/wp\/v2\/pages\/54736","targetHints":{"allow":["GET"]}}],"collection":[{"href":"https:\/\/www.cec.org\/fr\/wp-json\/wp\/v2\/pages"}],"about":[{"href":"https:\/\/www.cec.org\/fr\/wp-json\/wp\/v2\/types\/page"}],"author":[{"embeddable":true,"href":"https:\/\/www.cec.org\/fr\/wp-json\/wp\/v2\/users\/1"}],"replies":[{"embeddable":true,"href":"https:\/\/www.cec.org\/fr\/wp-json\/wp\/v2\/comments?post=54736"}],"version-history":[{"count":1,"href":"https:\/\/www.cec.org\/fr\/wp-json\/wp\/v2\/pages\/54736\/revisions"}],"predecessor-version":[{"id":56011,"href":"https:\/\/www.cec.org\/fr\/wp-json\/wp\/v2\/pages\/54736\/revisions\/56011"}],"up":[{"embeddable":true,"href":"https:\/\/www.cec.org\/fr\/wp-json\/wp\/v2\/pages\/55218"}],"wp:featuredmedia":[{"embeddable":true,"href":"https:\/\/www.cec.org\/fr\/wp-json\/wp\/v2\/media\/42168"}],"wp:attachment":[{"href":"https:\/\/www.cec.org\/fr\/wp-json\/wp\/v2\/media?parent=54736"}],"curies":[{"name":"wp","href":"https:\/\/api.w.org\/{rel}","templated":true}]}}