{"id":54730,"date":"2024-04-01T13:12:57","date_gmt":"2024-04-01T17:12:57","guid":{"rendered":"http:\/\/www.cec.org\/gestion-durable-des-dechets-solides\/"},"modified":"2024-07-11T13:35:35","modified_gmt":"2024-07-11T17:35:35","slug":"gestion-durable-des-dechets-solides","status":"publish","type":"page","link":"https:\/\/www.cec.org\/fr\/gestion-durable-des-dechets-solides\/","title":{"rendered":"Gestion durable des d\u00e9chets solides"},"content":{"rendered":"<p>Compte tenu du fait que la croissance \u00e9conomique suscite une forte demande en ressources naturelles et qu\u2019elle accro\u00eet la production de d\u00e9chets, leur gestion durable constitue un moyen essentiel de pr\u00e9server l\u2019environnement. Par ailleurs, la r\u00e9duction des d\u00e9chets solides et la fermeture des circuits de mati\u00e8res permettront de r\u00e9duire au minimum les r\u00e9percussions environnementales des d\u00e9chets. Il existe d\u2019importantes possibilit\u00e9s \u00e9conomiques tout au long de la cha\u00eene de valeur des ressources et des produits, et en vue de poursuivre les travaux que la CCE a entrepris ant\u00e9rieurement en mati\u00e8re de croissance verte, il est pr\u00e9vu d\u2019\u00e9tudier des moyens de promouvoir l\u2019\u00e9conomie circulaire ainsi que des strat\u00e9gies plus g\u00e9n\u00e9rales de gestion durable des mati\u00e8res. La priorit\u00e9 sera accord\u00e9e aux mesures qui renforceront la collaboration et la participation des consommateurs et des collectivit\u00e9s, sans compter la grande importance que rev\u00eatira l\u2019utilisation efficace des ressources par le secteur priv\u00e9 et les administrations locales, notamment la r\u00e9duction, la r\u00e9utilisation, la valorisation, la remise en \u00e9tat et le recyclage des d\u00e9chets.<\/p>\n","protected":false},"excerpt":{"rendered":"<p>Compte tenu du fait que la croissance \u00e9conomique suscite une forte demande en ressources naturelles et qu\u2019elle accro\u00eet la production de d\u00e9chets, leur gestion durable constitue un moyen essentiel de pr\u00e9server l\u2019environnement. Par ailleurs, la r\u00e9duction des d\u00e9chets solides et la fermeture des circuits de mati\u00e8res permettront de r\u00e9duire au minimum les r\u00e9percussions environnementales des [&hellip;]<\/p>\n","protected":false},"author":1,"featured_media":47112,"parent":0,"menu_order":0,"comment_status":"closed","ping_status":"closed","template":"page-2024subtopics.php","meta":{"_acf_changed":false,"footnotes":""},"class_list":["post-54730","page","type-page","status-publish","has-post-thumbnail","hentry"],"acf":[],"yoast_head":"<!-- This site is optimized with the Yoast SEO Premium plugin v27.0 (Yoast SEO v27.0) - https:\/\/yoast.com\/product\/yoast-seo-premium-wordpress\/ -->\n<title>Gestion durable des d\u00e9chets solides<\/title>\n<meta name=\"description\" content=\"Compte tenu du fait que la croissance \u00e9conomique suscite une forte demande en ressources naturelles et qu\u2019elle accro\u00eet la production de d\u00e9chets, leur\" \/>\n<meta name=\"robots\" content=\"index, follow, max-snippet:-1, max-image-preview:large, max-video-preview:-1\" \/>\n<link rel=\"canonical\" href=\"https:\/\/www.cec.org\/fr\/gestion-durable-des-dechets-solides\/\" \/>\n<meta property=\"og:locale\" content=\"fr_FR\" \/>\n<meta property=\"og:type\" content=\"article\" \/>\n<meta property=\"og:title\" content=\"Gestion durable des d\u00e9chets solides\" \/>\n<meta property=\"og:description\" content=\"Compte tenu du fait que la croissance \u00e9conomique suscite une forte demande en ressources naturelles et qu\u2019elle accro\u00eet la production de d\u00e9chets, leur\" \/>\n<meta property=\"og:url\" content=\"https:\/\/www.cec.org\/fr\/gestion-durable-des-dechets-solides\/\" \/>\n<meta property=\"og:site_name\" content=\"Commission de coop\u00e9ration environnementale\" \/>\n<meta property=\"article:publisher\" content=\"https:\/\/www.facebook.com\/CECconnect\" \/>\n<meta property=\"article:modified_time\" content=\"2024-07-11T17:35:35+00:00\" \/>\n<meta property=\"og:image\" content=\"https:\/\/www.cec.org\/wp-content\/uploads\/Solid-Waste.jpg\" \/>\n\t<meta property=\"og:image:width\" content=\"600\" \/>\n\t<meta property=\"og:image:height\" content=\"342\" \/>\n\t<meta property=\"og:image:type\" content=\"image\/jpeg\" \/>\n<meta name=\"twitter:card\" content=\"summary_large_image\" \/>\n<meta name=\"twitter:site\" content=\"@CECweb\" \/>\n<script type=\"application\/ld+json\" class=\"yoast-schema-graph\">{\"@context\":\"https:\/\/schema.org\",\"@graph\":[{\"@type\":\"WebPage\",\"@id\":\"https:\/\/www.cec.org\/fr\/gestion-durable-des-dechets-solides\/\",\"url\":\"https:\/\/www.cec.org\/fr\/gestion-durable-des-dechets-solides\/\",\"name\":\"Gestion durable des d\u00e9chets solides\",\"isPartOf\":{\"@id\":\"https:\/\/www.cec.org\/fr\/#website\"},\"primaryImageOfPage\":{\"@id\":\"https:\/\/www.cec.org\/fr\/gestion-durable-des-dechets-solides\/#primaryimage\"},\"image\":{\"@id\":\"https:\/\/www.cec.org\/fr\/gestion-durable-des-dechets-solides\/#primaryimage\"},\"thumbnailUrl\":\"https:\/\/www.cec.org\/wp-content\/uploads\/Solid-Waste.jpg\",\"datePublished\":\"2024-04-01T17:12:57+00:00\",\"dateModified\":\"2024-07-11T17:35:35+00:00\",\"description\":\"Compte tenu du fait que la croissance \u00e9conomique suscite une forte demande en ressources naturelles et qu\u2019elle accro\u00eet la production de d\u00e9chets, leur\",\"breadcrumb\":{\"@id\":\"https:\/\/www.cec.org\/fr\/gestion-durable-des-dechets-solides\/#breadcrumb\"},\"inLanguage\":\"fr-FR\",\"potentialAction\":[{\"@type\":\"ReadAction\",\"target\":[\"https:\/\/www.cec.org\/fr\/gestion-durable-des-dechets-solides\/\"]}]},{\"@type\":\"ImageObject\",\"inLanguage\":\"fr-FR\",\"@id\":\"https:\/\/www.cec.org\/fr\/gestion-durable-des-dechets-solides\/#primaryimage\",\"url\":\"https:\/\/www.cec.org\/wp-content\/uploads\/Solid-Waste.jpg\",\"contentUrl\":\"https:\/\/www.cec.org\/wp-content\/uploads\/Solid-Waste.jpg\",\"width\":600,\"height\":342,\"caption\":\"Solid waste\"},{\"@type\":\"BreadcrumbList\",\"@id\":\"https:\/\/www.cec.org\/fr\/gestion-durable-des-dechets-solides\/#breadcrumb\",\"itemListElement\":[{\"@type\":\"ListItem\",\"position\":1,\"name\":\"Accueil\",\"item\":\"https:\/\/www.cec.org\/fr\/\"},{\"@type\":\"ListItem\",\"position\":2,\"name\":\"Sujets\",\"item\":\"https:\/\/www.cec.org\/fr\/sujets\/\"},{\"@type\":\"ListItem\",\"position\":3,\"name\":\"Modes de vie et \u00e9conomies durables\",\"item\":\"https:\/\/www.cec.org\/fr\/topics\/sustainable-living-and-economies\/\"},{\"@type\":\"ListItem\",\"position\":4,\"name\":\"Gestion durable des d\u00e9chets solides\"}]},{\"@type\":\"WebSite\",\"@id\":\"https:\/\/www.cec.org\/fr\/#website\",\"url\":\"https:\/\/www.cec.org\/fr\/\",\"name\":\"Commission for Environmental Cooperation\",\"description\":\"Three countries working together to protect our shared environment\",\"alternateName\":\"CEC - CCA -CCE\",\"potentialAction\":[{\"@type\":\"SearchAction\",\"target\":{\"@type\":\"EntryPoint\",\"urlTemplate\":\"https:\/\/www.cec.org\/fr\/?s={search_term_string}\"},\"query-input\":{\"@type\":\"PropertyValueSpecification\",\"valueRequired\":true,\"valueName\":\"search_term_string\"}}],\"inLanguage\":\"fr-FR\"}]}<\/script>\n<!-- \/ Yoast SEO Premium plugin. -->","yoast_head_json":{"title":"Gestion durable des d\u00e9chets solides","description":"Compte tenu du fait que la croissance \u00e9conomique suscite une forte demande en ressources naturelles et qu\u2019elle accro\u00eet la production de d\u00e9chets, leur","robots":{"index":"index","follow":"follow","max-snippet":"max-snippet:-1","max-image-preview":"max-image-preview:large","max-video-preview":"max-video-preview:-1"},"canonical":"https:\/\/www.cec.org\/fr\/gestion-durable-des-dechets-solides\/","og_locale":"fr_FR","og_type":"article","og_title":"Gestion durable des d\u00e9chets solides","og_description":"Compte tenu du fait que la croissance \u00e9conomique suscite une forte demande en ressources naturelles et qu\u2019elle accro\u00eet la production de d\u00e9chets, leur","og_url":"https:\/\/www.cec.org\/fr\/gestion-durable-des-dechets-solides\/","og_site_name":"Commission de coop\u00e9ration environnementale","article_publisher":"https:\/\/www.facebook.com\/CECconnect","article_modified_time":"2024-07-11T17:35:35+00:00","og_image":[{"width":600,"height":342,"url":"https:\/\/www.cec.org\/wp-content\/uploads\/Solid-Waste.jpg","type":"image\/jpeg"}],"twitter_card":"summary_large_image","twitter_site":"@CECweb","schema":{"@context":"https:\/\/schema.org","@graph":[{"@type":"WebPage","@id":"https:\/\/www.cec.org\/fr\/gestion-durable-des-dechets-solides\/","url":"https:\/\/www.cec.org\/fr\/gestion-durable-des-dechets-solides\/","name":"Gestion durable des d\u00e9chets solides","isPartOf":{"@id":"https:\/\/www.cec.org\/fr\/#website"},"primaryImageOfPage":{"@id":"https:\/\/www.cec.org\/fr\/gestion-durable-des-dechets-solides\/#primaryimage"},"image":{"@id":"https:\/\/www.cec.org\/fr\/gestion-durable-des-dechets-solides\/#primaryimage"},"thumbnailUrl":"https:\/\/www.cec.org\/wp-content\/uploads\/Solid-Waste.jpg","datePublished":"2024-04-01T17:12:57+00:00","dateModified":"2024-07-11T17:35:35+00:00","description":"Compte tenu du fait que la croissance \u00e9conomique suscite une forte demande en ressources naturelles et qu\u2019elle accro\u00eet la production de d\u00e9chets, leur","breadcrumb":{"@id":"https:\/\/www.cec.org\/fr\/gestion-durable-des-dechets-solides\/#breadcrumb"},"inLanguage":"fr-FR","potentialAction":[{"@type":"ReadAction","target":["https:\/\/www.cec.org\/fr\/gestion-durable-des-dechets-solides\/"]}]},{"@type":"ImageObject","inLanguage":"fr-FR","@id":"https:\/\/www.cec.org\/fr\/gestion-durable-des-dechets-solides\/#primaryimage","url":"https:\/\/www.cec.org\/wp-content\/uploads\/Solid-Waste.jpg","contentUrl":"https:\/\/www.cec.org\/wp-content\/uploads\/Solid-Waste.jpg","width":600,"height":342,"caption":"Solid waste"},{"@type":"BreadcrumbList","@id":"https:\/\/www.cec.org\/fr\/gestion-durable-des-dechets-solides\/#breadcrumb","itemListElement":[{"@type":"ListItem","position":1,"name":"Accueil","item":"https:\/\/www.cec.org\/fr\/"},{"@type":"ListItem","position":2,"name":"Sujets","item":"https:\/\/www.cec.org\/fr\/sujets\/"},{"@type":"ListItem","position":3,"name":"Modes de vie et \u00e9conomies durables","item":"https:\/\/www.cec.org\/fr\/topics\/sustainable-living-and-economies\/"},{"@type":"ListItem","position":4,"name":"Gestion durable des d\u00e9chets solides"}]},{"@type":"WebSite","@id":"https:\/\/www.cec.org\/fr\/#website","url":"https:\/\/www.cec.org\/fr\/","name":"Commission for Environmental Cooperation","description":"Three countries working together to protect our shared environment","alternateName":"CEC - CCA -CCE","potentialAction":[{"@type":"SearchAction","target":{"@type":"EntryPoint","urlTemplate":"https:\/\/www.cec.org\/fr\/?s={search_term_string}"},"query-input":{"@type":"PropertyValueSpecification","valueRequired":true,"valueName":"search_term_string"}}],"inLanguage":"fr-FR"}]}},"_links":{"self":[{"href":"https:\/\/www.cec.org\/fr\/wp-json\/wp\/v2\/pages\/54730","targetHints":{"allow":["GET"]}}],"collection":[{"href":"https:\/\/www.cec.org\/fr\/wp-json\/wp\/v2\/pages"}],"about":[{"href":"https:\/\/www.cec.org\/fr\/wp-json\/wp\/v2\/types\/page"}],"author":[{"embeddable":true,"href":"https:\/\/www.cec.org\/fr\/wp-json\/wp\/v2\/users\/1"}],"replies":[{"embeddable":true,"href":"https:\/\/www.cec.org\/fr\/wp-json\/wp\/v2\/comments?post=54730"}],"version-history":[{"count":1,"href":"https:\/\/www.cec.org\/fr\/wp-json\/wp\/v2\/pages\/54730\/revisions"}],"predecessor-version":[{"id":56000,"href":"https:\/\/www.cec.org\/fr\/wp-json\/wp\/v2\/pages\/54730\/revisions\/56000"}],"wp:featuredmedia":[{"embeddable":true,"href":"https:\/\/www.cec.org\/fr\/wp-json\/wp\/v2\/media\/47112"}],"wp:attachment":[{"href":"https:\/\/www.cec.org\/fr\/wp-json\/wp\/v2\/media?parent=54730"}],"curies":[{"name":"wp","href":"https:\/\/api.w.org\/{rel}","templated":true}]}}