{"id":54716,"date":"2024-03-29T13:13:26","date_gmt":"2024-03-29T17:13:26","guid":{"rendered":"http:\/\/www.cec.org\/accroissement-de-la-durabilite-du-secteur-des-transports\/"},"modified":"2024-07-11T13:35:34","modified_gmt":"2024-07-11T17:35:34","slug":"accroissement-de-la-durabilite-du-secteur-des-transports","status":"publish","type":"page","link":"https:\/\/www.cec.org\/fr\/accroissement-de-la-durabilite-du-secteur-des-transports\/","title":{"rendered":"Accroissement de la durabilit\u00e9 du secteur de la fabrication de v\u00e9hicules"},"content":{"rendered":"<p>Un grand nombre des voitures, autobus et camions que nous conduisons ont \u00e9t\u00e9 fabriqu\u00e9s aux \u00c9tats-Unis avec un moteur canadien et une transmission mexicaine. Ces produits nord-am\u00e9ricains sont fabriqu\u00e9s \u00e0 partir de pi\u00e8ces provenant d'une vaste cha\u00eene d'approvisionnement qui relie les trois pays. Nous avons cr\u00e9\u00e9 des r\u00e9seaux au sein de ces cha\u00eenes d'approvisionnement pour trouver des fa\u00e7ons d'am\u00e9liorer la performance \u00e9conomique et environnementale.<\/p>\n","protected":false},"excerpt":{"rendered":"<p>Un grand nombre des voitures, autobus et camions que nous conduisons ont \u00e9t\u00e9 fabriqu\u00e9s aux \u00c9tats-Unis avec un moteur canadien et une transmission mexicaine. Ces produits nord-am\u00e9ricains sont fabriqu\u00e9s \u00e0 partir de pi\u00e8ces provenant d&rsquo;une vaste cha\u00eene d&rsquo;approvisionnement qui relie les trois pays. Nous avons cr\u00e9\u00e9 des r\u00e9seaux au sein de ces cha\u00eenes d&rsquo;approvisionnement pour [&hellip;]<\/p>\n","protected":false},"author":1,"featured_media":42117,"parent":0,"menu_order":0,"comment_status":"closed","ping_status":"closed","template":"page-2024subtopics.php","meta":{"_acf_changed":false,"footnotes":""},"class_list":["post-54716","page","type-page","status-publish","has-post-thumbnail","hentry"],"acf":[],"yoast_head":"<!-- This site is optimized with the Yoast SEO Premium plugin v27.4 (Yoast SEO v27.4) - https:\/\/yoast.com\/product\/yoast-seo-premium-wordpress\/ -->\n<title>Accroissement de la durabilit\u00e9 du secteur de la fabrication de v\u00e9hicules<\/title>\n<meta name=\"description\" content=\"Un grand nombre des voitures, autobus et camions que nous conduisons ont \u00e9t\u00e9 fabriqu\u00e9s aux \u00c9tats-Unis avec un moteur canadien et une transmission\" \/>\n<meta name=\"robots\" content=\"index, follow, max-snippet:-1, max-image-preview:large, max-video-preview:-1\" \/>\n<link rel=\"canonical\" href=\"https:\/\/www.cec.org\/fr\/accroissement-de-la-durabilite-du-secteur-des-transports\/\" \/>\n<meta property=\"og:locale\" content=\"fr_FR\" \/>\n<meta property=\"og:type\" content=\"article\" \/>\n<meta property=\"og:title\" content=\"Accroissement de la durabilit\u00e9 du secteur de la fabrication de v\u00e9hicules\" \/>\n<meta property=\"og:description\" content=\"Un grand nombre des voitures, autobus et camions que nous conduisons ont \u00e9t\u00e9 fabriqu\u00e9s aux \u00c9tats-Unis avec un moteur canadien et une transmission\" \/>\n<meta property=\"og:url\" content=\"https:\/\/www.cec.org\/fr\/accroissement-de-la-durabilite-du-secteur-des-transports\/\" \/>\n<meta property=\"og:site_name\" content=\"Commission de coop\u00e9ration environnementale\" \/>\n<meta property=\"article:publisher\" content=\"https:\/\/www.facebook.com\/CECconnect\" \/>\n<meta property=\"article:modified_time\" content=\"2024-07-11T17:35:34+00:00\" \/>\n<meta property=\"og:image\" content=\"https:\/\/www.cec.org\/wp-content\/uploads\/transportation-thumbnail.jpg\" \/>\n\t<meta property=\"og:image:width\" content=\"600\" \/>\n\t<meta property=\"og:image:height\" content=\"342\" \/>\n\t<meta property=\"og:image:type\" content=\"image\/jpeg\" \/>\n<meta name=\"twitter:card\" content=\"summary_large_image\" \/>\n<meta name=\"twitter:site\" content=\"@CECweb\" \/>\n<script type=\"application\/ld+json\" class=\"yoast-schema-graph\">{\"@context\":\"https:\\\/\\\/schema.org\",\"@graph\":[{\"@type\":\"WebPage\",\"@id\":\"https:\\\/\\\/www.cec.org\\\/fr\\\/accroissement-de-la-durabilite-du-secteur-des-transports\\\/\",\"url\":\"https:\\\/\\\/www.cec.org\\\/fr\\\/accroissement-de-la-durabilite-du-secteur-des-transports\\\/\",\"name\":\"Accroissement de la durabilit\u00e9 du secteur de la fabrication de v\u00e9hicules\",\"isPartOf\":{\"@id\":\"https:\\\/\\\/www.cec.org\\\/fr\\\/#website\"},\"primaryImageOfPage\":{\"@id\":\"https:\\\/\\\/www.cec.org\\\/fr\\\/accroissement-de-la-durabilite-du-secteur-des-transports\\\/#primaryimage\"},\"image\":{\"@id\":\"https:\\\/\\\/www.cec.org\\\/fr\\\/accroissement-de-la-durabilite-du-secteur-des-transports\\\/#primaryimage\"},\"thumbnailUrl\":\"https:\\\/\\\/www.cec.org\\\/wp-content\\\/uploads\\\/transportation-thumbnail.jpg\",\"datePublished\":\"2024-03-29T17:13:26+00:00\",\"dateModified\":\"2024-07-11T17:35:34+00:00\",\"description\":\"Un grand nombre des voitures, autobus et camions que nous conduisons ont \u00e9t\u00e9 fabriqu\u00e9s aux \u00c9tats-Unis avec un moteur canadien et une transmission\",\"breadcrumb\":{\"@id\":\"https:\\\/\\\/www.cec.org\\\/fr\\\/accroissement-de-la-durabilite-du-secteur-des-transports\\\/#breadcrumb\"},\"inLanguage\":\"fr-FR\",\"potentialAction\":[{\"@type\":\"ReadAction\",\"target\":[\"https:\\\/\\\/www.cec.org\\\/fr\\\/accroissement-de-la-durabilite-du-secteur-des-transports\\\/\"]}]},{\"@type\":\"ImageObject\",\"inLanguage\":\"fr-FR\",\"@id\":\"https:\\\/\\\/www.cec.org\\\/fr\\\/accroissement-de-la-durabilite-du-secteur-des-transports\\\/#primaryimage\",\"url\":\"https:\\\/\\\/www.cec.org\\\/wp-content\\\/uploads\\\/transportation-thumbnail.jpg\",\"contentUrl\":\"https:\\\/\\\/www.cec.org\\\/wp-content\\\/uploads\\\/transportation-thumbnail.jpg\",\"width\":600,\"height\":342,\"caption\":\"Man working at a car factory\"},{\"@type\":\"BreadcrumbList\",\"@id\":\"https:\\\/\\\/www.cec.org\\\/fr\\\/accroissement-de-la-durabilite-du-secteur-des-transports\\\/#breadcrumb\",\"itemListElement\":[{\"@type\":\"ListItem\",\"position\":1,\"name\":\"Accueil\",\"item\":\"https:\\\/\\\/www.cec.org\\\/fr\\\/\"},{\"@type\":\"ListItem\",\"position\":2,\"name\":\"Sujets\",\"item\":\"https:\\\/\\\/www.cec.org\\\/fr\\\/sujets\\\/\"},{\"@type\":\"ListItem\",\"position\":3,\"name\":\"Modes de vie et \u00e9conomies durables\",\"item\":\"https:\\\/\\\/www.cec.org\\\/fr\\\/topics\\\/sustainable-living-and-economies\\\/\"},{\"@type\":\"ListItem\",\"position\":4,\"name\":\"Accroissement de la durabilit\u00e9 du secteur de la fabrication de v\u00e9hicules\"}]},{\"@type\":\"WebSite\",\"@id\":\"https:\\\/\\\/www.cec.org\\\/fr\\\/#website\",\"url\":\"https:\\\/\\\/www.cec.org\\\/fr\\\/\",\"name\":\"Commission for Environmental Cooperation\",\"description\":\"Three countries working together to protect our shared environment\",\"alternateName\":\"CEC - CCA -CCE\",\"potentialAction\":[{\"@type\":\"SearchAction\",\"target\":{\"@type\":\"EntryPoint\",\"urlTemplate\":\"https:\\\/\\\/www.cec.org\\\/fr\\\/?s={search_term_string}\"},\"query-input\":{\"@type\":\"PropertyValueSpecification\",\"valueRequired\":true,\"valueName\":\"search_term_string\"}}],\"inLanguage\":\"fr-FR\"}]}<\/script>\n<!-- \/ Yoast SEO Premium plugin. -->","yoast_head_json":{"title":"Accroissement de la durabilit\u00e9 du secteur de la fabrication de v\u00e9hicules","description":"Un grand nombre des voitures, autobus et camions que nous conduisons ont \u00e9t\u00e9 fabriqu\u00e9s aux \u00c9tats-Unis avec un moteur canadien et une transmission","robots":{"index":"index","follow":"follow","max-snippet":"max-snippet:-1","max-image-preview":"max-image-preview:large","max-video-preview":"max-video-preview:-1"},"canonical":"https:\/\/www.cec.org\/fr\/accroissement-de-la-durabilite-du-secteur-des-transports\/","og_locale":"fr_FR","og_type":"article","og_title":"Accroissement de la durabilit\u00e9 du secteur de la fabrication de v\u00e9hicules","og_description":"Un grand nombre des voitures, autobus et camions que nous conduisons ont \u00e9t\u00e9 fabriqu\u00e9s aux \u00c9tats-Unis avec un moteur canadien et une transmission","og_url":"https:\/\/www.cec.org\/fr\/accroissement-de-la-durabilite-du-secteur-des-transports\/","og_site_name":"Commission de coop\u00e9ration environnementale","article_publisher":"https:\/\/www.facebook.com\/CECconnect","article_modified_time":"2024-07-11T17:35:34+00:00","og_image":[{"width":600,"height":342,"url":"https:\/\/www.cec.org\/wp-content\/uploads\/transportation-thumbnail.jpg","type":"image\/jpeg"}],"twitter_card":"summary_large_image","twitter_site":"@CECweb","schema":{"@context":"https:\/\/schema.org","@graph":[{"@type":"WebPage","@id":"https:\/\/www.cec.org\/fr\/accroissement-de-la-durabilite-du-secteur-des-transports\/","url":"https:\/\/www.cec.org\/fr\/accroissement-de-la-durabilite-du-secteur-des-transports\/","name":"Accroissement de la durabilit\u00e9 du secteur de la fabrication de v\u00e9hicules","isPartOf":{"@id":"https:\/\/www.cec.org\/fr\/#website"},"primaryImageOfPage":{"@id":"https:\/\/www.cec.org\/fr\/accroissement-de-la-durabilite-du-secteur-des-transports\/#primaryimage"},"image":{"@id":"https:\/\/www.cec.org\/fr\/accroissement-de-la-durabilite-du-secteur-des-transports\/#primaryimage"},"thumbnailUrl":"https:\/\/www.cec.org\/wp-content\/uploads\/transportation-thumbnail.jpg","datePublished":"2024-03-29T17:13:26+00:00","dateModified":"2024-07-11T17:35:34+00:00","description":"Un grand nombre des voitures, autobus et camions que nous conduisons ont \u00e9t\u00e9 fabriqu\u00e9s aux \u00c9tats-Unis avec un moteur canadien et une transmission","breadcrumb":{"@id":"https:\/\/www.cec.org\/fr\/accroissement-de-la-durabilite-du-secteur-des-transports\/#breadcrumb"},"inLanguage":"fr-FR","potentialAction":[{"@type":"ReadAction","target":["https:\/\/www.cec.org\/fr\/accroissement-de-la-durabilite-du-secteur-des-transports\/"]}]},{"@type":"ImageObject","inLanguage":"fr-FR","@id":"https:\/\/www.cec.org\/fr\/accroissement-de-la-durabilite-du-secteur-des-transports\/#primaryimage","url":"https:\/\/www.cec.org\/wp-content\/uploads\/transportation-thumbnail.jpg","contentUrl":"https:\/\/www.cec.org\/wp-content\/uploads\/transportation-thumbnail.jpg","width":600,"height":342,"caption":"Man working at a car factory"},{"@type":"BreadcrumbList","@id":"https:\/\/www.cec.org\/fr\/accroissement-de-la-durabilite-du-secteur-des-transports\/#breadcrumb","itemListElement":[{"@type":"ListItem","position":1,"name":"Accueil","item":"https:\/\/www.cec.org\/fr\/"},{"@type":"ListItem","position":2,"name":"Sujets","item":"https:\/\/www.cec.org\/fr\/sujets\/"},{"@type":"ListItem","position":3,"name":"Modes de vie et \u00e9conomies durables","item":"https:\/\/www.cec.org\/fr\/topics\/sustainable-living-and-economies\/"},{"@type":"ListItem","position":4,"name":"Accroissement de la durabilit\u00e9 du secteur de la fabrication de v\u00e9hicules"}]},{"@type":"WebSite","@id":"https:\/\/www.cec.org\/fr\/#website","url":"https:\/\/www.cec.org\/fr\/","name":"Commission for Environmental Cooperation","description":"Three countries working together to protect our shared environment","alternateName":"CEC - CCA -CCE","potentialAction":[{"@type":"SearchAction","target":{"@type":"EntryPoint","urlTemplate":"https:\/\/www.cec.org\/fr\/?s={search_term_string}"},"query-input":{"@type":"PropertyValueSpecification","valueRequired":true,"valueName":"search_term_string"}}],"inLanguage":"fr-FR"}]}},"_links":{"self":[{"href":"https:\/\/www.cec.org\/fr\/wp-json\/wp\/v2\/pages\/54716","targetHints":{"allow":["GET"]}}],"collection":[{"href":"https:\/\/www.cec.org\/fr\/wp-json\/wp\/v2\/pages"}],"about":[{"href":"https:\/\/www.cec.org\/fr\/wp-json\/wp\/v2\/types\/page"}],"author":[{"embeddable":true,"href":"https:\/\/www.cec.org\/fr\/wp-json\/wp\/v2\/users\/1"}],"replies":[{"embeddable":true,"href":"https:\/\/www.cec.org\/fr\/wp-json\/wp\/v2\/comments?post=54716"}],"version-history":[{"count":1,"href":"https:\/\/www.cec.org\/fr\/wp-json\/wp\/v2\/pages\/54716\/revisions"}],"predecessor-version":[{"id":55999,"href":"https:\/\/www.cec.org\/fr\/wp-json\/wp\/v2\/pages\/54716\/revisions\/55999"}],"wp:featuredmedia":[{"embeddable":true,"href":"https:\/\/www.cec.org\/fr\/wp-json\/wp\/v2\/media\/42117"}],"wp:attachment":[{"href":"https:\/\/www.cec.org\/fr\/wp-json\/wp\/v2\/media?parent=54716"}],"curies":[{"name":"wp","href":"https:\/\/api.w.org\/{rel}","templated":true}]}}