{"id":54710,"date":"2024-03-29T13:06:49","date_gmt":"2024-03-29T17:06:49","guid":{"rendered":"http:\/\/www.cec.org\/commerce-durable-despeces-visees-par-la-cites\/"},"modified":"2024-07-11T13:35:28","modified_gmt":"2024-07-11T17:35:28","slug":"commerce-durable-despeces-sauvages","status":"publish","type":"page","link":"https:\/\/www.cec.org\/fr\/sujets\/application-des-lois\/commerce-durable-despeces-sauvages\/","title":{"rendered":"Commerce durable d&rsquo;esp\u00e8ces vis\u00e9es par la cites"},"content":{"rendered":"<p>En Am\u00e9rique du Nord, la valeur du commerce d'esp\u00e8ces animales et v\u00e9g\u00e9tales se chiffre en millions de dollars. Or, la r\u00e9colte ill\u00e9gale d'esp\u00e8ces sauvages menace la survie de certaines esp\u00e8ces, de m\u00eame que la subsistance des collectivit\u00e9s qui en d\u00e9pendent. Dans le cadre de nos travaux, nous aidons \u00e0 promouvoir le commerce l\u00e9gal et durable tout en faisant en sorte que les engagements pris conform\u00e9ment \u00e0 la Convention sur le commerce international d'esp\u00e8ces de faune et de flore sauvages menac\u00e9es d'extinction.<\/p>\n","protected":false},"excerpt":{"rendered":"<p>En Am\u00e9rique du Nord, la valeur du commerce d&rsquo;esp\u00e8ces animales et v\u00e9g\u00e9tales se chiffre en millions de dollars. Or, la r\u00e9colte ill\u00e9gale d&rsquo;esp\u00e8ces sauvages menace la survie de certaines esp\u00e8ces, de m\u00eame que la subsistance des collectivit\u00e9s qui en d\u00e9pendent. Dans le cadre de nos travaux, nous aidons \u00e0 promouvoir le commerce l\u00e9gal et durable [&hellip;]<\/p>\n","protected":false},"author":1,"featured_media":36369,"parent":55210,"menu_order":0,"comment_status":"closed","ping_status":"closed","template":"page-2024subtopics.php","meta":{"_acf_changed":false,"footnotes":""},"class_list":["post-54710","page","type-page","status-publish","has-post-thumbnail","hentry"],"acf":[],"yoast_head":"<!-- This site is optimized with the Yoast SEO Premium plugin v27.4 (Yoast SEO v27.4) - https:\/\/yoast.com\/product\/yoast-seo-premium-wordpress\/ -->\n<title>Commerce durable d&#039;esp\u00e8ces vis\u00e9es par la cites<\/title>\n<meta name=\"description\" content=\"En Am\u00e9rique du Nord, la valeur du commerce d&#039;esp\u00e8ces animales et v\u00e9g\u00e9tales se chiffre en millions de dollars. Or, la r\u00e9colte ill\u00e9gale d&#039;esp\u00e8ces sauvages\" \/>\n<meta name=\"robots\" content=\"index, follow, max-snippet:-1, max-image-preview:large, max-video-preview:-1\" \/>\n<link rel=\"canonical\" href=\"https:\/\/www.cec.org\/fr\/sujets\/application-des-lois\/commerce-durable-despeces-sauvages\/\" \/>\n<meta property=\"og:locale\" content=\"fr_FR\" \/>\n<meta property=\"og:type\" content=\"article\" \/>\n<meta property=\"og:title\" content=\"Commerce durable d&#039;esp\u00e8ces vis\u00e9es par la cites\" \/>\n<meta property=\"og:description\" content=\"En Am\u00e9rique du Nord, la valeur du commerce d&#039;esp\u00e8ces animales et v\u00e9g\u00e9tales se chiffre en millions de dollars. Or, la r\u00e9colte ill\u00e9gale d&#039;esp\u00e8ces sauvages\" \/>\n<meta property=\"og:url\" content=\"https:\/\/www.cec.org\/fr\/sujets\/application-des-lois\/commerce-durable-despeces-sauvages\/\" \/>\n<meta property=\"og:site_name\" content=\"Commission de coop\u00e9ration environnementale\" \/>\n<meta property=\"article:publisher\" content=\"https:\/\/www.facebook.com\/CECconnect\" \/>\n<meta property=\"article:modified_time\" content=\"2024-07-11T17:35:28+00:00\" \/>\n<meta property=\"og:image\" content=\"https:\/\/www.cec.org\/wp-content\/uploads\/cites3-thumbnail.jpg\" \/>\n\t<meta property=\"og:image:width\" content=\"600\" \/>\n\t<meta property=\"og:image:height\" content=\"342\" \/>\n\t<meta property=\"og:image:type\" content=\"image\/jpeg\" \/>\n<meta name=\"twitter:card\" content=\"summary_large_image\" \/>\n<meta name=\"twitter:site\" content=\"@CECweb\" \/>\n<script type=\"application\/ld+json\" class=\"yoast-schema-graph\">{\"@context\":\"https:\\\/\\\/schema.org\",\"@graph\":[{\"@type\":\"WebPage\",\"@id\":\"https:\\\/\\\/www.cec.org\\\/fr\\\/sujets\\\/application-des-lois\\\/commerce-durable-despeces-sauvages\\\/\",\"url\":\"https:\\\/\\\/www.cec.org\\\/fr\\\/sujets\\\/application-des-lois\\\/commerce-durable-despeces-sauvages\\\/\",\"name\":\"Commerce durable d'esp\u00e8ces vis\u00e9es par la cites\",\"isPartOf\":{\"@id\":\"https:\\\/\\\/www.cec.org\\\/fr\\\/#website\"},\"primaryImageOfPage\":{\"@id\":\"https:\\\/\\\/www.cec.org\\\/fr\\\/sujets\\\/application-des-lois\\\/commerce-durable-despeces-sauvages\\\/#primaryimage\"},\"image\":{\"@id\":\"https:\\\/\\\/www.cec.org\\\/fr\\\/sujets\\\/application-des-lois\\\/commerce-durable-despeces-sauvages\\\/#primaryimage\"},\"thumbnailUrl\":\"https:\\\/\\\/www.cec.org\\\/wp-content\\\/uploads\\\/cites3-thumbnail.jpg\",\"datePublished\":\"2024-03-29T17:06:49+00:00\",\"dateModified\":\"2024-07-11T17:35:28+00:00\",\"description\":\"En Am\u00e9rique du Nord, la valeur du commerce d'esp\u00e8ces animales et v\u00e9g\u00e9tales se chiffre en millions de dollars. Or, la r\u00e9colte ill\u00e9gale d'esp\u00e8ces sauvages\",\"breadcrumb\":{\"@id\":\"https:\\\/\\\/www.cec.org\\\/fr\\\/sujets\\\/application-des-lois\\\/commerce-durable-despeces-sauvages\\\/#breadcrumb\"},\"inLanguage\":\"fr-FR\",\"potentialAction\":[{\"@type\":\"ReadAction\",\"target\":[\"https:\\\/\\\/www.cec.org\\\/fr\\\/sujets\\\/application-des-lois\\\/commerce-durable-despeces-sauvages\\\/\"]}]},{\"@type\":\"ImageObject\",\"inLanguage\":\"fr-FR\",\"@id\":\"https:\\\/\\\/www.cec.org\\\/fr\\\/sujets\\\/application-des-lois\\\/commerce-durable-despeces-sauvages\\\/#primaryimage\",\"url\":\"https:\\\/\\\/www.cec.org\\\/wp-content\\\/uploads\\\/cites3-thumbnail.jpg\",\"contentUrl\":\"https:\\\/\\\/www.cec.org\\\/wp-content\\\/uploads\\\/cites3-thumbnail.jpg\",\"width\":600,\"height\":342,\"caption\":\"Sustainable Trade of CITES Species\"},{\"@type\":\"BreadcrumbList\",\"@id\":\"https:\\\/\\\/www.cec.org\\\/fr\\\/sujets\\\/application-des-lois\\\/commerce-durable-despeces-sauvages\\\/#breadcrumb\",\"itemListElement\":[{\"@type\":\"ListItem\",\"position\":1,\"name\":\"Accueil\",\"item\":\"https:\\\/\\\/www.cec.org\\\/fr\\\/\"},{\"@type\":\"ListItem\",\"position\":2,\"name\":\"Sujets\",\"item\":\"https:\\\/\\\/www.cec.org\\\/fr\\\/sujets\\\/\"},{\"@type\":\"ListItem\",\"position\":3,\"name\":\"Application des lois\",\"item\":\"https:\\\/\\\/www.cec.org\\\/fr\\\/topics\\\/enforcement\\\/\"},{\"@type\":\"ListItem\",\"position\":4,\"name\":\"Commerce durable d&rsquo;esp\u00e8ces vis\u00e9es par la cites\"}]},{\"@type\":\"WebSite\",\"@id\":\"https:\\\/\\\/www.cec.org\\\/fr\\\/#website\",\"url\":\"https:\\\/\\\/www.cec.org\\\/fr\\\/\",\"name\":\"Commission for Environmental Cooperation\",\"description\":\"Three countries working together to protect our shared environment\",\"alternateName\":\"CEC - CCA -CCE\",\"potentialAction\":[{\"@type\":\"SearchAction\",\"target\":{\"@type\":\"EntryPoint\",\"urlTemplate\":\"https:\\\/\\\/www.cec.org\\\/fr\\\/?s={search_term_string}\"},\"query-input\":{\"@type\":\"PropertyValueSpecification\",\"valueRequired\":true,\"valueName\":\"search_term_string\"}}],\"inLanguage\":\"fr-FR\"}]}<\/script>\n<!-- \/ Yoast SEO Premium plugin. -->","yoast_head_json":{"title":"Commerce durable d'esp\u00e8ces vis\u00e9es par la cites","description":"En Am\u00e9rique du Nord, la valeur du commerce d'esp\u00e8ces animales et v\u00e9g\u00e9tales se chiffre en millions de dollars. Or, la r\u00e9colte ill\u00e9gale d'esp\u00e8ces sauvages","robots":{"index":"index","follow":"follow","max-snippet":"max-snippet:-1","max-image-preview":"max-image-preview:large","max-video-preview":"max-video-preview:-1"},"canonical":"https:\/\/www.cec.org\/fr\/sujets\/application-des-lois\/commerce-durable-despeces-sauvages\/","og_locale":"fr_FR","og_type":"article","og_title":"Commerce durable d'esp\u00e8ces vis\u00e9es par la cites","og_description":"En Am\u00e9rique du Nord, la valeur du commerce d'esp\u00e8ces animales et v\u00e9g\u00e9tales se chiffre en millions de dollars. Or, la r\u00e9colte ill\u00e9gale d'esp\u00e8ces sauvages","og_url":"https:\/\/www.cec.org\/fr\/sujets\/application-des-lois\/commerce-durable-despeces-sauvages\/","og_site_name":"Commission de coop\u00e9ration environnementale","article_publisher":"https:\/\/www.facebook.com\/CECconnect","article_modified_time":"2024-07-11T17:35:28+00:00","og_image":[{"width":600,"height":342,"url":"https:\/\/www.cec.org\/wp-content\/uploads\/cites3-thumbnail.jpg","type":"image\/jpeg"}],"twitter_card":"summary_large_image","twitter_site":"@CECweb","schema":{"@context":"https:\/\/schema.org","@graph":[{"@type":"WebPage","@id":"https:\/\/www.cec.org\/fr\/sujets\/application-des-lois\/commerce-durable-despeces-sauvages\/","url":"https:\/\/www.cec.org\/fr\/sujets\/application-des-lois\/commerce-durable-despeces-sauvages\/","name":"Commerce durable d'esp\u00e8ces vis\u00e9es par la cites","isPartOf":{"@id":"https:\/\/www.cec.org\/fr\/#website"},"primaryImageOfPage":{"@id":"https:\/\/www.cec.org\/fr\/sujets\/application-des-lois\/commerce-durable-despeces-sauvages\/#primaryimage"},"image":{"@id":"https:\/\/www.cec.org\/fr\/sujets\/application-des-lois\/commerce-durable-despeces-sauvages\/#primaryimage"},"thumbnailUrl":"https:\/\/www.cec.org\/wp-content\/uploads\/cites3-thumbnail.jpg","datePublished":"2024-03-29T17:06:49+00:00","dateModified":"2024-07-11T17:35:28+00:00","description":"En Am\u00e9rique du Nord, la valeur du commerce d'esp\u00e8ces animales et v\u00e9g\u00e9tales se chiffre en millions de dollars. Or, la r\u00e9colte ill\u00e9gale d'esp\u00e8ces sauvages","breadcrumb":{"@id":"https:\/\/www.cec.org\/fr\/sujets\/application-des-lois\/commerce-durable-despeces-sauvages\/#breadcrumb"},"inLanguage":"fr-FR","potentialAction":[{"@type":"ReadAction","target":["https:\/\/www.cec.org\/fr\/sujets\/application-des-lois\/commerce-durable-despeces-sauvages\/"]}]},{"@type":"ImageObject","inLanguage":"fr-FR","@id":"https:\/\/www.cec.org\/fr\/sujets\/application-des-lois\/commerce-durable-despeces-sauvages\/#primaryimage","url":"https:\/\/www.cec.org\/wp-content\/uploads\/cites3-thumbnail.jpg","contentUrl":"https:\/\/www.cec.org\/wp-content\/uploads\/cites3-thumbnail.jpg","width":600,"height":342,"caption":"Sustainable Trade of CITES Species"},{"@type":"BreadcrumbList","@id":"https:\/\/www.cec.org\/fr\/sujets\/application-des-lois\/commerce-durable-despeces-sauvages\/#breadcrumb","itemListElement":[{"@type":"ListItem","position":1,"name":"Accueil","item":"https:\/\/www.cec.org\/fr\/"},{"@type":"ListItem","position":2,"name":"Sujets","item":"https:\/\/www.cec.org\/fr\/sujets\/"},{"@type":"ListItem","position":3,"name":"Application des lois","item":"https:\/\/www.cec.org\/fr\/topics\/enforcement\/"},{"@type":"ListItem","position":4,"name":"Commerce durable d&rsquo;esp\u00e8ces vis\u00e9es par la cites"}]},{"@type":"WebSite","@id":"https:\/\/www.cec.org\/fr\/#website","url":"https:\/\/www.cec.org\/fr\/","name":"Commission for Environmental Cooperation","description":"Three countries working together to protect our shared environment","alternateName":"CEC - CCA -CCE","potentialAction":[{"@type":"SearchAction","target":{"@type":"EntryPoint","urlTemplate":"https:\/\/www.cec.org\/fr\/?s={search_term_string}"},"query-input":{"@type":"PropertyValueSpecification","valueRequired":true,"valueName":"search_term_string"}}],"inLanguage":"fr-FR"}]}},"_links":{"self":[{"href":"https:\/\/www.cec.org\/fr\/wp-json\/wp\/v2\/pages\/54710","targetHints":{"allow":["GET"]}}],"collection":[{"href":"https:\/\/www.cec.org\/fr\/wp-json\/wp\/v2\/pages"}],"about":[{"href":"https:\/\/www.cec.org\/fr\/wp-json\/wp\/v2\/types\/page"}],"author":[{"embeddable":true,"href":"https:\/\/www.cec.org\/fr\/wp-json\/wp\/v2\/users\/1"}],"replies":[{"embeddable":true,"href":"https:\/\/www.cec.org\/fr\/wp-json\/wp\/v2\/comments?post=54710"}],"version-history":[{"count":1,"href":"https:\/\/www.cec.org\/fr\/wp-json\/wp\/v2\/pages\/54710\/revisions"}],"predecessor-version":[{"id":54711,"href":"https:\/\/www.cec.org\/fr\/wp-json\/wp\/v2\/pages\/54710\/revisions\/54711"}],"up":[{"embeddable":true,"href":"https:\/\/www.cec.org\/fr\/wp-json\/wp\/v2\/pages\/55210"}],"wp:featuredmedia":[{"embeddable":true,"href":"https:\/\/www.cec.org\/fr\/wp-json\/wp\/v2\/media\/36369"}],"wp:attachment":[{"href":"https:\/\/www.cec.org\/fr\/wp-json\/wp\/v2\/media?parent=54710"}],"curies":[{"name":"wp","href":"https:\/\/api.w.org\/{rel}","templated":true}]}}