{"id":54705,"date":"2024-03-29T12:52:12","date_gmt":"2024-03-29T16:52:12","guid":{"rendered":"http:\/\/www.cec.org\/gestion-ecologiquement-rationnelle-des-dechets-dangereux\/"},"modified":"2026-04-11T18:07:42","modified_gmt":"2026-04-11T22:07:42","slug":"gestion-ecologiquement-rationnelle-des-dechets-dangereux","status":"publish","type":"page","link":"https:\/\/www.cec.org\/fr\/sujets\/application-des-lois\/gestion-ecologiquement-rationnelle-des-dechets-dangereux\/","title":{"rendered":"Gestion \u00e9cologiquement rationnelle des d\u00e9chets dangereux"},"content":{"rendered":"<p>Chaque jour, des mati\u00e8res dangereuses comme des batteries d'accumulateurs au plomb us\u00e9es, des substances appauvrissant la couche d'ozone et de nombreux autres produits dangereux traversent nos fronti\u00e8res. Nous travaillons avec l'industrie et les organismes d'application de la loi pour resserrer la norme de gestion des d\u00e9chets dangereux. Nous fournissons des outils \u00e9ducatifs et facilitons la collaboration entre les organismes d'application de la loi pour favoriser le respect des engagements pris dans le cadre de la Convention de B\u00e2le sur le contr\u00f4le des mouvements transfronti\u00e8res de d\u00e9chets dangereux et de leur \u00e9limination.<\/p>\n","protected":false},"excerpt":{"rendered":"<p>Chaque jour, des mati\u00e8res dangereuses comme des batteries d&rsquo;accumulateurs au plomb us\u00e9es, des substances appauvrissant la couche d&rsquo;ozone et de nombreux autres produits dangereux traversent nos fronti\u00e8res. Nous travaillons avec l&rsquo;industrie et les organismes d&rsquo;application de la loi pour resserrer la norme de gestion des d\u00e9chets dangereux. Nous fournissons des outils \u00e9ducatifs et facilitons la [&hellip;]<\/p>\n","protected":false},"author":1,"featured_media":36087,"parent":55210,"menu_order":0,"comment_status":"closed","ping_status":"closed","template":"page-2024subtopics.php","meta":{"_acf_changed":false,"footnotes":""},"class_list":["post-54705","page","type-page","status-publish","has-post-thumbnail","hentry"],"acf":[],"yoast_head":"<!-- This site is optimized with the Yoast SEO Premium plugin v27.4 (Yoast SEO v27.4) - https:\/\/yoast.com\/product\/yoast-seo-premium-wordpress\/ -->\n<title>Gestion \u00e9cologiquement rationnelle des d\u00e9chets dangereux<\/title>\n<meta name=\"description\" content=\"Chaque jour, des mati\u00e8res dangereuses comme des batteries d&#039;accumulateurs au plomb us\u00e9es...\" \/>\n<meta name=\"robots\" content=\"index, follow, max-snippet:-1, max-image-preview:large, max-video-preview:-1\" \/>\n<link rel=\"canonical\" href=\"https:\/\/www.cec.org\/fr\/sujets\/application-des-lois\/gestion-ecologiquement-rationnelle-des-dechets-dangereux\/\" \/>\n<meta property=\"og:locale\" content=\"fr_FR\" \/>\n<meta property=\"og:type\" content=\"article\" \/>\n<meta property=\"og:title\" content=\"Gestion \u00e9cologiquement rationnelle des d\u00e9chets dangereux\" \/>\n<meta property=\"og:description\" content=\"Chaque jour, des mati\u00e8res dangereuses comme des batteries d&#039;accumulateurs au plomb us\u00e9es, des substances appauvrissant la couche d&#039;ozone et de nombreux\" \/>\n<meta property=\"og:url\" content=\"https:\/\/www.cec.org\/fr\/sujets\/application-des-lois\/gestion-ecologiquement-rationnelle-des-dechets-dangereux\/\" \/>\n<meta property=\"og:site_name\" content=\"Commission de coop\u00e9ration environnementale\" \/>\n<meta property=\"article:publisher\" content=\"https:\/\/www.facebook.com\/CECconnect\" \/>\n<meta property=\"article:modified_time\" content=\"2026-04-11T22:07:42+00:00\" \/>\n<meta property=\"og:image\" content=\"https:\/\/www.cec.org\/wp-content\/uploads\/Hazwaste-thumbnail.jpg\" \/>\n\t<meta property=\"og:image:width\" content=\"600\" \/>\n\t<meta property=\"og:image:height\" content=\"342\" \/>\n\t<meta property=\"og:image:type\" content=\"image\/jpeg\" \/>\n<meta name=\"twitter:card\" content=\"summary_large_image\" \/>\n<meta name=\"twitter:site\" content=\"@CECweb\" \/>\n<script type=\"application\/ld+json\" class=\"yoast-schema-graph\">{\"@context\":\"https:\\\/\\\/schema.org\",\"@graph\":[{\"@type\":\"WebPage\",\"@id\":\"https:\\\/\\\/www.cec.org\\\/fr\\\/sujets\\\/application-des-lois\\\/gestion-ecologiquement-rationnelle-des-dechets-dangereux\\\/\",\"url\":\"https:\\\/\\\/www.cec.org\\\/fr\\\/sujets\\\/application-des-lois\\\/gestion-ecologiquement-rationnelle-des-dechets-dangereux\\\/\",\"name\":\"Gestion \u00e9cologiquement rationnelle des d\u00e9chets dangereux\",\"isPartOf\":{\"@id\":\"https:\\\/\\\/www.cec.org\\\/fr\\\/#website\"},\"primaryImageOfPage\":{\"@id\":\"https:\\\/\\\/www.cec.org\\\/fr\\\/sujets\\\/application-des-lois\\\/gestion-ecologiquement-rationnelle-des-dechets-dangereux\\\/#primaryimage\"},\"image\":{\"@id\":\"https:\\\/\\\/www.cec.org\\\/fr\\\/sujets\\\/application-des-lois\\\/gestion-ecologiquement-rationnelle-des-dechets-dangereux\\\/#primaryimage\"},\"thumbnailUrl\":\"https:\\\/\\\/www.cec.org\\\/wp-content\\\/uploads\\\/Hazwaste-thumbnail.jpg\",\"datePublished\":\"2024-03-29T16:52:12+00:00\",\"dateModified\":\"2026-04-11T22:07:42+00:00\",\"description\":\"Chaque jour, des mati\u00e8res dangereuses comme des batteries d'accumulateurs au plomb us\u00e9es...\",\"breadcrumb\":{\"@id\":\"https:\\\/\\\/www.cec.org\\\/fr\\\/sujets\\\/application-des-lois\\\/gestion-ecologiquement-rationnelle-des-dechets-dangereux\\\/#breadcrumb\"},\"inLanguage\":\"fr-FR\",\"potentialAction\":[{\"@type\":\"ReadAction\",\"target\":[\"https:\\\/\\\/www.cec.org\\\/fr\\\/sujets\\\/application-des-lois\\\/gestion-ecologiquement-rationnelle-des-dechets-dangereux\\\/\"]}]},{\"@type\":\"ImageObject\",\"inLanguage\":\"fr-FR\",\"@id\":\"https:\\\/\\\/www.cec.org\\\/fr\\\/sujets\\\/application-des-lois\\\/gestion-ecologiquement-rationnelle-des-dechets-dangereux\\\/#primaryimage\",\"url\":\"https:\\\/\\\/www.cec.org\\\/wp-content\\\/uploads\\\/Hazwaste-thumbnail.jpg\",\"contentUrl\":\"https:\\\/\\\/www.cec.org\\\/wp-content\\\/uploads\\\/Hazwaste-thumbnail.jpg\",\"width\":600,\"height\":342,\"caption\":\"Man wearing a Hazmat suit\"},{\"@type\":\"BreadcrumbList\",\"@id\":\"https:\\\/\\\/www.cec.org\\\/fr\\\/sujets\\\/application-des-lois\\\/gestion-ecologiquement-rationnelle-des-dechets-dangereux\\\/#breadcrumb\",\"itemListElement\":[{\"@type\":\"ListItem\",\"position\":1,\"name\":\"Accueil\",\"item\":\"https:\\\/\\\/www.cec.org\\\/fr\\\/\"},{\"@type\":\"ListItem\",\"position\":2,\"name\":\"Sujets\",\"item\":\"https:\\\/\\\/www.cec.org\\\/fr\\\/sujets\\\/\"},{\"@type\":\"ListItem\",\"position\":3,\"name\":\"Application des lois\",\"item\":\"https:\\\/\\\/www.cec.org\\\/fr\\\/topics\\\/enforcement\\\/\"},{\"@type\":\"ListItem\",\"position\":4,\"name\":\"Gestion \u00e9cologiquement rationnelle des d\u00e9chets dangereux\"}]},{\"@type\":\"WebSite\",\"@id\":\"https:\\\/\\\/www.cec.org\\\/fr\\\/#website\",\"url\":\"https:\\\/\\\/www.cec.org\\\/fr\\\/\",\"name\":\"Commission for Environmental Cooperation\",\"description\":\"Three countries working together to protect our shared environment\",\"alternateName\":\"CEC - CCA -CCE\",\"potentialAction\":[{\"@type\":\"SearchAction\",\"target\":{\"@type\":\"EntryPoint\",\"urlTemplate\":\"https:\\\/\\\/www.cec.org\\\/fr\\\/?s={search_term_string}\"},\"query-input\":{\"@type\":\"PropertyValueSpecification\",\"valueRequired\":true,\"valueName\":\"search_term_string\"}}],\"inLanguage\":\"fr-FR\"}]}<\/script>\n<!-- \/ Yoast SEO Premium plugin. -->","yoast_head_json":{"title":"Gestion \u00e9cologiquement rationnelle des d\u00e9chets dangereux","description":"Chaque jour, des mati\u00e8res dangereuses comme des batteries d'accumulateurs au plomb us\u00e9es...","robots":{"index":"index","follow":"follow","max-snippet":"max-snippet:-1","max-image-preview":"max-image-preview:large","max-video-preview":"max-video-preview:-1"},"canonical":"https:\/\/www.cec.org\/fr\/sujets\/application-des-lois\/gestion-ecologiquement-rationnelle-des-dechets-dangereux\/","og_locale":"fr_FR","og_type":"article","og_title":"Gestion \u00e9cologiquement rationnelle des d\u00e9chets dangereux","og_description":"Chaque jour, des mati\u00e8res dangereuses comme des batteries d'accumulateurs au plomb us\u00e9es, des substances appauvrissant la couche d'ozone et de nombreux","og_url":"https:\/\/www.cec.org\/fr\/sujets\/application-des-lois\/gestion-ecologiquement-rationnelle-des-dechets-dangereux\/","og_site_name":"Commission de coop\u00e9ration environnementale","article_publisher":"https:\/\/www.facebook.com\/CECconnect","article_modified_time":"2026-04-11T22:07:42+00:00","og_image":[{"width":600,"height":342,"url":"https:\/\/www.cec.org\/wp-content\/uploads\/Hazwaste-thumbnail.jpg","type":"image\/jpeg"}],"twitter_card":"summary_large_image","twitter_site":"@CECweb","schema":{"@context":"https:\/\/schema.org","@graph":[{"@type":"WebPage","@id":"https:\/\/www.cec.org\/fr\/sujets\/application-des-lois\/gestion-ecologiquement-rationnelle-des-dechets-dangereux\/","url":"https:\/\/www.cec.org\/fr\/sujets\/application-des-lois\/gestion-ecologiquement-rationnelle-des-dechets-dangereux\/","name":"Gestion \u00e9cologiquement rationnelle des d\u00e9chets dangereux","isPartOf":{"@id":"https:\/\/www.cec.org\/fr\/#website"},"primaryImageOfPage":{"@id":"https:\/\/www.cec.org\/fr\/sujets\/application-des-lois\/gestion-ecologiquement-rationnelle-des-dechets-dangereux\/#primaryimage"},"image":{"@id":"https:\/\/www.cec.org\/fr\/sujets\/application-des-lois\/gestion-ecologiquement-rationnelle-des-dechets-dangereux\/#primaryimage"},"thumbnailUrl":"https:\/\/www.cec.org\/wp-content\/uploads\/Hazwaste-thumbnail.jpg","datePublished":"2024-03-29T16:52:12+00:00","dateModified":"2026-04-11T22:07:42+00:00","description":"Chaque jour, des mati\u00e8res dangereuses comme des batteries d'accumulateurs au plomb us\u00e9es...","breadcrumb":{"@id":"https:\/\/www.cec.org\/fr\/sujets\/application-des-lois\/gestion-ecologiquement-rationnelle-des-dechets-dangereux\/#breadcrumb"},"inLanguage":"fr-FR","potentialAction":[{"@type":"ReadAction","target":["https:\/\/www.cec.org\/fr\/sujets\/application-des-lois\/gestion-ecologiquement-rationnelle-des-dechets-dangereux\/"]}]},{"@type":"ImageObject","inLanguage":"fr-FR","@id":"https:\/\/www.cec.org\/fr\/sujets\/application-des-lois\/gestion-ecologiquement-rationnelle-des-dechets-dangereux\/#primaryimage","url":"https:\/\/www.cec.org\/wp-content\/uploads\/Hazwaste-thumbnail.jpg","contentUrl":"https:\/\/www.cec.org\/wp-content\/uploads\/Hazwaste-thumbnail.jpg","width":600,"height":342,"caption":"Man wearing a Hazmat suit"},{"@type":"BreadcrumbList","@id":"https:\/\/www.cec.org\/fr\/sujets\/application-des-lois\/gestion-ecologiquement-rationnelle-des-dechets-dangereux\/#breadcrumb","itemListElement":[{"@type":"ListItem","position":1,"name":"Accueil","item":"https:\/\/www.cec.org\/fr\/"},{"@type":"ListItem","position":2,"name":"Sujets","item":"https:\/\/www.cec.org\/fr\/sujets\/"},{"@type":"ListItem","position":3,"name":"Application des lois","item":"https:\/\/www.cec.org\/fr\/topics\/enforcement\/"},{"@type":"ListItem","position":4,"name":"Gestion \u00e9cologiquement rationnelle des d\u00e9chets dangereux"}]},{"@type":"WebSite","@id":"https:\/\/www.cec.org\/fr\/#website","url":"https:\/\/www.cec.org\/fr\/","name":"Commission for Environmental Cooperation","description":"Three countries working together to protect our shared environment","alternateName":"CEC - CCA -CCE","potentialAction":[{"@type":"SearchAction","target":{"@type":"EntryPoint","urlTemplate":"https:\/\/www.cec.org\/fr\/?s={search_term_string}"},"query-input":{"@type":"PropertyValueSpecification","valueRequired":true,"valueName":"search_term_string"}}],"inLanguage":"fr-FR"}]}},"_links":{"self":[{"href":"https:\/\/www.cec.org\/fr\/wp-json\/wp\/v2\/pages\/54705","targetHints":{"allow":["GET"]}}],"collection":[{"href":"https:\/\/www.cec.org\/fr\/wp-json\/wp\/v2\/pages"}],"about":[{"href":"https:\/\/www.cec.org\/fr\/wp-json\/wp\/v2\/types\/page"}],"author":[{"embeddable":true,"href":"https:\/\/www.cec.org\/fr\/wp-json\/wp\/v2\/users\/1"}],"replies":[{"embeddable":true,"href":"https:\/\/www.cec.org\/fr\/wp-json\/wp\/v2\/comments?post=54705"}],"version-history":[{"count":1,"href":"https:\/\/www.cec.org\/fr\/wp-json\/wp\/v2\/pages\/54705\/revisions"}],"predecessor-version":[{"id":55997,"href":"https:\/\/www.cec.org\/fr\/wp-json\/wp\/v2\/pages\/54705\/revisions\/55997"}],"up":[{"embeddable":true,"href":"https:\/\/www.cec.org\/fr\/wp-json\/wp\/v2\/pages\/55210"}],"wp:featuredmedia":[{"embeddable":true,"href":"https:\/\/www.cec.org\/fr\/wp-json\/wp\/v2\/media\/36087"}],"wp:attachment":[{"href":"https:\/\/www.cec.org\/fr\/wp-json\/wp\/v2\/media?parent=54705"}],"curies":[{"name":"wp","href":"https:\/\/api.w.org\/{rel}","templated":true}]}}