{"id":54701,"date":"2024-03-29T12:46:35","date_gmt":"2024-03-29T16:46:35","guid":{"rendered":"http:\/\/www.cec.org\/conservation-des-aires-protegees-transfrontalieres\/"},"modified":"2024-07-11T13:35:40","modified_gmt":"2024-07-11T17:35:40","slug":"conservation-des-aires-protegees-transfrontalieres","status":"publish","type":"page","link":"https:\/\/www.cec.org\/fr\/sujets\/ecosystemes\/conservation-des-aires-protegees-transfrontalieres\/","title":{"rendered":"Conservation des aires prot\u00e9g\u00e9es transfrontali\u00e8res"},"content":{"rendered":"<p>Les aires prot\u00e9g\u00e9es transfrontali\u00e8res incarnent l'interd\u00e9pendance de tous les \u00e9cosyst\u00e8mes. Nous avons cibl\u00e9 des aires de conservation prioritaires dans ces habitats et mis en \u0153uvre des strat\u00e9gies communes de gestion adaptative. Nous avons \u00e9galement inclus les collectivit\u00e9s dans les activit\u00e9s de r\u00e9tablissement et le d\u00e9veloppement de l'\u00e9cotourisme.<\/p>\n","protected":false},"excerpt":{"rendered":"<p>Les aires prot\u00e9g\u00e9es transfrontali\u00e8res incarnent l&rsquo;interd\u00e9pendance de tous les \u00e9cosyst\u00e8mes. Nous avons cibl\u00e9 des aires de conservation prioritaires dans ces habitats et mis en \u0153uvre des strat\u00e9gies communes de gestion adaptative. Nous avons \u00e9galement inclus les collectivit\u00e9s dans les activit\u00e9s de r\u00e9tablissement et le d\u00e9veloppement de l&rsquo;\u00e9cotourisme.<\/p>\n","protected":false},"author":1,"featured_media":46086,"parent":55194,"menu_order":0,"comment_status":"closed","ping_status":"closed","template":"page-2024subtopics.php","meta":{"_acf_changed":false,"footnotes":""},"class_list":["post-54701","page","type-page","status-publish","has-post-thumbnail","hentry"],"acf":[],"yoast_head":"<!-- This site is optimized with the Yoast SEO Premium plugin v27.0 (Yoast SEO v27.0) - https:\/\/yoast.com\/product\/yoast-seo-premium-wordpress\/ -->\n<title>Conservation des aires prot\u00e9g\u00e9es transfrontali\u00e8res<\/title>\n<meta name=\"description\" content=\"Les aires prot\u00e9g\u00e9es transfrontali\u00e8res incarnent l&#039;interd\u00e9pendance de tous les \u00e9cosyst\u00e8mes. Nous avons cibl\u00e9 des aires de conservation prioritaires dans\" \/>\n<meta name=\"robots\" content=\"index, follow, max-snippet:-1, max-image-preview:large, max-video-preview:-1\" \/>\n<link rel=\"canonical\" href=\"https:\/\/www.cec.org\/fr\/sujets\/ecosystemes\/conservation-des-aires-protegees-transfrontalieres\/\" \/>\n<meta property=\"og:locale\" content=\"fr_FR\" \/>\n<meta property=\"og:type\" content=\"article\" \/>\n<meta property=\"og:title\" content=\"Conservation des aires prot\u00e9g\u00e9es transfrontali\u00e8res\" \/>\n<meta property=\"og:description\" content=\"Les aires prot\u00e9g\u00e9es transfrontali\u00e8res incarnent l&#039;interd\u00e9pendance de tous les \u00e9cosyst\u00e8mes. Nous avons cibl\u00e9 des aires de conservation prioritaires dans\" \/>\n<meta property=\"og:url\" content=\"https:\/\/www.cec.org\/fr\/sujets\/ecosystemes\/conservation-des-aires-protegees-transfrontalieres\/\" \/>\n<meta property=\"og:site_name\" content=\"Commission de coop\u00e9ration environnementale\" \/>\n<meta property=\"article:publisher\" content=\"https:\/\/www.facebook.com\/CECconnect\" \/>\n<meta property=\"article:modified_time\" content=\"2024-07-11T17:35:40+00:00\" \/>\n<meta property=\"og:image\" content=\"https:\/\/www.cec.org\/wp-content\/uploads\/Conservation-of-Transboundary-Protected-Areas-1.jpg\" \/>\n\t<meta property=\"og:image:width\" content=\"600\" \/>\n\t<meta property=\"og:image:height\" content=\"342\" \/>\n\t<meta property=\"og:image:type\" content=\"image\/jpeg\" \/>\n<meta name=\"twitter:card\" content=\"summary_large_image\" \/>\n<meta name=\"twitter:site\" content=\"@CECweb\" \/>\n<script type=\"application\/ld+json\" class=\"yoast-schema-graph\">{\"@context\":\"https:\/\/schema.org\",\"@graph\":[{\"@type\":\"WebPage\",\"@id\":\"https:\/\/www.cec.org\/fr\/sujets\/ecosystemes\/conservation-des-aires-protegees-transfrontalieres\/\",\"url\":\"https:\/\/www.cec.org\/fr\/sujets\/ecosystemes\/conservation-des-aires-protegees-transfrontalieres\/\",\"name\":\"Conservation des aires prot\u00e9g\u00e9es transfrontali\u00e8res\",\"isPartOf\":{\"@id\":\"https:\/\/www.cec.org\/fr\/#website\"},\"primaryImageOfPage\":{\"@id\":\"https:\/\/www.cec.org\/fr\/sujets\/ecosystemes\/conservation-des-aires-protegees-transfrontalieres\/#primaryimage\"},\"image\":{\"@id\":\"https:\/\/www.cec.org\/fr\/sujets\/ecosystemes\/conservation-des-aires-protegees-transfrontalieres\/#primaryimage\"},\"thumbnailUrl\":\"https:\/\/www.cec.org\/wp-content\/uploads\/Conservation-of-Transboundary-Protected-Areas-1.jpg\",\"datePublished\":\"2024-03-29T16:46:35+00:00\",\"dateModified\":\"2024-07-11T17:35:40+00:00\",\"description\":\"Les aires prot\u00e9g\u00e9es transfrontali\u00e8res incarnent l'interd\u00e9pendance de tous les \u00e9cosyst\u00e8mes. Nous avons cibl\u00e9 des aires de conservation prioritaires dans\",\"breadcrumb\":{\"@id\":\"https:\/\/www.cec.org\/fr\/sujets\/ecosystemes\/conservation-des-aires-protegees-transfrontalieres\/#breadcrumb\"},\"inLanguage\":\"fr-FR\",\"potentialAction\":[{\"@type\":\"ReadAction\",\"target\":[\"https:\/\/www.cec.org\/fr\/sujets\/ecosystemes\/conservation-des-aires-protegees-transfrontalieres\/\"]}]},{\"@type\":\"ImageObject\",\"inLanguage\":\"fr-FR\",\"@id\":\"https:\/\/www.cec.org\/fr\/sujets\/ecosystemes\/conservation-des-aires-protegees-transfrontalieres\/#primaryimage\",\"url\":\"https:\/\/www.cec.org\/wp-content\/uploads\/Conservation-of-Transboundary-Protected-Areas-1.jpg\",\"contentUrl\":\"https:\/\/www.cec.org\/wp-content\/uploads\/Conservation-of-Transboundary-Protected-Areas-1.jpg\",\"width\":600,\"height\":342,\"caption\":\"Mountain\"},{\"@type\":\"BreadcrumbList\",\"@id\":\"https:\/\/www.cec.org\/fr\/sujets\/ecosystemes\/conservation-des-aires-protegees-transfrontalieres\/#breadcrumb\",\"itemListElement\":[{\"@type\":\"ListItem\",\"position\":1,\"name\":\"Accueil\",\"item\":\"https:\/\/www.cec.org\/fr\/\"},{\"@type\":\"ListItem\",\"position\":2,\"name\":\"Sujets\",\"item\":\"https:\/\/www.cec.org\/fr\/sujets\/\"},{\"@type\":\"ListItem\",\"position\":3,\"name\":\"\u00c9cosyst\u00e8mes\",\"item\":\"https:\/\/www.cec.org\/fr\/sujets\/ecosystemes\/\"},{\"@type\":\"ListItem\",\"position\":4,\"name\":\"Conservation des aires prot\u00e9g\u00e9es transfrontali\u00e8res\"}]},{\"@type\":\"WebSite\",\"@id\":\"https:\/\/www.cec.org\/fr\/#website\",\"url\":\"https:\/\/www.cec.org\/fr\/\",\"name\":\"Commission for Environmental Cooperation\",\"description\":\"Three countries working together to protect our shared environment\",\"alternateName\":\"CEC - CCA -CCE\",\"potentialAction\":[{\"@type\":\"SearchAction\",\"target\":{\"@type\":\"EntryPoint\",\"urlTemplate\":\"https:\/\/www.cec.org\/fr\/?s={search_term_string}\"},\"query-input\":{\"@type\":\"PropertyValueSpecification\",\"valueRequired\":true,\"valueName\":\"search_term_string\"}}],\"inLanguage\":\"fr-FR\"}]}<\/script>\n<!-- \/ Yoast SEO Premium plugin. -->","yoast_head_json":{"title":"Conservation des aires prot\u00e9g\u00e9es transfrontali\u00e8res","description":"Les aires prot\u00e9g\u00e9es transfrontali\u00e8res incarnent l'interd\u00e9pendance de tous les \u00e9cosyst\u00e8mes. Nous avons cibl\u00e9 des aires de conservation prioritaires dans","robots":{"index":"index","follow":"follow","max-snippet":"max-snippet:-1","max-image-preview":"max-image-preview:large","max-video-preview":"max-video-preview:-1"},"canonical":"https:\/\/www.cec.org\/fr\/sujets\/ecosystemes\/conservation-des-aires-protegees-transfrontalieres\/","og_locale":"fr_FR","og_type":"article","og_title":"Conservation des aires prot\u00e9g\u00e9es transfrontali\u00e8res","og_description":"Les aires prot\u00e9g\u00e9es transfrontali\u00e8res incarnent l'interd\u00e9pendance de tous les \u00e9cosyst\u00e8mes. Nous avons cibl\u00e9 des aires de conservation prioritaires dans","og_url":"https:\/\/www.cec.org\/fr\/sujets\/ecosystemes\/conservation-des-aires-protegees-transfrontalieres\/","og_site_name":"Commission de coop\u00e9ration environnementale","article_publisher":"https:\/\/www.facebook.com\/CECconnect","article_modified_time":"2024-07-11T17:35:40+00:00","og_image":[{"width":600,"height":342,"url":"https:\/\/www.cec.org\/wp-content\/uploads\/Conservation-of-Transboundary-Protected-Areas-1.jpg","type":"image\/jpeg"}],"twitter_card":"summary_large_image","twitter_site":"@CECweb","schema":{"@context":"https:\/\/schema.org","@graph":[{"@type":"WebPage","@id":"https:\/\/www.cec.org\/fr\/sujets\/ecosystemes\/conservation-des-aires-protegees-transfrontalieres\/","url":"https:\/\/www.cec.org\/fr\/sujets\/ecosystemes\/conservation-des-aires-protegees-transfrontalieres\/","name":"Conservation des aires prot\u00e9g\u00e9es transfrontali\u00e8res","isPartOf":{"@id":"https:\/\/www.cec.org\/fr\/#website"},"primaryImageOfPage":{"@id":"https:\/\/www.cec.org\/fr\/sujets\/ecosystemes\/conservation-des-aires-protegees-transfrontalieres\/#primaryimage"},"image":{"@id":"https:\/\/www.cec.org\/fr\/sujets\/ecosystemes\/conservation-des-aires-protegees-transfrontalieres\/#primaryimage"},"thumbnailUrl":"https:\/\/www.cec.org\/wp-content\/uploads\/Conservation-of-Transboundary-Protected-Areas-1.jpg","datePublished":"2024-03-29T16:46:35+00:00","dateModified":"2024-07-11T17:35:40+00:00","description":"Les aires prot\u00e9g\u00e9es transfrontali\u00e8res incarnent l'interd\u00e9pendance de tous les \u00e9cosyst\u00e8mes. Nous avons cibl\u00e9 des aires de conservation prioritaires dans","breadcrumb":{"@id":"https:\/\/www.cec.org\/fr\/sujets\/ecosystemes\/conservation-des-aires-protegees-transfrontalieres\/#breadcrumb"},"inLanguage":"fr-FR","potentialAction":[{"@type":"ReadAction","target":["https:\/\/www.cec.org\/fr\/sujets\/ecosystemes\/conservation-des-aires-protegees-transfrontalieres\/"]}]},{"@type":"ImageObject","inLanguage":"fr-FR","@id":"https:\/\/www.cec.org\/fr\/sujets\/ecosystemes\/conservation-des-aires-protegees-transfrontalieres\/#primaryimage","url":"https:\/\/www.cec.org\/wp-content\/uploads\/Conservation-of-Transboundary-Protected-Areas-1.jpg","contentUrl":"https:\/\/www.cec.org\/wp-content\/uploads\/Conservation-of-Transboundary-Protected-Areas-1.jpg","width":600,"height":342,"caption":"Mountain"},{"@type":"BreadcrumbList","@id":"https:\/\/www.cec.org\/fr\/sujets\/ecosystemes\/conservation-des-aires-protegees-transfrontalieres\/#breadcrumb","itemListElement":[{"@type":"ListItem","position":1,"name":"Accueil","item":"https:\/\/www.cec.org\/fr\/"},{"@type":"ListItem","position":2,"name":"Sujets","item":"https:\/\/www.cec.org\/fr\/sujets\/"},{"@type":"ListItem","position":3,"name":"\u00c9cosyst\u00e8mes","item":"https:\/\/www.cec.org\/fr\/sujets\/ecosystemes\/"},{"@type":"ListItem","position":4,"name":"Conservation des aires prot\u00e9g\u00e9es transfrontali\u00e8res"}]},{"@type":"WebSite","@id":"https:\/\/www.cec.org\/fr\/#website","url":"https:\/\/www.cec.org\/fr\/","name":"Commission for Environmental Cooperation","description":"Three countries working together to protect our shared environment","alternateName":"CEC - CCA -CCE","potentialAction":[{"@type":"SearchAction","target":{"@type":"EntryPoint","urlTemplate":"https:\/\/www.cec.org\/fr\/?s={search_term_string}"},"query-input":{"@type":"PropertyValueSpecification","valueRequired":true,"valueName":"search_term_string"}}],"inLanguage":"fr-FR"}]}},"_links":{"self":[{"href":"https:\/\/www.cec.org\/fr\/wp-json\/wp\/v2\/pages\/54701","targetHints":{"allow":["GET"]}}],"collection":[{"href":"https:\/\/www.cec.org\/fr\/wp-json\/wp\/v2\/pages"}],"about":[{"href":"https:\/\/www.cec.org\/fr\/wp-json\/wp\/v2\/types\/page"}],"author":[{"embeddable":true,"href":"https:\/\/www.cec.org\/fr\/wp-json\/wp\/v2\/users\/1"}],"replies":[{"embeddable":true,"href":"https:\/\/www.cec.org\/fr\/wp-json\/wp\/v2\/comments?post=54701"}],"version-history":[{"count":1,"href":"https:\/\/www.cec.org\/fr\/wp-json\/wp\/v2\/pages\/54701\/revisions"}],"predecessor-version":[{"id":56003,"href":"https:\/\/www.cec.org\/fr\/wp-json\/wp\/v2\/pages\/54701\/revisions\/56003"}],"up":[{"embeddable":true,"href":"https:\/\/www.cec.org\/fr\/wp-json\/wp\/v2\/pages\/55194"}],"wp:featuredmedia":[{"embeddable":true,"href":"https:\/\/www.cec.org\/fr\/wp-json\/wp\/v2\/media\/46086"}],"wp:attachment":[{"href":"https:\/\/www.cec.org\/fr\/wp-json\/wp\/v2\/media?parent=54701"}],"curies":[{"name":"wp","href":"https:\/\/api.w.org\/{rel}","templated":true}]}}