{"id":54692,"date":"2024-03-29T12:17:02","date_gmt":"2024-03-29T16:17:02","guid":{"rendered":"http:\/\/www.cec.org\/conservation-des-oiseaux-migrateurs\/"},"modified":"2024-07-11T13:35:41","modified_gmt":"2024-07-11T17:35:41","slug":"conservation-des-oiseaux-migrateurs","status":"publish","type":"page","link":"https:\/\/www.cec.org\/fr\/sujets\/ecosystemes\/conservation-des-oiseaux-migrateurs\/","title":{"rendered":"Conservation des oiseaux migrateurs"},"content":{"rendered":"<p>Des sp\u00e9cialistes estiment que, sur le territoire continental des \u00c9tats-Unis et au Canada, les populations d'oiseaux ont chut\u00e9 de pr\u00e8s de 30 % depuis 1970. \u00c0 cause des perturbations humaines et de la d\u00e9gradation de leur habitats, les oiseaux migrateurs sont d\u00e9sign\u00e9s comme un groupe d'esp\u00e8ces prioritaires sur le plan de la conservation. Nous travaillons avec des collectivit\u00e9s \u00e9tablies le long des parcours de migration des oiseaux pour conserver les habitats, sensibiliser la population et d\u00e9velopper l'\u00e9cotourisme ax\u00e9 sur les cycles de migration des oiseaux.<\/p>\n","protected":false},"excerpt":{"rendered":"<p>Des sp\u00e9cialistes estiment que, sur le territoire continental des \u00c9tats-Unis et au Canada, les populations d&rsquo;oiseaux ont chut\u00e9 de pr\u00e8s de 30 % depuis 1970. \u00c0 cause des perturbations humaines et de la d\u00e9gradation de leur habitats, les oiseaux migrateurs sont d\u00e9sign\u00e9s comme un groupe d&rsquo;esp\u00e8ces prioritaires sur le plan de la conservation. Nous travaillons [&hellip;]<\/p>\n","protected":false},"author":1,"featured_media":36051,"parent":55194,"menu_order":0,"comment_status":"closed","ping_status":"closed","template":"page-2024subtopics.php","meta":{"_acf_changed":false,"footnotes":""},"class_list":["post-54692","page","type-page","status-publish","has-post-thumbnail","hentry"],"acf":[],"yoast_head":"<!-- This site is optimized with the Yoast SEO Premium plugin v27.0 (Yoast SEO v27.0) - https:\/\/yoast.com\/product\/yoast-seo-premium-wordpress\/ -->\n<title>Conservation des oiseaux migrateurs<\/title>\n<meta name=\"description\" content=\"Des sp\u00e9cialistes estiment que, sur le territoire continental des \u00c9tats-Unis et au Canada, les populations d&#039;oiseaux ont chut\u00e9 de pr\u00e8s de 30 % depuis 1970.\" \/>\n<meta name=\"robots\" content=\"index, follow, max-snippet:-1, max-image-preview:large, max-video-preview:-1\" \/>\n<link rel=\"canonical\" href=\"https:\/\/www.cec.org\/fr\/sujets\/ecosystemes\/conservation-des-oiseaux-migrateurs\/\" \/>\n<meta property=\"og:locale\" content=\"fr_FR\" \/>\n<meta property=\"og:type\" content=\"article\" \/>\n<meta property=\"og:title\" content=\"Conservation des oiseaux migrateurs\" \/>\n<meta property=\"og:description\" content=\"Des sp\u00e9cialistes estiment que, sur le territoire continental des \u00c9tats-Unis et au Canada, les populations d&#039;oiseaux ont chut\u00e9 de pr\u00e8s de 30 % depuis 1970.\" \/>\n<meta property=\"og:url\" content=\"https:\/\/www.cec.org\/fr\/sujets\/ecosystemes\/conservation-des-oiseaux-migrateurs\/\" \/>\n<meta property=\"og:site_name\" content=\"Commission de coop\u00e9ration environnementale\" \/>\n<meta property=\"article:publisher\" content=\"https:\/\/www.facebook.com\/CECconnect\" \/>\n<meta property=\"article:modified_time\" content=\"2024-07-11T17:35:41+00:00\" \/>\n<meta property=\"og:image\" content=\"https:\/\/www.cec.org\/wp-content\/uploads\/Migratory-Birds-Conservation-thumb.jpg\" \/>\n\t<meta property=\"og:image:width\" content=\"600\" \/>\n\t<meta property=\"og:image:height\" content=\"342\" \/>\n\t<meta property=\"og:image:type\" content=\"image\/jpeg\" \/>\n<meta name=\"twitter:card\" content=\"summary_large_image\" \/>\n<meta name=\"twitter:site\" content=\"@CECweb\" \/>\n<script type=\"application\/ld+json\" class=\"yoast-schema-graph\">{\"@context\":\"https:\/\/schema.org\",\"@graph\":[{\"@type\":\"WebPage\",\"@id\":\"https:\/\/www.cec.org\/fr\/sujets\/ecosystemes\/conservation-des-oiseaux-migrateurs\/\",\"url\":\"https:\/\/www.cec.org\/fr\/sujets\/ecosystemes\/conservation-des-oiseaux-migrateurs\/\",\"name\":\"Conservation des oiseaux migrateurs\",\"isPartOf\":{\"@id\":\"https:\/\/www.cec.org\/fr\/#website\"},\"primaryImageOfPage\":{\"@id\":\"https:\/\/www.cec.org\/fr\/sujets\/ecosystemes\/conservation-des-oiseaux-migrateurs\/#primaryimage\"},\"image\":{\"@id\":\"https:\/\/www.cec.org\/fr\/sujets\/ecosystemes\/conservation-des-oiseaux-migrateurs\/#primaryimage\"},\"thumbnailUrl\":\"https:\/\/www.cec.org\/wp-content\/uploads\/Migratory-Birds-Conservation-thumb.jpg\",\"datePublished\":\"2024-03-29T16:17:02+00:00\",\"dateModified\":\"2024-07-11T17:35:41+00:00\",\"description\":\"Des sp\u00e9cialistes estiment que, sur le territoire continental des \u00c9tats-Unis et au Canada, les populations d'oiseaux ont chut\u00e9 de pr\u00e8s de 30 % depuis 1970.\",\"breadcrumb\":{\"@id\":\"https:\/\/www.cec.org\/fr\/sujets\/ecosystemes\/conservation-des-oiseaux-migrateurs\/#breadcrumb\"},\"inLanguage\":\"fr-FR\",\"potentialAction\":[{\"@type\":\"ReadAction\",\"target\":[\"https:\/\/www.cec.org\/fr\/sujets\/ecosystemes\/conservation-des-oiseaux-migrateurs\/\"]}]},{\"@type\":\"ImageObject\",\"inLanguage\":\"fr-FR\",\"@id\":\"https:\/\/www.cec.org\/fr\/sujets\/ecosystemes\/conservation-des-oiseaux-migrateurs\/#primaryimage\",\"url\":\"https:\/\/www.cec.org\/wp-content\/uploads\/Migratory-Birds-Conservation-thumb.jpg\",\"contentUrl\":\"https:\/\/www.cec.org\/wp-content\/uploads\/Migratory-Birds-Conservation-thumb.jpg\",\"width\":600,\"height\":342,\"caption\":\"Shorebird walking on the sand\"},{\"@type\":\"BreadcrumbList\",\"@id\":\"https:\/\/www.cec.org\/fr\/sujets\/ecosystemes\/conservation-des-oiseaux-migrateurs\/#breadcrumb\",\"itemListElement\":[{\"@type\":\"ListItem\",\"position\":1,\"name\":\"Accueil\",\"item\":\"https:\/\/www.cec.org\/fr\/\"},{\"@type\":\"ListItem\",\"position\":2,\"name\":\"Sujets\",\"item\":\"https:\/\/www.cec.org\/fr\/sujets\/\"},{\"@type\":\"ListItem\",\"position\":3,\"name\":\"\u00c9cosyst\u00e8mes\",\"item\":\"https:\/\/www.cec.org\/fr\/sujets\/ecosystemes\/\"},{\"@type\":\"ListItem\",\"position\":4,\"name\":\"Conservation des oiseaux migrateurs\"}]},{\"@type\":\"WebSite\",\"@id\":\"https:\/\/www.cec.org\/fr\/#website\",\"url\":\"https:\/\/www.cec.org\/fr\/\",\"name\":\"Commission for Environmental Cooperation\",\"description\":\"Three countries working together to protect our shared environment\",\"alternateName\":\"CEC - CCA -CCE\",\"potentialAction\":[{\"@type\":\"SearchAction\",\"target\":{\"@type\":\"EntryPoint\",\"urlTemplate\":\"https:\/\/www.cec.org\/fr\/?s={search_term_string}\"},\"query-input\":{\"@type\":\"PropertyValueSpecification\",\"valueRequired\":true,\"valueName\":\"search_term_string\"}}],\"inLanguage\":\"fr-FR\"}]}<\/script>\n<!-- \/ Yoast SEO Premium plugin. -->","yoast_head_json":{"title":"Conservation des oiseaux migrateurs","description":"Des sp\u00e9cialistes estiment que, sur le territoire continental des \u00c9tats-Unis et au Canada, les populations d'oiseaux ont chut\u00e9 de pr\u00e8s de 30 % depuis 1970.","robots":{"index":"index","follow":"follow","max-snippet":"max-snippet:-1","max-image-preview":"max-image-preview:large","max-video-preview":"max-video-preview:-1"},"canonical":"https:\/\/www.cec.org\/fr\/sujets\/ecosystemes\/conservation-des-oiseaux-migrateurs\/","og_locale":"fr_FR","og_type":"article","og_title":"Conservation des oiseaux migrateurs","og_description":"Des sp\u00e9cialistes estiment que, sur le territoire continental des \u00c9tats-Unis et au Canada, les populations d'oiseaux ont chut\u00e9 de pr\u00e8s de 30 % depuis 1970.","og_url":"https:\/\/www.cec.org\/fr\/sujets\/ecosystemes\/conservation-des-oiseaux-migrateurs\/","og_site_name":"Commission de coop\u00e9ration environnementale","article_publisher":"https:\/\/www.facebook.com\/CECconnect","article_modified_time":"2024-07-11T17:35:41+00:00","og_image":[{"width":600,"height":342,"url":"https:\/\/www.cec.org\/wp-content\/uploads\/Migratory-Birds-Conservation-thumb.jpg","type":"image\/jpeg"}],"twitter_card":"summary_large_image","twitter_site":"@CECweb","schema":{"@context":"https:\/\/schema.org","@graph":[{"@type":"WebPage","@id":"https:\/\/www.cec.org\/fr\/sujets\/ecosystemes\/conservation-des-oiseaux-migrateurs\/","url":"https:\/\/www.cec.org\/fr\/sujets\/ecosystemes\/conservation-des-oiseaux-migrateurs\/","name":"Conservation des oiseaux migrateurs","isPartOf":{"@id":"https:\/\/www.cec.org\/fr\/#website"},"primaryImageOfPage":{"@id":"https:\/\/www.cec.org\/fr\/sujets\/ecosystemes\/conservation-des-oiseaux-migrateurs\/#primaryimage"},"image":{"@id":"https:\/\/www.cec.org\/fr\/sujets\/ecosystemes\/conservation-des-oiseaux-migrateurs\/#primaryimage"},"thumbnailUrl":"https:\/\/www.cec.org\/wp-content\/uploads\/Migratory-Birds-Conservation-thumb.jpg","datePublished":"2024-03-29T16:17:02+00:00","dateModified":"2024-07-11T17:35:41+00:00","description":"Des sp\u00e9cialistes estiment que, sur le territoire continental des \u00c9tats-Unis et au Canada, les populations d'oiseaux ont chut\u00e9 de pr\u00e8s de 30 % depuis 1970.","breadcrumb":{"@id":"https:\/\/www.cec.org\/fr\/sujets\/ecosystemes\/conservation-des-oiseaux-migrateurs\/#breadcrumb"},"inLanguage":"fr-FR","potentialAction":[{"@type":"ReadAction","target":["https:\/\/www.cec.org\/fr\/sujets\/ecosystemes\/conservation-des-oiseaux-migrateurs\/"]}]},{"@type":"ImageObject","inLanguage":"fr-FR","@id":"https:\/\/www.cec.org\/fr\/sujets\/ecosystemes\/conservation-des-oiseaux-migrateurs\/#primaryimage","url":"https:\/\/www.cec.org\/wp-content\/uploads\/Migratory-Birds-Conservation-thumb.jpg","contentUrl":"https:\/\/www.cec.org\/wp-content\/uploads\/Migratory-Birds-Conservation-thumb.jpg","width":600,"height":342,"caption":"Shorebird walking on the sand"},{"@type":"BreadcrumbList","@id":"https:\/\/www.cec.org\/fr\/sujets\/ecosystemes\/conservation-des-oiseaux-migrateurs\/#breadcrumb","itemListElement":[{"@type":"ListItem","position":1,"name":"Accueil","item":"https:\/\/www.cec.org\/fr\/"},{"@type":"ListItem","position":2,"name":"Sujets","item":"https:\/\/www.cec.org\/fr\/sujets\/"},{"@type":"ListItem","position":3,"name":"\u00c9cosyst\u00e8mes","item":"https:\/\/www.cec.org\/fr\/sujets\/ecosystemes\/"},{"@type":"ListItem","position":4,"name":"Conservation des oiseaux migrateurs"}]},{"@type":"WebSite","@id":"https:\/\/www.cec.org\/fr\/#website","url":"https:\/\/www.cec.org\/fr\/","name":"Commission for Environmental Cooperation","description":"Three countries working together to protect our shared environment","alternateName":"CEC - CCA -CCE","potentialAction":[{"@type":"SearchAction","target":{"@type":"EntryPoint","urlTemplate":"https:\/\/www.cec.org\/fr\/?s={search_term_string}"},"query-input":{"@type":"PropertyValueSpecification","valueRequired":true,"valueName":"search_term_string"}}],"inLanguage":"fr-FR"}]}},"_links":{"self":[{"href":"https:\/\/www.cec.org\/fr\/wp-json\/wp\/v2\/pages\/54692","targetHints":{"allow":["GET"]}}],"collection":[{"href":"https:\/\/www.cec.org\/fr\/wp-json\/wp\/v2\/pages"}],"about":[{"href":"https:\/\/www.cec.org\/fr\/wp-json\/wp\/v2\/types\/page"}],"author":[{"embeddable":true,"href":"https:\/\/www.cec.org\/fr\/wp-json\/wp\/v2\/users\/1"}],"replies":[{"embeddable":true,"href":"https:\/\/www.cec.org\/fr\/wp-json\/wp\/v2\/comments?post=54692"}],"version-history":[{"count":1,"href":"https:\/\/www.cec.org\/fr\/wp-json\/wp\/v2\/pages\/54692\/revisions"}],"predecessor-version":[{"id":56005,"href":"https:\/\/www.cec.org\/fr\/wp-json\/wp\/v2\/pages\/54692\/revisions\/56005"}],"up":[{"embeddable":true,"href":"https:\/\/www.cec.org\/fr\/wp-json\/wp\/v2\/pages\/55194"}],"wp:featuredmedia":[{"embeddable":true,"href":"https:\/\/www.cec.org\/fr\/wp-json\/wp\/v2\/media\/36051"}],"wp:attachment":[{"href":"https:\/\/www.cec.org\/fr\/wp-json\/wp\/v2\/media?parent=54692"}],"curies":[{"name":"wp","href":"https:\/\/api.w.org\/{rel}","templated":true}]}}