{"id":54678,"date":"2024-03-27T14:15:04","date_gmt":"2024-03-27T18:15:04","guid":{"rendered":"http:\/\/www.cec.org\/connaissances-ecologiques-traditionnelles\/"},"modified":"2026-04-11T17:52:57","modified_gmt":"2026-04-11T21:52:57","slug":"connaissances-ecologiques-traditionnelles","status":"publish","type":"page","link":"https:\/\/www.cec.org\/fr\/sujets\/ecosystemes\/connaissances-ecologiques-traditionnelles\/","title":{"rendered":"Connaissances \u00e9cologiques traditionnelles"},"content":{"rendered":"<p>Les d\u00e9tenteurs locaux et autochtones des connaissances \u00e9cologiques traditionnelles ont un point de vue unique qui \u00e9volue depuis de nombreuses g\u00e9n\u00e9rations gr\u00e2ce \u00e0 leur contact direct avec l'environnement. Nous travaillons avec des collectivit\u00e9s locales et autochtones des quatre coins de l'Am\u00e9rique du Nord pour recueillir de l'information essentielle sur notre environnement en transformation et orienter les strat\u00e9gies d'adaptation aux changements climatiques tout en respectant la nature unique de ces r\u00e9seaux de connaissances.<\/p>\n","protected":false},"excerpt":{"rendered":"<p>Les d\u00e9tenteurs locaux et autochtones des connaissances \u00e9cologiques traditionnelles ont un point de vue unique qui \u00e9volue depuis de nombreuses g\u00e9n\u00e9rations gr\u00e2ce \u00e0 leur contact direct avec l&rsquo;environnement. Nous travaillons avec des collectivit\u00e9s locales et autochtones des quatre coins de l&rsquo;Am\u00e9rique du Nord pour recueillir de l&rsquo;information essentielle sur notre environnement en transformation et orienter [&hellip;]<\/p>\n","protected":false},"author":1,"featured_media":36063,"parent":55194,"menu_order":0,"comment_status":"closed","ping_status":"closed","template":"page-2024subtopics.php","meta":{"_acf_changed":false,"footnotes":""},"class_list":["post-54678","page","type-page","status-publish","has-post-thumbnail","hentry"],"acf":[],"yoast_head":"<!-- This site is optimized with the Yoast SEO Premium plugin v27.4 (Yoast SEO v27.4) - https:\/\/yoast.com\/product\/yoast-seo-premium-wordpress\/ -->\n<title>Connaissances \u00e9cologiques traditionnelles<\/title>\n<meta name=\"description\" content=\"Les d\u00e9tenteurs locaux et autochtones des connaissances \u00e9cologiques traditionnelles ont un point de vue unique qui \u00e9volue...\" \/>\n<meta name=\"robots\" content=\"index, follow, max-snippet:-1, max-image-preview:large, max-video-preview:-1\" \/>\n<link rel=\"canonical\" href=\"https:\/\/www.cec.org\/fr\/sujets\/ecosystemes\/connaissances-ecologiques-traditionnelles\/\" \/>\n<meta property=\"og:locale\" content=\"fr_FR\" \/>\n<meta property=\"og:type\" content=\"article\" \/>\n<meta property=\"og:title\" content=\"Connaissances \u00e9cologiques traditionnelles\" \/>\n<meta property=\"og:description\" content=\"Les d\u00e9tenteurs locaux et autochtones des connaissances \u00e9cologiques traditionnelles ont un point de vue unique qui \u00e9volue depuis de nombreuses g\u00e9n\u00e9rations\" \/>\n<meta property=\"og:url\" content=\"https:\/\/www.cec.org\/fr\/sujets\/ecosystemes\/connaissances-ecologiques-traditionnelles\/\" \/>\n<meta property=\"og:site_name\" content=\"Commission de coop\u00e9ration environnementale\" \/>\n<meta property=\"article:publisher\" content=\"https:\/\/www.facebook.com\/CECconnect\" \/>\n<meta property=\"article:modified_time\" content=\"2026-04-11T21:52:57+00:00\" \/>\n<meta property=\"og:image\" content=\"https:\/\/www.cec.org\/wp-content\/uploads\/Traditional-Ecological-Knowledge-thumbnail.jpg\" \/>\n\t<meta property=\"og:image:width\" content=\"600\" \/>\n\t<meta property=\"og:image:height\" content=\"342\" \/>\n\t<meta property=\"og:image:type\" content=\"image\/jpeg\" \/>\n<meta name=\"twitter:card\" content=\"summary_large_image\" \/>\n<meta name=\"twitter:site\" content=\"@CECweb\" \/>\n<script type=\"application\/ld+json\" class=\"yoast-schema-graph\">{\"@context\":\"https:\\\/\\\/schema.org\",\"@graph\":[{\"@type\":\"WebPage\",\"@id\":\"https:\\\/\\\/www.cec.org\\\/fr\\\/sujets\\\/ecosystemes\\\/connaissances-ecologiques-traditionnelles\\\/\",\"url\":\"https:\\\/\\\/www.cec.org\\\/fr\\\/sujets\\\/ecosystemes\\\/connaissances-ecologiques-traditionnelles\\\/\",\"name\":\"Connaissances \u00e9cologiques traditionnelles\",\"isPartOf\":{\"@id\":\"https:\\\/\\\/www.cec.org\\\/fr\\\/#website\"},\"primaryImageOfPage\":{\"@id\":\"https:\\\/\\\/www.cec.org\\\/fr\\\/sujets\\\/ecosystemes\\\/connaissances-ecologiques-traditionnelles\\\/#primaryimage\"},\"image\":{\"@id\":\"https:\\\/\\\/www.cec.org\\\/fr\\\/sujets\\\/ecosystemes\\\/connaissances-ecologiques-traditionnelles\\\/#primaryimage\"},\"thumbnailUrl\":\"https:\\\/\\\/www.cec.org\\\/wp-content\\\/uploads\\\/Traditional-Ecological-Knowledge-thumbnail.jpg\",\"datePublished\":\"2024-03-27T18:15:04+00:00\",\"dateModified\":\"2026-04-11T21:52:57+00:00\",\"description\":\"Les d\u00e9tenteurs locaux et autochtones des connaissances \u00e9cologiques traditionnelles ont un point de vue unique qui \u00e9volue...\",\"breadcrumb\":{\"@id\":\"https:\\\/\\\/www.cec.org\\\/fr\\\/sujets\\\/ecosystemes\\\/connaissances-ecologiques-traditionnelles\\\/#breadcrumb\"},\"inLanguage\":\"fr-FR\",\"potentialAction\":[{\"@type\":\"ReadAction\",\"target\":[\"https:\\\/\\\/www.cec.org\\\/fr\\\/sujets\\\/ecosystemes\\\/connaissances-ecologiques-traditionnelles\\\/\"]}]},{\"@type\":\"ImageObject\",\"inLanguage\":\"fr-FR\",\"@id\":\"https:\\\/\\\/www.cec.org\\\/fr\\\/sujets\\\/ecosystemes\\\/connaissances-ecologiques-traditionnelles\\\/#primaryimage\",\"url\":\"https:\\\/\\\/www.cec.org\\\/wp-content\\\/uploads\\\/Traditional-Ecological-Knowledge-thumbnail.jpg\",\"contentUrl\":\"https:\\\/\\\/www.cec.org\\\/wp-content\\\/uploads\\\/Traditional-Ecological-Knowledge-thumbnail.jpg\",\"width\":600,\"height\":342,\"caption\":\"Person and a herd of sheep\"},{\"@type\":\"BreadcrumbList\",\"@id\":\"https:\\\/\\\/www.cec.org\\\/fr\\\/sujets\\\/ecosystemes\\\/connaissances-ecologiques-traditionnelles\\\/#breadcrumb\",\"itemListElement\":[{\"@type\":\"ListItem\",\"position\":1,\"name\":\"Accueil\",\"item\":\"https:\\\/\\\/www.cec.org\\\/fr\\\/\"},{\"@type\":\"ListItem\",\"position\":2,\"name\":\"Sujets\",\"item\":\"https:\\\/\\\/www.cec.org\\\/fr\\\/sujets\\\/\"},{\"@type\":\"ListItem\",\"position\":3,\"name\":\"\u00c9cosyst\u00e8mes\",\"item\":\"https:\\\/\\\/www.cec.org\\\/fr\\\/topics\\\/ecosystems\\\/\"},{\"@type\":\"ListItem\",\"position\":4,\"name\":\"Connaissances \u00e9cologiques traditionnelles\"}]},{\"@type\":\"WebSite\",\"@id\":\"https:\\\/\\\/www.cec.org\\\/fr\\\/#website\",\"url\":\"https:\\\/\\\/www.cec.org\\\/fr\\\/\",\"name\":\"Commission for Environmental Cooperation\",\"description\":\"Three countries working together to protect our shared environment\",\"alternateName\":\"CEC - CCA -CCE\",\"potentialAction\":[{\"@type\":\"SearchAction\",\"target\":{\"@type\":\"EntryPoint\",\"urlTemplate\":\"https:\\\/\\\/www.cec.org\\\/fr\\\/?s={search_term_string}\"},\"query-input\":{\"@type\":\"PropertyValueSpecification\",\"valueRequired\":true,\"valueName\":\"search_term_string\"}}],\"inLanguage\":\"fr-FR\"}]}<\/script>\n<!-- \/ Yoast SEO Premium plugin. -->","yoast_head_json":{"title":"Connaissances \u00e9cologiques traditionnelles","description":"Les d\u00e9tenteurs locaux et autochtones des connaissances \u00e9cologiques traditionnelles ont un point de vue unique qui \u00e9volue...","robots":{"index":"index","follow":"follow","max-snippet":"max-snippet:-1","max-image-preview":"max-image-preview:large","max-video-preview":"max-video-preview:-1"},"canonical":"https:\/\/www.cec.org\/fr\/sujets\/ecosystemes\/connaissances-ecologiques-traditionnelles\/","og_locale":"fr_FR","og_type":"article","og_title":"Connaissances \u00e9cologiques traditionnelles","og_description":"Les d\u00e9tenteurs locaux et autochtones des connaissances \u00e9cologiques traditionnelles ont un point de vue unique qui \u00e9volue depuis de nombreuses g\u00e9n\u00e9rations","og_url":"https:\/\/www.cec.org\/fr\/sujets\/ecosystemes\/connaissances-ecologiques-traditionnelles\/","og_site_name":"Commission de coop\u00e9ration environnementale","article_publisher":"https:\/\/www.facebook.com\/CECconnect","article_modified_time":"2026-04-11T21:52:57+00:00","og_image":[{"width":600,"height":342,"url":"https:\/\/www.cec.org\/wp-content\/uploads\/Traditional-Ecological-Knowledge-thumbnail.jpg","type":"image\/jpeg"}],"twitter_card":"summary_large_image","twitter_site":"@CECweb","schema":{"@context":"https:\/\/schema.org","@graph":[{"@type":"WebPage","@id":"https:\/\/www.cec.org\/fr\/sujets\/ecosystemes\/connaissances-ecologiques-traditionnelles\/","url":"https:\/\/www.cec.org\/fr\/sujets\/ecosystemes\/connaissances-ecologiques-traditionnelles\/","name":"Connaissances \u00e9cologiques traditionnelles","isPartOf":{"@id":"https:\/\/www.cec.org\/fr\/#website"},"primaryImageOfPage":{"@id":"https:\/\/www.cec.org\/fr\/sujets\/ecosystemes\/connaissances-ecologiques-traditionnelles\/#primaryimage"},"image":{"@id":"https:\/\/www.cec.org\/fr\/sujets\/ecosystemes\/connaissances-ecologiques-traditionnelles\/#primaryimage"},"thumbnailUrl":"https:\/\/www.cec.org\/wp-content\/uploads\/Traditional-Ecological-Knowledge-thumbnail.jpg","datePublished":"2024-03-27T18:15:04+00:00","dateModified":"2026-04-11T21:52:57+00:00","description":"Les d\u00e9tenteurs locaux et autochtones des connaissances \u00e9cologiques traditionnelles ont un point de vue unique qui \u00e9volue...","breadcrumb":{"@id":"https:\/\/www.cec.org\/fr\/sujets\/ecosystemes\/connaissances-ecologiques-traditionnelles\/#breadcrumb"},"inLanguage":"fr-FR","potentialAction":[{"@type":"ReadAction","target":["https:\/\/www.cec.org\/fr\/sujets\/ecosystemes\/connaissances-ecologiques-traditionnelles\/"]}]},{"@type":"ImageObject","inLanguage":"fr-FR","@id":"https:\/\/www.cec.org\/fr\/sujets\/ecosystemes\/connaissances-ecologiques-traditionnelles\/#primaryimage","url":"https:\/\/www.cec.org\/wp-content\/uploads\/Traditional-Ecological-Knowledge-thumbnail.jpg","contentUrl":"https:\/\/www.cec.org\/wp-content\/uploads\/Traditional-Ecological-Knowledge-thumbnail.jpg","width":600,"height":342,"caption":"Person and a herd of sheep"},{"@type":"BreadcrumbList","@id":"https:\/\/www.cec.org\/fr\/sujets\/ecosystemes\/connaissances-ecologiques-traditionnelles\/#breadcrumb","itemListElement":[{"@type":"ListItem","position":1,"name":"Accueil","item":"https:\/\/www.cec.org\/fr\/"},{"@type":"ListItem","position":2,"name":"Sujets","item":"https:\/\/www.cec.org\/fr\/sujets\/"},{"@type":"ListItem","position":3,"name":"\u00c9cosyst\u00e8mes","item":"https:\/\/www.cec.org\/fr\/topics\/ecosystems\/"},{"@type":"ListItem","position":4,"name":"Connaissances \u00e9cologiques traditionnelles"}]},{"@type":"WebSite","@id":"https:\/\/www.cec.org\/fr\/#website","url":"https:\/\/www.cec.org\/fr\/","name":"Commission for Environmental Cooperation","description":"Three countries working together to protect our shared environment","alternateName":"CEC - CCA -CCE","potentialAction":[{"@type":"SearchAction","target":{"@type":"EntryPoint","urlTemplate":"https:\/\/www.cec.org\/fr\/?s={search_term_string}"},"query-input":{"@type":"PropertyValueSpecification","valueRequired":true,"valueName":"search_term_string"}}],"inLanguage":"fr-FR"}]}},"_links":{"self":[{"href":"https:\/\/www.cec.org\/fr\/wp-json\/wp\/v2\/pages\/54678","targetHints":{"allow":["GET"]}}],"collection":[{"href":"https:\/\/www.cec.org\/fr\/wp-json\/wp\/v2\/pages"}],"about":[{"href":"https:\/\/www.cec.org\/fr\/wp-json\/wp\/v2\/types\/page"}],"author":[{"embeddable":true,"href":"https:\/\/www.cec.org\/fr\/wp-json\/wp\/v2\/users\/1"}],"replies":[{"embeddable":true,"href":"https:\/\/www.cec.org\/fr\/wp-json\/wp\/v2\/comments?post=54678"}],"version-history":[{"count":1,"href":"https:\/\/www.cec.org\/fr\/wp-json\/wp\/v2\/pages\/54678\/revisions"}],"predecessor-version":[{"id":56002,"href":"https:\/\/www.cec.org\/fr\/wp-json\/wp\/v2\/pages\/54678\/revisions\/56002"}],"up":[{"embeddable":true,"href":"https:\/\/www.cec.org\/fr\/wp-json\/wp\/v2\/pages\/55194"}],"wp:featuredmedia":[{"embeddable":true,"href":"https:\/\/www.cec.org\/fr\/wp-json\/wp\/v2\/media\/36063"}],"wp:attachment":[{"href":"https:\/\/www.cec.org\/fr\/wp-json\/wp\/v2\/media?parent=54678"}],"curies":[{"name":"wp","href":"https:\/\/api.w.org\/{rel}","templated":true}]}}