{"id":54674,"date":"2024-03-25T14:16:11","date_gmt":"2024-03-25T18:16:11","guid":{"rendered":"http:\/\/www.cec.org\/conservation-des-aires-marines-protegees\/"},"modified":"2026-04-11T17:52:07","modified_gmt":"2026-04-11T21:52:07","slug":"conservation-des-aires-marines-protegees","status":"publish","type":"page","link":"https:\/\/www.cec.org\/fr\/sujets\/ecosystemes\/conservation-des-aires-marines-protegees\/","title":{"rendered":"Conservation des aires marines prot\u00e9g\u00e9es"},"content":{"rendered":"<p>De l'Arctique canadien jusqu'\u00e0 la pointe sud du Mexique, l'Am\u00e9rique du Nord abrite un vaste r\u00e9seau d'aires marines prot\u00e9g\u00e9es. Cette vid\u00e9o illustre le r\u00f4le fondamental que jouent les AMP pour soutenir les collectivit\u00e9s, que ce soit en offrant des exp\u00e9riences r\u00e9cr\u00e9atives, en servant de laboratoires vivants ou en favorisant la conservation d'esp\u00e8ces importantes et de leurs habitats.<\/p>\n","protected":false},"excerpt":{"rendered":"<p>De l&rsquo;Arctique canadien jusqu&rsquo;\u00e0 la pointe sud du Mexique, l&rsquo;Am\u00e9rique du Nord abrite un vaste r\u00e9seau d&rsquo;aires marines prot\u00e9g\u00e9es. Cette vid\u00e9o illustre le r\u00f4le fondamental que jouent les AMP pour soutenir les collectivit\u00e9s, que ce soit en offrant des exp\u00e9riences r\u00e9cr\u00e9atives, en servant de laboratoires vivants ou en favorisant la conservation d&rsquo;esp\u00e8ces importantes et de [&hellip;]<\/p>\n","protected":false},"author":1,"featured_media":46171,"parent":55194,"menu_order":0,"comment_status":"closed","ping_status":"closed","template":"page-2024subtopics.php","meta":{"_acf_changed":false,"footnotes":""},"class_list":["post-54674","page","type-page","status-publish","has-post-thumbnail","hentry"],"acf":[],"yoast_head":"<!-- This site is optimized with the Yoast SEO Premium plugin v27.4 (Yoast SEO v27.4) - https:\/\/yoast.com\/product\/yoast-seo-premium-wordpress\/ -->\n<title>Conservation des aires marines prot\u00e9g\u00e9es<\/title>\n<meta name=\"description\" content=\"De l&#039;Arctique canadien jusqu&#039;\u00e0 la pointe sud du Mexique, l&#039;Am\u00e9rique du Nord abrite un vaste r\u00e9seau d&#039;aires marines prot\u00e9g\u00e9es.\" \/>\n<meta name=\"robots\" content=\"index, follow, max-snippet:-1, max-image-preview:large, max-video-preview:-1\" \/>\n<link rel=\"canonical\" href=\"https:\/\/www.cec.org\/fr\/sujets\/ecosystemes\/conservation-des-aires-marines-protegees\/\" \/>\n<meta property=\"og:locale\" content=\"fr_FR\" \/>\n<meta property=\"og:type\" content=\"article\" \/>\n<meta property=\"og:title\" content=\"Conservation des aires marines prot\u00e9g\u00e9es\" \/>\n<meta property=\"og:description\" content=\"De l&#039;Arctique canadien jusqu&#039;\u00e0 la pointe sud du Mexique, l&#039;Am\u00e9rique du Nord abrite un vaste r\u00e9seau d&#039;aires marines prot\u00e9g\u00e9es. Cette vid\u00e9o illustre le r\u00f4le\" \/>\n<meta property=\"og:url\" content=\"https:\/\/www.cec.org\/fr\/sujets\/ecosystemes\/conservation-des-aires-marines-protegees\/\" \/>\n<meta property=\"og:site_name\" content=\"Commission de coop\u00e9ration environnementale\" \/>\n<meta property=\"article:publisher\" content=\"https:\/\/www.facebook.com\/CECconnect\" \/>\n<meta property=\"article:modified_time\" content=\"2026-04-11T21:52:07+00:00\" \/>\n<meta property=\"og:image\" content=\"https:\/\/www.cec.org\/wp-content\/uploads\/marine-thumbnail.jpg\" \/>\n\t<meta property=\"og:image:width\" content=\"600\" \/>\n\t<meta property=\"og:image:height\" content=\"342\" \/>\n\t<meta property=\"og:image:type\" content=\"image\/jpeg\" \/>\n<meta name=\"twitter:card\" content=\"summary_large_image\" \/>\n<meta name=\"twitter:site\" content=\"@CECweb\" \/>\n<script type=\"application\/ld+json\" class=\"yoast-schema-graph\">{\"@context\":\"https:\\\/\\\/schema.org\",\"@graph\":[{\"@type\":\"WebPage\",\"@id\":\"https:\\\/\\\/www.cec.org\\\/fr\\\/sujets\\\/ecosystemes\\\/conservation-des-aires-marines-protegees\\\/\",\"url\":\"https:\\\/\\\/www.cec.org\\\/fr\\\/sujets\\\/ecosystemes\\\/conservation-des-aires-marines-protegees\\\/\",\"name\":\"Conservation des aires marines prot\u00e9g\u00e9es\",\"isPartOf\":{\"@id\":\"https:\\\/\\\/www.cec.org\\\/fr\\\/#website\"},\"primaryImageOfPage\":{\"@id\":\"https:\\\/\\\/www.cec.org\\\/fr\\\/sujets\\\/ecosystemes\\\/conservation-des-aires-marines-protegees\\\/#primaryimage\"},\"image\":{\"@id\":\"https:\\\/\\\/www.cec.org\\\/fr\\\/sujets\\\/ecosystemes\\\/conservation-des-aires-marines-protegees\\\/#primaryimage\"},\"thumbnailUrl\":\"https:\\\/\\\/www.cec.org\\\/wp-content\\\/uploads\\\/marine-thumbnail.jpg\",\"datePublished\":\"2024-03-25T18:16:11+00:00\",\"dateModified\":\"2026-04-11T21:52:07+00:00\",\"description\":\"De l'Arctique canadien jusqu'\u00e0 la pointe sud du Mexique, l'Am\u00e9rique du Nord abrite un vaste r\u00e9seau d'aires marines prot\u00e9g\u00e9es.\",\"breadcrumb\":{\"@id\":\"https:\\\/\\\/www.cec.org\\\/fr\\\/sujets\\\/ecosystemes\\\/conservation-des-aires-marines-protegees\\\/#breadcrumb\"},\"inLanguage\":\"fr-FR\",\"potentialAction\":[{\"@type\":\"ReadAction\",\"target\":[\"https:\\\/\\\/www.cec.org\\\/fr\\\/sujets\\\/ecosystemes\\\/conservation-des-aires-marines-protegees\\\/\"]}]},{\"@type\":\"ImageObject\",\"inLanguage\":\"fr-FR\",\"@id\":\"https:\\\/\\\/www.cec.org\\\/fr\\\/sujets\\\/ecosystemes\\\/conservation-des-aires-marines-protegees\\\/#primaryimage\",\"url\":\"https:\\\/\\\/www.cec.org\\\/wp-content\\\/uploads\\\/marine-thumbnail.jpg\",\"contentUrl\":\"https:\\\/\\\/www.cec.org\\\/wp-content\\\/uploads\\\/marine-thumbnail.jpg\",\"width\":600,\"height\":342,\"caption\":\"Coral Reef\"},{\"@type\":\"BreadcrumbList\",\"@id\":\"https:\\\/\\\/www.cec.org\\\/fr\\\/sujets\\\/ecosystemes\\\/conservation-des-aires-marines-protegees\\\/#breadcrumb\",\"itemListElement\":[{\"@type\":\"ListItem\",\"position\":1,\"name\":\"Accueil\",\"item\":\"https:\\\/\\\/www.cec.org\\\/fr\\\/\"},{\"@type\":\"ListItem\",\"position\":2,\"name\":\"Sujets\",\"item\":\"https:\\\/\\\/www.cec.org\\\/fr\\\/sujets\\\/\"},{\"@type\":\"ListItem\",\"position\":3,\"name\":\"\u00c9cosyst\u00e8mes\",\"item\":\"https:\\\/\\\/www.cec.org\\\/fr\\\/topics\\\/ecosystems\\\/\"},{\"@type\":\"ListItem\",\"position\":4,\"name\":\"Conservation des aires marines prot\u00e9g\u00e9es\"}]},{\"@type\":\"WebSite\",\"@id\":\"https:\\\/\\\/www.cec.org\\\/fr\\\/#website\",\"url\":\"https:\\\/\\\/www.cec.org\\\/fr\\\/\",\"name\":\"Commission for Environmental Cooperation\",\"description\":\"Three countries working together to protect our shared environment\",\"alternateName\":\"CEC - CCA -CCE\",\"potentialAction\":[{\"@type\":\"SearchAction\",\"target\":{\"@type\":\"EntryPoint\",\"urlTemplate\":\"https:\\\/\\\/www.cec.org\\\/fr\\\/?s={search_term_string}\"},\"query-input\":{\"@type\":\"PropertyValueSpecification\",\"valueRequired\":true,\"valueName\":\"search_term_string\"}}],\"inLanguage\":\"fr-FR\"}]}<\/script>\n<!-- \/ Yoast SEO Premium plugin. -->","yoast_head_json":{"title":"Conservation des aires marines prot\u00e9g\u00e9es","description":"De l'Arctique canadien jusqu'\u00e0 la pointe sud du Mexique, l'Am\u00e9rique du Nord abrite un vaste r\u00e9seau d'aires marines prot\u00e9g\u00e9es.","robots":{"index":"index","follow":"follow","max-snippet":"max-snippet:-1","max-image-preview":"max-image-preview:large","max-video-preview":"max-video-preview:-1"},"canonical":"https:\/\/www.cec.org\/fr\/sujets\/ecosystemes\/conservation-des-aires-marines-protegees\/","og_locale":"fr_FR","og_type":"article","og_title":"Conservation des aires marines prot\u00e9g\u00e9es","og_description":"De l'Arctique canadien jusqu'\u00e0 la pointe sud du Mexique, l'Am\u00e9rique du Nord abrite un vaste r\u00e9seau d'aires marines prot\u00e9g\u00e9es. Cette vid\u00e9o illustre le r\u00f4le","og_url":"https:\/\/www.cec.org\/fr\/sujets\/ecosystemes\/conservation-des-aires-marines-protegees\/","og_site_name":"Commission de coop\u00e9ration environnementale","article_publisher":"https:\/\/www.facebook.com\/CECconnect","article_modified_time":"2026-04-11T21:52:07+00:00","og_image":[{"width":600,"height":342,"url":"https:\/\/www.cec.org\/wp-content\/uploads\/marine-thumbnail.jpg","type":"image\/jpeg"}],"twitter_card":"summary_large_image","twitter_site":"@CECweb","schema":{"@context":"https:\/\/schema.org","@graph":[{"@type":"WebPage","@id":"https:\/\/www.cec.org\/fr\/sujets\/ecosystemes\/conservation-des-aires-marines-protegees\/","url":"https:\/\/www.cec.org\/fr\/sujets\/ecosystemes\/conservation-des-aires-marines-protegees\/","name":"Conservation des aires marines prot\u00e9g\u00e9es","isPartOf":{"@id":"https:\/\/www.cec.org\/fr\/#website"},"primaryImageOfPage":{"@id":"https:\/\/www.cec.org\/fr\/sujets\/ecosystemes\/conservation-des-aires-marines-protegees\/#primaryimage"},"image":{"@id":"https:\/\/www.cec.org\/fr\/sujets\/ecosystemes\/conservation-des-aires-marines-protegees\/#primaryimage"},"thumbnailUrl":"https:\/\/www.cec.org\/wp-content\/uploads\/marine-thumbnail.jpg","datePublished":"2024-03-25T18:16:11+00:00","dateModified":"2026-04-11T21:52:07+00:00","description":"De l'Arctique canadien jusqu'\u00e0 la pointe sud du Mexique, l'Am\u00e9rique du Nord abrite un vaste r\u00e9seau d'aires marines prot\u00e9g\u00e9es.","breadcrumb":{"@id":"https:\/\/www.cec.org\/fr\/sujets\/ecosystemes\/conservation-des-aires-marines-protegees\/#breadcrumb"},"inLanguage":"fr-FR","potentialAction":[{"@type":"ReadAction","target":["https:\/\/www.cec.org\/fr\/sujets\/ecosystemes\/conservation-des-aires-marines-protegees\/"]}]},{"@type":"ImageObject","inLanguage":"fr-FR","@id":"https:\/\/www.cec.org\/fr\/sujets\/ecosystemes\/conservation-des-aires-marines-protegees\/#primaryimage","url":"https:\/\/www.cec.org\/wp-content\/uploads\/marine-thumbnail.jpg","contentUrl":"https:\/\/www.cec.org\/wp-content\/uploads\/marine-thumbnail.jpg","width":600,"height":342,"caption":"Coral Reef"},{"@type":"BreadcrumbList","@id":"https:\/\/www.cec.org\/fr\/sujets\/ecosystemes\/conservation-des-aires-marines-protegees\/#breadcrumb","itemListElement":[{"@type":"ListItem","position":1,"name":"Accueil","item":"https:\/\/www.cec.org\/fr\/"},{"@type":"ListItem","position":2,"name":"Sujets","item":"https:\/\/www.cec.org\/fr\/sujets\/"},{"@type":"ListItem","position":3,"name":"\u00c9cosyst\u00e8mes","item":"https:\/\/www.cec.org\/fr\/topics\/ecosystems\/"},{"@type":"ListItem","position":4,"name":"Conservation des aires marines prot\u00e9g\u00e9es"}]},{"@type":"WebSite","@id":"https:\/\/www.cec.org\/fr\/#website","url":"https:\/\/www.cec.org\/fr\/","name":"Commission for Environmental Cooperation","description":"Three countries working together to protect our shared environment","alternateName":"CEC - CCA -CCE","potentialAction":[{"@type":"SearchAction","target":{"@type":"EntryPoint","urlTemplate":"https:\/\/www.cec.org\/fr\/?s={search_term_string}"},"query-input":{"@type":"PropertyValueSpecification","valueRequired":true,"valueName":"search_term_string"}}],"inLanguage":"fr-FR"}]}},"_links":{"self":[{"href":"https:\/\/www.cec.org\/fr\/wp-json\/wp\/v2\/pages\/54674","targetHints":{"allow":["GET"]}}],"collection":[{"href":"https:\/\/www.cec.org\/fr\/wp-json\/wp\/v2\/pages"}],"about":[{"href":"https:\/\/www.cec.org\/fr\/wp-json\/wp\/v2\/types\/page"}],"author":[{"embeddable":true,"href":"https:\/\/www.cec.org\/fr\/wp-json\/wp\/v2\/users\/1"}],"replies":[{"embeddable":true,"href":"https:\/\/www.cec.org\/fr\/wp-json\/wp\/v2\/comments?post=54674"}],"version-history":[{"count":1,"href":"https:\/\/www.cec.org\/fr\/wp-json\/wp\/v2\/pages\/54674\/revisions"}],"predecessor-version":[{"id":54760,"href":"https:\/\/www.cec.org\/fr\/wp-json\/wp\/v2\/pages\/54674\/revisions\/54760"}],"up":[{"embeddable":true,"href":"https:\/\/www.cec.org\/fr\/wp-json\/wp\/v2\/pages\/55194"}],"wp:featuredmedia":[{"embeddable":true,"href":"https:\/\/www.cec.org\/fr\/wp-json\/wp\/v2\/media\/46171"}],"wp:attachment":[{"href":"https:\/\/www.cec.org\/fr\/wp-json\/wp\/v2\/media?parent=54674"}],"curies":[{"name":"wp","href":"https:\/\/api.w.org\/{rel}","templated":true}]}}