{"id":54541,"date":"2024-03-25T13:38:37","date_gmt":"2024-03-25T17:38:37","guid":{"rendered":"http:\/\/www.cec.org\/conservation-des-monarques-et-autres-pollinisateurs\/"},"modified":"2025-06-05T10:55:04","modified_gmt":"2025-06-05T14:55:04","slug":"conservation-des-monarques-et-autres-pollinisateurs","status":"publish","type":"page","link":"https:\/\/www.cec.org\/fr\/sujets\/ecosystemes\/conservation-des-monarques-et-autres-pollinisateurs\/","title":{"rendered":"Conservation des monarques et autres pollinisateurs"},"content":{"rendered":"<p>La migration du papillon monarque est embl\u00e9matique de la coop\u00e9ration trinationale n\u00e9cessaire \u00e0 la conservation, \u00e0 la protection et \u00e0 l'am\u00e9lioration de l'environnement de l'Am\u00e9rique du Nord.<\/p>\n<p>Nous favorisons depuis plus de vingt ans la conservation du monarque le long de son parcours migratoire, en faisant la promotion de projets communautaires, en \u00e9laborant des plans d\u2019action et en soutenant les initiatives de collaboration au Canada, au Mexique et aux \u00c9tats-Unis. En nous inspirant de ce mod\u00e8le, nous appuyons la collaboration r\u00e9gionale ax\u00e9e sur la conservation des pollinisateurs.<\/p>\n","protected":false},"excerpt":{"rendered":"<p>La migration du papillon monarque est embl\u00e9matique de la coop\u00e9ration trinationale n\u00e9cessaire \u00e0 la conservation, \u00e0 la protection et \u00e0 l&rsquo;am\u00e9lioration de l&rsquo;environnement de l&rsquo;Am\u00e9rique du Nord. Nous favorisons depuis plus de vingt ans la conservation du monarque le long de son parcours migratoire, en faisant la promotion de projets communautaires, en \u00e9laborant des plans [&hellip;]<\/p>\n","protected":false},"author":1,"featured_media":36045,"parent":55194,"menu_order":0,"comment_status":"closed","ping_status":"closed","template":"page-2024subtopics.php","meta":{"_acf_changed":false,"footnotes":""},"class_list":["post-54541","page","type-page","status-publish","has-post-thumbnail","hentry"],"acf":[],"yoast_head":"<!-- This site is optimized with the Yoast SEO Premium plugin v27.0 (Yoast SEO v27.0) - https:\/\/yoast.com\/product\/yoast-seo-premium-wordpress\/ -->\n<title>Conservation des monarques et autres pollinisateurs<\/title>\n<meta name=\"description\" content=\"La migration du papillon monarque est embl\u00e9matique de la coop\u00e9ration trinationale n\u00e9cessaire \u00e0 la conservation, \u00e0 la protection et \u00e0 l&#039;am\u00e9lioration de\" \/>\n<meta name=\"robots\" content=\"index, follow, max-snippet:-1, max-image-preview:large, max-video-preview:-1\" \/>\n<link rel=\"canonical\" href=\"https:\/\/www.cec.org\/fr\/sujets\/ecosystemes\/conservation-des-monarques-et-autres-pollinisateurs\/\" \/>\n<meta property=\"og:locale\" content=\"fr_FR\" \/>\n<meta property=\"og:type\" content=\"article\" \/>\n<meta property=\"og:title\" content=\"Conservation des monarques et autres pollinisateurs\" \/>\n<meta property=\"og:description\" content=\"La migration du papillon monarque est embl\u00e9matique de la coop\u00e9ration trinationale n\u00e9cessaire \u00e0 la conservation, \u00e0 la protection et \u00e0 l&#039;am\u00e9lioration de\" \/>\n<meta property=\"og:url\" content=\"https:\/\/www.cec.org\/fr\/sujets\/ecosystemes\/conservation-des-monarques-et-autres-pollinisateurs\/\" \/>\n<meta property=\"og:site_name\" content=\"Commission de coop\u00e9ration environnementale\" \/>\n<meta property=\"article:publisher\" content=\"https:\/\/www.facebook.com\/CECconnect\" \/>\n<meta property=\"article:modified_time\" content=\"2025-06-05T14:55:04+00:00\" \/>\n<meta property=\"og:image\" content=\"https:\/\/www.cec.org\/wp-content\/uploads\/Monarch-and-Pollinator-Conservation-thumbnail.jpg\" \/>\n\t<meta property=\"og:image:width\" content=\"600\" \/>\n\t<meta property=\"og:image:height\" content=\"342\" \/>\n\t<meta property=\"og:image:type\" content=\"image\/jpeg\" \/>\n<meta name=\"twitter:card\" content=\"summary_large_image\" \/>\n<meta name=\"twitter:site\" content=\"@CECweb\" \/>\n<script type=\"application\/ld+json\" class=\"yoast-schema-graph\">{\"@context\":\"https:\/\/schema.org\",\"@graph\":[{\"@type\":\"WebPage\",\"@id\":\"https:\/\/www.cec.org\/fr\/sujets\/ecosystemes\/conservation-des-monarques-et-autres-pollinisateurs\/\",\"url\":\"https:\/\/www.cec.org\/fr\/sujets\/ecosystemes\/conservation-des-monarques-et-autres-pollinisateurs\/\",\"name\":\"Conservation des monarques et autres pollinisateurs\",\"isPartOf\":{\"@id\":\"https:\/\/www.cec.org\/fr\/#website\"},\"primaryImageOfPage\":{\"@id\":\"https:\/\/www.cec.org\/fr\/sujets\/ecosystemes\/conservation-des-monarques-et-autres-pollinisateurs\/#primaryimage\"},\"image\":{\"@id\":\"https:\/\/www.cec.org\/fr\/sujets\/ecosystemes\/conservation-des-monarques-et-autres-pollinisateurs\/#primaryimage\"},\"thumbnailUrl\":\"https:\/\/www.cec.org\/wp-content\/uploads\/Monarch-and-Pollinator-Conservation-thumbnail.jpg\",\"datePublished\":\"2024-03-25T17:38:37+00:00\",\"dateModified\":\"2025-06-05T14:55:04+00:00\",\"description\":\"La migration du papillon monarque est embl\u00e9matique de la coop\u00e9ration trinationale n\u00e9cessaire \u00e0 la conservation, \u00e0 la protection et \u00e0 l'am\u00e9lioration de\",\"breadcrumb\":{\"@id\":\"https:\/\/www.cec.org\/fr\/sujets\/ecosystemes\/conservation-des-monarques-et-autres-pollinisateurs\/#breadcrumb\"},\"inLanguage\":\"fr-FR\",\"potentialAction\":[{\"@type\":\"ReadAction\",\"target\":[\"https:\/\/www.cec.org\/fr\/sujets\/ecosystemes\/conservation-des-monarques-et-autres-pollinisateurs\/\"]}]},{\"@type\":\"ImageObject\",\"inLanguage\":\"fr-FR\",\"@id\":\"https:\/\/www.cec.org\/fr\/sujets\/ecosystemes\/conservation-des-monarques-et-autres-pollinisateurs\/#primaryimage\",\"url\":\"https:\/\/www.cec.org\/wp-content\/uploads\/Monarch-and-Pollinator-Conservation-thumbnail.jpg\",\"contentUrl\":\"https:\/\/www.cec.org\/wp-content\/uploads\/Monarch-and-Pollinator-Conservation-thumbnail.jpg\",\"width\":600,\"height\":342,\"caption\":\"Monarch butterfly near flowers\"},{\"@type\":\"BreadcrumbList\",\"@id\":\"https:\/\/www.cec.org\/fr\/sujets\/ecosystemes\/conservation-des-monarques-et-autres-pollinisateurs\/#breadcrumb\",\"itemListElement\":[{\"@type\":\"ListItem\",\"position\":1,\"name\":\"Accueil\",\"item\":\"https:\/\/www.cec.org\/fr\/\"},{\"@type\":\"ListItem\",\"position\":2,\"name\":\"Sujets\",\"item\":\"https:\/\/www.cec.org\/fr\/sujets\/\"},{\"@type\":\"ListItem\",\"position\":3,\"name\":\"\u00c9cosyst\u00e8mes\",\"item\":\"https:\/\/www.cec.org\/fr\/sujets\/ecosystemes\/\"},{\"@type\":\"ListItem\",\"position\":4,\"name\":\"Conservation des monarques et autres pollinisateurs\"}]},{\"@type\":\"WebSite\",\"@id\":\"https:\/\/www.cec.org\/fr\/#website\",\"url\":\"https:\/\/www.cec.org\/fr\/\",\"name\":\"Commission for Environmental Cooperation\",\"description\":\"Three countries working together to protect our shared environment\",\"alternateName\":\"CEC - CCA -CCE\",\"potentialAction\":[{\"@type\":\"SearchAction\",\"target\":{\"@type\":\"EntryPoint\",\"urlTemplate\":\"https:\/\/www.cec.org\/fr\/?s={search_term_string}\"},\"query-input\":{\"@type\":\"PropertyValueSpecification\",\"valueRequired\":true,\"valueName\":\"search_term_string\"}}],\"inLanguage\":\"fr-FR\"}]}<\/script>\n<!-- \/ Yoast SEO Premium plugin. -->","yoast_head_json":{"title":"Conservation des monarques et autres pollinisateurs","description":"La migration du papillon monarque est embl\u00e9matique de la coop\u00e9ration trinationale n\u00e9cessaire \u00e0 la conservation, \u00e0 la protection et \u00e0 l'am\u00e9lioration de","robots":{"index":"index","follow":"follow","max-snippet":"max-snippet:-1","max-image-preview":"max-image-preview:large","max-video-preview":"max-video-preview:-1"},"canonical":"https:\/\/www.cec.org\/fr\/sujets\/ecosystemes\/conservation-des-monarques-et-autres-pollinisateurs\/","og_locale":"fr_FR","og_type":"article","og_title":"Conservation des monarques et autres pollinisateurs","og_description":"La migration du papillon monarque est embl\u00e9matique de la coop\u00e9ration trinationale n\u00e9cessaire \u00e0 la conservation, \u00e0 la protection et \u00e0 l'am\u00e9lioration de","og_url":"https:\/\/www.cec.org\/fr\/sujets\/ecosystemes\/conservation-des-monarques-et-autres-pollinisateurs\/","og_site_name":"Commission de coop\u00e9ration environnementale","article_publisher":"https:\/\/www.facebook.com\/CECconnect","article_modified_time":"2025-06-05T14:55:04+00:00","og_image":[{"width":600,"height":342,"url":"https:\/\/www.cec.org\/wp-content\/uploads\/Monarch-and-Pollinator-Conservation-thumbnail.jpg","type":"image\/jpeg"}],"twitter_card":"summary_large_image","twitter_site":"@CECweb","schema":{"@context":"https:\/\/schema.org","@graph":[{"@type":"WebPage","@id":"https:\/\/www.cec.org\/fr\/sujets\/ecosystemes\/conservation-des-monarques-et-autres-pollinisateurs\/","url":"https:\/\/www.cec.org\/fr\/sujets\/ecosystemes\/conservation-des-monarques-et-autres-pollinisateurs\/","name":"Conservation des monarques et autres pollinisateurs","isPartOf":{"@id":"https:\/\/www.cec.org\/fr\/#website"},"primaryImageOfPage":{"@id":"https:\/\/www.cec.org\/fr\/sujets\/ecosystemes\/conservation-des-monarques-et-autres-pollinisateurs\/#primaryimage"},"image":{"@id":"https:\/\/www.cec.org\/fr\/sujets\/ecosystemes\/conservation-des-monarques-et-autres-pollinisateurs\/#primaryimage"},"thumbnailUrl":"https:\/\/www.cec.org\/wp-content\/uploads\/Monarch-and-Pollinator-Conservation-thumbnail.jpg","datePublished":"2024-03-25T17:38:37+00:00","dateModified":"2025-06-05T14:55:04+00:00","description":"La migration du papillon monarque est embl\u00e9matique de la coop\u00e9ration trinationale n\u00e9cessaire \u00e0 la conservation, \u00e0 la protection et \u00e0 l'am\u00e9lioration de","breadcrumb":{"@id":"https:\/\/www.cec.org\/fr\/sujets\/ecosystemes\/conservation-des-monarques-et-autres-pollinisateurs\/#breadcrumb"},"inLanguage":"fr-FR","potentialAction":[{"@type":"ReadAction","target":["https:\/\/www.cec.org\/fr\/sujets\/ecosystemes\/conservation-des-monarques-et-autres-pollinisateurs\/"]}]},{"@type":"ImageObject","inLanguage":"fr-FR","@id":"https:\/\/www.cec.org\/fr\/sujets\/ecosystemes\/conservation-des-monarques-et-autres-pollinisateurs\/#primaryimage","url":"https:\/\/www.cec.org\/wp-content\/uploads\/Monarch-and-Pollinator-Conservation-thumbnail.jpg","contentUrl":"https:\/\/www.cec.org\/wp-content\/uploads\/Monarch-and-Pollinator-Conservation-thumbnail.jpg","width":600,"height":342,"caption":"Monarch butterfly near flowers"},{"@type":"BreadcrumbList","@id":"https:\/\/www.cec.org\/fr\/sujets\/ecosystemes\/conservation-des-monarques-et-autres-pollinisateurs\/#breadcrumb","itemListElement":[{"@type":"ListItem","position":1,"name":"Accueil","item":"https:\/\/www.cec.org\/fr\/"},{"@type":"ListItem","position":2,"name":"Sujets","item":"https:\/\/www.cec.org\/fr\/sujets\/"},{"@type":"ListItem","position":3,"name":"\u00c9cosyst\u00e8mes","item":"https:\/\/www.cec.org\/fr\/sujets\/ecosystemes\/"},{"@type":"ListItem","position":4,"name":"Conservation des monarques et autres pollinisateurs"}]},{"@type":"WebSite","@id":"https:\/\/www.cec.org\/fr\/#website","url":"https:\/\/www.cec.org\/fr\/","name":"Commission for Environmental Cooperation","description":"Three countries working together to protect our shared environment","alternateName":"CEC - CCA -CCE","potentialAction":[{"@type":"SearchAction","target":{"@type":"EntryPoint","urlTemplate":"https:\/\/www.cec.org\/fr\/?s={search_term_string}"},"query-input":{"@type":"PropertyValueSpecification","valueRequired":true,"valueName":"search_term_string"}}],"inLanguage":"fr-FR"}]}},"_links":{"self":[{"href":"https:\/\/www.cec.org\/fr\/wp-json\/wp\/v2\/pages\/54541","targetHints":{"allow":["GET"]}}],"collection":[{"href":"https:\/\/www.cec.org\/fr\/wp-json\/wp\/v2\/pages"}],"about":[{"href":"https:\/\/www.cec.org\/fr\/wp-json\/wp\/v2\/types\/page"}],"author":[{"embeddable":true,"href":"https:\/\/www.cec.org\/fr\/wp-json\/wp\/v2\/users\/1"}],"replies":[{"embeddable":true,"href":"https:\/\/www.cec.org\/fr\/wp-json\/wp\/v2\/comments?post=54541"}],"version-history":[{"count":1,"href":"https:\/\/www.cec.org\/fr\/wp-json\/wp\/v2\/pages\/54541\/revisions"}],"predecessor-version":[{"id":56004,"href":"https:\/\/www.cec.org\/fr\/wp-json\/wp\/v2\/pages\/54541\/revisions\/56004"}],"up":[{"embeddable":true,"href":"https:\/\/www.cec.org\/fr\/wp-json\/wp\/v2\/pages\/55194"}],"wp:featuredmedia":[{"embeddable":true,"href":"https:\/\/www.cec.org\/fr\/wp-json\/wp\/v2\/media\/36045"}],"wp:attachment":[{"href":"https:\/\/www.cec.org\/fr\/wp-json\/wp\/v2\/media?parent=54541"}],"curies":[{"name":"wp","href":"https:\/\/api.w.org\/{rel}","templated":true}]}}