{"id":54535,"date":"2024-03-25T13:16:10","date_gmt":"2024-03-25T17:16:10","guid":{"rendered":"http:\/\/www.cec.org\/reduction-des-dechets-marins\/"},"modified":"2026-04-11T17:51:28","modified_gmt":"2026-04-11T21:51:28","slug":"reduction-des-dechets-marins","status":"publish","type":"page","link":"https:\/\/www.cec.org\/fr\/sujets\/ecosystemes\/reduction-des-dechets-marins\/","title":{"rendered":"R\u00e9duction des d\u00e9chets marins"},"content":{"rendered":"<p>L'Am\u00e9rique du Nord produit une grande quantit\u00e9 de d\u00e9chets marins d'origine terrestre. Les d\u00e9chets de produits de consommation courante dans les r\u00e9gions c\u00f4ti\u00e8res et \u00e0 l'int\u00e9rieur des terres constituent la majeure partie des d\u00e9chets qui se retrouvent dans les plans d'eau et les oc\u00e9ans.<\/p>\n<p>Avec nos travaux, nous \u00e9duquons les collectivit\u00e9s locales et leur donnons des moyens d'agir en encourageant la pr\u00e9vention, la minimisation et la gestion des d\u00e9chets avant qu'ils se retrouvent dans les plans d'eau et les oc\u00e9ans.<\/p>\n","protected":false},"excerpt":{"rendered":"<p>L&rsquo;Am\u00e9rique du Nord produit une grande quantit\u00e9 de d\u00e9chets marins d&rsquo;origine terrestre. Les d\u00e9chets de produits de consommation courante dans les r\u00e9gions c\u00f4ti\u00e8res et \u00e0 l&rsquo;int\u00e9rieur des terres constituent la majeure partie des d\u00e9chets qui se retrouvent dans les plans d&rsquo;eau et les oc\u00e9ans. Avec nos travaux, nous \u00e9duquons les collectivit\u00e9s locales et leur donnons [&hellip;]<\/p>\n","protected":false},"author":1,"featured_media":41994,"parent":55194,"menu_order":0,"comment_status":"closed","ping_status":"closed","template":"page-2024subtopics.php","meta":{"_acf_changed":false,"footnotes":""},"class_list":["post-54535","page","type-page","status-publish","has-post-thumbnail","hentry"],"acf":[],"yoast_head":"<!-- This site is optimized with the Yoast SEO Premium plugin v27.0 (Yoast SEO v27.0) - https:\/\/yoast.com\/product\/yoast-seo-premium-wordpress\/ -->\n<title>R\u00e9duction des d\u00e9chets marins<\/title>\n<meta name=\"description\" content=\"L&#039;Am\u00e9rique du Nord produit une grande quantit\u00e9 de d\u00e9chets marins d&#039;origine terrestre. Les d\u00e9chets de produits de consommation courante dans les r\u00e9gions\" \/>\n<meta name=\"robots\" content=\"index, follow, max-snippet:-1, max-image-preview:large, max-video-preview:-1\" \/>\n<link rel=\"canonical\" href=\"https:\/\/www.cec.org\/fr\/sujets\/ecosystemes\/reduction-des-dechets-marins\/\" \/>\n<meta property=\"og:locale\" content=\"fr_FR\" \/>\n<meta property=\"og:type\" content=\"article\" \/>\n<meta property=\"og:title\" content=\"R\u00e9duction des d\u00e9chets marins\" \/>\n<meta property=\"og:description\" content=\"L&#039;Am\u00e9rique du Nord produit une grande quantit\u00e9 de d\u00e9chets marins d&#039;origine terrestre. Les d\u00e9chets de produits de consommation courante dans les r\u00e9gions\" \/>\n<meta property=\"og:url\" content=\"https:\/\/www.cec.org\/fr\/sujets\/ecosystemes\/reduction-des-dechets-marins\/\" \/>\n<meta property=\"og:site_name\" content=\"Commission de coop\u00e9ration environnementale\" \/>\n<meta property=\"article:publisher\" content=\"https:\/\/www.facebook.com\/CECconnect\" \/>\n<meta property=\"article:modified_time\" content=\"2026-04-11T21:51:28+00:00\" \/>\n<meta property=\"og:image\" content=\"https:\/\/www.cec.org\/wp-content\/uploads\/marine-litter-thumbnail.jpg\" \/>\n\t<meta property=\"og:image:width\" content=\"600\" \/>\n\t<meta property=\"og:image:height\" content=\"342\" \/>\n\t<meta property=\"og:image:type\" content=\"image\/jpeg\" \/>\n<meta name=\"twitter:card\" content=\"summary_large_image\" \/>\n<meta name=\"twitter:site\" content=\"@CECweb\" \/>\n<script type=\"application\/ld+json\" class=\"yoast-schema-graph\">{\"@context\":\"https:\/\/schema.org\",\"@graph\":[{\"@type\":\"WebPage\",\"@id\":\"https:\/\/www.cec.org\/fr\/sujets\/ecosystemes\/reduction-des-dechets-marins\/\",\"url\":\"https:\/\/www.cec.org\/fr\/sujets\/ecosystemes\/reduction-des-dechets-marins\/\",\"name\":\"R\u00e9duction des d\u00e9chets marins\",\"isPartOf\":{\"@id\":\"https:\/\/www.cec.org\/fr\/#website\"},\"primaryImageOfPage\":{\"@id\":\"https:\/\/www.cec.org\/fr\/sujets\/ecosystemes\/reduction-des-dechets-marins\/#primaryimage\"},\"image\":{\"@id\":\"https:\/\/www.cec.org\/fr\/sujets\/ecosystemes\/reduction-des-dechets-marins\/#primaryimage\"},\"thumbnailUrl\":\"https:\/\/www.cec.org\/wp-content\/uploads\/marine-litter-thumbnail.jpg\",\"datePublished\":\"2024-03-25T17:16:10+00:00\",\"dateModified\":\"2026-04-11T21:51:28+00:00\",\"description\":\"L'Am\u00e9rique du Nord produit une grande quantit\u00e9 de d\u00e9chets marins d'origine terrestre. Les d\u00e9chets de produits de consommation courante dans les r\u00e9gions\",\"breadcrumb\":{\"@id\":\"https:\/\/www.cec.org\/fr\/sujets\/ecosystemes\/reduction-des-dechets-marins\/#breadcrumb\"},\"inLanguage\":\"fr-FR\",\"potentialAction\":[{\"@type\":\"ReadAction\",\"target\":[\"https:\/\/www.cec.org\/fr\/sujets\/ecosystemes\/reduction-des-dechets-marins\/\"]}]},{\"@type\":\"ImageObject\",\"inLanguage\":\"fr-FR\",\"@id\":\"https:\/\/www.cec.org\/fr\/sujets\/ecosystemes\/reduction-des-dechets-marins\/#primaryimage\",\"url\":\"https:\/\/www.cec.org\/wp-content\/uploads\/marine-litter-thumbnail.jpg\",\"contentUrl\":\"https:\/\/www.cec.org\/wp-content\/uploads\/marine-litter-thumbnail.jpg\",\"width\":600,\"height\":342,\"caption\":\"Solutions to Marine Litter\"},{\"@type\":\"BreadcrumbList\",\"@id\":\"https:\/\/www.cec.org\/fr\/sujets\/ecosystemes\/reduction-des-dechets-marins\/#breadcrumb\",\"itemListElement\":[{\"@type\":\"ListItem\",\"position\":1,\"name\":\"Accueil\",\"item\":\"https:\/\/www.cec.org\/fr\/\"},{\"@type\":\"ListItem\",\"position\":2,\"name\":\"Sujets\",\"item\":\"https:\/\/www.cec.org\/fr\/sujets\/\"},{\"@type\":\"ListItem\",\"position\":3,\"name\":\"\u00c9cosyst\u00e8mes\",\"item\":\"https:\/\/www.cec.org\/fr\/topics\/ecosystems\/\"},{\"@type\":\"ListItem\",\"position\":4,\"name\":\"R\u00e9duction des d\u00e9chets marins\"}]},{\"@type\":\"WebSite\",\"@id\":\"https:\/\/www.cec.org\/fr\/#website\",\"url\":\"https:\/\/www.cec.org\/fr\/\",\"name\":\"Commission for Environmental Cooperation\",\"description\":\"Three countries working together to protect our shared environment\",\"alternateName\":\"CEC - CCA -CCE\",\"potentialAction\":[{\"@type\":\"SearchAction\",\"target\":{\"@type\":\"EntryPoint\",\"urlTemplate\":\"https:\/\/www.cec.org\/fr\/?s={search_term_string}\"},\"query-input\":{\"@type\":\"PropertyValueSpecification\",\"valueRequired\":true,\"valueName\":\"search_term_string\"}}],\"inLanguage\":\"fr-FR\"}]}<\/script>\n<!-- \/ Yoast SEO Premium plugin. -->","yoast_head_json":{"title":"R\u00e9duction des d\u00e9chets marins","description":"L'Am\u00e9rique du Nord produit une grande quantit\u00e9 de d\u00e9chets marins d'origine terrestre. Les d\u00e9chets de produits de consommation courante dans les r\u00e9gions","robots":{"index":"index","follow":"follow","max-snippet":"max-snippet:-1","max-image-preview":"max-image-preview:large","max-video-preview":"max-video-preview:-1"},"canonical":"https:\/\/www.cec.org\/fr\/sujets\/ecosystemes\/reduction-des-dechets-marins\/","og_locale":"fr_FR","og_type":"article","og_title":"R\u00e9duction des d\u00e9chets marins","og_description":"L'Am\u00e9rique du Nord produit une grande quantit\u00e9 de d\u00e9chets marins d'origine terrestre. Les d\u00e9chets de produits de consommation courante dans les r\u00e9gions","og_url":"https:\/\/www.cec.org\/fr\/sujets\/ecosystemes\/reduction-des-dechets-marins\/","og_site_name":"Commission de coop\u00e9ration environnementale","article_publisher":"https:\/\/www.facebook.com\/CECconnect","article_modified_time":"2026-04-11T21:51:28+00:00","og_image":[{"width":600,"height":342,"url":"https:\/\/www.cec.org\/wp-content\/uploads\/marine-litter-thumbnail.jpg","type":"image\/jpeg"}],"twitter_card":"summary_large_image","twitter_site":"@CECweb","schema":{"@context":"https:\/\/schema.org","@graph":[{"@type":"WebPage","@id":"https:\/\/www.cec.org\/fr\/sujets\/ecosystemes\/reduction-des-dechets-marins\/","url":"https:\/\/www.cec.org\/fr\/sujets\/ecosystemes\/reduction-des-dechets-marins\/","name":"R\u00e9duction des d\u00e9chets marins","isPartOf":{"@id":"https:\/\/www.cec.org\/fr\/#website"},"primaryImageOfPage":{"@id":"https:\/\/www.cec.org\/fr\/sujets\/ecosystemes\/reduction-des-dechets-marins\/#primaryimage"},"image":{"@id":"https:\/\/www.cec.org\/fr\/sujets\/ecosystemes\/reduction-des-dechets-marins\/#primaryimage"},"thumbnailUrl":"https:\/\/www.cec.org\/wp-content\/uploads\/marine-litter-thumbnail.jpg","datePublished":"2024-03-25T17:16:10+00:00","dateModified":"2026-04-11T21:51:28+00:00","description":"L'Am\u00e9rique du Nord produit une grande quantit\u00e9 de d\u00e9chets marins d'origine terrestre. Les d\u00e9chets de produits de consommation courante dans les r\u00e9gions","breadcrumb":{"@id":"https:\/\/www.cec.org\/fr\/sujets\/ecosystemes\/reduction-des-dechets-marins\/#breadcrumb"},"inLanguage":"fr-FR","potentialAction":[{"@type":"ReadAction","target":["https:\/\/www.cec.org\/fr\/sujets\/ecosystemes\/reduction-des-dechets-marins\/"]}]},{"@type":"ImageObject","inLanguage":"fr-FR","@id":"https:\/\/www.cec.org\/fr\/sujets\/ecosystemes\/reduction-des-dechets-marins\/#primaryimage","url":"https:\/\/www.cec.org\/wp-content\/uploads\/marine-litter-thumbnail.jpg","contentUrl":"https:\/\/www.cec.org\/wp-content\/uploads\/marine-litter-thumbnail.jpg","width":600,"height":342,"caption":"Solutions to Marine Litter"},{"@type":"BreadcrumbList","@id":"https:\/\/www.cec.org\/fr\/sujets\/ecosystemes\/reduction-des-dechets-marins\/#breadcrumb","itemListElement":[{"@type":"ListItem","position":1,"name":"Accueil","item":"https:\/\/www.cec.org\/fr\/"},{"@type":"ListItem","position":2,"name":"Sujets","item":"https:\/\/www.cec.org\/fr\/sujets\/"},{"@type":"ListItem","position":3,"name":"\u00c9cosyst\u00e8mes","item":"https:\/\/www.cec.org\/fr\/topics\/ecosystems\/"},{"@type":"ListItem","position":4,"name":"R\u00e9duction des d\u00e9chets marins"}]},{"@type":"WebSite","@id":"https:\/\/www.cec.org\/fr\/#website","url":"https:\/\/www.cec.org\/fr\/","name":"Commission for Environmental Cooperation","description":"Three countries working together to protect our shared environment","alternateName":"CEC - CCA -CCE","potentialAction":[{"@type":"SearchAction","target":{"@type":"EntryPoint","urlTemplate":"https:\/\/www.cec.org\/fr\/?s={search_term_string}"},"query-input":{"@type":"PropertyValueSpecification","valueRequired":true,"valueName":"search_term_string"}}],"inLanguage":"fr-FR"}]}},"_links":{"self":[{"href":"https:\/\/www.cec.org\/fr\/wp-json\/wp\/v2\/pages\/54535","targetHints":{"allow":["GET"]}}],"collection":[{"href":"https:\/\/www.cec.org\/fr\/wp-json\/wp\/v2\/pages"}],"about":[{"href":"https:\/\/www.cec.org\/fr\/wp-json\/wp\/v2\/types\/page"}],"author":[{"embeddable":true,"href":"https:\/\/www.cec.org\/fr\/wp-json\/wp\/v2\/users\/1"}],"replies":[{"embeddable":true,"href":"https:\/\/www.cec.org\/fr\/wp-json\/wp\/v2\/comments?post=54535"}],"version-history":[{"count":1,"href":"https:\/\/www.cec.org\/fr\/wp-json\/wp\/v2\/pages\/54535\/revisions"}],"predecessor-version":[{"id":54757,"href":"https:\/\/www.cec.org\/fr\/wp-json\/wp\/v2\/pages\/54535\/revisions\/54757"}],"up":[{"embeddable":true,"href":"https:\/\/www.cec.org\/fr\/wp-json\/wp\/v2\/pages\/55194"}],"wp:featuredmedia":[{"embeddable":true,"href":"https:\/\/www.cec.org\/fr\/wp-json\/wp\/v2\/media\/41994"}],"wp:attachment":[{"href":"https:\/\/www.cec.org\/fr\/wp-json\/wp\/v2\/media?parent=54535"}],"curies":[{"name":"wp","href":"https:\/\/api.w.org\/{rel}","templated":true}]}}