{"id":54500,"date":"2024-03-19T10:08:00","date_gmt":"2024-03-19T14:08:00","guid":{"rendered":"http:\/\/www.cec.org\/quantification-des-emissions-et-du-stockage-de-carbone\/"},"modified":"2024-07-11T13:35:32","modified_gmt":"2024-07-11T17:35:32","slug":"quantification-des-emissions-et-du-stockage-de-carbone","status":"publish","type":"page","link":"https:\/\/www.cec.org\/fr\/sujets\/changements-climatiques\/quantification-des-emissions-et-du-stockage-de-carbone\/","title":{"rendered":"Quantification des \u00e9missions et du stockage de carbone"},"content":{"rendered":"<p>Le carbone est un des \u00e9l\u00e9ments les plus importants sur terre et joue un r\u00f4le essentiel dans le changement climatique. Pour faciliter la comptabilisation du carbone et l'utilisation d'approches fond\u00e9es sur la nature pour r\u00e9guler le climat, nous appuyons la recherche scientifique sur la quantification des \u00e9missions de GES et la compr\u00e9hension des dynamiques du carbone dans les syst\u00e8mes naturels.<\/p>\n","protected":false},"excerpt":{"rendered":"<p>Le carbone est un des \u00e9l\u00e9ments les plus importants sur terre et joue un r\u00f4le essentiel dans le changement climatique. Pour faciliter la comptabilisation du carbone et l&rsquo;utilisation d&rsquo;approches fond\u00e9es sur la nature pour r\u00e9guler le climat, nous appuyons la recherche scientifique sur la quantification des \u00e9missions de GES et la compr\u00e9hension des dynamiques du [&hellip;]<\/p>\n","protected":false},"author":1,"featured_media":36292,"parent":55200,"menu_order":0,"comment_status":"closed","ping_status":"closed","template":"page-2024subtopics.php","meta":{"_acf_changed":false,"footnotes":""},"class_list":["post-54500","page","type-page","status-publish","has-post-thumbnail","hentry"],"acf":[],"yoast_head":"<!-- This site is optimized with the Yoast SEO Premium plugin v27.0 (Yoast SEO v27.0) - https:\/\/yoast.com\/product\/yoast-seo-premium-wordpress\/ -->\n<title>Comprendre les sources de carbone : un \u00e9l\u00e9ment cl\u00e9 du changement climatique<\/title>\n<meta name=\"description\" content=\"Explorez l\u2019importance des sources de carbone dans le changement climatique et les \u00e9missions de gaz \u00e0 effet de serre. D\u00e9couvrez l\u2019importance de quantifier le carbone.\" \/>\n<meta name=\"robots\" content=\"index, follow, max-snippet:-1, max-image-preview:large, max-video-preview:-1\" \/>\n<link rel=\"canonical\" href=\"https:\/\/www.cec.org\/fr\/sujets\/changements-climatiques\/quantification-des-emissions-et-du-stockage-de-carbone\/\" \/>\n<meta property=\"og:locale\" content=\"fr_FR\" \/>\n<meta property=\"og:type\" content=\"article\" \/>\n<meta property=\"og:title\" content=\"Quantification des \u00e9missions et du stockage de carbone\" \/>\n<meta property=\"og:description\" content=\"Le carbone est un des \u00e9l\u00e9ments les plus importants sur terre et joue un r\u00f4le essentiel dans le changement climatique. Pour faciliter la comptabilisation\" \/>\n<meta property=\"og:url\" content=\"https:\/\/www.cec.org\/fr\/sujets\/changements-climatiques\/quantification-des-emissions-et-du-stockage-de-carbone\/\" \/>\n<meta property=\"og:site_name\" content=\"Commission de coop\u00e9ration environnementale\" \/>\n<meta property=\"article:publisher\" content=\"https:\/\/www.facebook.com\/CECconnect\" \/>\n<meta property=\"article:modified_time\" content=\"2024-07-11T17:35:32+00:00\" \/>\n<meta property=\"og:image\" content=\"https:\/\/www.cec.org\/wp-content\/uploads\/carbonsources2021-thumb.jpg\" \/>\n\t<meta property=\"og:image:width\" content=\"600\" \/>\n\t<meta property=\"og:image:height\" content=\"342\" \/>\n\t<meta property=\"og:image:type\" content=\"image\/jpeg\" \/>\n<meta name=\"twitter:card\" content=\"summary_large_image\" \/>\n<meta name=\"twitter:site\" content=\"@CECweb\" \/>\n<script type=\"application\/ld+json\" class=\"yoast-schema-graph\">{\"@context\":\"https:\/\/schema.org\",\"@graph\":[{\"@type\":\"WebPage\",\"@id\":\"https:\/\/www.cec.org\/fr\/sujets\/changements-climatiques\/quantification-des-emissions-et-du-stockage-de-carbone\/\",\"url\":\"https:\/\/www.cec.org\/fr\/sujets\/changements-climatiques\/quantification-des-emissions-et-du-stockage-de-carbone\/\",\"name\":\"Comprendre les sources de carbone : un \u00e9l\u00e9ment cl\u00e9 du changement climatique\",\"isPartOf\":{\"@id\":\"https:\/\/www.cec.org\/fr\/#website\"},\"primaryImageOfPage\":{\"@id\":\"https:\/\/www.cec.org\/fr\/sujets\/changements-climatiques\/quantification-des-emissions-et-du-stockage-de-carbone\/#primaryimage\"},\"image\":{\"@id\":\"https:\/\/www.cec.org\/fr\/sujets\/changements-climatiques\/quantification-des-emissions-et-du-stockage-de-carbone\/#primaryimage\"},\"thumbnailUrl\":\"https:\/\/www.cec.org\/wp-content\/uploads\/carbonsources2021-thumb.jpg\",\"datePublished\":\"2024-03-19T14:08:00+00:00\",\"dateModified\":\"2024-07-11T17:35:32+00:00\",\"description\":\"Explorez l\u2019importance des sources de carbone dans le changement climatique et les \u00e9missions de gaz \u00e0 effet de serre. D\u00e9couvrez l\u2019importance de quantifier le carbone.\",\"breadcrumb\":{\"@id\":\"https:\/\/www.cec.org\/fr\/sujets\/changements-climatiques\/quantification-des-emissions-et-du-stockage-de-carbone\/#breadcrumb\"},\"inLanguage\":\"fr-FR\",\"potentialAction\":[{\"@type\":\"ReadAction\",\"target\":[\"https:\/\/www.cec.org\/fr\/sujets\/changements-climatiques\/quantification-des-emissions-et-du-stockage-de-carbone\/\"]}]},{\"@type\":\"ImageObject\",\"inLanguage\":\"fr-FR\",\"@id\":\"https:\/\/www.cec.org\/fr\/sujets\/changements-climatiques\/quantification-des-emissions-et-du-stockage-de-carbone\/#primaryimage\",\"url\":\"https:\/\/www.cec.org\/wp-content\/uploads\/carbonsources2021-thumb.jpg\",\"contentUrl\":\"https:\/\/www.cec.org\/wp-content\/uploads\/carbonsources2021-thumb.jpg\",\"width\":600,\"height\":342,\"caption\":\"Quantifying Carbon Sources and Storage\"},{\"@type\":\"BreadcrumbList\",\"@id\":\"https:\/\/www.cec.org\/fr\/sujets\/changements-climatiques\/quantification-des-emissions-et-du-stockage-de-carbone\/#breadcrumb\",\"itemListElement\":[{\"@type\":\"ListItem\",\"position\":1,\"name\":\"Accueil\",\"item\":\"https:\/\/www.cec.org\/fr\/\"},{\"@type\":\"ListItem\",\"position\":2,\"name\":\"Sujets\",\"item\":\"https:\/\/www.cec.org\/fr\/sujets\/\"},{\"@type\":\"ListItem\",\"position\":3,\"name\":\"Changements climatiques\",\"item\":\"https:\/\/www.cec.org\/fr\/sujets\/changements-climatiques\/\"},{\"@type\":\"ListItem\",\"position\":4,\"name\":\"Quantification des \u00e9missions et du stockage de carbone\"}]},{\"@type\":\"WebSite\",\"@id\":\"https:\/\/www.cec.org\/fr\/#website\",\"url\":\"https:\/\/www.cec.org\/fr\/\",\"name\":\"Commission for Environmental Cooperation\",\"description\":\"Three countries working together to protect our shared environment\",\"alternateName\":\"CEC - CCA -CCE\",\"potentialAction\":[{\"@type\":\"SearchAction\",\"target\":{\"@type\":\"EntryPoint\",\"urlTemplate\":\"https:\/\/www.cec.org\/fr\/?s={search_term_string}\"},\"query-input\":{\"@type\":\"PropertyValueSpecification\",\"valueRequired\":true,\"valueName\":\"search_term_string\"}}],\"inLanguage\":\"fr-FR\"}]}<\/script>\n<!-- \/ Yoast SEO Premium plugin. -->","yoast_head_json":{"title":"Comprendre les sources de carbone : un \u00e9l\u00e9ment cl\u00e9 du changement climatique","description":"Explorez l\u2019importance des sources de carbone dans le changement climatique et les \u00e9missions de gaz \u00e0 effet de serre. D\u00e9couvrez l\u2019importance de quantifier le carbone.","robots":{"index":"index","follow":"follow","max-snippet":"max-snippet:-1","max-image-preview":"max-image-preview:large","max-video-preview":"max-video-preview:-1"},"canonical":"https:\/\/www.cec.org\/fr\/sujets\/changements-climatiques\/quantification-des-emissions-et-du-stockage-de-carbone\/","og_locale":"fr_FR","og_type":"article","og_title":"Quantification des \u00e9missions et du stockage de carbone","og_description":"Le carbone est un des \u00e9l\u00e9ments les plus importants sur terre et joue un r\u00f4le essentiel dans le changement climatique. Pour faciliter la comptabilisation","og_url":"https:\/\/www.cec.org\/fr\/sujets\/changements-climatiques\/quantification-des-emissions-et-du-stockage-de-carbone\/","og_site_name":"Commission de coop\u00e9ration environnementale","article_publisher":"https:\/\/www.facebook.com\/CECconnect","article_modified_time":"2024-07-11T17:35:32+00:00","og_image":[{"width":600,"height":342,"url":"https:\/\/www.cec.org\/wp-content\/uploads\/carbonsources2021-thumb.jpg","type":"image\/jpeg"}],"twitter_card":"summary_large_image","twitter_site":"@CECweb","schema":{"@context":"https:\/\/schema.org","@graph":[{"@type":"WebPage","@id":"https:\/\/www.cec.org\/fr\/sujets\/changements-climatiques\/quantification-des-emissions-et-du-stockage-de-carbone\/","url":"https:\/\/www.cec.org\/fr\/sujets\/changements-climatiques\/quantification-des-emissions-et-du-stockage-de-carbone\/","name":"Comprendre les sources de carbone : un \u00e9l\u00e9ment cl\u00e9 du changement climatique","isPartOf":{"@id":"https:\/\/www.cec.org\/fr\/#website"},"primaryImageOfPage":{"@id":"https:\/\/www.cec.org\/fr\/sujets\/changements-climatiques\/quantification-des-emissions-et-du-stockage-de-carbone\/#primaryimage"},"image":{"@id":"https:\/\/www.cec.org\/fr\/sujets\/changements-climatiques\/quantification-des-emissions-et-du-stockage-de-carbone\/#primaryimage"},"thumbnailUrl":"https:\/\/www.cec.org\/wp-content\/uploads\/carbonsources2021-thumb.jpg","datePublished":"2024-03-19T14:08:00+00:00","dateModified":"2024-07-11T17:35:32+00:00","description":"Explorez l\u2019importance des sources de carbone dans le changement climatique et les \u00e9missions de gaz \u00e0 effet de serre. D\u00e9couvrez l\u2019importance de quantifier le carbone.","breadcrumb":{"@id":"https:\/\/www.cec.org\/fr\/sujets\/changements-climatiques\/quantification-des-emissions-et-du-stockage-de-carbone\/#breadcrumb"},"inLanguage":"fr-FR","potentialAction":[{"@type":"ReadAction","target":["https:\/\/www.cec.org\/fr\/sujets\/changements-climatiques\/quantification-des-emissions-et-du-stockage-de-carbone\/"]}]},{"@type":"ImageObject","inLanguage":"fr-FR","@id":"https:\/\/www.cec.org\/fr\/sujets\/changements-climatiques\/quantification-des-emissions-et-du-stockage-de-carbone\/#primaryimage","url":"https:\/\/www.cec.org\/wp-content\/uploads\/carbonsources2021-thumb.jpg","contentUrl":"https:\/\/www.cec.org\/wp-content\/uploads\/carbonsources2021-thumb.jpg","width":600,"height":342,"caption":"Quantifying Carbon Sources and Storage"},{"@type":"BreadcrumbList","@id":"https:\/\/www.cec.org\/fr\/sujets\/changements-climatiques\/quantification-des-emissions-et-du-stockage-de-carbone\/#breadcrumb","itemListElement":[{"@type":"ListItem","position":1,"name":"Accueil","item":"https:\/\/www.cec.org\/fr\/"},{"@type":"ListItem","position":2,"name":"Sujets","item":"https:\/\/www.cec.org\/fr\/sujets\/"},{"@type":"ListItem","position":3,"name":"Changements climatiques","item":"https:\/\/www.cec.org\/fr\/sujets\/changements-climatiques\/"},{"@type":"ListItem","position":4,"name":"Quantification des \u00e9missions et du stockage de carbone"}]},{"@type":"WebSite","@id":"https:\/\/www.cec.org\/fr\/#website","url":"https:\/\/www.cec.org\/fr\/","name":"Commission for Environmental Cooperation","description":"Three countries working together to protect our shared environment","alternateName":"CEC - CCA -CCE","potentialAction":[{"@type":"SearchAction","target":{"@type":"EntryPoint","urlTemplate":"https:\/\/www.cec.org\/fr\/?s={search_term_string}"},"query-input":{"@type":"PropertyValueSpecification","valueRequired":true,"valueName":"search_term_string"}}],"inLanguage":"fr-FR"}]}},"_links":{"self":[{"href":"https:\/\/www.cec.org\/fr\/wp-json\/wp\/v2\/pages\/54500","targetHints":{"allow":["GET"]}}],"collection":[{"href":"https:\/\/www.cec.org\/fr\/wp-json\/wp\/v2\/pages"}],"about":[{"href":"https:\/\/www.cec.org\/fr\/wp-json\/wp\/v2\/types\/page"}],"author":[{"embeddable":true,"href":"https:\/\/www.cec.org\/fr\/wp-json\/wp\/v2\/users\/1"}],"replies":[{"embeddable":true,"href":"https:\/\/www.cec.org\/fr\/wp-json\/wp\/v2\/comments?post=54500"}],"version-history":[{"count":1,"href":"https:\/\/www.cec.org\/fr\/wp-json\/wp\/v2\/pages\/54500\/revisions"}],"predecessor-version":[{"id":55204,"href":"https:\/\/www.cec.org\/fr\/wp-json\/wp\/v2\/pages\/54500\/revisions\/55204"}],"up":[{"embeddable":true,"href":"https:\/\/www.cec.org\/fr\/wp-json\/wp\/v2\/pages\/55200"}],"wp:featuredmedia":[{"embeddable":true,"href":"https:\/\/www.cec.org\/fr\/wp-json\/wp\/v2\/media\/36292"}],"wp:attachment":[{"href":"https:\/\/www.cec.org\/fr\/wp-json\/wp\/v2\/media?parent=54500"}],"curies":[{"name":"wp","href":"https:\/\/api.w.org\/{rel}","templated":true}]}}