{"id":54496,"date":"2024-03-18T14:41:13","date_gmt":"2024-03-18T18:41:13","guid":{"rendered":"http:\/\/www.cec.org\/amelioration-de-lacces-a-linformation-sur-les-changements-climatiques\/"},"modified":"2026-04-11T14:22:56","modified_gmt":"2026-04-11T18:22:56","slug":"amelioration-de-lacces-a-linformation-sur-les-changements-climatiques","status":"publish","type":"page","link":"https:\/\/www.cec.org\/fr\/sujets\/changements-climatiques\/amelioration-de-lacces-a-linformation-sur-les-changements-climatiques\/","title":{"rendered":"Am\u00e9lioration de l\u2019acc\u00e8s \u00e0 l\u2019information sur les changements climatiques"},"content":{"rendered":"<p>Nos trois pays unissent leurs efforts pour \u00e9largir les r\u00e9seaux d'observateurs communautaires afin de minimiser les impacts des changements climatiques sur les collectivit\u00e9s. Les donn\u00e9es recueillies par des particuliers et des collectivit\u00e9s nous permettront de nous attaquer aux lacunes en mati\u00e8re de surveillance, d'\u00e9duquer les populations, de renforcer les capacit\u00e9s d'observation f\u00e9d\u00e9rales et infranationales, et d'am\u00e9liorer la prise de d\u00e9cisions et la pr\u00e9paration.<\/p>\n","protected":false},"excerpt":{"rendered":"<p>Nos trois pays unissent leurs efforts pour \u00e9largir les r\u00e9seaux d&rsquo;observateurs communautaires afin de minimiser les impacts des changements climatiques sur les collectivit\u00e9s. Les donn\u00e9es recueillies par des particuliers et des collectivit\u00e9s nous permettront de nous attaquer aux lacunes en mati\u00e8re de surveillance, d&rsquo;\u00e9duquer les populations, de renforcer les capacit\u00e9s d&rsquo;observation f\u00e9d\u00e9rales et infranationales, et [&hellip;]<\/p>\n","protected":false},"author":1,"featured_media":36279,"parent":55200,"menu_order":0,"comment_status":"closed","ping_status":"closed","template":"page-2024subtopics.php","meta":{"_acf_changed":false,"footnotes":""},"class_list":["post-54496","page","type-page","status-publish","has-post-thumbnail","hentry"],"acf":[],"yoast_head":"<!-- This site is optimized with the Yoast SEO Premium plugin v27.4 (Yoast SEO v27.4) - https:\/\/yoast.com\/product\/yoast-seo-premium-wordpress\/ -->\n<title>Am\u00e9lioration de l\u2019acc\u00e8s \u00e0 l\u2019information sur les changements climatiques<\/title>\n<meta name=\"description\" content=\"Les r\u00e9seaux d\u2019observateurs scientifiques communautaires comme solution aux impacts du changement climatique. Contribuez \u00e0 am\u00e9liorer les efforts de surveillance, d\u2019\u00e9ducation et de prise de d\u00e9cision.\" \/>\n<meta name=\"robots\" content=\"index, follow, max-snippet:-1, max-image-preview:large, max-video-preview:-1\" \/>\n<link rel=\"canonical\" href=\"https:\/\/www.cec.org\/fr\/sujets\/changements-climatiques\/amelioration-de-lacces-a-linformation-sur-les-changements-climatiques\/\" \/>\n<meta property=\"og:locale\" content=\"fr_FR\" \/>\n<meta property=\"og:type\" content=\"article\" \/>\n<meta property=\"og:title\" content=\"Am\u00e9lioration de l\u2019acc\u00e8s \u00e0 l\u2019information sur les changements climatiques\" \/>\n<meta property=\"og:description\" content=\"Nos trois pays unissent leurs efforts pour \u00e9largir les r\u00e9seaux d&#039;observateurs communautaires afin de minimiser les impacts des changements climatiques sur\" \/>\n<meta property=\"og:url\" content=\"https:\/\/www.cec.org\/fr\/sujets\/changements-climatiques\/amelioration-de-lacces-a-linformation-sur-les-changements-climatiques\/\" \/>\n<meta property=\"og:site_name\" content=\"Commission de coop\u00e9ration environnementale\" \/>\n<meta property=\"article:publisher\" content=\"https:\/\/www.facebook.com\/CECconnect\" \/>\n<meta property=\"article:modified_time\" content=\"2026-04-11T18:22:56+00:00\" \/>\n<meta property=\"og:image\" content=\"https:\/\/www.cec.org\/wp-content\/uploads\/cc-information-thumbnail.jpg\" \/>\n\t<meta property=\"og:image:width\" content=\"600\" \/>\n\t<meta property=\"og:image:height\" content=\"342\" \/>\n\t<meta property=\"og:image:type\" content=\"image\/jpeg\" \/>\n<meta name=\"twitter:card\" content=\"summary_large_image\" \/>\n<meta name=\"twitter:site\" content=\"@CECweb\" \/>\n<script type=\"application\/ld+json\" class=\"yoast-schema-graph\">{\"@context\":\"https:\\\/\\\/schema.org\",\"@graph\":[{\"@type\":\"WebPage\",\"@id\":\"https:\\\/\\\/www.cec.org\\\/fr\\\/sujets\\\/changements-climatiques\\\/amelioration-de-lacces-a-linformation-sur-les-changements-climatiques\\\/\",\"url\":\"https:\\\/\\\/www.cec.org\\\/fr\\\/sujets\\\/changements-climatiques\\\/amelioration-de-lacces-a-linformation-sur-les-changements-climatiques\\\/\",\"name\":\"Am\u00e9lioration de l\u2019acc\u00e8s \u00e0 l\u2019information sur les changements climatiques\",\"isPartOf\":{\"@id\":\"https:\\\/\\\/www.cec.org\\\/fr\\\/#website\"},\"primaryImageOfPage\":{\"@id\":\"https:\\\/\\\/www.cec.org\\\/fr\\\/sujets\\\/changements-climatiques\\\/amelioration-de-lacces-a-linformation-sur-les-changements-climatiques\\\/#primaryimage\"},\"image\":{\"@id\":\"https:\\\/\\\/www.cec.org\\\/fr\\\/sujets\\\/changements-climatiques\\\/amelioration-de-lacces-a-linformation-sur-les-changements-climatiques\\\/#primaryimage\"},\"thumbnailUrl\":\"https:\\\/\\\/www.cec.org\\\/wp-content\\\/uploads\\\/cc-information-thumbnail.jpg\",\"datePublished\":\"2024-03-18T18:41:13+00:00\",\"dateModified\":\"2026-04-11T18:22:56+00:00\",\"description\":\"Les r\u00e9seaux d\u2019observateurs scientifiques communautaires comme solution aux impacts du changement climatique. Contribuez \u00e0 am\u00e9liorer les efforts de surveillance, d\u2019\u00e9ducation et de prise de d\u00e9cision.\",\"breadcrumb\":{\"@id\":\"https:\\\/\\\/www.cec.org\\\/fr\\\/sujets\\\/changements-climatiques\\\/amelioration-de-lacces-a-linformation-sur-les-changements-climatiques\\\/#breadcrumb\"},\"inLanguage\":\"fr-FR\",\"potentialAction\":[{\"@type\":\"ReadAction\",\"target\":[\"https:\\\/\\\/www.cec.org\\\/fr\\\/sujets\\\/changements-climatiques\\\/amelioration-de-lacces-a-linformation-sur-les-changements-climatiques\\\/\"]}]},{\"@type\":\"ImageObject\",\"inLanguage\":\"fr-FR\",\"@id\":\"https:\\\/\\\/www.cec.org\\\/fr\\\/sujets\\\/changements-climatiques\\\/amelioration-de-lacces-a-linformation-sur-les-changements-climatiques\\\/#primaryimage\",\"url\":\"https:\\\/\\\/www.cec.org\\\/wp-content\\\/uploads\\\/cc-information-thumbnail.jpg\",\"contentUrl\":\"https:\\\/\\\/www.cec.org\\\/wp-content\\\/uploads\\\/cc-information-thumbnail.jpg\",\"width\":600,\"height\":342,\"caption\":\"Our Work on Improving Access to Climate Change Information\"},{\"@type\":\"BreadcrumbList\",\"@id\":\"https:\\\/\\\/www.cec.org\\\/fr\\\/sujets\\\/changements-climatiques\\\/amelioration-de-lacces-a-linformation-sur-les-changements-climatiques\\\/#breadcrumb\",\"itemListElement\":[{\"@type\":\"ListItem\",\"position\":1,\"name\":\"Accueil\",\"item\":\"https:\\\/\\\/www.cec.org\\\/fr\\\/\"},{\"@type\":\"ListItem\",\"position\":2,\"name\":\"Sujets\",\"item\":\"https:\\\/\\\/www.cec.org\\\/fr\\\/sujets\\\/\"},{\"@type\":\"ListItem\",\"position\":3,\"name\":\"Changements climatiques\",\"item\":\"https:\\\/\\\/www.cec.org\\\/fr\\\/topics\\\/climate-change\\\/\"},{\"@type\":\"ListItem\",\"position\":4,\"name\":\"Am\u00e9lioration de l\u2019acc\u00e8s \u00e0 l\u2019information sur les changements climatiques\"}]},{\"@type\":\"WebSite\",\"@id\":\"https:\\\/\\\/www.cec.org\\\/fr\\\/#website\",\"url\":\"https:\\\/\\\/www.cec.org\\\/fr\\\/\",\"name\":\"Commission for Environmental Cooperation\",\"description\":\"Three countries working together to protect our shared environment\",\"alternateName\":\"CEC - CCA -CCE\",\"potentialAction\":[{\"@type\":\"SearchAction\",\"target\":{\"@type\":\"EntryPoint\",\"urlTemplate\":\"https:\\\/\\\/www.cec.org\\\/fr\\\/?s={search_term_string}\"},\"query-input\":{\"@type\":\"PropertyValueSpecification\",\"valueRequired\":true,\"valueName\":\"search_term_string\"}}],\"inLanguage\":\"fr-FR\"}]}<\/script>\n<!-- \/ Yoast SEO Premium plugin. -->","yoast_head_json":{"title":"Am\u00e9lioration de l\u2019acc\u00e8s \u00e0 l\u2019information sur les changements climatiques","description":"Les r\u00e9seaux d\u2019observateurs scientifiques communautaires comme solution aux impacts du changement climatique. Contribuez \u00e0 am\u00e9liorer les efforts de surveillance, d\u2019\u00e9ducation et de prise de d\u00e9cision.","robots":{"index":"index","follow":"follow","max-snippet":"max-snippet:-1","max-image-preview":"max-image-preview:large","max-video-preview":"max-video-preview:-1"},"canonical":"https:\/\/www.cec.org\/fr\/sujets\/changements-climatiques\/amelioration-de-lacces-a-linformation-sur-les-changements-climatiques\/","og_locale":"fr_FR","og_type":"article","og_title":"Am\u00e9lioration de l\u2019acc\u00e8s \u00e0 l\u2019information sur les changements climatiques","og_description":"Nos trois pays unissent leurs efforts pour \u00e9largir les r\u00e9seaux d'observateurs communautaires afin de minimiser les impacts des changements climatiques sur","og_url":"https:\/\/www.cec.org\/fr\/sujets\/changements-climatiques\/amelioration-de-lacces-a-linformation-sur-les-changements-climatiques\/","og_site_name":"Commission de coop\u00e9ration environnementale","article_publisher":"https:\/\/www.facebook.com\/CECconnect","article_modified_time":"2026-04-11T18:22:56+00:00","og_image":[{"width":600,"height":342,"url":"https:\/\/www.cec.org\/wp-content\/uploads\/cc-information-thumbnail.jpg","type":"image\/jpeg"}],"twitter_card":"summary_large_image","twitter_site":"@CECweb","schema":{"@context":"https:\/\/schema.org","@graph":[{"@type":"WebPage","@id":"https:\/\/www.cec.org\/fr\/sujets\/changements-climatiques\/amelioration-de-lacces-a-linformation-sur-les-changements-climatiques\/","url":"https:\/\/www.cec.org\/fr\/sujets\/changements-climatiques\/amelioration-de-lacces-a-linformation-sur-les-changements-climatiques\/","name":"Am\u00e9lioration de l\u2019acc\u00e8s \u00e0 l\u2019information sur les changements climatiques","isPartOf":{"@id":"https:\/\/www.cec.org\/fr\/#website"},"primaryImageOfPage":{"@id":"https:\/\/www.cec.org\/fr\/sujets\/changements-climatiques\/amelioration-de-lacces-a-linformation-sur-les-changements-climatiques\/#primaryimage"},"image":{"@id":"https:\/\/www.cec.org\/fr\/sujets\/changements-climatiques\/amelioration-de-lacces-a-linformation-sur-les-changements-climatiques\/#primaryimage"},"thumbnailUrl":"https:\/\/www.cec.org\/wp-content\/uploads\/cc-information-thumbnail.jpg","datePublished":"2024-03-18T18:41:13+00:00","dateModified":"2026-04-11T18:22:56+00:00","description":"Les r\u00e9seaux d\u2019observateurs scientifiques communautaires comme solution aux impacts du changement climatique. Contribuez \u00e0 am\u00e9liorer les efforts de surveillance, d\u2019\u00e9ducation et de prise de d\u00e9cision.","breadcrumb":{"@id":"https:\/\/www.cec.org\/fr\/sujets\/changements-climatiques\/amelioration-de-lacces-a-linformation-sur-les-changements-climatiques\/#breadcrumb"},"inLanguage":"fr-FR","potentialAction":[{"@type":"ReadAction","target":["https:\/\/www.cec.org\/fr\/sujets\/changements-climatiques\/amelioration-de-lacces-a-linformation-sur-les-changements-climatiques\/"]}]},{"@type":"ImageObject","inLanguage":"fr-FR","@id":"https:\/\/www.cec.org\/fr\/sujets\/changements-climatiques\/amelioration-de-lacces-a-linformation-sur-les-changements-climatiques\/#primaryimage","url":"https:\/\/www.cec.org\/wp-content\/uploads\/cc-information-thumbnail.jpg","contentUrl":"https:\/\/www.cec.org\/wp-content\/uploads\/cc-information-thumbnail.jpg","width":600,"height":342,"caption":"Our Work on Improving Access to Climate Change Information"},{"@type":"BreadcrumbList","@id":"https:\/\/www.cec.org\/fr\/sujets\/changements-climatiques\/amelioration-de-lacces-a-linformation-sur-les-changements-climatiques\/#breadcrumb","itemListElement":[{"@type":"ListItem","position":1,"name":"Accueil","item":"https:\/\/www.cec.org\/fr\/"},{"@type":"ListItem","position":2,"name":"Sujets","item":"https:\/\/www.cec.org\/fr\/sujets\/"},{"@type":"ListItem","position":3,"name":"Changements climatiques","item":"https:\/\/www.cec.org\/fr\/topics\/climate-change\/"},{"@type":"ListItem","position":4,"name":"Am\u00e9lioration de l\u2019acc\u00e8s \u00e0 l\u2019information sur les changements climatiques"}]},{"@type":"WebSite","@id":"https:\/\/www.cec.org\/fr\/#website","url":"https:\/\/www.cec.org\/fr\/","name":"Commission for Environmental Cooperation","description":"Three countries working together to protect our shared environment","alternateName":"CEC - CCA -CCE","potentialAction":[{"@type":"SearchAction","target":{"@type":"EntryPoint","urlTemplate":"https:\/\/www.cec.org\/fr\/?s={search_term_string}"},"query-input":{"@type":"PropertyValueSpecification","valueRequired":true,"valueName":"search_term_string"}}],"inLanguage":"fr-FR"}]}},"_links":{"self":[{"href":"https:\/\/www.cec.org\/fr\/wp-json\/wp\/v2\/pages\/54496","targetHints":{"allow":["GET"]}}],"collection":[{"href":"https:\/\/www.cec.org\/fr\/wp-json\/wp\/v2\/pages"}],"about":[{"href":"https:\/\/www.cec.org\/fr\/wp-json\/wp\/v2\/types\/page"}],"author":[{"embeddable":true,"href":"https:\/\/www.cec.org\/fr\/wp-json\/wp\/v2\/users\/1"}],"replies":[{"embeddable":true,"href":"https:\/\/www.cec.org\/fr\/wp-json\/wp\/v2\/comments?post=54496"}],"version-history":[{"count":1,"href":"https:\/\/www.cec.org\/fr\/wp-json\/wp\/v2\/pages\/54496\/revisions"}],"predecessor-version":[{"id":55203,"href":"https:\/\/www.cec.org\/fr\/wp-json\/wp\/v2\/pages\/54496\/revisions\/55203"}],"up":[{"embeddable":true,"href":"https:\/\/www.cec.org\/fr\/wp-json\/wp\/v2\/pages\/55200"}],"wp:featuredmedia":[{"embeddable":true,"href":"https:\/\/www.cec.org\/fr\/wp-json\/wp\/v2\/media\/36279"}],"wp:attachment":[{"href":"https:\/\/www.cec.org\/fr\/wp-json\/wp\/v2\/media?parent=54496"}],"curies":[{"name":"wp","href":"https:\/\/api.w.org\/{rel}","templated":true}]}}