{"id":54492,"date":"2024-03-18T14:04:35","date_gmt":"2024-03-18T18:04:35","guid":{"rendered":"http:\/\/www.cec.org\/amelioration-de-la-resilience-face-aux-evenements-extremes-et-aux-effets-des-changements-climatiques\/"},"modified":"2024-07-11T13:35:32","modified_gmt":"2024-07-11T17:35:32","slug":"amelioration-de-la-resilience-face-aux-evenements-extremes-et-aux-effets-des-changements-climatiques","status":"publish","type":"page","link":"https:\/\/www.cec.org\/fr\/sujets\/changements-climatiques\/amelioration-de-la-resilience-face-aux-evenements-extremes-et-aux-effets-des-changements-climatiques\/","title":{"rendered":"Am\u00e9lioration de la r\u00e9silience face aux \u00e9v\u00e9nements extr\u00eames et aux effets des changements climatiques"},"content":{"rendered":"<p>Les \u00e9v\u00e9nements extr\u00eames ne respectent aucune fronti\u00e8re et sont souvent catastrophiques pour les collectivit\u00e9s. Ils peuvent nuire \u00e0 la sant\u00e9 et \u00e0 la s\u00e9curit\u00e9, au bien-\u00eatre et \u00e0 la subsistance, \u00e0 l'agriculture, au commerce, aux \u00e9cosyst\u00e8mes, \u00e0 l'air et \u00e0 l'eau. En mettant en commun leurs pratiques exemplaires, leurs atouts et leurs capacit\u00e9s, nos trois pays travaillent ensemble \u00e0 l'am\u00e9lioration de la r\u00e9silience de nos collectivit\u00e9s et de nos \u00e9cosyst\u00e8mes communs afin de minimiser les effets de ces \u00e9v\u00e9nements.<\/p>\n","protected":false},"excerpt":{"rendered":"<p>Les \u00e9v\u00e9nements extr\u00eames ne respectent aucune fronti\u00e8re et sont souvent catastrophiques pour les collectivit\u00e9s. Ils peuvent nuire \u00e0 la sant\u00e9 et \u00e0 la s\u00e9curit\u00e9, au bien-\u00eatre et \u00e0 la subsistance, \u00e0 l&rsquo;agriculture, au commerce, aux \u00e9cosyst\u00e8mes, \u00e0 l&rsquo;air et \u00e0 l&rsquo;eau. En mettant en commun leurs pratiques exemplaires, leurs atouts et leurs capacit\u00e9s, nos trois [&hellip;]<\/p>\n","protected":false},"author":1,"featured_media":36342,"parent":55200,"menu_order":0,"comment_status":"closed","ping_status":"closed","template":"page-2024subtopics.php","meta":{"_acf_changed":false,"footnotes":""},"class_list":["post-54492","page","type-page","status-publish","has-post-thumbnail","hentry"],"acf":[],"yoast_head":"<!-- This site is optimized with the Yoast SEO Premium plugin v27.0 (Yoast SEO v27.0) - https:\/\/yoast.com\/product\/yoast-seo-premium-wordpress\/ -->\n<title>R\u00e9silience face aux \u00e9v\u00e9nements extr\u00eames et aux effets des changements climatiques<\/title>\n<meta name=\"description\" content=\"Les \u00e9v\u00e9nements extr\u00eames ne respectent aucune fronti\u00e8re et sont souvent catastrophiques pour les collectivit\u00e9s. Ils peuvent nuire \u00e0 la sant\u00e9 et \u00e0 la s\u00e9curit\u00e9...\" \/>\n<meta name=\"robots\" content=\"index, follow, max-snippet:-1, max-image-preview:large, max-video-preview:-1\" \/>\n<link rel=\"canonical\" href=\"https:\/\/www.cec.org\/fr\/sujets\/changements-climatiques\/amelioration-de-la-resilience-face-aux-evenements-extremes-et-aux-effets-des-changements-climatiques\/\" \/>\n<meta property=\"og:locale\" content=\"fr_FR\" \/>\n<meta property=\"og:type\" content=\"article\" \/>\n<meta property=\"og:title\" content=\"Am\u00e9lioration de la r\u00e9silience face aux \u00e9v\u00e9nements extr\u00eames et aux effets des changements climatiques\" \/>\n<meta property=\"og:description\" content=\"Les \u00e9v\u00e9nements extr\u00eames ne respectent aucune fronti\u00e8re et sont souvent catastrophiques pour les collectivit\u00e9s. Ils peuvent nuire \u00e0 la sant\u00e9 et \u00e0 la\" \/>\n<meta property=\"og:url\" content=\"https:\/\/www.cec.org\/fr\/sujets\/changements-climatiques\/amelioration-de-la-resilience-face-aux-evenements-extremes-et-aux-effets-des-changements-climatiques\/\" \/>\n<meta property=\"og:site_name\" content=\"Commission de coop\u00e9ration environnementale\" \/>\n<meta property=\"article:publisher\" content=\"https:\/\/www.facebook.com\/CECconnect\" \/>\n<meta property=\"article:modified_time\" content=\"2024-07-11T17:35:32+00:00\" \/>\n<meta property=\"og:image\" content=\"https:\/\/www.cec.org\/wp-content\/uploads\/floods-thumbnail.jpg\" \/>\n\t<meta property=\"og:image:width\" content=\"600\" \/>\n\t<meta property=\"og:image:height\" content=\"342\" \/>\n\t<meta property=\"og:image:type\" content=\"image\/jpeg\" \/>\n<meta name=\"twitter:card\" content=\"summary_large_image\" \/>\n<meta name=\"twitter:site\" content=\"@CECweb\" \/>\n<script type=\"application\/ld+json\" class=\"yoast-schema-graph\">{\"@context\":\"https:\/\/schema.org\",\"@graph\":[{\"@type\":\"WebPage\",\"@id\":\"https:\/\/www.cec.org\/fr\/sujets\/changements-climatiques\/amelioration-de-la-resilience-face-aux-evenements-extremes-et-aux-effets-des-changements-climatiques\/\",\"url\":\"https:\/\/www.cec.org\/fr\/sujets\/changements-climatiques\/amelioration-de-la-resilience-face-aux-evenements-extremes-et-aux-effets-des-changements-climatiques\/\",\"name\":\"R\u00e9silience face aux \u00e9v\u00e9nements extr\u00eames et aux effets des changements climatiques\",\"isPartOf\":{\"@id\":\"https:\/\/www.cec.org\/fr\/#website\"},\"primaryImageOfPage\":{\"@id\":\"https:\/\/www.cec.org\/fr\/sujets\/changements-climatiques\/amelioration-de-la-resilience-face-aux-evenements-extremes-et-aux-effets-des-changements-climatiques\/#primaryimage\"},\"image\":{\"@id\":\"https:\/\/www.cec.org\/fr\/sujets\/changements-climatiques\/amelioration-de-la-resilience-face-aux-evenements-extremes-et-aux-effets-des-changements-climatiques\/#primaryimage\"},\"thumbnailUrl\":\"https:\/\/www.cec.org\/wp-content\/uploads\/floods-thumbnail.jpg\",\"datePublished\":\"2024-03-18T18:04:35+00:00\",\"dateModified\":\"2024-07-11T17:35:32+00:00\",\"description\":\"Les \u00e9v\u00e9nements extr\u00eames ne respectent aucune fronti\u00e8re et sont souvent catastrophiques pour les collectivit\u00e9s. Ils peuvent nuire \u00e0 la sant\u00e9 et \u00e0 la s\u00e9curit\u00e9...\",\"breadcrumb\":{\"@id\":\"https:\/\/www.cec.org\/fr\/sujets\/changements-climatiques\/amelioration-de-la-resilience-face-aux-evenements-extremes-et-aux-effets-des-changements-climatiques\/#breadcrumb\"},\"inLanguage\":\"fr-FR\",\"potentialAction\":[{\"@type\":\"ReadAction\",\"target\":[\"https:\/\/www.cec.org\/fr\/sujets\/changements-climatiques\/amelioration-de-la-resilience-face-aux-evenements-extremes-et-aux-effets-des-changements-climatiques\/\"]}]},{\"@type\":\"ImageObject\",\"inLanguage\":\"fr-FR\",\"@id\":\"https:\/\/www.cec.org\/fr\/sujets\/changements-climatiques\/amelioration-de-la-resilience-face-aux-evenements-extremes-et-aux-effets-des-changements-climatiques\/#primaryimage\",\"url\":\"https:\/\/www.cec.org\/wp-content\/uploads\/floods-thumbnail.jpg\",\"contentUrl\":\"https:\/\/www.cec.org\/wp-content\/uploads\/floods-thumbnail.jpg\",\"width\":600,\"height\":342,\"caption\":\"Improving Resilience to Extreme Events and Climate Impacts\"},{\"@type\":\"BreadcrumbList\",\"@id\":\"https:\/\/www.cec.org\/fr\/sujets\/changements-climatiques\/amelioration-de-la-resilience-face-aux-evenements-extremes-et-aux-effets-des-changements-climatiques\/#breadcrumb\",\"itemListElement\":[{\"@type\":\"ListItem\",\"position\":1,\"name\":\"Accueil\",\"item\":\"https:\/\/www.cec.org\/fr\/\"},{\"@type\":\"ListItem\",\"position\":2,\"name\":\"Sujets\",\"item\":\"https:\/\/www.cec.org\/fr\/sujets\/\"},{\"@type\":\"ListItem\",\"position\":3,\"name\":\"Changements climatiques\",\"item\":\"https:\/\/www.cec.org\/fr\/sujets\/changements-climatiques\/\"},{\"@type\":\"ListItem\",\"position\":4,\"name\":\"Am\u00e9lioration de la r\u00e9silience face aux \u00e9v\u00e9nements extr\u00eames et aux effets des changements climatiques\"}]},{\"@type\":\"WebSite\",\"@id\":\"https:\/\/www.cec.org\/fr\/#website\",\"url\":\"https:\/\/www.cec.org\/fr\/\",\"name\":\"Commission for Environmental Cooperation\",\"description\":\"Three countries working together to protect our shared environment\",\"alternateName\":\"CEC - CCA -CCE\",\"potentialAction\":[{\"@type\":\"SearchAction\",\"target\":{\"@type\":\"EntryPoint\",\"urlTemplate\":\"https:\/\/www.cec.org\/fr\/?s={search_term_string}\"},\"query-input\":{\"@type\":\"PropertyValueSpecification\",\"valueRequired\":true,\"valueName\":\"search_term_string\"}}],\"inLanguage\":\"fr-FR\"}]}<\/script>\n<!-- \/ Yoast SEO Premium plugin. -->","yoast_head_json":{"title":"R\u00e9silience face aux \u00e9v\u00e9nements extr\u00eames et aux effets des changements climatiques","description":"Les \u00e9v\u00e9nements extr\u00eames ne respectent aucune fronti\u00e8re et sont souvent catastrophiques pour les collectivit\u00e9s. Ils peuvent nuire \u00e0 la sant\u00e9 et \u00e0 la s\u00e9curit\u00e9...","robots":{"index":"index","follow":"follow","max-snippet":"max-snippet:-1","max-image-preview":"max-image-preview:large","max-video-preview":"max-video-preview:-1"},"canonical":"https:\/\/www.cec.org\/fr\/sujets\/changements-climatiques\/amelioration-de-la-resilience-face-aux-evenements-extremes-et-aux-effets-des-changements-climatiques\/","og_locale":"fr_FR","og_type":"article","og_title":"Am\u00e9lioration de la r\u00e9silience face aux \u00e9v\u00e9nements extr\u00eames et aux effets des changements climatiques","og_description":"Les \u00e9v\u00e9nements extr\u00eames ne respectent aucune fronti\u00e8re et sont souvent catastrophiques pour les collectivit\u00e9s. Ils peuvent nuire \u00e0 la sant\u00e9 et \u00e0 la","og_url":"https:\/\/www.cec.org\/fr\/sujets\/changements-climatiques\/amelioration-de-la-resilience-face-aux-evenements-extremes-et-aux-effets-des-changements-climatiques\/","og_site_name":"Commission de coop\u00e9ration environnementale","article_publisher":"https:\/\/www.facebook.com\/CECconnect","article_modified_time":"2024-07-11T17:35:32+00:00","og_image":[{"width":600,"height":342,"url":"https:\/\/www.cec.org\/wp-content\/uploads\/floods-thumbnail.jpg","type":"image\/jpeg"}],"twitter_card":"summary_large_image","twitter_site":"@CECweb","schema":{"@context":"https:\/\/schema.org","@graph":[{"@type":"WebPage","@id":"https:\/\/www.cec.org\/fr\/sujets\/changements-climatiques\/amelioration-de-la-resilience-face-aux-evenements-extremes-et-aux-effets-des-changements-climatiques\/","url":"https:\/\/www.cec.org\/fr\/sujets\/changements-climatiques\/amelioration-de-la-resilience-face-aux-evenements-extremes-et-aux-effets-des-changements-climatiques\/","name":"R\u00e9silience face aux \u00e9v\u00e9nements extr\u00eames et aux effets des changements climatiques","isPartOf":{"@id":"https:\/\/www.cec.org\/fr\/#website"},"primaryImageOfPage":{"@id":"https:\/\/www.cec.org\/fr\/sujets\/changements-climatiques\/amelioration-de-la-resilience-face-aux-evenements-extremes-et-aux-effets-des-changements-climatiques\/#primaryimage"},"image":{"@id":"https:\/\/www.cec.org\/fr\/sujets\/changements-climatiques\/amelioration-de-la-resilience-face-aux-evenements-extremes-et-aux-effets-des-changements-climatiques\/#primaryimage"},"thumbnailUrl":"https:\/\/www.cec.org\/wp-content\/uploads\/floods-thumbnail.jpg","datePublished":"2024-03-18T18:04:35+00:00","dateModified":"2024-07-11T17:35:32+00:00","description":"Les \u00e9v\u00e9nements extr\u00eames ne respectent aucune fronti\u00e8re et sont souvent catastrophiques pour les collectivit\u00e9s. Ils peuvent nuire \u00e0 la sant\u00e9 et \u00e0 la s\u00e9curit\u00e9...","breadcrumb":{"@id":"https:\/\/www.cec.org\/fr\/sujets\/changements-climatiques\/amelioration-de-la-resilience-face-aux-evenements-extremes-et-aux-effets-des-changements-climatiques\/#breadcrumb"},"inLanguage":"fr-FR","potentialAction":[{"@type":"ReadAction","target":["https:\/\/www.cec.org\/fr\/sujets\/changements-climatiques\/amelioration-de-la-resilience-face-aux-evenements-extremes-et-aux-effets-des-changements-climatiques\/"]}]},{"@type":"ImageObject","inLanguage":"fr-FR","@id":"https:\/\/www.cec.org\/fr\/sujets\/changements-climatiques\/amelioration-de-la-resilience-face-aux-evenements-extremes-et-aux-effets-des-changements-climatiques\/#primaryimage","url":"https:\/\/www.cec.org\/wp-content\/uploads\/floods-thumbnail.jpg","contentUrl":"https:\/\/www.cec.org\/wp-content\/uploads\/floods-thumbnail.jpg","width":600,"height":342,"caption":"Improving Resilience to Extreme Events and Climate Impacts"},{"@type":"BreadcrumbList","@id":"https:\/\/www.cec.org\/fr\/sujets\/changements-climatiques\/amelioration-de-la-resilience-face-aux-evenements-extremes-et-aux-effets-des-changements-climatiques\/#breadcrumb","itemListElement":[{"@type":"ListItem","position":1,"name":"Accueil","item":"https:\/\/www.cec.org\/fr\/"},{"@type":"ListItem","position":2,"name":"Sujets","item":"https:\/\/www.cec.org\/fr\/sujets\/"},{"@type":"ListItem","position":3,"name":"Changements climatiques","item":"https:\/\/www.cec.org\/fr\/sujets\/changements-climatiques\/"},{"@type":"ListItem","position":4,"name":"Am\u00e9lioration de la r\u00e9silience face aux \u00e9v\u00e9nements extr\u00eames et aux effets des changements climatiques"}]},{"@type":"WebSite","@id":"https:\/\/www.cec.org\/fr\/#website","url":"https:\/\/www.cec.org\/fr\/","name":"Commission for Environmental Cooperation","description":"Three countries working together to protect our shared environment","alternateName":"CEC - CCA -CCE","potentialAction":[{"@type":"SearchAction","target":{"@type":"EntryPoint","urlTemplate":"https:\/\/www.cec.org\/fr\/?s={search_term_string}"},"query-input":{"@type":"PropertyValueSpecification","valueRequired":true,"valueName":"search_term_string"}}],"inLanguage":"fr-FR"}]}},"_links":{"self":[{"href":"https:\/\/www.cec.org\/fr\/wp-json\/wp\/v2\/pages\/54492","targetHints":{"allow":["GET"]}}],"collection":[{"href":"https:\/\/www.cec.org\/fr\/wp-json\/wp\/v2\/pages"}],"about":[{"href":"https:\/\/www.cec.org\/fr\/wp-json\/wp\/v2\/types\/page"}],"author":[{"embeddable":true,"href":"https:\/\/www.cec.org\/fr\/wp-json\/wp\/v2\/users\/1"}],"replies":[{"embeddable":true,"href":"https:\/\/www.cec.org\/fr\/wp-json\/wp\/v2\/comments?post=54492"}],"version-history":[{"count":1,"href":"https:\/\/www.cec.org\/fr\/wp-json\/wp\/v2\/pages\/54492\/revisions"}],"predecessor-version":[{"id":55202,"href":"https:\/\/www.cec.org\/fr\/wp-json\/wp\/v2\/pages\/54492\/revisions\/55202"}],"up":[{"embeddable":true,"href":"https:\/\/www.cec.org\/fr\/wp-json\/wp\/v2\/pages\/55200"}],"wp:featuredmedia":[{"embeddable":true,"href":"https:\/\/www.cec.org\/fr\/wp-json\/wp\/v2\/media\/36342"}],"wp:attachment":[{"href":"https:\/\/www.cec.org\/fr\/wp-json\/wp\/v2\/media?parent=54492"}],"curies":[{"name":"wp","href":"https:\/\/api.w.org\/{rel}","templated":true}]}}