{"id":54288,"date":"2024-01-30T14:27:58","date_gmt":"2024-01-30T19:27:58","guid":{"rendered":"http:\/\/www.cec.org\/gelp\/"},"modified":"2026-02-03T12:00:25","modified_gmt":"2026-02-03T17:00:25","slug":"gelp","status":"publish","type":"page","link":"https:\/\/www.cec.org\/fr\/sujets\/engagement-jeunesse\/gelp\/","title":{"rendered":"Programme G\u00e9n\u00e9ration de leaders de l\u2019environnement"},"content":{"rendered":"<p>D\u00e9couvrez le programme G\u00e9n\u00e9ration de leaders de l\u2019environnement (PGLE), qui invite les jeunes (de 18 \u00e0 35 ans) du Canada, du Mexique et des \u00c9tats-Unis \u00e0 proposer des solutions pour soutenir leurs collectivit\u00e9s et pr\u00e9server les eaux, les terres et l\u2019air que nous partageons.<\/p>\n<p>Le PGLE est plus qu\u2019une simple plateforme d\u2019\u00e9change d\u2019id\u00e9es, ce programme de mentorat offre de r\u00e9seauter avec une communaut\u00e9 de personnes expertes et les plus hautes personnes d\u00e9cisionnaires de l\u2019environnement en Am\u00e9rique du Nord, ainsi qu\u2019un fond de d\u00e9marrage pour amplifier la port\u00e9e des solutions dans les collectivit\u00e9s locales.<\/p>\n<p>Participez au PGLE et faites partie d\u2019un r\u00e9seau collaboratif de jeunes leaders de l\u2019environnement.<\/p>\n","protected":false},"excerpt":{"rendered":"<p>D\u00e9couvrez le programme G\u00e9n\u00e9ration de leaders de l\u2019environnement (PGLE), qui invite les jeunes (de 18 \u00e0 35 ans) du Canada, du Mexique et des \u00c9tats-Unis \u00e0 proposer des solutions pour soutenir leurs collectivit\u00e9s et pr\u00e9server les eaux, les terres et l\u2019air que nous partageons. Le PGLE est plus qu\u2019une simple plateforme d\u2019\u00e9change d\u2019id\u00e9es, ce programme [&hellip;]<\/p>\n","protected":false},"author":1,"featured_media":57084,"parent":48991,"menu_order":0,"comment_status":"closed","ping_status":"closed","template":"page-environmental-leaders.php","meta":{"_acf_changed":false,"footnotes":""},"class_list":["post-54288","page","type-page","status-publish","has-post-thumbnail","hentry"],"acf":[],"yoast_head":"<!-- This site is optimized with the Yoast SEO Premium plugin v27.4 (Yoast SEO v27.4) - https:\/\/yoast.com\/product\/yoast-seo-premium-wordpress\/ -->\n<title>Le programme G\u00e9n\u00e9ration de leaders de l\u2019environnement PGLE<\/title>\n<meta name=\"description\" content=\"Le PGLE est plus qu\u2019une simple plateforme d\u2019\u00e9change d\u2019id\u00e9es, ce programme de mentorat offre de r\u00e9seauter avec une communaut\u00e9\" \/>\n<meta name=\"robots\" content=\"index, follow, max-snippet:-1, max-image-preview:large, max-video-preview:-1\" \/>\n<link rel=\"canonical\" href=\"https:\/\/www.cec.org\/fr\/sujets\/engagement-jeunesse\/gelp\/\" \/>\n<meta property=\"og:locale\" content=\"fr_FR\" \/>\n<meta property=\"og:type\" content=\"article\" \/>\n<meta property=\"og:title\" content=\"Programme G\u00e9n\u00e9ration de leaders de l\u2019environnement\" \/>\n<meta property=\"og:description\" content=\"D\u00e9couvrez le programme G\u00e9n\u00e9ration de leaders de l\u2019environnement (PGLE), qui invite les jeunes (de 18 \u00e0 35 ans) du Canada, du Mexique et des \u00c9tats-Unis \u00e0\" \/>\n<meta property=\"og:url\" content=\"https:\/\/www.cec.org\/fr\/sujets\/engagement-jeunesse\/gelp\/\" \/>\n<meta property=\"og:site_name\" content=\"Commission de coop\u00e9ration environnementale\" \/>\n<meta property=\"article:publisher\" content=\"https:\/\/www.facebook.com\/CECconnect\" \/>\n<meta property=\"article:modified_time\" content=\"2026-02-03T17:00:25+00:00\" \/>\n<meta property=\"og:image\" content=\"https:\/\/www.cec.org\/wp-content\/uploads\/CEC_GELp-Pri_600x342_VF-FR.webp\" \/>\n\t<meta property=\"og:image:width\" content=\"600\" \/>\n\t<meta property=\"og:image:height\" content=\"342\" \/>\n\t<meta property=\"og:image:type\" content=\"image\/webp\" \/>\n<meta name=\"twitter:card\" content=\"summary_large_image\" \/>\n<meta name=\"twitter:site\" content=\"@CECweb\" \/>\n<script type=\"application\/ld+json\" class=\"yoast-schema-graph\">{\"@context\":\"https:\\\/\\\/schema.org\",\"@graph\":[{\"@type\":\"WebPage\",\"@id\":\"https:\\\/\\\/www.cec.org\\\/fr\\\/sujets\\\/engagement-jeunesse\\\/gelp\\\/\",\"url\":\"https:\\\/\\\/www.cec.org\\\/fr\\\/sujets\\\/engagement-jeunesse\\\/gelp\\\/\",\"name\":\"Le programme G\u00e9n\u00e9ration de leaders de l\u2019environnement PGLE\",\"isPartOf\":{\"@id\":\"https:\\\/\\\/www.cec.org\\\/fr\\\/#website\"},\"primaryImageOfPage\":{\"@id\":\"https:\\\/\\\/www.cec.org\\\/fr\\\/sujets\\\/engagement-jeunesse\\\/gelp\\\/#primaryimage\"},\"image\":{\"@id\":\"https:\\\/\\\/www.cec.org\\\/fr\\\/sujets\\\/engagement-jeunesse\\\/gelp\\\/#primaryimage\"},\"thumbnailUrl\":\"https:\\\/\\\/www.cec.org\\\/wp-content\\\/uploads\\\/CEC_GELp-Pri_600x342_VF-FR.webp\",\"datePublished\":\"2024-01-30T19:27:58+00:00\",\"dateModified\":\"2026-02-03T17:00:25+00:00\",\"description\":\"Le PGLE est plus qu\u2019une simple plateforme d\u2019\u00e9change d\u2019id\u00e9es, ce programme de mentorat offre de r\u00e9seauter avec une communaut\u00e9\",\"breadcrumb\":{\"@id\":\"https:\\\/\\\/www.cec.org\\\/fr\\\/sujets\\\/engagement-jeunesse\\\/gelp\\\/#breadcrumb\"},\"inLanguage\":\"fr-FR\",\"potentialAction\":[{\"@type\":\"ReadAction\",\"target\":[\"https:\\\/\\\/www.cec.org\\\/fr\\\/sujets\\\/engagement-jeunesse\\\/gelp\\\/\"]}]},{\"@type\":\"ImageObject\",\"inLanguage\":\"fr-FR\",\"@id\":\"https:\\\/\\\/www.cec.org\\\/fr\\\/sujets\\\/engagement-jeunesse\\\/gelp\\\/#primaryimage\",\"url\":\"https:\\\/\\\/www.cec.org\\\/wp-content\\\/uploads\\\/CEC_GELp-Pri_600x342_VF-FR.webp\",\"contentUrl\":\"https:\\\/\\\/www.cec.org\\\/wp-content\\\/uploads\\\/CEC_GELp-Pri_600x342_VF-FR.webp\",\"width\":600,\"height\":342,\"caption\":\"Generation of Environmental Leaders Program\"},{\"@type\":\"BreadcrumbList\",\"@id\":\"https:\\\/\\\/www.cec.org\\\/fr\\\/sujets\\\/engagement-jeunesse\\\/gelp\\\/#breadcrumb\",\"itemListElement\":[{\"@type\":\"ListItem\",\"position\":1,\"name\":\"Accueil\",\"item\":\"https:\\\/\\\/www.cec.org\\\/fr\\\/\"},{\"@type\":\"ListItem\",\"position\":2,\"name\":\"Sujets\",\"item\":\"https:\\\/\\\/www.cec.org\\\/fr\\\/sujets\\\/\"},{\"@type\":\"ListItem\",\"position\":3,\"name\":\"Engagement jeunesse\",\"item\":\"https:\\\/\\\/www.cec.org\\\/fr\\\/topics\\\/youth-engagement\\\/\"},{\"@type\":\"ListItem\",\"position\":4,\"name\":\"Programme G\u00e9n\u00e9ration de leaders de l\u2019environnement\"}]},{\"@type\":\"WebSite\",\"@id\":\"https:\\\/\\\/www.cec.org\\\/fr\\\/#website\",\"url\":\"https:\\\/\\\/www.cec.org\\\/fr\\\/\",\"name\":\"Commission for Environmental Cooperation\",\"description\":\"Three countries working together to protect our shared environment\",\"alternateName\":\"CEC - CCA -CCE\",\"potentialAction\":[{\"@type\":\"SearchAction\",\"target\":{\"@type\":\"EntryPoint\",\"urlTemplate\":\"https:\\\/\\\/www.cec.org\\\/fr\\\/?s={search_term_string}\"},\"query-input\":{\"@type\":\"PropertyValueSpecification\",\"valueRequired\":true,\"valueName\":\"search_term_string\"}}],\"inLanguage\":\"fr-FR\"}]}<\/script>\n<!-- \/ Yoast SEO Premium plugin. -->","yoast_head_json":{"title":"Le programme G\u00e9n\u00e9ration de leaders de l\u2019environnement PGLE","description":"Le PGLE est plus qu\u2019une simple plateforme d\u2019\u00e9change d\u2019id\u00e9es, ce programme de mentorat offre de r\u00e9seauter avec une communaut\u00e9","robots":{"index":"index","follow":"follow","max-snippet":"max-snippet:-1","max-image-preview":"max-image-preview:large","max-video-preview":"max-video-preview:-1"},"canonical":"https:\/\/www.cec.org\/fr\/sujets\/engagement-jeunesse\/gelp\/","og_locale":"fr_FR","og_type":"article","og_title":"Programme G\u00e9n\u00e9ration de leaders de l\u2019environnement","og_description":"D\u00e9couvrez le programme G\u00e9n\u00e9ration de leaders de l\u2019environnement (PGLE), qui invite les jeunes (de 18 \u00e0 35 ans) du Canada, du Mexique et des \u00c9tats-Unis \u00e0","og_url":"https:\/\/www.cec.org\/fr\/sujets\/engagement-jeunesse\/gelp\/","og_site_name":"Commission de coop\u00e9ration environnementale","article_publisher":"https:\/\/www.facebook.com\/CECconnect","article_modified_time":"2026-02-03T17:00:25+00:00","og_image":[{"width":600,"height":342,"url":"https:\/\/www.cec.org\/wp-content\/uploads\/CEC_GELp-Pri_600x342_VF-FR.webp","type":"image\/webp"}],"twitter_card":"summary_large_image","twitter_site":"@CECweb","schema":{"@context":"https:\/\/schema.org","@graph":[{"@type":"WebPage","@id":"https:\/\/www.cec.org\/fr\/sujets\/engagement-jeunesse\/gelp\/","url":"https:\/\/www.cec.org\/fr\/sujets\/engagement-jeunesse\/gelp\/","name":"Le programme G\u00e9n\u00e9ration de leaders de l\u2019environnement PGLE","isPartOf":{"@id":"https:\/\/www.cec.org\/fr\/#website"},"primaryImageOfPage":{"@id":"https:\/\/www.cec.org\/fr\/sujets\/engagement-jeunesse\/gelp\/#primaryimage"},"image":{"@id":"https:\/\/www.cec.org\/fr\/sujets\/engagement-jeunesse\/gelp\/#primaryimage"},"thumbnailUrl":"https:\/\/www.cec.org\/wp-content\/uploads\/CEC_GELp-Pri_600x342_VF-FR.webp","datePublished":"2024-01-30T19:27:58+00:00","dateModified":"2026-02-03T17:00:25+00:00","description":"Le PGLE est plus qu\u2019une simple plateforme d\u2019\u00e9change d\u2019id\u00e9es, ce programme de mentorat offre de r\u00e9seauter avec une communaut\u00e9","breadcrumb":{"@id":"https:\/\/www.cec.org\/fr\/sujets\/engagement-jeunesse\/gelp\/#breadcrumb"},"inLanguage":"fr-FR","potentialAction":[{"@type":"ReadAction","target":["https:\/\/www.cec.org\/fr\/sujets\/engagement-jeunesse\/gelp\/"]}]},{"@type":"ImageObject","inLanguage":"fr-FR","@id":"https:\/\/www.cec.org\/fr\/sujets\/engagement-jeunesse\/gelp\/#primaryimage","url":"https:\/\/www.cec.org\/wp-content\/uploads\/CEC_GELp-Pri_600x342_VF-FR.webp","contentUrl":"https:\/\/www.cec.org\/wp-content\/uploads\/CEC_GELp-Pri_600x342_VF-FR.webp","width":600,"height":342,"caption":"Generation of Environmental Leaders Program"},{"@type":"BreadcrumbList","@id":"https:\/\/www.cec.org\/fr\/sujets\/engagement-jeunesse\/gelp\/#breadcrumb","itemListElement":[{"@type":"ListItem","position":1,"name":"Accueil","item":"https:\/\/www.cec.org\/fr\/"},{"@type":"ListItem","position":2,"name":"Sujets","item":"https:\/\/www.cec.org\/fr\/sujets\/"},{"@type":"ListItem","position":3,"name":"Engagement jeunesse","item":"https:\/\/www.cec.org\/fr\/topics\/youth-engagement\/"},{"@type":"ListItem","position":4,"name":"Programme G\u00e9n\u00e9ration de leaders de l\u2019environnement"}]},{"@type":"WebSite","@id":"https:\/\/www.cec.org\/fr\/#website","url":"https:\/\/www.cec.org\/fr\/","name":"Commission for Environmental Cooperation","description":"Three countries working together to protect our shared environment","alternateName":"CEC - CCA -CCE","potentialAction":[{"@type":"SearchAction","target":{"@type":"EntryPoint","urlTemplate":"https:\/\/www.cec.org\/fr\/?s={search_term_string}"},"query-input":{"@type":"PropertyValueSpecification","valueRequired":true,"valueName":"search_term_string"}}],"inLanguage":"fr-FR"}]}},"_links":{"self":[{"href":"https:\/\/www.cec.org\/fr\/wp-json\/wp\/v2\/pages\/54288","targetHints":{"allow":["GET"]}}],"collection":[{"href":"https:\/\/www.cec.org\/fr\/wp-json\/wp\/v2\/pages"}],"about":[{"href":"https:\/\/www.cec.org\/fr\/wp-json\/wp\/v2\/types\/page"}],"author":[{"embeddable":true,"href":"https:\/\/www.cec.org\/fr\/wp-json\/wp\/v2\/users\/1"}],"replies":[{"embeddable":true,"href":"https:\/\/www.cec.org\/fr\/wp-json\/wp\/v2\/comments?post=54288"}],"version-history":[{"count":14,"href":"https:\/\/www.cec.org\/fr\/wp-json\/wp\/v2\/pages\/54288\/revisions"}],"predecessor-version":[{"id":61571,"href":"https:\/\/www.cec.org\/fr\/wp-json\/wp\/v2\/pages\/54288\/revisions\/61571"}],"up":[{"embeddable":true,"href":"https:\/\/www.cec.org\/fr\/wp-json\/wp\/v2\/pages\/48991"}],"wp:featuredmedia":[{"embeddable":true,"href":"https:\/\/www.cec.org\/fr\/wp-json\/wp\/v2\/media\/57084"}],"wp:attachment":[{"href":"https:\/\/www.cec.org\/fr\/wp-json\/wp\/v2\/media?parent=54288"}],"curies":[{"name":"wp","href":"https:\/\/api.w.org\/{rel}","templated":true}]}}