{"id":54143,"date":"2024-01-04T16:57:49","date_gmt":"2024-01-04T21:57:49","guid":{"rendered":"http:\/\/www.cec.org\/youth-engagement-week\/"},"modified":"2025-09-15T20:07:20","modified_gmt":"2025-09-16T00:07:20","slug":"youth-engagement-week","status":"publish","type":"page","link":"https:\/\/www.cec.org\/fr\/sujets\/engagement-jeunesse\/youth-engagement-week\/","title":{"rendered":"Journ\u00e9es de l\u2019engagement jeunesse de la CCE"},"content":{"rendered":"<p>Les Journ\u00e9es de l\u2019engagement jeunesse (JEJ) de la CCE sont un \u00e9v\u00e9nement annuel qui vise l\u2019inclusion des perspectives des jeunes d\u2019Am\u00e9rique du Nord en favorisant leur participation directe aux travaux et aux activit\u00e9s de la CCE. Elles visent \u00e0 offrir un environnement qui incitera les jeunes du Canada, du Mexique et des \u00c9tats-Unis \u00e0 participer \u00e0 des dialogues significatifs, \u00e0 contribuer aux discussions sur l\u2019environnement \u00e0 l\u2019\u00e9chelle r\u00e9gionale et \u00e0 collaborer \u00e0 la recherche de solutions novatrices pour relever les d\u00e9fis environnementaux les plus urgents. Avec ses ateliers, consultations et projets de collaboration, les JEJ appuient l\u2019\u00e9tablissement d\u2019un r\u00e9seau interg\u00e9n\u00e9rationnel ax\u00e9 sur le d\u00e9veloppement durable et la gestion environnementale.<\/p>\n","protected":false},"excerpt":{"rendered":"<p>Les Journ\u00e9es de l\u2019engagement jeunesse (JEJ) de la CCE sont un \u00e9v\u00e9nement annuel qui vise l\u2019inclusion des perspectives des jeunes d\u2019Am\u00e9rique du Nord en favorisant leur participation directe aux travaux et aux activit\u00e9s de la CCE. Elles visent \u00e0 offrir un environnement qui incitera les jeunes du Canada, du Mexique et des \u00c9tats-Unis \u00e0 participer [&hellip;]<\/p>\n","protected":false},"author":1,"featured_media":60097,"parent":48991,"menu_order":0,"comment_status":"closed","ping_status":"closed","template":"page-yew.php","meta":{"_acf_changed":false,"footnotes":""},"class_list":["post-54143","page","type-page","status-publish","has-post-thumbnail","hentry"],"acf":[],"yoast_head":"<!-- This site is optimized with the Yoast SEO Premium plugin v27.0 (Yoast SEO v27.0) - https:\/\/yoast.com\/product\/yoast-seo-premium-wordpress\/ -->\n<title>Une c\u00e9l\u00e9bration du talent, de l\u2019innovation et de la passion!<\/title>\n<meta name=\"description\" content=\"Ce fut l\u2019occasion pour ces jeunes de montrer leur r\u00e9silience, leur cr\u00e9ativit\u00e9 et leur volont\u00e9 de promouvoir l\u2019engagement jeunesse.\" \/>\n<meta name=\"robots\" content=\"index, follow, max-snippet:-1, max-image-preview:large, max-video-preview:-1\" \/>\n<link rel=\"canonical\" href=\"https:\/\/www.cec.org\/fr\/sujets\/engagement-jeunesse\/youth-engagement-week\/\" \/>\n<meta property=\"og:locale\" content=\"fr_FR\" \/>\n<meta property=\"og:type\" content=\"article\" \/>\n<meta property=\"og:title\" content=\"Journ\u00e9es de l\u2019engagement jeunesse de la CCE\" \/>\n<meta property=\"og:description\" content=\"Les Journ\u00e9es de l\u2019engagement jeunesse (JEJ) de la CCE sont un \u00e9v\u00e9nement annuel qui vise l\u2019inclusion des perspectives des jeunes d\u2019Am\u00e9rique du Nord en\" \/>\n<meta property=\"og:url\" content=\"https:\/\/www.cec.org\/fr\/sujets\/engagement-jeunesse\/youth-engagement-week\/\" \/>\n<meta property=\"og:site_name\" content=\"Commission de coop\u00e9ration environnementale\" \/>\n<meta property=\"article:publisher\" content=\"https:\/\/www.facebook.com\/CECconnect\" \/>\n<meta property=\"article:modified_time\" content=\"2025-09-16T00:07:20+00:00\" \/>\n<meta property=\"og:image\" content=\"https:\/\/www.cec.org\/wp-content\/uploads\/CEC_YEW2025-Primary-FR.webp\" \/>\n\t<meta property=\"og:image:width\" content=\"1200\" \/>\n\t<meta property=\"og:image:height\" content=\"684\" \/>\n\t<meta property=\"og:image:type\" content=\"image\/webp\" \/>\n<meta name=\"twitter:card\" content=\"summary_large_image\" \/>\n<meta name=\"twitter:site\" content=\"@CECweb\" \/>\n<script type=\"application\/ld+json\" class=\"yoast-schema-graph\">{\"@context\":\"https:\/\/schema.org\",\"@graph\":[{\"@type\":\"WebPage\",\"@id\":\"https:\/\/www.cec.org\/fr\/sujets\/engagement-jeunesse\/youth-engagement-week\/\",\"url\":\"https:\/\/www.cec.org\/fr\/sujets\/engagement-jeunesse\/youth-engagement-week\/\",\"name\":\"Une c\u00e9l\u00e9bration du talent, de l\u2019innovation et de la passion!\",\"isPartOf\":{\"@id\":\"https:\/\/www.cec.org\/fr\/#website\"},\"primaryImageOfPage\":{\"@id\":\"https:\/\/www.cec.org\/fr\/sujets\/engagement-jeunesse\/youth-engagement-week\/#primaryimage\"},\"image\":{\"@id\":\"https:\/\/www.cec.org\/fr\/sujets\/engagement-jeunesse\/youth-engagement-week\/#primaryimage\"},\"thumbnailUrl\":\"https:\/\/www.cec.org\/wp-content\/uploads\/CEC_YEW2025-Primary-FR.webp\",\"datePublished\":\"2024-01-04T21:57:49+00:00\",\"dateModified\":\"2025-09-16T00:07:20+00:00\",\"description\":\"Ce fut l\u2019occasion pour ces jeunes de montrer leur r\u00e9silience, leur cr\u00e9ativit\u00e9 et leur volont\u00e9 de promouvoir l\u2019engagement jeunesse.\",\"breadcrumb\":{\"@id\":\"https:\/\/www.cec.org\/fr\/sujets\/engagement-jeunesse\/youth-engagement-week\/#breadcrumb\"},\"inLanguage\":\"fr-FR\",\"potentialAction\":[{\"@type\":\"ReadAction\",\"target\":[\"https:\/\/www.cec.org\/fr\/sujets\/engagement-jeunesse\/youth-engagement-week\/\"]}]},{\"@type\":\"ImageObject\",\"inLanguage\":\"fr-FR\",\"@id\":\"https:\/\/www.cec.org\/fr\/sujets\/engagement-jeunesse\/youth-engagement-week\/#primaryimage\",\"url\":\"https:\/\/www.cec.org\/wp-content\/uploads\/CEC_YEW2025-Primary-FR.webp\",\"contentUrl\":\"https:\/\/www.cec.org\/wp-content\/uploads\/CEC_YEW2025-Primary-FR.webp\",\"width\":1200,\"height\":684,\"caption\":\"YEW Youth EJourn\u00e9es de l\u2019engagement jeunesse 2025\"},{\"@type\":\"BreadcrumbList\",\"@id\":\"https:\/\/www.cec.org\/fr\/sujets\/engagement-jeunesse\/youth-engagement-week\/#breadcrumb\",\"itemListElement\":[{\"@type\":\"ListItem\",\"position\":1,\"name\":\"Accueil\",\"item\":\"https:\/\/www.cec.org\/fr\/\"},{\"@type\":\"ListItem\",\"position\":2,\"name\":\"Sujets\",\"item\":\"https:\/\/www.cec.org\/fr\/sujets\/\"},{\"@type\":\"ListItem\",\"position\":3,\"name\":\"Engagement jeunesse\",\"item\":\"https:\/\/www.cec.org\/fr\/topics\/youth-engagement\/\"},{\"@type\":\"ListItem\",\"position\":4,\"name\":\"Journ\u00e9es de l\u2019engagement jeunesse de la CCE\"}]},{\"@type\":\"WebSite\",\"@id\":\"https:\/\/www.cec.org\/fr\/#website\",\"url\":\"https:\/\/www.cec.org\/fr\/\",\"name\":\"Commission for Environmental Cooperation\",\"description\":\"Three countries working together to protect our shared environment\",\"alternateName\":\"CEC - CCA -CCE\",\"potentialAction\":[{\"@type\":\"SearchAction\",\"target\":{\"@type\":\"EntryPoint\",\"urlTemplate\":\"https:\/\/www.cec.org\/fr\/?s={search_term_string}\"},\"query-input\":{\"@type\":\"PropertyValueSpecification\",\"valueRequired\":true,\"valueName\":\"search_term_string\"}}],\"inLanguage\":\"fr-FR\"}]}<\/script>\n<!-- \/ Yoast SEO Premium plugin. -->","yoast_head_json":{"title":"Une c\u00e9l\u00e9bration du talent, de l\u2019innovation et de la passion!","description":"Ce fut l\u2019occasion pour ces jeunes de montrer leur r\u00e9silience, leur cr\u00e9ativit\u00e9 et leur volont\u00e9 de promouvoir l\u2019engagement jeunesse.","robots":{"index":"index","follow":"follow","max-snippet":"max-snippet:-1","max-image-preview":"max-image-preview:large","max-video-preview":"max-video-preview:-1"},"canonical":"https:\/\/www.cec.org\/fr\/sujets\/engagement-jeunesse\/youth-engagement-week\/","og_locale":"fr_FR","og_type":"article","og_title":"Journ\u00e9es de l\u2019engagement jeunesse de la CCE","og_description":"Les Journ\u00e9es de l\u2019engagement jeunesse (JEJ) de la CCE sont un \u00e9v\u00e9nement annuel qui vise l\u2019inclusion des perspectives des jeunes d\u2019Am\u00e9rique du Nord en","og_url":"https:\/\/www.cec.org\/fr\/sujets\/engagement-jeunesse\/youth-engagement-week\/","og_site_name":"Commission de coop\u00e9ration environnementale","article_publisher":"https:\/\/www.facebook.com\/CECconnect","article_modified_time":"2025-09-16T00:07:20+00:00","og_image":[{"width":1200,"height":684,"url":"https:\/\/www.cec.org\/wp-content\/uploads\/CEC_YEW2025-Primary-FR.webp","type":"image\/webp"}],"twitter_card":"summary_large_image","twitter_site":"@CECweb","schema":{"@context":"https:\/\/schema.org","@graph":[{"@type":"WebPage","@id":"https:\/\/www.cec.org\/fr\/sujets\/engagement-jeunesse\/youth-engagement-week\/","url":"https:\/\/www.cec.org\/fr\/sujets\/engagement-jeunesse\/youth-engagement-week\/","name":"Une c\u00e9l\u00e9bration du talent, de l\u2019innovation et de la passion!","isPartOf":{"@id":"https:\/\/www.cec.org\/fr\/#website"},"primaryImageOfPage":{"@id":"https:\/\/www.cec.org\/fr\/sujets\/engagement-jeunesse\/youth-engagement-week\/#primaryimage"},"image":{"@id":"https:\/\/www.cec.org\/fr\/sujets\/engagement-jeunesse\/youth-engagement-week\/#primaryimage"},"thumbnailUrl":"https:\/\/www.cec.org\/wp-content\/uploads\/CEC_YEW2025-Primary-FR.webp","datePublished":"2024-01-04T21:57:49+00:00","dateModified":"2025-09-16T00:07:20+00:00","description":"Ce fut l\u2019occasion pour ces jeunes de montrer leur r\u00e9silience, leur cr\u00e9ativit\u00e9 et leur volont\u00e9 de promouvoir l\u2019engagement jeunesse.","breadcrumb":{"@id":"https:\/\/www.cec.org\/fr\/sujets\/engagement-jeunesse\/youth-engagement-week\/#breadcrumb"},"inLanguage":"fr-FR","potentialAction":[{"@type":"ReadAction","target":["https:\/\/www.cec.org\/fr\/sujets\/engagement-jeunesse\/youth-engagement-week\/"]}]},{"@type":"ImageObject","inLanguage":"fr-FR","@id":"https:\/\/www.cec.org\/fr\/sujets\/engagement-jeunesse\/youth-engagement-week\/#primaryimage","url":"https:\/\/www.cec.org\/wp-content\/uploads\/CEC_YEW2025-Primary-FR.webp","contentUrl":"https:\/\/www.cec.org\/wp-content\/uploads\/CEC_YEW2025-Primary-FR.webp","width":1200,"height":684,"caption":"YEW Youth EJourn\u00e9es de l\u2019engagement jeunesse 2025"},{"@type":"BreadcrumbList","@id":"https:\/\/www.cec.org\/fr\/sujets\/engagement-jeunesse\/youth-engagement-week\/#breadcrumb","itemListElement":[{"@type":"ListItem","position":1,"name":"Accueil","item":"https:\/\/www.cec.org\/fr\/"},{"@type":"ListItem","position":2,"name":"Sujets","item":"https:\/\/www.cec.org\/fr\/sujets\/"},{"@type":"ListItem","position":3,"name":"Engagement jeunesse","item":"https:\/\/www.cec.org\/fr\/topics\/youth-engagement\/"},{"@type":"ListItem","position":4,"name":"Journ\u00e9es de l\u2019engagement jeunesse de la CCE"}]},{"@type":"WebSite","@id":"https:\/\/www.cec.org\/fr\/#website","url":"https:\/\/www.cec.org\/fr\/","name":"Commission for Environmental Cooperation","description":"Three countries working together to protect our shared environment","alternateName":"CEC - CCA -CCE","potentialAction":[{"@type":"SearchAction","target":{"@type":"EntryPoint","urlTemplate":"https:\/\/www.cec.org\/fr\/?s={search_term_string}"},"query-input":{"@type":"PropertyValueSpecification","valueRequired":true,"valueName":"search_term_string"}}],"inLanguage":"fr-FR"}]}},"_links":{"self":[{"href":"https:\/\/www.cec.org\/fr\/wp-json\/wp\/v2\/pages\/54143","targetHints":{"allow":["GET"]}}],"collection":[{"href":"https:\/\/www.cec.org\/fr\/wp-json\/wp\/v2\/pages"}],"about":[{"href":"https:\/\/www.cec.org\/fr\/wp-json\/wp\/v2\/types\/page"}],"author":[{"embeddable":true,"href":"https:\/\/www.cec.org\/fr\/wp-json\/wp\/v2\/users\/1"}],"replies":[{"embeddable":true,"href":"https:\/\/www.cec.org\/fr\/wp-json\/wp\/v2\/comments?post=54143"}],"version-history":[{"count":3,"href":"https:\/\/www.cec.org\/fr\/wp-json\/wp\/v2\/pages\/54143\/revisions"}],"predecessor-version":[{"id":57091,"href":"https:\/\/www.cec.org\/fr\/wp-json\/wp\/v2\/pages\/54143\/revisions\/57091"}],"up":[{"embeddable":true,"href":"https:\/\/www.cec.org\/fr\/wp-json\/wp\/v2\/pages\/48991"}],"wp:featuredmedia":[{"embeddable":true,"href":"https:\/\/www.cec.org\/fr\/wp-json\/wp\/v2\/media\/60097"}],"wp:attachment":[{"href":"https:\/\/www.cec.org\/fr\/wp-json\/wp\/v2\/media?parent=54143"}],"curies":[{"name":"wp","href":"https:\/\/api.w.org\/{rel}","templated":true}]}}