{"id":53346,"date":"2023-09-12T14:40:28","date_gmt":"2023-09-12T18:40:28","guid":{"rendered":"http:\/\/www.cec.org\/pour-les-pollinisateurs\/"},"modified":"2025-12-01T19:43:12","modified_gmt":"2025-12-02T00:43:12","slug":"pour-les-pollinisateurs","status":"publish","type":"page","link":"https:\/\/www.cec.org\/fr\/pour-les-pollinisateurs\/","title":{"rendered":"Pour les pollinisateurs"},"content":{"rendered":"<p>Bien que bon nombre d\u2019entre nous gardent des souvenirs particuliers des pollinisateurs, tels que le symbolique papillon monarque et sa migration annuelle, ou les captivantes lucioles d\u2019\u00e9t\u00e9, peu sont conscients des services vitaux que ces animaux assurent chaque jour.<\/p>\n<p>Les pollinisateurs, dont les oiseaux, les chauves-souris, les papillons, les abeilles, les col\u00e9opt\u00e8res, les mouches et bien d\u2019autres insectes, assurent la reproduction de nombreuses plantes dont d\u00e9pendent les humains et la faune pour survivre, et sont essentiels \u00e0 la s\u00e9curit\u00e9 \u00e9conomique et alimentaire mondiale.<\/p>\n<p>N\u00e9anmoins, les pollinisateurs sont confront\u00e9s \u00e0 diverses menaces, dont la perte et la d\u00e9gradation de leurs habitats, les pesticides, les maladies, et plus encore. La diminution rapide de leurs populations menace la sant\u00e9 de nos \u00e9cosyst\u00e8mes et les moyens de subsistance de millions de personnes en Am\u00e9rique du Nord qui s\u2019appuient sur des cultures d\u00e9pendantes des pollinisateurs.<\/p>\n<p>Aidez-nous \u00e0 transmettre l\u2019information relative \u00e0 la conservation des pollinisateurs. Ensemble, nous pouvons les aider et, en m\u00eame temps, nous aider nous-m\u00eames.<\/p>\n","protected":false},"excerpt":{"rendered":"<p>Bien que bon nombre d\u2019entre nous gardent des souvenirs particuliers des pollinisateurs, tels que le symbolique papillon monarque et sa migration annuelle, ou les captivantes lucioles d\u2019\u00e9t\u00e9, peu sont conscients des services vitaux que ces animaux assurent chaque jour. Les pollinisateurs, dont les oiseaux, les chauves-souris, les papillons, les abeilles, les col\u00e9opt\u00e8res, les mouches et [&hellip;]<\/p>\n","protected":false},"author":1,"featured_media":53358,"parent":0,"menu_order":0,"comment_status":"closed","ping_status":"closed","template":"page-pfp.php","meta":{"_acf_changed":false,"footnotes":""},"class_list":["post-53346","page","type-page","status-publish","has-post-thumbnail","hentry"],"acf":[],"yoast_head":"<!-- This site is optimized with the Yoast SEO Premium plugin v27.4 (Yoast SEO v27.4) - https:\/\/yoast.com\/product\/yoast-seo-premium-wordpress\/ -->\n<title>Pour les pollinisateurs<\/title>\n<meta name=\"description\" content=\"Bien que bon nombre d\u2019entre nous gardent des souvenirs particuliers des pollinisateurs...\" \/>\n<meta name=\"robots\" content=\"index, follow, max-snippet:-1, max-image-preview:large, max-video-preview:-1\" \/>\n<link rel=\"canonical\" href=\"https:\/\/www.cec.org\/fr\/pour-les-pollinisateurs\/\" \/>\n<meta property=\"og:locale\" content=\"fr_FR\" \/>\n<meta property=\"og:type\" content=\"article\" \/>\n<meta property=\"og:title\" content=\"Pour les pollinisateurs\" \/>\n<meta property=\"og:description\" content=\"Bien que bon nombre d\u2019entre nous gardent des souvenirs particuliers des pollinisateurs, tels que le symbolique papillon monarque et sa migration annuelle,\" \/>\n<meta property=\"og:url\" content=\"https:\/\/www.cec.org\/fr\/pour-les-pollinisateurs\/\" \/>\n<meta property=\"og:site_name\" content=\"Commission de coop\u00e9ration environnementale\" \/>\n<meta property=\"article:publisher\" content=\"https:\/\/www.facebook.com\/CECconnect\" \/>\n<meta property=\"article:modified_time\" content=\"2025-12-02T00:43:12+00:00\" \/>\n<meta property=\"og:image\" content=\"https:\/\/www.cec.org\/wp-content\/uploads\/pollinators1-fr.webp\" \/>\n\t<meta property=\"og:image:width\" content=\"1080\" \/>\n\t<meta property=\"og:image:height\" content=\"1080\" \/>\n\t<meta property=\"og:image:type\" content=\"image\/webp\" \/>\n<meta name=\"twitter:card\" content=\"summary_large_image\" \/>\n<meta name=\"twitter:site\" content=\"@CECweb\" \/>\n<script type=\"application\/ld+json\" class=\"yoast-schema-graph\">{\"@context\":\"https:\\\/\\\/schema.org\",\"@graph\":[{\"@type\":\"WebPage\",\"@id\":\"https:\\\/\\\/www.cec.org\\\/fr\\\/pour-les-pollinisateurs\\\/\",\"url\":\"https:\\\/\\\/www.cec.org\\\/fr\\\/pour-les-pollinisateurs\\\/\",\"name\":\"Pour les pollinisateurs\",\"isPartOf\":{\"@id\":\"https:\\\/\\\/www.cec.org\\\/fr\\\/#website\"},\"primaryImageOfPage\":{\"@id\":\"https:\\\/\\\/www.cec.org\\\/fr\\\/pour-les-pollinisateurs\\\/#primaryimage\"},\"image\":{\"@id\":\"https:\\\/\\\/www.cec.org\\\/fr\\\/pour-les-pollinisateurs\\\/#primaryimage\"},\"thumbnailUrl\":\"https:\\\/\\\/www.cec.org\\\/wp-content\\\/uploads\\\/pollinators1-fr.webp\",\"datePublished\":\"2023-09-12T18:40:28+00:00\",\"dateModified\":\"2025-12-02T00:43:12+00:00\",\"description\":\"Bien que bon nombre d\u2019entre nous gardent des souvenirs particuliers des pollinisateurs...\",\"breadcrumb\":{\"@id\":\"https:\\\/\\\/www.cec.org\\\/fr\\\/pour-les-pollinisateurs\\\/#breadcrumb\"},\"inLanguage\":\"fr-FR\",\"potentialAction\":[{\"@type\":\"ReadAction\",\"target\":[\"https:\\\/\\\/www.cec.org\\\/fr\\\/pour-les-pollinisateurs\\\/\"]}]},{\"@type\":\"ImageObject\",\"inLanguage\":\"fr-FR\",\"@id\":\"https:\\\/\\\/www.cec.org\\\/fr\\\/pour-les-pollinisateurs\\\/#primaryimage\",\"url\":\"https:\\\/\\\/www.cec.org\\\/wp-content\\\/uploads\\\/pollinators1-fr.webp\",\"contentUrl\":\"https:\\\/\\\/www.cec.org\\\/wp-content\\\/uploads\\\/pollinators1-fr.webp\",\"width\":1080,\"height\":1080,\"caption\":\"Pollinators\"},{\"@type\":\"BreadcrumbList\",\"@id\":\"https:\\\/\\\/www.cec.org\\\/fr\\\/pour-les-pollinisateurs\\\/#breadcrumb\",\"itemListElement\":[{\"@type\":\"ListItem\",\"position\":1,\"name\":\"Accueil\",\"item\":\"https:\\\/\\\/www.cec.org\\\/fr\\\/\"},{\"@type\":\"ListItem\",\"position\":2,\"name\":\"Pour les pollinisateurs\"}]},{\"@type\":\"WebSite\",\"@id\":\"https:\\\/\\\/www.cec.org\\\/fr\\\/#website\",\"url\":\"https:\\\/\\\/www.cec.org\\\/fr\\\/\",\"name\":\"Commission for Environmental Cooperation\",\"description\":\"Three countries working together to protect our shared environment\",\"alternateName\":\"CEC - CCA -CCE\",\"potentialAction\":[{\"@type\":\"SearchAction\",\"target\":{\"@type\":\"EntryPoint\",\"urlTemplate\":\"https:\\\/\\\/www.cec.org\\\/fr\\\/?s={search_term_string}\"},\"query-input\":{\"@type\":\"PropertyValueSpecification\",\"valueRequired\":true,\"valueName\":\"search_term_string\"}}],\"inLanguage\":\"fr-FR\"}]}<\/script>\n<!-- \/ Yoast SEO Premium plugin. -->","yoast_head_json":{"title":"Pour les pollinisateurs","description":"Bien que bon nombre d\u2019entre nous gardent des souvenirs particuliers des pollinisateurs...","robots":{"index":"index","follow":"follow","max-snippet":"max-snippet:-1","max-image-preview":"max-image-preview:large","max-video-preview":"max-video-preview:-1"},"canonical":"https:\/\/www.cec.org\/fr\/pour-les-pollinisateurs\/","og_locale":"fr_FR","og_type":"article","og_title":"Pour les pollinisateurs","og_description":"Bien que bon nombre d\u2019entre nous gardent des souvenirs particuliers des pollinisateurs, tels que le symbolique papillon monarque et sa migration annuelle,","og_url":"https:\/\/www.cec.org\/fr\/pour-les-pollinisateurs\/","og_site_name":"Commission de coop\u00e9ration environnementale","article_publisher":"https:\/\/www.facebook.com\/CECconnect","article_modified_time":"2025-12-02T00:43:12+00:00","og_image":[{"width":1080,"height":1080,"url":"https:\/\/www.cec.org\/wp-content\/uploads\/pollinators1-fr.webp","type":"image\/webp"}],"twitter_card":"summary_large_image","twitter_site":"@CECweb","schema":{"@context":"https:\/\/schema.org","@graph":[{"@type":"WebPage","@id":"https:\/\/www.cec.org\/fr\/pour-les-pollinisateurs\/","url":"https:\/\/www.cec.org\/fr\/pour-les-pollinisateurs\/","name":"Pour les pollinisateurs","isPartOf":{"@id":"https:\/\/www.cec.org\/fr\/#website"},"primaryImageOfPage":{"@id":"https:\/\/www.cec.org\/fr\/pour-les-pollinisateurs\/#primaryimage"},"image":{"@id":"https:\/\/www.cec.org\/fr\/pour-les-pollinisateurs\/#primaryimage"},"thumbnailUrl":"https:\/\/www.cec.org\/wp-content\/uploads\/pollinators1-fr.webp","datePublished":"2023-09-12T18:40:28+00:00","dateModified":"2025-12-02T00:43:12+00:00","description":"Bien que bon nombre d\u2019entre nous gardent des souvenirs particuliers des pollinisateurs...","breadcrumb":{"@id":"https:\/\/www.cec.org\/fr\/pour-les-pollinisateurs\/#breadcrumb"},"inLanguage":"fr-FR","potentialAction":[{"@type":"ReadAction","target":["https:\/\/www.cec.org\/fr\/pour-les-pollinisateurs\/"]}]},{"@type":"ImageObject","inLanguage":"fr-FR","@id":"https:\/\/www.cec.org\/fr\/pour-les-pollinisateurs\/#primaryimage","url":"https:\/\/www.cec.org\/wp-content\/uploads\/pollinators1-fr.webp","contentUrl":"https:\/\/www.cec.org\/wp-content\/uploads\/pollinators1-fr.webp","width":1080,"height":1080,"caption":"Pollinators"},{"@type":"BreadcrumbList","@id":"https:\/\/www.cec.org\/fr\/pour-les-pollinisateurs\/#breadcrumb","itemListElement":[{"@type":"ListItem","position":1,"name":"Accueil","item":"https:\/\/www.cec.org\/fr\/"},{"@type":"ListItem","position":2,"name":"Pour les pollinisateurs"}]},{"@type":"WebSite","@id":"https:\/\/www.cec.org\/fr\/#website","url":"https:\/\/www.cec.org\/fr\/","name":"Commission for Environmental Cooperation","description":"Three countries working together to protect our shared environment","alternateName":"CEC - CCA -CCE","potentialAction":[{"@type":"SearchAction","target":{"@type":"EntryPoint","urlTemplate":"https:\/\/www.cec.org\/fr\/?s={search_term_string}"},"query-input":{"@type":"PropertyValueSpecification","valueRequired":true,"valueName":"search_term_string"}}],"inLanguage":"fr-FR"}]}},"_links":{"self":[{"href":"https:\/\/www.cec.org\/fr\/wp-json\/wp\/v2\/pages\/53346","targetHints":{"allow":["GET"]}}],"collection":[{"href":"https:\/\/www.cec.org\/fr\/wp-json\/wp\/v2\/pages"}],"about":[{"href":"https:\/\/www.cec.org\/fr\/wp-json\/wp\/v2\/types\/page"}],"author":[{"embeddable":true,"href":"https:\/\/www.cec.org\/fr\/wp-json\/wp\/v2\/users\/1"}],"replies":[{"embeddable":true,"href":"https:\/\/www.cec.org\/fr\/wp-json\/wp\/v2\/comments?post=53346"}],"version-history":[{"count":1,"href":"https:\/\/www.cec.org\/fr\/wp-json\/wp\/v2\/pages\/53346\/revisions"}],"predecessor-version":[{"id":53611,"href":"https:\/\/www.cec.org\/fr\/wp-json\/wp\/v2\/pages\/53346\/revisions\/53611"}],"wp:featuredmedia":[{"embeddable":true,"href":"https:\/\/www.cec.org\/fr\/wp-json\/wp\/v2\/media\/53358"}],"wp:attachment":[{"href":"https:\/\/www.cec.org\/fr\/wp-json\/wp\/v2\/media?parent=53346"}],"curies":[{"name":"wp","href":"https:\/\/api.w.org\/{rel}","templated":true}]}}