{"id":53330,"date":"2023-10-10T16:48:44","date_gmt":"2023-10-10T20:48:44","guid":{"rendered":"http:\/\/www.cec.org\/nine-steps\/"},"modified":"2024-07-11T13:35:05","modified_gmt":"2024-07-11T17:35:05","slug":"nine-steps","status":"publish","type":"page","link":"https:\/\/www.cec.org\/fr\/pour-les-pollinisateurs\/nine-steps\/","title":{"rendered":"Pour les pollinisateurs"},"content":{"rendered":"<h2>9 fa\u00e7ons simples et faciles d'aider les pollinisateurs<\/h2>\n<p><img loading=\"lazy\" decoding=\"async\" class=\"aligncenter wp-image-54450 size-post-image\" src=\"http:\/\/www.cec.org\/wp-content\/uploads\/Digi-Postcard-FR-770x550.webp\" alt=\"9 fa\u00e7os d'aider les pollinisateurs\" width=\"770\" height=\"550\" \/><\/p>\n<p><a href=\"https:\/\/www.cec.org\/fr\/pour-les-pollinisateurs\/\">Les pollinisateurs sont en d\u00e9tresse et font face \u00e0 de nombreuses menaces<\/a>, notamment la perte d'habitat, la d\u00e9gradation des terres et l'utilisation de pesticides.<\/p>\n<p>Tout le monde \u2013 individus, communaut\u00e9s, gouvernements et secteur priv\u00e9 \u2013 peut jouer un r\u00f4le dans la protection, la restauration et la c\u00e9l\u00e9bration des pollinisateurs qui maintiennent notre plan\u00e8te en bonne sant\u00e9 en pollinisant les plantes dont nous d\u00e9pendons pour notre alimentation.<\/p>\n<p>Que ce soit en plantant un jardin de plantes indig\u00e8nes ou en partageant simplement votre appr\u00e9ciation des pollinisateurs, <strong>chaque action compte<\/strong>. Voici neuf fa\u00e7ons d'aider les pollinisateurs et de soutenir les efforts de conservation.<\/p>\n","protected":false},"excerpt":{"rendered":"<p>9 fa\u00e7ons simples et faciles d&rsquo;aider les pollinisateurs Les pollinisateurs sont en d\u00e9tresse et font face \u00e0 de nombreuses menaces, notamment la perte d&rsquo;habitat, la d\u00e9gradation des terres et l&rsquo;utilisation de pesticides. Tout le monde \u2013 individus, communaut\u00e9s, gouvernements et secteur priv\u00e9 \u2013 peut jouer un r\u00f4le dans la protection, la restauration et la c\u00e9l\u00e9bration [&hellip;]<\/p>\n","protected":false},"author":1,"featured_media":0,"parent":53346,"menu_order":0,"comment_status":"closed","ping_status":"closed","template":"page-pfp-nine.php","meta":{"_acf_changed":false,"footnotes":""},"class_list":["post-53330","page","type-page","status-publish","hentry"],"acf":[],"yoast_head":"<!-- This site is optimized with the Yoast SEO Premium plugin v27.4 (Yoast SEO v27.4) - https:\/\/yoast.com\/product\/yoast-seo-premium-wordpress\/ -->\n<title>Pour les pollinisateurs<\/title>\n<meta name=\"description\" content=\"9 fa\u00e7ons simples et faciles d&#039;aider les pollinisateurs Les pollinisateurs sont en d\u00e9tresse et font face \u00e0 de nombreuses menaces, notamment la perte\" \/>\n<meta name=\"robots\" content=\"index, follow, max-snippet:-1, max-image-preview:large, max-video-preview:-1\" \/>\n<link rel=\"canonical\" href=\"https:\/\/www.cec.org\/fr\/pour-les-pollinisateurs\/nine-steps\/\" \/>\n<meta property=\"og:locale\" content=\"fr_FR\" \/>\n<meta property=\"og:type\" content=\"article\" \/>\n<meta property=\"og:title\" content=\"Pour les pollinisateurs\" \/>\n<meta property=\"og:description\" content=\"9 fa\u00e7ons simples et faciles d&#039;aider les pollinisateurs Les pollinisateurs sont en d\u00e9tresse et font face \u00e0 de nombreuses menaces, notamment la perte\" \/>\n<meta property=\"og:url\" content=\"https:\/\/www.cec.org\/fr\/pour-les-pollinisateurs\/nine-steps\/\" \/>\n<meta property=\"og:site_name\" content=\"Commission de coop\u00e9ration environnementale\" \/>\n<meta property=\"article:publisher\" content=\"https:\/\/www.facebook.com\/CECconnect\" \/>\n<meta property=\"article:modified_time\" content=\"2024-07-11T17:35:05+00:00\" \/>\n<meta property=\"og:image\" content=\"http:\/\/www.cec.org\/wp-content\/uploads\/Digi-Postcard-FR-770x550.webp\" \/>\n<meta name=\"twitter:card\" content=\"summary_large_image\" \/>\n<meta name=\"twitter:site\" content=\"@CECweb\" \/>\n<script type=\"application\/ld+json\" class=\"yoast-schema-graph\">{\"@context\":\"https:\\\/\\\/schema.org\",\"@graph\":[{\"@type\":\"WebPage\",\"@id\":\"https:\\\/\\\/www.cec.org\\\/fr\\\/pour-les-pollinisateurs\\\/nine-steps\\\/\",\"url\":\"https:\\\/\\\/www.cec.org\\\/fr\\\/pour-les-pollinisateurs\\\/nine-steps\\\/\",\"name\":\"Pour les pollinisateurs\",\"isPartOf\":{\"@id\":\"https:\\\/\\\/www.cec.org\\\/fr\\\/#website\"},\"primaryImageOfPage\":{\"@id\":\"https:\\\/\\\/www.cec.org\\\/fr\\\/pour-les-pollinisateurs\\\/nine-steps\\\/#primaryimage\"},\"image\":{\"@id\":\"https:\\\/\\\/www.cec.org\\\/fr\\\/pour-les-pollinisateurs\\\/nine-steps\\\/#primaryimage\"},\"thumbnailUrl\":\"http:\\\/\\\/www.cec.org\\\/wp-content\\\/uploads\\\/Digi-Postcard-FR-770x550.webp\",\"datePublished\":\"2023-10-10T20:48:44+00:00\",\"dateModified\":\"2024-07-11T17:35:05+00:00\",\"description\":\"9 fa\u00e7ons simples et faciles d'aider les pollinisateurs Les pollinisateurs sont en d\u00e9tresse et font face \u00e0 de nombreuses menaces, notamment la perte\",\"breadcrumb\":{\"@id\":\"https:\\\/\\\/www.cec.org\\\/fr\\\/pour-les-pollinisateurs\\\/nine-steps\\\/#breadcrumb\"},\"inLanguage\":\"fr-FR\",\"potentialAction\":[{\"@type\":\"ReadAction\",\"target\":[\"https:\\\/\\\/www.cec.org\\\/fr\\\/pour-les-pollinisateurs\\\/nine-steps\\\/\"]}]},{\"@type\":\"ImageObject\",\"inLanguage\":\"fr-FR\",\"@id\":\"https:\\\/\\\/www.cec.org\\\/fr\\\/pour-les-pollinisateurs\\\/nine-steps\\\/#primaryimage\",\"url\":\"http:\\\/\\\/www.cec.org\\\/wp-content\\\/uploads\\\/Digi-Postcard-FR-770x550.webp\",\"contentUrl\":\"http:\\\/\\\/www.cec.org\\\/wp-content\\\/uploads\\\/Digi-Postcard-FR-770x550.webp\"},{\"@type\":\"BreadcrumbList\",\"@id\":\"https:\\\/\\\/www.cec.org\\\/fr\\\/pour-les-pollinisateurs\\\/nine-steps\\\/#breadcrumb\",\"itemListElement\":[{\"@type\":\"ListItem\",\"position\":1,\"name\":\"Accueil\",\"item\":\"https:\\\/\\\/www.cec.org\\\/fr\\\/\"},{\"@type\":\"ListItem\",\"position\":2,\"name\":\"Pour les pollinisateurs\",\"item\":\"https:\\\/\\\/www.cec.org\\\/fr\\\/people-for-pollinators\\\/\"},{\"@type\":\"ListItem\",\"position\":3,\"name\":\"Pour les pollinisateurs\"}]},{\"@type\":\"WebSite\",\"@id\":\"https:\\\/\\\/www.cec.org\\\/fr\\\/#website\",\"url\":\"https:\\\/\\\/www.cec.org\\\/fr\\\/\",\"name\":\"Commission for Environmental Cooperation\",\"description\":\"Three countries working together to protect our shared environment\",\"alternateName\":\"CEC - CCA -CCE\",\"potentialAction\":[{\"@type\":\"SearchAction\",\"target\":{\"@type\":\"EntryPoint\",\"urlTemplate\":\"https:\\\/\\\/www.cec.org\\\/fr\\\/?s={search_term_string}\"},\"query-input\":{\"@type\":\"PropertyValueSpecification\",\"valueRequired\":true,\"valueName\":\"search_term_string\"}}],\"inLanguage\":\"fr-FR\"}]}<\/script>\n<!-- \/ Yoast SEO Premium plugin. -->","yoast_head_json":{"title":"Pour les pollinisateurs","description":"9 fa\u00e7ons simples et faciles d'aider les pollinisateurs Les pollinisateurs sont en d\u00e9tresse et font face \u00e0 de nombreuses menaces, notamment la perte","robots":{"index":"index","follow":"follow","max-snippet":"max-snippet:-1","max-image-preview":"max-image-preview:large","max-video-preview":"max-video-preview:-1"},"canonical":"https:\/\/www.cec.org\/fr\/pour-les-pollinisateurs\/nine-steps\/","og_locale":"fr_FR","og_type":"article","og_title":"Pour les pollinisateurs","og_description":"9 fa\u00e7ons simples et faciles d'aider les pollinisateurs Les pollinisateurs sont en d\u00e9tresse et font face \u00e0 de nombreuses menaces, notamment la perte","og_url":"https:\/\/www.cec.org\/fr\/pour-les-pollinisateurs\/nine-steps\/","og_site_name":"Commission de coop\u00e9ration environnementale","article_publisher":"https:\/\/www.facebook.com\/CECconnect","article_modified_time":"2024-07-11T17:35:05+00:00","og_image":[{"url":"http:\/\/www.cec.org\/wp-content\/uploads\/Digi-Postcard-FR-770x550.webp","type":"","width":"","height":""}],"twitter_card":"summary_large_image","twitter_site":"@CECweb","schema":{"@context":"https:\/\/schema.org","@graph":[{"@type":"WebPage","@id":"https:\/\/www.cec.org\/fr\/pour-les-pollinisateurs\/nine-steps\/","url":"https:\/\/www.cec.org\/fr\/pour-les-pollinisateurs\/nine-steps\/","name":"Pour les pollinisateurs","isPartOf":{"@id":"https:\/\/www.cec.org\/fr\/#website"},"primaryImageOfPage":{"@id":"https:\/\/www.cec.org\/fr\/pour-les-pollinisateurs\/nine-steps\/#primaryimage"},"image":{"@id":"https:\/\/www.cec.org\/fr\/pour-les-pollinisateurs\/nine-steps\/#primaryimage"},"thumbnailUrl":"http:\/\/www.cec.org\/wp-content\/uploads\/Digi-Postcard-FR-770x550.webp","datePublished":"2023-10-10T20:48:44+00:00","dateModified":"2024-07-11T17:35:05+00:00","description":"9 fa\u00e7ons simples et faciles d'aider les pollinisateurs Les pollinisateurs sont en d\u00e9tresse et font face \u00e0 de nombreuses menaces, notamment la perte","breadcrumb":{"@id":"https:\/\/www.cec.org\/fr\/pour-les-pollinisateurs\/nine-steps\/#breadcrumb"},"inLanguage":"fr-FR","potentialAction":[{"@type":"ReadAction","target":["https:\/\/www.cec.org\/fr\/pour-les-pollinisateurs\/nine-steps\/"]}]},{"@type":"ImageObject","inLanguage":"fr-FR","@id":"https:\/\/www.cec.org\/fr\/pour-les-pollinisateurs\/nine-steps\/#primaryimage","url":"http:\/\/www.cec.org\/wp-content\/uploads\/Digi-Postcard-FR-770x550.webp","contentUrl":"http:\/\/www.cec.org\/wp-content\/uploads\/Digi-Postcard-FR-770x550.webp"},{"@type":"BreadcrumbList","@id":"https:\/\/www.cec.org\/fr\/pour-les-pollinisateurs\/nine-steps\/#breadcrumb","itemListElement":[{"@type":"ListItem","position":1,"name":"Accueil","item":"https:\/\/www.cec.org\/fr\/"},{"@type":"ListItem","position":2,"name":"Pour les pollinisateurs","item":"https:\/\/www.cec.org\/fr\/people-for-pollinators\/"},{"@type":"ListItem","position":3,"name":"Pour les pollinisateurs"}]},{"@type":"WebSite","@id":"https:\/\/www.cec.org\/fr\/#website","url":"https:\/\/www.cec.org\/fr\/","name":"Commission for Environmental Cooperation","description":"Three countries working together to protect our shared environment","alternateName":"CEC - CCA -CCE","potentialAction":[{"@type":"SearchAction","target":{"@type":"EntryPoint","urlTemplate":"https:\/\/www.cec.org\/fr\/?s={search_term_string}"},"query-input":{"@type":"PropertyValueSpecification","valueRequired":true,"valueName":"search_term_string"}}],"inLanguage":"fr-FR"}]}},"_links":{"self":[{"href":"https:\/\/www.cec.org\/fr\/wp-json\/wp\/v2\/pages\/53330","targetHints":{"allow":["GET"]}}],"collection":[{"href":"https:\/\/www.cec.org\/fr\/wp-json\/wp\/v2\/pages"}],"about":[{"href":"https:\/\/www.cec.org\/fr\/wp-json\/wp\/v2\/types\/page"}],"author":[{"embeddable":true,"href":"https:\/\/www.cec.org\/fr\/wp-json\/wp\/v2\/users\/1"}],"replies":[{"embeddable":true,"href":"https:\/\/www.cec.org\/fr\/wp-json\/wp\/v2\/comments?post=53330"}],"version-history":[{"count":4,"href":"https:\/\/www.cec.org\/fr\/wp-json\/wp\/v2\/pages\/53330\/revisions"}],"predecessor-version":[{"id":55101,"href":"https:\/\/www.cec.org\/fr\/wp-json\/wp\/v2\/pages\/53330\/revisions\/55101"}],"up":[{"embeddable":true,"href":"https:\/\/www.cec.org\/fr\/wp-json\/wp\/v2\/pages\/53346"}],"wp:attachment":[{"href":"https:\/\/www.cec.org\/fr\/wp-json\/wp\/v2\/media?parent=53330"}],"curies":[{"name":"wp","href":"https:\/\/api.w.org\/{rel}","templated":true}]}}