{"id":53167,"date":"2023-09-28T16:11:40","date_gmt":"2023-09-28T20:11:40","guid":{"rendered":"http:\/\/www.cec.org\/atlas-articles\/"},"modified":"2024-10-08T12:22:01","modified_gmt":"2024-10-08T16:22:01","slug":"atlas-articles","status":"publish","type":"page","link":"https:\/\/www.cec.org\/fr\/atlas-articles\/","title":{"rendered":"Qui utilise l\u2019Atlas?"},"content":{"rendered":"<p>Un grand nombre de chercheurs et d\u2019organisations ont utilis\u00e9 les produits de l\u2019<a href=\"https:\/\/www.cec.org\/fr\/atlas-environnemental-de-lamerique-du-nord\/\">Atlas environnemental de l'Am\u00e9rique du Nord<\/a> (ensembles de donn\u00e9es, cartes, publications, etc.) au fil des ans, \u00e0 l\u2019appui du travail scientifique et de la formulation et de la mise en \u0153uvre de politiques et d\u2019actions dans la r\u00e9gion.<\/p>\n<p>D\u00e9couvrez ci-dessous plus d\u2019un millier d\u2019articles et de publications qui ont utilis\u00e9 des donn\u00e9es issues de l\u2019Atlas environnemental de l\u2019Am\u00e9rique du Nord, et dont les r\u00e9sultats ont \u00e9t\u00e9 publi\u00e9s dans des revues scientifiques, des th\u00e8ses, des rapports, des livres, des pr\u00e9sentations lors de conf\u00e9rences, etc.<\/p>\n","protected":false},"excerpt":{"rendered":"<p>Un grand nombre de chercheurs et d\u2019organisations ont utilis\u00e9 les produits de l\u2019Atlas environnemental de l&rsquo;Am\u00e9rique du Nord (ensembles de donn\u00e9es, cartes, publications, etc.) au fil des ans, \u00e0 l\u2019appui du travail scientifique et de la formulation et de la mise en \u0153uvre de politiques et d\u2019actions dans la r\u00e9gion. D\u00e9couvrez ci-dessous plus d\u2019un millier [&hellip;]<\/p>\n","protected":false},"author":1,"featured_media":0,"parent":0,"menu_order":0,"comment_status":"closed","ping_status":"closed","template":"","meta":{"_acf_changed":false,"footnotes":""},"class_list":["post-53167","page","type-page","status-publish","hentry"],"acf":[],"yoast_head":"<!-- This site is optimized with the Yoast SEO Premium plugin v27.0 (Yoast SEO v27.0) - https:\/\/yoast.com\/product\/yoast-seo-premium-wordpress\/ -->\n<title>Qui utilise l\u2019Atlas?<\/title>\n<meta name=\"description\" content=\"Un grand nombre de chercheurs et d\u2019organisations ont utilis\u00e9 les produits de l\u2019Atlas environnemental de l&#039;Am\u00e9rique du Nord (ensembles de donn\u00e9es, cartes,\" \/>\n<meta name=\"robots\" content=\"index, follow, max-snippet:-1, max-image-preview:large, max-video-preview:-1\" \/>\n<link rel=\"canonical\" href=\"https:\/\/www.cec.org\/fr\/atlas-articles\/\" \/>\n<meta property=\"og:locale\" content=\"fr_FR\" \/>\n<meta property=\"og:type\" content=\"article\" \/>\n<meta property=\"og:title\" content=\"Qui utilise l\u2019Atlas?\" \/>\n<meta property=\"og:description\" content=\"Un grand nombre de chercheurs et d\u2019organisations ont utilis\u00e9 les produits de l\u2019Atlas environnemental de l&#039;Am\u00e9rique du Nord (ensembles de donn\u00e9es, cartes,\" \/>\n<meta property=\"og:url\" content=\"https:\/\/www.cec.org\/fr\/atlas-articles\/\" \/>\n<meta property=\"og:site_name\" content=\"Commission de coop\u00e9ration environnementale\" \/>\n<meta property=\"article:publisher\" content=\"https:\/\/www.facebook.com\/CECconnect\" \/>\n<meta property=\"article:modified_time\" content=\"2024-10-08T16:22:01+00:00\" \/>\n<meta property=\"og:image\" content=\"https:\/\/www.cec.org\/wp-content\/uploads\/cec-cover2023.webp\" \/>\n\t<meta property=\"og:image:width\" content=\"1200\" \/>\n\t<meta property=\"og:image:height\" content=\"630\" \/>\n\t<meta property=\"og:image:type\" content=\"image\/webp\" \/>\n<meta name=\"twitter:card\" content=\"summary_large_image\" \/>\n<meta name=\"twitter:site\" content=\"@CECweb\" \/>\n<script type=\"application\/ld+json\" class=\"yoast-schema-graph\">{\"@context\":\"https:\/\/schema.org\",\"@graph\":[{\"@type\":\"WebPage\",\"@id\":\"https:\/\/www.cec.org\/fr\/atlas-articles\/\",\"url\":\"https:\/\/www.cec.org\/fr\/atlas-articles\/\",\"name\":\"Qui utilise l\u2019Atlas?\",\"isPartOf\":{\"@id\":\"https:\/\/www.cec.org\/fr\/#website\"},\"datePublished\":\"2023-09-28T20:11:40+00:00\",\"dateModified\":\"2024-10-08T16:22:01+00:00\",\"description\":\"Un grand nombre de chercheurs et d\u2019organisations ont utilis\u00e9 les produits de l\u2019Atlas environnemental de l'Am\u00e9rique du Nord (ensembles de donn\u00e9es, cartes,\",\"breadcrumb\":{\"@id\":\"https:\/\/www.cec.org\/fr\/atlas-articles\/#breadcrumb\"},\"inLanguage\":\"fr-FR\",\"potentialAction\":[{\"@type\":\"ReadAction\",\"target\":[\"https:\/\/www.cec.org\/fr\/atlas-articles\/\"]}]},{\"@type\":\"BreadcrumbList\",\"@id\":\"https:\/\/www.cec.org\/fr\/atlas-articles\/#breadcrumb\",\"itemListElement\":[{\"@type\":\"ListItem\",\"position\":1,\"name\":\"Accueil\",\"item\":\"https:\/\/www.cec.org\/fr\/\"},{\"@type\":\"ListItem\",\"position\":2,\"name\":\"Qui utilise l\u2019Atlas?\"}]},{\"@type\":\"WebSite\",\"@id\":\"https:\/\/www.cec.org\/fr\/#website\",\"url\":\"https:\/\/www.cec.org\/fr\/\",\"name\":\"Commission for Environmental Cooperation\",\"description\":\"Three countries working together to protect our shared environment\",\"alternateName\":\"CEC - CCA -CCE\",\"potentialAction\":[{\"@type\":\"SearchAction\",\"target\":{\"@type\":\"EntryPoint\",\"urlTemplate\":\"https:\/\/www.cec.org\/fr\/?s={search_term_string}\"},\"query-input\":{\"@type\":\"PropertyValueSpecification\",\"valueRequired\":true,\"valueName\":\"search_term_string\"}}],\"inLanguage\":\"fr-FR\"}]}<\/script>\n<!-- \/ Yoast SEO Premium plugin. -->","yoast_head_json":{"title":"Qui utilise l\u2019Atlas?","description":"Un grand nombre de chercheurs et d\u2019organisations ont utilis\u00e9 les produits de l\u2019Atlas environnemental de l'Am\u00e9rique du Nord (ensembles de donn\u00e9es, cartes,","robots":{"index":"index","follow":"follow","max-snippet":"max-snippet:-1","max-image-preview":"max-image-preview:large","max-video-preview":"max-video-preview:-1"},"canonical":"https:\/\/www.cec.org\/fr\/atlas-articles\/","og_locale":"fr_FR","og_type":"article","og_title":"Qui utilise l\u2019Atlas?","og_description":"Un grand nombre de chercheurs et d\u2019organisations ont utilis\u00e9 les produits de l\u2019Atlas environnemental de l'Am\u00e9rique du Nord (ensembles de donn\u00e9es, cartes,","og_url":"https:\/\/www.cec.org\/fr\/atlas-articles\/","og_site_name":"Commission de coop\u00e9ration environnementale","article_publisher":"https:\/\/www.facebook.com\/CECconnect","article_modified_time":"2024-10-08T16:22:01+00:00","og_image":[{"width":1200,"height":630,"url":"https:\/\/www.cec.org\/wp-content\/uploads\/cec-cover2023.webp","type":"image\/webp"}],"twitter_card":"summary_large_image","twitter_site":"@CECweb","schema":{"@context":"https:\/\/schema.org","@graph":[{"@type":"WebPage","@id":"https:\/\/www.cec.org\/fr\/atlas-articles\/","url":"https:\/\/www.cec.org\/fr\/atlas-articles\/","name":"Qui utilise l\u2019Atlas?","isPartOf":{"@id":"https:\/\/www.cec.org\/fr\/#website"},"datePublished":"2023-09-28T20:11:40+00:00","dateModified":"2024-10-08T16:22:01+00:00","description":"Un grand nombre de chercheurs et d\u2019organisations ont utilis\u00e9 les produits de l\u2019Atlas environnemental de l'Am\u00e9rique du Nord (ensembles de donn\u00e9es, cartes,","breadcrumb":{"@id":"https:\/\/www.cec.org\/fr\/atlas-articles\/#breadcrumb"},"inLanguage":"fr-FR","potentialAction":[{"@type":"ReadAction","target":["https:\/\/www.cec.org\/fr\/atlas-articles\/"]}]},{"@type":"BreadcrumbList","@id":"https:\/\/www.cec.org\/fr\/atlas-articles\/#breadcrumb","itemListElement":[{"@type":"ListItem","position":1,"name":"Accueil","item":"https:\/\/www.cec.org\/fr\/"},{"@type":"ListItem","position":2,"name":"Qui utilise l\u2019Atlas?"}]},{"@type":"WebSite","@id":"https:\/\/www.cec.org\/fr\/#website","url":"https:\/\/www.cec.org\/fr\/","name":"Commission for Environmental Cooperation","description":"Three countries working together to protect our shared environment","alternateName":"CEC - CCA -CCE","potentialAction":[{"@type":"SearchAction","target":{"@type":"EntryPoint","urlTemplate":"https:\/\/www.cec.org\/fr\/?s={search_term_string}"},"query-input":{"@type":"PropertyValueSpecification","valueRequired":true,"valueName":"search_term_string"}}],"inLanguage":"fr-FR"}]}},"_links":{"self":[{"href":"https:\/\/www.cec.org\/fr\/wp-json\/wp\/v2\/pages\/53167","targetHints":{"allow":["GET"]}}],"collection":[{"href":"https:\/\/www.cec.org\/fr\/wp-json\/wp\/v2\/pages"}],"about":[{"href":"https:\/\/www.cec.org\/fr\/wp-json\/wp\/v2\/types\/page"}],"author":[{"embeddable":true,"href":"https:\/\/www.cec.org\/fr\/wp-json\/wp\/v2\/users\/1"}],"replies":[{"embeddable":true,"href":"https:\/\/www.cec.org\/fr\/wp-json\/wp\/v2\/comments?post=53167"}],"version-history":[{"count":1,"href":"https:\/\/www.cec.org\/fr\/wp-json\/wp\/v2\/pages\/53167\/revisions"}],"predecessor-version":[{"id":55995,"href":"https:\/\/www.cec.org\/fr\/wp-json\/wp\/v2\/pages\/53167\/revisions\/55995"}],"wp:attachment":[{"href":"https:\/\/www.cec.org\/fr\/wp-json\/wp\/v2\/media?parent=53167"}],"curies":[{"name":"wp","href":"https:\/\/api.w.org\/{rel}","templated":true}]}}