{"id":51501,"date":"2022-11-18T12:47:42","date_gmt":"2022-11-18T17:47:42","guid":{"rendered":"http:\/\/www.cec.org\/la-soumission-a-ete-envoyee\/"},"modified":"2024-07-11T13:34:54","modified_gmt":"2024-07-11T17:34:54","slug":"la-soumission-a-ete-envoyee","status":"publish","type":"page","link":"https:\/\/www.cec.org\/fr\/la-soumission-a-ete-envoyee\/","title":{"rendered":"La communication a \u00e9t\u00e9 envoy\u00e9e\u00a0!"},"content":{"rendered":"<div class=\"green-textbox\">\n<h3 style=\"text-align: center;\">Votre communication citoyenne a \u00e9t\u00e9 envoy\u00e9e avec succ\u00e8s. Merci!<\/h3>\n<\/div>\n<h4><strong>Quelle est la suite des choses?<\/strong><\/h4>\n<p>Le Secr\u00e9tariat analysera la communication que vous pr\u00e9sentez et d\u00e9terminera si elle satisfait aux crit\u00e8res d\u2019admissibilit\u00e9 \u00e9nonc\u00e9s au paragraphe\u00a024.27(2) de l\u2019ACEUM.<\/p>\n<p>S\u2019il estime que la communication ne satisfait pas \u00e0 ces crit\u00e8res, il vous en avisera par \u00e9crit et exposera les motifs de sa d\u00e9cision, mais vous aurez alors la possibilit\u00e9 de pr\u00e9senter une communication r\u00e9vis\u00e9e.<\/p>\n<p>Le Secr\u00e9tariat pourra \u00e0 tout moment vous informer d\u2019erreurs de forme mineures pour que vous puissiez les corriger. De telles erreurs n\u2019influenceront pas sa d\u00e9cision quant \u00e0 l\u2019admissibilit\u00e9 de votre communication, et vous devrez les corriger d\u00e8s que possible pour que le Secr\u00e9tariat puisse mener \u00e0 bien son examen initial.<\/p>\n<p>Si le Secr\u00e9tariat conclut que votre communication satisfait aux crit\u00e8res d\u2019admissibilit\u00e9 \u00e9nonc\u00e9s au paragraphe\u00a024.27(2), il d\u00e9terminera si elle m\u00e9rite une r\u00e9ponse de la Partie vis\u00e9e en vertu du paragraphe\u00a024.27(3). Les deux \u00e9tapes de cet examen sont habituellement men\u00e9es \u00e0 bien dans les 30\u00a0jours ouvrables suivant la pr\u00e9sentation d\u2019une communication.<\/p>\n<h4><strong>Avez-vous des questions sur la fa\u00e7on de remplir le formulaire?<\/strong><\/h4>\n<p>Si c\u2019est le cas, veuillez contacter par courriel l\u2019Unit\u00e9 des communications sur les questions d\u2019application (l\u2019Unit\u00e9 SEM, selon l\u2019acronyme anglais), \u00e0 l\u2019adresse &lt;<a href=\"mailto:sem@cec.org\">sem@cec.org<\/a>&gt;, ou par t\u00e9l\u00e9phone, au 514-350-4300. Vous pouvez \u00e9galement visiter notre site Web et regarder une <a href=\"https:\/\/youtu.be\/ZpTtOAnyni8\"><strong>vid\u00e9o<\/strong><\/a> sur le processus SEM ou consulter des <a href=\"https:\/\/www.cec.org\/fr\/communications-sur-les-questions-dapplication\/registre-des-communications\/\"><strong>communications<\/strong><\/a> d\u00e9j\u00e0 pr\u00e9sent\u00e9es \u00e0 la CCE.<\/p>\n","protected":false},"excerpt":{"rendered":"<p>Votre communication citoyenne a \u00e9t\u00e9 envoy\u00e9e avec succ\u00e8s. Merci! Quelle est la suite des choses? Le Secr\u00e9tariat analysera la communication que vous pr\u00e9sentez et d\u00e9terminera si elle satisfait aux crit\u00e8res d\u2019admissibilit\u00e9 \u00e9nonc\u00e9s au paragraphe\u00a024.27(2) de l\u2019ACEUM. S\u2019il estime que la communication ne satisfait pas \u00e0 ces crit\u00e8res, il vous en avisera par \u00e9crit et exposera [&hellip;]<\/p>\n","protected":false},"author":1,"featured_media":0,"parent":0,"menu_order":0,"comment_status":"closed","ping_status":"closed","template":"","meta":{"_acf_changed":false,"footnotes":""},"class_list":["post-51501","page","type-page","status-publish","hentry"],"acf":[],"yoast_head":"<!-- This site is optimized with the Yoast SEO Premium plugin v27.4 (Yoast SEO v27.4) - https:\/\/yoast.com\/product\/yoast-seo-premium-wordpress\/ -->\n<title>La communication a \u00e9t\u00e9 envoy\u00e9e\u00a0!<\/title>\n<meta name=\"description\" content=\"Votre communication citoyenne a \u00e9t\u00e9 envoy\u00e9e avec succ\u00e8s. Merci! Quelle est la suite des choses? Le Secr\u00e9tariat analysera la communication que vous\" \/>\n<meta name=\"robots\" content=\"index, follow, max-snippet:-1, max-image-preview:large, max-video-preview:-1\" \/>\n<link rel=\"canonical\" href=\"https:\/\/www.cec.org\/fr\/la-soumission-a-ete-envoyee\/\" \/>\n<meta property=\"og:locale\" content=\"fr_FR\" \/>\n<meta property=\"og:type\" content=\"article\" \/>\n<meta property=\"og:title\" content=\"La communication a \u00e9t\u00e9 envoy\u00e9e\u00a0!\" \/>\n<meta property=\"og:description\" content=\"Votre communication citoyenne a \u00e9t\u00e9 envoy\u00e9e avec succ\u00e8s. Merci! Quelle est la suite des choses? Le Secr\u00e9tariat analysera la communication que vous\" \/>\n<meta property=\"og:url\" content=\"https:\/\/www.cec.org\/fr\/la-soumission-a-ete-envoyee\/\" \/>\n<meta property=\"og:site_name\" content=\"Commission de coop\u00e9ration environnementale\" \/>\n<meta property=\"article:publisher\" content=\"https:\/\/www.facebook.com\/CECconnect\" \/>\n<meta property=\"article:modified_time\" content=\"2024-07-11T17:34:54+00:00\" \/>\n<meta property=\"og:image\" content=\"https:\/\/www.cec.org\/wp-content\/uploads\/cec-cover2023.webp\" \/>\n\t<meta property=\"og:image:width\" content=\"1200\" \/>\n\t<meta property=\"og:image:height\" content=\"630\" \/>\n\t<meta property=\"og:image:type\" content=\"image\/webp\" \/>\n<meta name=\"twitter:card\" content=\"summary_large_image\" \/>\n<meta name=\"twitter:site\" content=\"@CECweb\" \/>\n<script type=\"application\/ld+json\" class=\"yoast-schema-graph\">{\"@context\":\"https:\\\/\\\/schema.org\",\"@graph\":[{\"@type\":\"WebPage\",\"@id\":\"https:\\\/\\\/www.cec.org\\\/fr\\\/la-soumission-a-ete-envoyee\\\/\",\"url\":\"https:\\\/\\\/www.cec.org\\\/fr\\\/la-soumission-a-ete-envoyee\\\/\",\"name\":\"La communication a \u00e9t\u00e9 envoy\u00e9e\u00a0!\",\"isPartOf\":{\"@id\":\"https:\\\/\\\/www.cec.org\\\/fr\\\/#website\"},\"datePublished\":\"2022-11-18T17:47:42+00:00\",\"dateModified\":\"2024-07-11T17:34:54+00:00\",\"description\":\"Votre communication citoyenne a \u00e9t\u00e9 envoy\u00e9e avec succ\u00e8s. Merci! Quelle est la suite des choses? Le Secr\u00e9tariat analysera la communication que vous\",\"breadcrumb\":{\"@id\":\"https:\\\/\\\/www.cec.org\\\/fr\\\/la-soumission-a-ete-envoyee\\\/#breadcrumb\"},\"inLanguage\":\"fr-FR\",\"potentialAction\":[{\"@type\":\"ReadAction\",\"target\":[\"https:\\\/\\\/www.cec.org\\\/fr\\\/la-soumission-a-ete-envoyee\\\/\"]}]},{\"@type\":\"BreadcrumbList\",\"@id\":\"https:\\\/\\\/www.cec.org\\\/fr\\\/la-soumission-a-ete-envoyee\\\/#breadcrumb\",\"itemListElement\":[{\"@type\":\"ListItem\",\"position\":1,\"name\":\"Accueil\",\"item\":\"https:\\\/\\\/www.cec.org\\\/fr\\\/\"},{\"@type\":\"ListItem\",\"position\":2,\"name\":\"La communication a \u00e9t\u00e9 envoy\u00e9e\u00a0!\"}]},{\"@type\":\"WebSite\",\"@id\":\"https:\\\/\\\/www.cec.org\\\/fr\\\/#website\",\"url\":\"https:\\\/\\\/www.cec.org\\\/fr\\\/\",\"name\":\"Commission for Environmental Cooperation\",\"description\":\"Three countries working together to protect our shared environment\",\"alternateName\":\"CEC - CCA -CCE\",\"potentialAction\":[{\"@type\":\"SearchAction\",\"target\":{\"@type\":\"EntryPoint\",\"urlTemplate\":\"https:\\\/\\\/www.cec.org\\\/fr\\\/?s={search_term_string}\"},\"query-input\":{\"@type\":\"PropertyValueSpecification\",\"valueRequired\":true,\"valueName\":\"search_term_string\"}}],\"inLanguage\":\"fr-FR\"}]}<\/script>\n<!-- \/ Yoast SEO Premium plugin. -->","yoast_head_json":{"title":"La communication a \u00e9t\u00e9 envoy\u00e9e\u00a0!","description":"Votre communication citoyenne a \u00e9t\u00e9 envoy\u00e9e avec succ\u00e8s. Merci! Quelle est la suite des choses? Le Secr\u00e9tariat analysera la communication que vous","robots":{"index":"index","follow":"follow","max-snippet":"max-snippet:-1","max-image-preview":"max-image-preview:large","max-video-preview":"max-video-preview:-1"},"canonical":"https:\/\/www.cec.org\/fr\/la-soumission-a-ete-envoyee\/","og_locale":"fr_FR","og_type":"article","og_title":"La communication a \u00e9t\u00e9 envoy\u00e9e\u00a0!","og_description":"Votre communication citoyenne a \u00e9t\u00e9 envoy\u00e9e avec succ\u00e8s. Merci! Quelle est la suite des choses? Le Secr\u00e9tariat analysera la communication que vous","og_url":"https:\/\/www.cec.org\/fr\/la-soumission-a-ete-envoyee\/","og_site_name":"Commission de coop\u00e9ration environnementale","article_publisher":"https:\/\/www.facebook.com\/CECconnect","article_modified_time":"2024-07-11T17:34:54+00:00","og_image":[{"width":1200,"height":630,"url":"https:\/\/www.cec.org\/wp-content\/uploads\/cec-cover2023.webp","type":"image\/webp"}],"twitter_card":"summary_large_image","twitter_site":"@CECweb","schema":{"@context":"https:\/\/schema.org","@graph":[{"@type":"WebPage","@id":"https:\/\/www.cec.org\/fr\/la-soumission-a-ete-envoyee\/","url":"https:\/\/www.cec.org\/fr\/la-soumission-a-ete-envoyee\/","name":"La communication a \u00e9t\u00e9 envoy\u00e9e\u00a0!","isPartOf":{"@id":"https:\/\/www.cec.org\/fr\/#website"},"datePublished":"2022-11-18T17:47:42+00:00","dateModified":"2024-07-11T17:34:54+00:00","description":"Votre communication citoyenne a \u00e9t\u00e9 envoy\u00e9e avec succ\u00e8s. Merci! Quelle est la suite des choses? Le Secr\u00e9tariat analysera la communication que vous","breadcrumb":{"@id":"https:\/\/www.cec.org\/fr\/la-soumission-a-ete-envoyee\/#breadcrumb"},"inLanguage":"fr-FR","potentialAction":[{"@type":"ReadAction","target":["https:\/\/www.cec.org\/fr\/la-soumission-a-ete-envoyee\/"]}]},{"@type":"BreadcrumbList","@id":"https:\/\/www.cec.org\/fr\/la-soumission-a-ete-envoyee\/#breadcrumb","itemListElement":[{"@type":"ListItem","position":1,"name":"Accueil","item":"https:\/\/www.cec.org\/fr\/"},{"@type":"ListItem","position":2,"name":"La communication a \u00e9t\u00e9 envoy\u00e9e\u00a0!"}]},{"@type":"WebSite","@id":"https:\/\/www.cec.org\/fr\/#website","url":"https:\/\/www.cec.org\/fr\/","name":"Commission for Environmental Cooperation","description":"Three countries working together to protect our shared environment","alternateName":"CEC - CCA -CCE","potentialAction":[{"@type":"SearchAction","target":{"@type":"EntryPoint","urlTemplate":"https:\/\/www.cec.org\/fr\/?s={search_term_string}"},"query-input":{"@type":"PropertyValueSpecification","valueRequired":true,"valueName":"search_term_string"}}],"inLanguage":"fr-FR"}]}},"_links":{"self":[{"href":"https:\/\/www.cec.org\/fr\/wp-json\/wp\/v2\/pages\/51501","targetHints":{"allow":["GET"]}}],"collection":[{"href":"https:\/\/www.cec.org\/fr\/wp-json\/wp\/v2\/pages"}],"about":[{"href":"https:\/\/www.cec.org\/fr\/wp-json\/wp\/v2\/types\/page"}],"author":[{"embeddable":true,"href":"https:\/\/www.cec.org\/fr\/wp-json\/wp\/v2\/users\/1"}],"replies":[{"embeddable":true,"href":"https:\/\/www.cec.org\/fr\/wp-json\/wp\/v2\/comments?post=51501"}],"version-history":[{"count":2,"href":"https:\/\/www.cec.org\/fr\/wp-json\/wp\/v2\/pages\/51501\/revisions"}],"predecessor-version":[{"id":52336,"href":"https:\/\/www.cec.org\/fr\/wp-json\/wp\/v2\/pages\/51501\/revisions\/52336"}],"wp:attachment":[{"href":"https:\/\/www.cec.org\/fr\/wp-json\/wp\/v2\/media?parent=51501"}],"curies":[{"name":"wp","href":"https:\/\/api.w.org\/{rel}","templated":true}]}}