{"id":51441,"date":"2022-10-26T09:42:53","date_gmt":"2022-10-26T13:42:53","guid":{"rendered":"http:\/\/www.cec.org\/formulaire-a-remplir-en-ligne\/"},"modified":"2024-07-11T13:34:45","modified_gmt":"2024-07-11T17:34:45","slug":"formulaire-a-remplir-en-ligne","status":"publish","type":"page","link":"https:\/\/www.cec.org\/fr\/formulaire-a-remplir-en-ligne\/","title":{"rendered":"Formulaire de pr\u00e9sentation d\u2019une communication dans le cadre du processus SEM"},"content":{"rendered":"<p>Vous pouvez utiliser le pr\u00e9sent formulaire pour r\u00e9diger et pr\u00e9senter une communication sur des questions d\u2019application en vertu de l\u2019article\u00a024.27 du nouvel <em>Accord Canada<\/em><em>\u2012<\/em><em>\u00c9tats-Unis<\/em><em>\u2012<\/em><em>Mexique<\/em> (<a href=\"http:\/\/www.cec.org\/files\/documents\/sem\/cce-aceum-et-eca.pdf\">ACEUM<\/a>) qui est entr\u00e9 en vigueur le 1<sup>er\u00a0<\/sup>juillet\u00a02020.<\/p>\n<p>Le processus\u00a0relatif aux communications sur les questions d\u2019application (processus\u00a0SEM, selon son acronyme anglais) a \u00e9t\u00e9 instaur\u00e9 \u00e0 l\u2019origine en vertu de l\u2019<em>Accord nord-am\u00e9ricain de coop\u00e9ration dans le domaine de l\u2019environnement<\/em> (ANACDE), mais il fait maintenant partie du chapitre\u00a024 de l\u2019ACEUM et a fait l\u2019objet de quelques l\u00e9g\u00e8res modifications.<\/p>\n","protected":false},"excerpt":{"rendered":"<p>Vous pouvez utiliser le pr\u00e9sent formulaire pour r\u00e9diger et pr\u00e9senter une communication sur des questions d\u2019application en vertu de l\u2019article\u00a024.27 du nouvel Accord Canada\u2012\u00c9tats-Unis\u2012Mexique (ACEUM) qui est entr\u00e9 en vigueur le 1er\u00a0juillet\u00a02020. Le processus\u00a0relatif aux communications sur les questions d\u2019application (processus\u00a0SEM, selon son acronyme anglais) a \u00e9t\u00e9 instaur\u00e9 \u00e0 l\u2019origine en vertu de l\u2019Accord nord-am\u00e9ricain [&hellip;]<\/p>\n","protected":false},"author":1,"featured_media":0,"parent":0,"menu_order":0,"comment_status":"closed","ping_status":"closed","template":"","meta":{"_acf_changed":false,"footnotes":""},"class_list":["post-51441","page","type-page","status-publish","hentry"],"acf":[],"yoast_head":"<!-- This site is optimized with the Yoast SEO Premium plugin v27.4 (Yoast SEO v27.4) - https:\/\/yoast.com\/product\/yoast-seo-premium-wordpress\/ -->\n<title>Formulaire de pr\u00e9sentation d\u2019une communication dans le cadre du processus SEM<\/title>\n<meta name=\"description\" content=\"Vous pouvez utiliser le pr\u00e9sent formulaire pour r\u00e9diger et pr\u00e9senter une communication sur des questions d\u2019application en vertu de...\" \/>\n<meta name=\"robots\" content=\"index, follow, max-snippet:-1, max-image-preview:large, max-video-preview:-1\" \/>\n<link rel=\"canonical\" href=\"https:\/\/www.cec.org\/fr\/formulaire-a-remplir-en-ligne\/\" \/>\n<meta property=\"og:locale\" content=\"fr_FR\" \/>\n<meta property=\"og:type\" content=\"article\" \/>\n<meta property=\"og:title\" content=\"Formulaire de pr\u00e9sentation d\u2019une communication dans le cadre du processus SEM\" \/>\n<meta property=\"og:description\" content=\"Vous pouvez utiliser le pr\u00e9sent formulaire pour r\u00e9diger et pr\u00e9senter une communication sur des questions d\u2019application en vertu de l\u2019article\u00a024.27 du\" \/>\n<meta property=\"og:url\" content=\"https:\/\/www.cec.org\/fr\/formulaire-a-remplir-en-ligne\/\" \/>\n<meta property=\"og:site_name\" content=\"Commission de coop\u00e9ration environnementale\" \/>\n<meta property=\"article:publisher\" content=\"https:\/\/www.facebook.com\/CECconnect\" \/>\n<meta property=\"article:modified_time\" content=\"2024-07-11T17:34:45+00:00\" \/>\n<meta property=\"og:image\" content=\"https:\/\/www.cec.org\/wp-content\/uploads\/cec-cover2023.webp\" \/>\n\t<meta property=\"og:image:width\" content=\"1200\" \/>\n\t<meta property=\"og:image:height\" content=\"630\" \/>\n\t<meta property=\"og:image:type\" content=\"image\/webp\" \/>\n<meta name=\"twitter:card\" content=\"summary_large_image\" \/>\n<meta name=\"twitter:site\" content=\"@CECweb\" \/>\n<script type=\"application\/ld+json\" class=\"yoast-schema-graph\">{\"@context\":\"https:\\\/\\\/schema.org\",\"@graph\":[{\"@type\":\"WebPage\",\"@id\":\"https:\\\/\\\/www.cec.org\\\/fr\\\/formulaire-a-remplir-en-ligne\\\/\",\"url\":\"https:\\\/\\\/www.cec.org\\\/fr\\\/formulaire-a-remplir-en-ligne\\\/\",\"name\":\"Formulaire de pr\u00e9sentation d\u2019une communication dans le cadre du processus SEM\",\"isPartOf\":{\"@id\":\"https:\\\/\\\/www.cec.org\\\/fr\\\/#website\"},\"datePublished\":\"2022-10-26T13:42:53+00:00\",\"dateModified\":\"2024-07-11T17:34:45+00:00\",\"description\":\"Vous pouvez utiliser le pr\u00e9sent formulaire pour r\u00e9diger et pr\u00e9senter une communication sur des questions d\u2019application en vertu de...\",\"breadcrumb\":{\"@id\":\"https:\\\/\\\/www.cec.org\\\/fr\\\/formulaire-a-remplir-en-ligne\\\/#breadcrumb\"},\"inLanguage\":\"fr-FR\",\"potentialAction\":[{\"@type\":\"ReadAction\",\"target\":[\"https:\\\/\\\/www.cec.org\\\/fr\\\/formulaire-a-remplir-en-ligne\\\/\"]}]},{\"@type\":\"BreadcrumbList\",\"@id\":\"https:\\\/\\\/www.cec.org\\\/fr\\\/formulaire-a-remplir-en-ligne\\\/#breadcrumb\",\"itemListElement\":[{\"@type\":\"ListItem\",\"position\":1,\"name\":\"Accueil\",\"item\":\"https:\\\/\\\/www.cec.org\\\/fr\\\/\"},{\"@type\":\"ListItem\",\"position\":2,\"name\":\"Formulaire de pr\u00e9sentation d\u2019une communication dans le cadre du processus SEM\"}]},{\"@type\":\"WebSite\",\"@id\":\"https:\\\/\\\/www.cec.org\\\/fr\\\/#website\",\"url\":\"https:\\\/\\\/www.cec.org\\\/fr\\\/\",\"name\":\"Commission for Environmental Cooperation\",\"description\":\"Three countries working together to protect our shared environment\",\"alternateName\":\"CEC - CCA -CCE\",\"potentialAction\":[{\"@type\":\"SearchAction\",\"target\":{\"@type\":\"EntryPoint\",\"urlTemplate\":\"https:\\\/\\\/www.cec.org\\\/fr\\\/?s={search_term_string}\"},\"query-input\":{\"@type\":\"PropertyValueSpecification\",\"valueRequired\":true,\"valueName\":\"search_term_string\"}}],\"inLanguage\":\"fr-FR\"}]}<\/script>\n<!-- \/ Yoast SEO Premium plugin. -->","yoast_head_json":{"title":"Formulaire de pr\u00e9sentation d\u2019une communication dans le cadre du processus SEM","description":"Vous pouvez utiliser le pr\u00e9sent formulaire pour r\u00e9diger et pr\u00e9senter une communication sur des questions d\u2019application en vertu de...","robots":{"index":"index","follow":"follow","max-snippet":"max-snippet:-1","max-image-preview":"max-image-preview:large","max-video-preview":"max-video-preview:-1"},"canonical":"https:\/\/www.cec.org\/fr\/formulaire-a-remplir-en-ligne\/","og_locale":"fr_FR","og_type":"article","og_title":"Formulaire de pr\u00e9sentation d\u2019une communication dans le cadre du processus SEM","og_description":"Vous pouvez utiliser le pr\u00e9sent formulaire pour r\u00e9diger et pr\u00e9senter une communication sur des questions d\u2019application en vertu de l\u2019article\u00a024.27 du","og_url":"https:\/\/www.cec.org\/fr\/formulaire-a-remplir-en-ligne\/","og_site_name":"Commission de coop\u00e9ration environnementale","article_publisher":"https:\/\/www.facebook.com\/CECconnect","article_modified_time":"2024-07-11T17:34:45+00:00","og_image":[{"width":1200,"height":630,"url":"https:\/\/www.cec.org\/wp-content\/uploads\/cec-cover2023.webp","type":"image\/webp"}],"twitter_card":"summary_large_image","twitter_site":"@CECweb","schema":{"@context":"https:\/\/schema.org","@graph":[{"@type":"WebPage","@id":"https:\/\/www.cec.org\/fr\/formulaire-a-remplir-en-ligne\/","url":"https:\/\/www.cec.org\/fr\/formulaire-a-remplir-en-ligne\/","name":"Formulaire de pr\u00e9sentation d\u2019une communication dans le cadre du processus SEM","isPartOf":{"@id":"https:\/\/www.cec.org\/fr\/#website"},"datePublished":"2022-10-26T13:42:53+00:00","dateModified":"2024-07-11T17:34:45+00:00","description":"Vous pouvez utiliser le pr\u00e9sent formulaire pour r\u00e9diger et pr\u00e9senter une communication sur des questions d\u2019application en vertu de...","breadcrumb":{"@id":"https:\/\/www.cec.org\/fr\/formulaire-a-remplir-en-ligne\/#breadcrumb"},"inLanguage":"fr-FR","potentialAction":[{"@type":"ReadAction","target":["https:\/\/www.cec.org\/fr\/formulaire-a-remplir-en-ligne\/"]}]},{"@type":"BreadcrumbList","@id":"https:\/\/www.cec.org\/fr\/formulaire-a-remplir-en-ligne\/#breadcrumb","itemListElement":[{"@type":"ListItem","position":1,"name":"Accueil","item":"https:\/\/www.cec.org\/fr\/"},{"@type":"ListItem","position":2,"name":"Formulaire de pr\u00e9sentation d\u2019une communication dans le cadre du processus SEM"}]},{"@type":"WebSite","@id":"https:\/\/www.cec.org\/fr\/#website","url":"https:\/\/www.cec.org\/fr\/","name":"Commission for Environmental Cooperation","description":"Three countries working together to protect our shared environment","alternateName":"CEC - CCA -CCE","potentialAction":[{"@type":"SearchAction","target":{"@type":"EntryPoint","urlTemplate":"https:\/\/www.cec.org\/fr\/?s={search_term_string}"},"query-input":{"@type":"PropertyValueSpecification","valueRequired":true,"valueName":"search_term_string"}}],"inLanguage":"fr-FR"}]}},"_links":{"self":[{"href":"https:\/\/www.cec.org\/fr\/wp-json\/wp\/v2\/pages\/51441","targetHints":{"allow":["GET"]}}],"collection":[{"href":"https:\/\/www.cec.org\/fr\/wp-json\/wp\/v2\/pages"}],"about":[{"href":"https:\/\/www.cec.org\/fr\/wp-json\/wp\/v2\/types\/page"}],"author":[{"embeddable":true,"href":"https:\/\/www.cec.org\/fr\/wp-json\/wp\/v2\/users\/1"}],"replies":[{"embeddable":true,"href":"https:\/\/www.cec.org\/fr\/wp-json\/wp\/v2\/comments?post=51441"}],"version-history":[{"count":3,"href":"https:\/\/www.cec.org\/fr\/wp-json\/wp\/v2\/pages\/51441\/revisions"}],"predecessor-version":[{"id":51451,"href":"https:\/\/www.cec.org\/fr\/wp-json\/wp\/v2\/pages\/51441\/revisions\/51451"}],"wp:attachment":[{"href":"https:\/\/www.cec.org\/fr\/wp-json\/wp\/v2\/media?parent=51441"}],"curies":[{"name":"wp","href":"https:\/\/api.w.org\/{rel}","templated":true}]}}