{"id":51217,"date":"2022-12-06T13:36:38","date_gmt":"2022-12-06T18:36:38","guid":{"rendered":"http:\/\/www.cec.org\/la-commission-de-cooperation-environnementale-cce-vous-invite-a-vous-joindre-a-elle-dans-le-cadre-de-la-cop15-la-conference-des-nations-unies-sur-la-biodiversite\/"},"modified":"2024-07-11T13:34:53","modified_gmt":"2024-07-11T17:34:53","slug":"cop15","status":"publish","type":"page","link":"https:\/\/www.cec.org\/fr\/cop15\/","title":{"rendered":"La Commission de coop\u00e9ration environnementale (CCE) vous invite \u00e0 vous joindre \u00e0 elle dans le cadre de la COP15, la Conf\u00e9rence des Nations Unies sur la biodiversit\u00e9"},"content":{"rendered":"<p>Si vous faites partie des quelque 20\u00a0000\u00a0personnes qui assisteront \u00e0 la 15<sup>e<\/sup> Conf\u00e9rence des Parties (COP15) sur la biodiversit\u00e9 de 2022, elle se d\u00e9roulera du 7 au 19\u00a0d\u00e9cembre \u00e0 Montr\u00e9al, et la CCE sera privil\u00e9gi\u00e9e, car cet \u00e9v\u00e9nement crucial se d\u00e9roulera \u00e0 quelques p\u00e2t\u00e9s de maisons de ses bureaux.<\/p>\n<p>Vous aurez plusieurs occasions de participer \u00e0 des activit\u00e9s organis\u00e9es par la CCE afin d\u2019obtenir des renseignements au sujet de ses travaux, et de discuter avec des sp\u00e9cialistes et des membres du personnel de son Secr\u00e9tariat.<\/p>\n","protected":false},"excerpt":{"rendered":"<p>Si vous faites partie des quelque 20\u00a0000\u00a0personnes qui assisteront \u00e0 la 15e Conf\u00e9rence des Parties (COP15) sur la biodiversit\u00e9 de 2022, elle se d\u00e9roulera du 7 au 19\u00a0d\u00e9cembre \u00e0 Montr\u00e9al, et la CCE sera privil\u00e9gi\u00e9e, car cet \u00e9v\u00e9nement crucial se d\u00e9roulera \u00e0 quelques p\u00e2t\u00e9s de maisons de ses bureaux. Vous aurez plusieurs occasions de participer [&hellip;]<\/p>\n","protected":false},"author":1,"featured_media":51222,"parent":0,"menu_order":0,"comment_status":"closed","ping_status":"closed","template":"page-cop27.php","meta":{"_acf_changed":false,"footnotes":""},"class_list":["post-51217","page","type-page","status-publish","has-post-thumbnail","hentry"],"acf":[],"yoast_head":"<!-- This site is optimized with the Yoast SEO Premium plugin v27.0 (Yoast SEO v27.0) - https:\/\/yoast.com\/product\/yoast-seo-premium-wordpress\/ -->\n<title>La Commission de coop\u00e9ration environnementale (CCE) vous invite \u00e0 vous joindre \u00e0 elle dans le cadre de la COP15, la Conf\u00e9rence des Nations Unies sur la biodiversit\u00e9<\/title>\n<meta name=\"description\" content=\"Si vous faites partie des quelque 20\u00a0000\u00a0personnes qui assisteront \u00e0 la 15e Conf\u00e9rence des Parties (COP15)\" \/>\n<meta name=\"robots\" content=\"index, follow, max-snippet:-1, max-image-preview:large, max-video-preview:-1\" \/>\n<link rel=\"canonical\" href=\"https:\/\/www.cec.org\/fr\/cop15\/\" \/>\n<meta property=\"og:locale\" content=\"fr_FR\" \/>\n<meta property=\"og:type\" content=\"article\" \/>\n<meta property=\"og:title\" content=\"La Commission de coop\u00e9ration environnementale (CCE) vous invite \u00e0 vous joindre \u00e0 elle dans le cadre de la COP15, la Conf\u00e9rence des Nations Unies sur la biodiversit\u00e9\" \/>\n<meta property=\"og:description\" content=\"Si vous faites partie des quelque 20\u00a0000\u00a0personnes qui assisteront \u00e0 la 15e Conf\u00e9rence des Parties (COP15) sur la biodiversit\u00e9 de 2022, elle se d\u00e9roulera\" \/>\n<meta property=\"og:url\" content=\"https:\/\/www.cec.org\/fr\/cop15\/\" \/>\n<meta property=\"og:site_name\" content=\"Commission de coop\u00e9ration environnementale\" \/>\n<meta property=\"article:publisher\" content=\"https:\/\/www.facebook.com\/CECconnect\" \/>\n<meta property=\"article:modified_time\" content=\"2024-07-11T17:34:53+00:00\" \/>\n<meta property=\"og:image\" content=\"https:\/\/www.cec.org\/wp-content\/uploads\/FR-COP15.jpg\" \/>\n\t<meta property=\"og:image:width\" content=\"600\" \/>\n\t<meta property=\"og:image:height\" content=\"342\" \/>\n\t<meta property=\"og:image:type\" content=\"image\/jpeg\" \/>\n<meta name=\"twitter:card\" content=\"summary_large_image\" \/>\n<meta name=\"twitter:site\" content=\"@CECweb\" \/>\n<script type=\"application\/ld+json\" class=\"yoast-schema-graph\">{\"@context\":\"https:\/\/schema.org\",\"@graph\":[{\"@type\":\"WebPage\",\"@id\":\"https:\/\/www.cec.org\/fr\/cop15\/\",\"url\":\"https:\/\/www.cec.org\/fr\/cop15\/\",\"name\":\"La Commission de coop\u00e9ration environnementale (CCE) vous invite \u00e0 vous joindre \u00e0 elle dans le cadre de la COP15, la Conf\u00e9rence des Nations Unies sur la biodiversit\u00e9\",\"isPartOf\":{\"@id\":\"https:\/\/www.cec.org\/fr\/#website\"},\"primaryImageOfPage\":{\"@id\":\"https:\/\/www.cec.org\/fr\/cop15\/#primaryimage\"},\"image\":{\"@id\":\"https:\/\/www.cec.org\/fr\/cop15\/#primaryimage\"},\"thumbnailUrl\":\"https:\/\/www.cec.org\/wp-content\/uploads\/FR-COP15.jpg\",\"datePublished\":\"2022-12-06T18:36:38+00:00\",\"dateModified\":\"2024-07-11T17:34:53+00:00\",\"description\":\"Si vous faites partie des quelque 20\u00a0000\u00a0personnes qui assisteront \u00e0 la 15e Conf\u00e9rence des Parties (COP15)\",\"breadcrumb\":{\"@id\":\"https:\/\/www.cec.org\/fr\/cop15\/#breadcrumb\"},\"inLanguage\":\"fr-FR\",\"potentialAction\":[{\"@type\":\"ReadAction\",\"target\":[\"https:\/\/www.cec.org\/fr\/cop15\/\"]}]},{\"@type\":\"ImageObject\",\"inLanguage\":\"fr-FR\",\"@id\":\"https:\/\/www.cec.org\/fr\/cop15\/#primaryimage\",\"url\":\"https:\/\/www.cec.org\/wp-content\/uploads\/FR-COP15.jpg\",\"contentUrl\":\"https:\/\/www.cec.org\/wp-content\/uploads\/FR-COP15.jpg\",\"width\":600,\"height\":342,\"caption\":\"Banner for cop15\"},{\"@type\":\"BreadcrumbList\",\"@id\":\"https:\/\/www.cec.org\/fr\/cop15\/#breadcrumb\",\"itemListElement\":[{\"@type\":\"ListItem\",\"position\":1,\"name\":\"Accueil\",\"item\":\"https:\/\/www.cec.org\/fr\/\"},{\"@type\":\"ListItem\",\"position\":2,\"name\":\"La Commission de coop\u00e9ration environnementale (CCE) vous invite \u00e0 vous joindre \u00e0 elle dans le cadre de la COP15, la Conf\u00e9rence des Nations Unies sur la biodiversit\u00e9\"}]},{\"@type\":\"WebSite\",\"@id\":\"https:\/\/www.cec.org\/fr\/#website\",\"url\":\"https:\/\/www.cec.org\/fr\/\",\"name\":\"Commission for Environmental Cooperation\",\"description\":\"Three countries working together to protect our shared environment\",\"alternateName\":\"CEC - CCA -CCE\",\"potentialAction\":[{\"@type\":\"SearchAction\",\"target\":{\"@type\":\"EntryPoint\",\"urlTemplate\":\"https:\/\/www.cec.org\/fr\/?s={search_term_string}\"},\"query-input\":{\"@type\":\"PropertyValueSpecification\",\"valueRequired\":true,\"valueName\":\"search_term_string\"}}],\"inLanguage\":\"fr-FR\"}]}<\/script>\n<!-- \/ Yoast SEO Premium plugin. -->","yoast_head_json":{"title":"La Commission de coop\u00e9ration environnementale (CCE) vous invite \u00e0 vous joindre \u00e0 elle dans le cadre de la COP15, la Conf\u00e9rence des Nations Unies sur la biodiversit\u00e9","description":"Si vous faites partie des quelque 20\u00a0000\u00a0personnes qui assisteront \u00e0 la 15e Conf\u00e9rence des Parties (COP15)","robots":{"index":"index","follow":"follow","max-snippet":"max-snippet:-1","max-image-preview":"max-image-preview:large","max-video-preview":"max-video-preview:-1"},"canonical":"https:\/\/www.cec.org\/fr\/cop15\/","og_locale":"fr_FR","og_type":"article","og_title":"La Commission de coop\u00e9ration environnementale (CCE) vous invite \u00e0 vous joindre \u00e0 elle dans le cadre de la COP15, la Conf\u00e9rence des Nations Unies sur la biodiversit\u00e9","og_description":"Si vous faites partie des quelque 20\u00a0000\u00a0personnes qui assisteront \u00e0 la 15e Conf\u00e9rence des Parties (COP15) sur la biodiversit\u00e9 de 2022, elle se d\u00e9roulera","og_url":"https:\/\/www.cec.org\/fr\/cop15\/","og_site_name":"Commission de coop\u00e9ration environnementale","article_publisher":"https:\/\/www.facebook.com\/CECconnect","article_modified_time":"2024-07-11T17:34:53+00:00","og_image":[{"width":600,"height":342,"url":"https:\/\/www.cec.org\/wp-content\/uploads\/FR-COP15.jpg","type":"image\/jpeg"}],"twitter_card":"summary_large_image","twitter_site":"@CECweb","schema":{"@context":"https:\/\/schema.org","@graph":[{"@type":"WebPage","@id":"https:\/\/www.cec.org\/fr\/cop15\/","url":"https:\/\/www.cec.org\/fr\/cop15\/","name":"La Commission de coop\u00e9ration environnementale (CCE) vous invite \u00e0 vous joindre \u00e0 elle dans le cadre de la COP15, la Conf\u00e9rence des Nations Unies sur la biodiversit\u00e9","isPartOf":{"@id":"https:\/\/www.cec.org\/fr\/#website"},"primaryImageOfPage":{"@id":"https:\/\/www.cec.org\/fr\/cop15\/#primaryimage"},"image":{"@id":"https:\/\/www.cec.org\/fr\/cop15\/#primaryimage"},"thumbnailUrl":"https:\/\/www.cec.org\/wp-content\/uploads\/FR-COP15.jpg","datePublished":"2022-12-06T18:36:38+00:00","dateModified":"2024-07-11T17:34:53+00:00","description":"Si vous faites partie des quelque 20\u00a0000\u00a0personnes qui assisteront \u00e0 la 15e Conf\u00e9rence des Parties (COP15)","breadcrumb":{"@id":"https:\/\/www.cec.org\/fr\/cop15\/#breadcrumb"},"inLanguage":"fr-FR","potentialAction":[{"@type":"ReadAction","target":["https:\/\/www.cec.org\/fr\/cop15\/"]}]},{"@type":"ImageObject","inLanguage":"fr-FR","@id":"https:\/\/www.cec.org\/fr\/cop15\/#primaryimage","url":"https:\/\/www.cec.org\/wp-content\/uploads\/FR-COP15.jpg","contentUrl":"https:\/\/www.cec.org\/wp-content\/uploads\/FR-COP15.jpg","width":600,"height":342,"caption":"Banner for cop15"},{"@type":"BreadcrumbList","@id":"https:\/\/www.cec.org\/fr\/cop15\/#breadcrumb","itemListElement":[{"@type":"ListItem","position":1,"name":"Accueil","item":"https:\/\/www.cec.org\/fr\/"},{"@type":"ListItem","position":2,"name":"La Commission de coop\u00e9ration environnementale (CCE) vous invite \u00e0 vous joindre \u00e0 elle dans le cadre de la COP15, la Conf\u00e9rence des Nations Unies sur la biodiversit\u00e9"}]},{"@type":"WebSite","@id":"https:\/\/www.cec.org\/fr\/#website","url":"https:\/\/www.cec.org\/fr\/","name":"Commission for Environmental Cooperation","description":"Three countries working together to protect our shared environment","alternateName":"CEC - CCA -CCE","potentialAction":[{"@type":"SearchAction","target":{"@type":"EntryPoint","urlTemplate":"https:\/\/www.cec.org\/fr\/?s={search_term_string}"},"query-input":{"@type":"PropertyValueSpecification","valueRequired":true,"valueName":"search_term_string"}}],"inLanguage":"fr-FR"}]}},"_links":{"self":[{"href":"https:\/\/www.cec.org\/fr\/wp-json\/wp\/v2\/pages\/51217","targetHints":{"allow":["GET"]}}],"collection":[{"href":"https:\/\/www.cec.org\/fr\/wp-json\/wp\/v2\/pages"}],"about":[{"href":"https:\/\/www.cec.org\/fr\/wp-json\/wp\/v2\/types\/page"}],"author":[{"embeddable":true,"href":"https:\/\/www.cec.org\/fr\/wp-json\/wp\/v2\/users\/1"}],"replies":[{"embeddable":true,"href":"https:\/\/www.cec.org\/fr\/wp-json\/wp\/v2\/comments?post=51217"}],"version-history":[{"count":2,"href":"https:\/\/www.cec.org\/fr\/wp-json\/wp\/v2\/pages\/51217\/revisions"}],"predecessor-version":[{"id":51245,"href":"https:\/\/www.cec.org\/fr\/wp-json\/wp\/v2\/pages\/51217\/revisions\/51245"}],"wp:featuredmedia":[{"embeddable":true,"href":"https:\/\/www.cec.org\/fr\/wp-json\/wp\/v2\/media\/51222"}],"wp:attachment":[{"href":"https:\/\/www.cec.org\/fr\/wp-json\/wp\/v2\/media?parent=51217"}],"curies":[{"name":"wp","href":"https:\/\/api.w.org\/{rel}","templated":true}]}}