{"id":50839,"date":"2022-11-04T14:00:22","date_gmt":"2022-11-04T18:00:22","guid":{"rendered":"http:\/\/www.cec.org\/le-canada-le-mexique-et-les-etats-unis-oeuvrent-ensemble-pour-des-solutions-dadaptation-aux-changements-climatiques-en-amerique-du-nord\/"},"modified":"2024-07-11T13:34:55","modified_gmt":"2024-07-11T17:34:55","slug":"cop27","status":"publish","type":"page","link":"https:\/\/www.cec.org\/fr\/cop27\/","title":{"rendered":"Le Canada, le Mexique et les \u00c9tats-Unis oeuvrent ensemble pour des solutions d\u2019adaptation aux changements climatiques en Am\u00e9rique du Nord"},"content":{"rendered":"<p>La Commission de coop\u00e9ration environnementale (CCE) a \u00e9t\u00e9 cr\u00e9\u00e9e en 1994 par le Canada, le Mexique et les \u00c9tats-Unis pour faciliter une coop\u00e9ration efficace et la participation du public \u00e0 la conservation, \u00e0 la protection et \u00e0 l\u2019am\u00e9lioration de l\u2019environnement du territoire nord-am\u00e9ricain. La Commission a une longue exp\u00e9rience dans la promotion de la collaboration r\u00e9gionale pour faire face aux r\u00e9percussions li\u00e9es au climat et cette rencontre sera l\u2019occasion de pr\u00e9senter des exemples de r\u00e9ussite dans la conception et la mise en \u0153uvre de projets cl\u00e9s qui favorisent la collaboration et l\u2019adaptation pour promouvoir le bien-\u00eatre social et environnemental.<\/p>\n<p>L\u2019objectif principal de cet \u00e9v\u00e9nement est de partager avec les d\u00e9l\u00e9gu\u00e9s, les repr\u00e9sentants des collectivit\u00e9s autochtones et aux autres pays des pistes pour concevoir et mettre en \u0153uvre des projets d\u2019att\u00e9nuation et d\u2019adaptation r\u00e9gionaux, collaboratifs et fond\u00e9s sur la science. Le Conseil de la CCE, son directeur ex\u00e9cutif et un chef autochtone pr\u00e9senteront le vaste travail de collaboration de la CCE et ses nombreux succ\u00e8s, notamment au niveau local.<\/p>\n","protected":false},"excerpt":{"rendered":"<p>La Commission de coop\u00e9ration environnementale (CCE) a \u00e9t\u00e9 cr\u00e9\u00e9e en 1994 par le Canada, le Mexique et les \u00c9tats-Unis pour faciliter une coop\u00e9ration efficace et la participation du public \u00e0 la conservation, \u00e0 la protection et \u00e0 l\u2019am\u00e9lioration de l\u2019environnement du territoire nord-am\u00e9ricain. La Commission a une longue exp\u00e9rience dans la promotion de la collaboration [&hellip;]<\/p>\n","protected":false},"author":1,"featured_media":50842,"parent":0,"menu_order":0,"comment_status":"closed","ping_status":"closed","template":"page-cop27.php","meta":{"_acf_changed":false,"footnotes":""},"class_list":["post-50839","page","type-page","status-publish","has-post-thumbnail","hentry"],"acf":[],"yoast_head":"<!-- This site is optimized with the Yoast SEO Premium plugin v27.4 (Yoast SEO v27.4) - https:\/\/yoast.com\/product\/yoast-seo-premium-wordpress\/ -->\n<title>Le Canada, le Mexique et les \u00c9tats-Unis oeuvrent ensemble pour des solutions d\u2019adaptation aux changements climatiques en Am\u00e9rique du Nord<\/title>\n<meta name=\"description\" content=\"La Commission de coop\u00e9ration environnementale (CCE) a \u00e9t\u00e9 cr\u00e9\u00e9e en 1994 par le Canada, le Mexique et les \u00c9tats-Unis pour faciliter une coop\u00e9ration\" \/>\n<meta name=\"robots\" content=\"index, follow, max-snippet:-1, max-image-preview:large, max-video-preview:-1\" \/>\n<link rel=\"canonical\" href=\"https:\/\/www.cec.org\/fr\/cop27\/\" \/>\n<meta property=\"og:locale\" content=\"fr_FR\" \/>\n<meta property=\"og:type\" content=\"article\" \/>\n<meta property=\"og:title\" content=\"Le Canada, le Mexique et les \u00c9tats-Unis oeuvrent ensemble pour des solutions d\u2019adaptation aux changements climatiques en Am\u00e9rique du Nord\" \/>\n<meta property=\"og:description\" content=\"La Commission de coop\u00e9ration environnementale (CCE) a \u00e9t\u00e9 cr\u00e9\u00e9e en 1994 par le Canada, le Mexique et les \u00c9tats-Unis pour faciliter une coop\u00e9ration\" \/>\n<meta property=\"og:url\" content=\"https:\/\/www.cec.org\/fr\/cop27\/\" \/>\n<meta property=\"og:site_name\" content=\"Commission de coop\u00e9ration environnementale\" \/>\n<meta property=\"article:publisher\" content=\"https:\/\/www.facebook.com\/CECconnect\" \/>\n<meta property=\"article:modified_time\" content=\"2024-07-11T17:34:55+00:00\" \/>\n<meta property=\"og:image\" content=\"https:\/\/www.cec.org\/wp-content\/uploads\/Canada-Mexico-and-the-United-States-Working-Together-on-Climate-Adaptation-Solutions-for-North-America-2.jpg\" \/>\n\t<meta property=\"og:image:width\" content=\"600\" \/>\n\t<meta property=\"og:image:height\" content=\"342\" \/>\n\t<meta property=\"og:image:type\" content=\"image\/jpeg\" \/>\n<meta name=\"twitter:card\" content=\"summary_large_image\" \/>\n<meta name=\"twitter:site\" content=\"@CECweb\" \/>\n<script type=\"application\/ld+json\" class=\"yoast-schema-graph\">{\"@context\":\"https:\\\/\\\/schema.org\",\"@graph\":[{\"@type\":\"WebPage\",\"@id\":\"https:\\\/\\\/www.cec.org\\\/fr\\\/cop27\\\/\",\"url\":\"https:\\\/\\\/www.cec.org\\\/fr\\\/cop27\\\/\",\"name\":\"Le Canada, le Mexique et les \u00c9tats-Unis oeuvrent ensemble pour des solutions d\u2019adaptation aux changements climatiques en Am\u00e9rique du Nord\",\"isPartOf\":{\"@id\":\"https:\\\/\\\/www.cec.org\\\/fr\\\/#website\"},\"primaryImageOfPage\":{\"@id\":\"https:\\\/\\\/www.cec.org\\\/fr\\\/cop27\\\/#primaryimage\"},\"image\":{\"@id\":\"https:\\\/\\\/www.cec.org\\\/fr\\\/cop27\\\/#primaryimage\"},\"thumbnailUrl\":\"https:\\\/\\\/www.cec.org\\\/wp-content\\\/uploads\\\/Canada-Mexico-and-the-United-States-Working-Together-on-Climate-Adaptation-Solutions-for-North-America-2.jpg\",\"datePublished\":\"2022-11-04T18:00:22+00:00\",\"dateModified\":\"2024-07-11T17:34:55+00:00\",\"description\":\"La Commission de coop\u00e9ration environnementale (CCE) a \u00e9t\u00e9 cr\u00e9\u00e9e en 1994 par le Canada, le Mexique et les \u00c9tats-Unis pour faciliter une coop\u00e9ration\",\"breadcrumb\":{\"@id\":\"https:\\\/\\\/www.cec.org\\\/fr\\\/cop27\\\/#breadcrumb\"},\"inLanguage\":\"fr-FR\",\"potentialAction\":[{\"@type\":\"ReadAction\",\"target\":[\"https:\\\/\\\/www.cec.org\\\/fr\\\/cop27\\\/\"]}]},{\"@type\":\"ImageObject\",\"inLanguage\":\"fr-FR\",\"@id\":\"https:\\\/\\\/www.cec.org\\\/fr\\\/cop27\\\/#primaryimage\",\"url\":\"https:\\\/\\\/www.cec.org\\\/wp-content\\\/uploads\\\/Canada-Mexico-and-the-United-States-Working-Together-on-Climate-Adaptation-Solutions-for-North-America-2.jpg\",\"contentUrl\":\"https:\\\/\\\/www.cec.org\\\/wp-content\\\/uploads\\\/Canada-Mexico-and-the-United-States-Working-Together-on-Climate-Adaptation-Solutions-for-North-America-2.jpg\",\"width\":600,\"height\":342,\"caption\":\"COP27\"},{\"@type\":\"BreadcrumbList\",\"@id\":\"https:\\\/\\\/www.cec.org\\\/fr\\\/cop27\\\/#breadcrumb\",\"itemListElement\":[{\"@type\":\"ListItem\",\"position\":1,\"name\":\"Accueil\",\"item\":\"https:\\\/\\\/www.cec.org\\\/fr\\\/\"},{\"@type\":\"ListItem\",\"position\":2,\"name\":\"Le Canada, le Mexique et les \u00c9tats-Unis oeuvrent ensemble pour des solutions d\u2019adaptation aux changements climatiques en Am\u00e9rique du Nord\"}]},{\"@type\":\"WebSite\",\"@id\":\"https:\\\/\\\/www.cec.org\\\/fr\\\/#website\",\"url\":\"https:\\\/\\\/www.cec.org\\\/fr\\\/\",\"name\":\"Commission for Environmental Cooperation\",\"description\":\"Three countries working together to protect our shared environment\",\"alternateName\":\"CEC - CCA -CCE\",\"potentialAction\":[{\"@type\":\"SearchAction\",\"target\":{\"@type\":\"EntryPoint\",\"urlTemplate\":\"https:\\\/\\\/www.cec.org\\\/fr\\\/?s={search_term_string}\"},\"query-input\":{\"@type\":\"PropertyValueSpecification\",\"valueRequired\":true,\"valueName\":\"search_term_string\"}}],\"inLanguage\":\"fr-FR\"}]}<\/script>\n<!-- \/ Yoast SEO Premium plugin. -->","yoast_head_json":{"title":"Le Canada, le Mexique et les \u00c9tats-Unis oeuvrent ensemble pour des solutions d\u2019adaptation aux changements climatiques en Am\u00e9rique du Nord","description":"La Commission de coop\u00e9ration environnementale (CCE) a \u00e9t\u00e9 cr\u00e9\u00e9e en 1994 par le Canada, le Mexique et les \u00c9tats-Unis pour faciliter une coop\u00e9ration","robots":{"index":"index","follow":"follow","max-snippet":"max-snippet:-1","max-image-preview":"max-image-preview:large","max-video-preview":"max-video-preview:-1"},"canonical":"https:\/\/www.cec.org\/fr\/cop27\/","og_locale":"fr_FR","og_type":"article","og_title":"Le Canada, le Mexique et les \u00c9tats-Unis oeuvrent ensemble pour des solutions d\u2019adaptation aux changements climatiques en Am\u00e9rique du Nord","og_description":"La Commission de coop\u00e9ration environnementale (CCE) a \u00e9t\u00e9 cr\u00e9\u00e9e en 1994 par le Canada, le Mexique et les \u00c9tats-Unis pour faciliter une coop\u00e9ration","og_url":"https:\/\/www.cec.org\/fr\/cop27\/","og_site_name":"Commission de coop\u00e9ration environnementale","article_publisher":"https:\/\/www.facebook.com\/CECconnect","article_modified_time":"2024-07-11T17:34:55+00:00","og_image":[{"width":600,"height":342,"url":"https:\/\/www.cec.org\/wp-content\/uploads\/Canada-Mexico-and-the-United-States-Working-Together-on-Climate-Adaptation-Solutions-for-North-America-2.jpg","type":"image\/jpeg"}],"twitter_card":"summary_large_image","twitter_site":"@CECweb","schema":{"@context":"https:\/\/schema.org","@graph":[{"@type":"WebPage","@id":"https:\/\/www.cec.org\/fr\/cop27\/","url":"https:\/\/www.cec.org\/fr\/cop27\/","name":"Le Canada, le Mexique et les \u00c9tats-Unis oeuvrent ensemble pour des solutions d\u2019adaptation aux changements climatiques en Am\u00e9rique du Nord","isPartOf":{"@id":"https:\/\/www.cec.org\/fr\/#website"},"primaryImageOfPage":{"@id":"https:\/\/www.cec.org\/fr\/cop27\/#primaryimage"},"image":{"@id":"https:\/\/www.cec.org\/fr\/cop27\/#primaryimage"},"thumbnailUrl":"https:\/\/www.cec.org\/wp-content\/uploads\/Canada-Mexico-and-the-United-States-Working-Together-on-Climate-Adaptation-Solutions-for-North-America-2.jpg","datePublished":"2022-11-04T18:00:22+00:00","dateModified":"2024-07-11T17:34:55+00:00","description":"La Commission de coop\u00e9ration environnementale (CCE) a \u00e9t\u00e9 cr\u00e9\u00e9e en 1994 par le Canada, le Mexique et les \u00c9tats-Unis pour faciliter une coop\u00e9ration","breadcrumb":{"@id":"https:\/\/www.cec.org\/fr\/cop27\/#breadcrumb"},"inLanguage":"fr-FR","potentialAction":[{"@type":"ReadAction","target":["https:\/\/www.cec.org\/fr\/cop27\/"]}]},{"@type":"ImageObject","inLanguage":"fr-FR","@id":"https:\/\/www.cec.org\/fr\/cop27\/#primaryimage","url":"https:\/\/www.cec.org\/wp-content\/uploads\/Canada-Mexico-and-the-United-States-Working-Together-on-Climate-Adaptation-Solutions-for-North-America-2.jpg","contentUrl":"https:\/\/www.cec.org\/wp-content\/uploads\/Canada-Mexico-and-the-United-States-Working-Together-on-Climate-Adaptation-Solutions-for-North-America-2.jpg","width":600,"height":342,"caption":"COP27"},{"@type":"BreadcrumbList","@id":"https:\/\/www.cec.org\/fr\/cop27\/#breadcrumb","itemListElement":[{"@type":"ListItem","position":1,"name":"Accueil","item":"https:\/\/www.cec.org\/fr\/"},{"@type":"ListItem","position":2,"name":"Le Canada, le Mexique et les \u00c9tats-Unis oeuvrent ensemble pour des solutions d\u2019adaptation aux changements climatiques en Am\u00e9rique du Nord"}]},{"@type":"WebSite","@id":"https:\/\/www.cec.org\/fr\/#website","url":"https:\/\/www.cec.org\/fr\/","name":"Commission for Environmental Cooperation","description":"Three countries working together to protect our shared environment","alternateName":"CEC - CCA -CCE","potentialAction":[{"@type":"SearchAction","target":{"@type":"EntryPoint","urlTemplate":"https:\/\/www.cec.org\/fr\/?s={search_term_string}"},"query-input":{"@type":"PropertyValueSpecification","valueRequired":true,"valueName":"search_term_string"}}],"inLanguage":"fr-FR"}]}},"_links":{"self":[{"href":"https:\/\/www.cec.org\/fr\/wp-json\/wp\/v2\/pages\/50839","targetHints":{"allow":["GET"]}}],"collection":[{"href":"https:\/\/www.cec.org\/fr\/wp-json\/wp\/v2\/pages"}],"about":[{"href":"https:\/\/www.cec.org\/fr\/wp-json\/wp\/v2\/types\/page"}],"author":[{"embeddable":true,"href":"https:\/\/www.cec.org\/fr\/wp-json\/wp\/v2\/users\/1"}],"replies":[{"embeddable":true,"href":"https:\/\/www.cec.org\/fr\/wp-json\/wp\/v2\/comments?post=50839"}],"version-history":[{"count":2,"href":"https:\/\/www.cec.org\/fr\/wp-json\/wp\/v2\/pages\/50839\/revisions"}],"predecessor-version":[{"id":50888,"href":"https:\/\/www.cec.org\/fr\/wp-json\/wp\/v2\/pages\/50839\/revisions\/50888"}],"wp:featuredmedia":[{"embeddable":true,"href":"https:\/\/www.cec.org\/fr\/wp-json\/wp\/v2\/media\/50842"}],"wp:attachment":[{"href":"https:\/\/www.cec.org\/fr\/wp-json\/wp\/v2\/media?parent=50839"}],"curies":[{"name":"wp","href":"https:\/\/api.w.org\/{rel}","templated":true}]}}