{"id":49739,"date":"2022-07-04T13:16:16","date_gmt":"2022-07-04T17:16:16","guid":{"rendered":"http:\/\/www.cec.org\/blitz-international-de-suivi-du-monarque\/"},"modified":"2026-03-24T18:10:55","modified_gmt":"2026-03-24T22:10:55","slug":"blitz-international-de-suivi-du-monarque","status":"publish","type":"page","link":"https:\/\/www.cec.org\/fr\/blitz-international-de-suivi-du-monarque\/","title":{"rendered":"Blitz international de suivi du monarque"},"content":{"rendered":"<p>Le Blitz international de suivi du monarque est un appel \u00e0 l\u2019action \u00e0 un large \u00e9ventail d\u2019organisations et de b\u00e9n\u00e9voles scientifiques de partout en Am\u00e9rique du Nord, qui sont invit\u00e9es \u00e0 participer aux efforts visant \u00e0 pr\u00e9server les papillons monarques et les habitats dont ils d\u00e9pendent.<\/p>\n<p>Chaque ann\u00e9e, le Blitz se d\u00e9roule sur une p\u00e9riode de 10 jours, d\u00e9butant le dernier vendredi de juillet et se terminant le dimanche de la semaine suivante.<\/p>\n<p>L\u2019ann\u00e9e derni\u00e8re, le Blitz a eu lieu du 25 juillet au 3 ao\u00fbt 2025, et les r\u00e9sultats de cette activit\u00e9 collaborative sont consultables\u00a0<a href=\"https:\/\/www.cec.org\/fr\/medias\/communiques\/conservation-des-monarques-en-amerique-du-nord\">ici<\/a>.<\/p>\n<p><!-- HIDDEN LIST\n<strong>Au Canada\u00a0:<\/strong>\n\n\n<ul>\n \t\n\n<li><a href=\"https:\/\/www.mission-monarch.org\/fr\">Mission monarque<\/a><\/li>\n\n\n \t\n\n<li><a href=\"https:\/\/inaturalist.ca\/\">iNaturalist Canada<\/a><\/li>\n\n\n<\/ul>\n\n\n<strong>Au \u00c9tats-Unis :<\/strong>\n\n\n<ul>\n \t\n\n<li><a href=\"https:\/\/journeynorth.org\/\">Journey North<\/a><\/li>\n\n\n \t\n\n<li><a href=\"https:\/\/mlmp.org\/\">Monarch Larva Monitoring Project<\/a><\/li>\n\n\n \t\n\n<li><a href=\"https:\/\/www.monarchmilkweedmapper.org\/\">Western Monarch Milkweed Mapper<\/a><\/li>\n\n\n \t\n\n<li><a href=\"https:\/\/www.inaturalist.org\/\">iNaturalist<\/a><\/li>\n\n\n<\/ul>\n\n\n<strong>Au\u00a0Mexique\u00a0:<\/strong>\n\n\n<ul>\n \t\n\n<li><a href=\"https:\/\/mexico.inaturalist.org\/\">Naturalista<\/a><\/li>\n\n\n \t\n\n<li><a href=\"https:\/\/www.correoreal.mx\/\">Correo Real<\/a><\/li>\n\n\n<\/ul>\n\n\n--><\/p>\n","protected":false},"excerpt":{"rendered":"<p>Le Blitz international de suivi du monarque est un appel \u00e0 l\u2019action \u00e0 un large \u00e9ventail d\u2019organisations et de b\u00e9n\u00e9voles scientifiques de partout en Am\u00e9rique du Nord, qui sont invit\u00e9es \u00e0 participer aux efforts visant \u00e0 pr\u00e9server les papillons monarques et les habitats dont ils d\u00e9pendent. Chaque ann\u00e9e, le Blitz se d\u00e9roule sur une p\u00e9riode [&hellip;]<\/p>\n","protected":false},"author":1,"featured_media":60136,"parent":0,"menu_order":0,"comment_status":"closed","ping_status":"closed","template":"page-blitz.php","meta":{"_acf_changed":false,"footnotes":""},"class_list":["post-49739","page","type-page","status-publish","has-post-thumbnail","hentry"],"acf":[],"yoast_head":"<!-- This site is optimized with the Yoast SEO Premium plugin v27.0 (Yoast SEO v27.0) - https:\/\/yoast.com\/product\/yoast-seo-premium-wordpress\/ -->\n<title>Blitz international de suivi du monarque<\/title>\n<meta name=\"description\" content=\"Le Blitz international de suivi du monarque invite les citoyens scientifiques de partout en Am\u00e9rique du Nord \u00e0 s\u2019unir pour atteindre un objectif commun...\" \/>\n<meta name=\"robots\" content=\"index, follow, max-snippet:-1, max-image-preview:large, max-video-preview:-1\" \/>\n<link rel=\"canonical\" href=\"https:\/\/www.cec.org\/fr\/blitz-international-de-suivi-du-monarque\/\" \/>\n<meta property=\"og:locale\" content=\"fr_FR\" \/>\n<meta property=\"og:type\" content=\"article\" \/>\n<meta property=\"og:title\" content=\"Blitz international de suivi du monarque\" \/>\n<meta property=\"og:description\" content=\"Le Blitz international de suivi du monarque est un appel \u00e0 l\u2019action \u00e0 un large \u00e9ventail d\u2019organisations et de b\u00e9n\u00e9voles scientifiques de partout en\" \/>\n<meta property=\"og:url\" content=\"https:\/\/www.cec.org\/fr\/blitz-international-de-suivi-du-monarque\/\" \/>\n<meta property=\"og:site_name\" content=\"Commission de coop\u00e9ration environnementale\" \/>\n<meta property=\"article:publisher\" content=\"https:\/\/www.facebook.com\/CECconnect\" \/>\n<meta property=\"article:modified_time\" content=\"2026-03-24T22:10:55+00:00\" \/>\n<meta property=\"og:image\" content=\"https:\/\/www.cec.org\/wp-content\/uploads\/CEC_Monarch-Results-20251200x684-FR-1.webp\" \/>\n\t<meta property=\"og:image:width\" content=\"1200\" \/>\n\t<meta property=\"og:image:height\" content=\"684\" \/>\n\t<meta property=\"og:image:type\" content=\"image\/webp\" \/>\n<meta name=\"twitter:card\" content=\"summary_large_image\" \/>\n<meta name=\"twitter:site\" content=\"@CECweb\" \/>\n<script type=\"application\/ld+json\" class=\"yoast-schema-graph\">{\"@context\":\"https:\/\/schema.org\",\"@graph\":[{\"@type\":\"WebPage\",\"@id\":\"https:\/\/www.cec.org\/fr\/blitz-international-de-suivi-du-monarque\/\",\"url\":\"https:\/\/www.cec.org\/fr\/blitz-international-de-suivi-du-monarque\/\",\"name\":\"Blitz international de suivi du monarque\",\"isPartOf\":{\"@id\":\"https:\/\/www.cec.org\/fr\/#website\"},\"primaryImageOfPage\":{\"@id\":\"https:\/\/www.cec.org\/fr\/blitz-international-de-suivi-du-monarque\/#primaryimage\"},\"image\":{\"@id\":\"https:\/\/www.cec.org\/fr\/blitz-international-de-suivi-du-monarque\/#primaryimage\"},\"thumbnailUrl\":\"https:\/\/www.cec.org\/wp-content\/uploads\/CEC_Monarch-Results-20251200x684-FR-1.webp\",\"datePublished\":\"2022-07-04T17:16:16+00:00\",\"dateModified\":\"2026-03-24T22:10:55+00:00\",\"description\":\"Le Blitz international de suivi du monarque invite les citoyens scientifiques de partout en Am\u00e9rique du Nord \u00e0 s\u2019unir pour atteindre un objectif commun...\",\"breadcrumb\":{\"@id\":\"https:\/\/www.cec.org\/fr\/blitz-international-de-suivi-du-monarque\/#breadcrumb\"},\"inLanguage\":\"fr-FR\",\"potentialAction\":[{\"@type\":\"ReadAction\",\"target\":[\"https:\/\/www.cec.org\/fr\/blitz-international-de-suivi-du-monarque\/\"]}]},{\"@type\":\"ImageObject\",\"inLanguage\":\"fr-FR\",\"@id\":\"https:\/\/www.cec.org\/fr\/blitz-international-de-suivi-du-monarque\/#primaryimage\",\"url\":\"https:\/\/www.cec.org\/wp-content\/uploads\/CEC_Monarch-Results-20251200x684-FR-1.webp\",\"contentUrl\":\"https:\/\/www.cec.org\/wp-content\/uploads\/CEC_Monarch-Results-20251200x684-FR-1.webp\",\"width\":1200,\"height\":684,\"caption\":\"Blitz monmarque\"},{\"@type\":\"BreadcrumbList\",\"@id\":\"https:\/\/www.cec.org\/fr\/blitz-international-de-suivi-du-monarque\/#breadcrumb\",\"itemListElement\":[{\"@type\":\"ListItem\",\"position\":1,\"name\":\"Accueil\",\"item\":\"https:\/\/www.cec.org\/fr\/\"},{\"@type\":\"ListItem\",\"position\":2,\"name\":\"Blitz international de suivi du monarque\"}]},{\"@type\":\"WebSite\",\"@id\":\"https:\/\/www.cec.org\/fr\/#website\",\"url\":\"https:\/\/www.cec.org\/fr\/\",\"name\":\"Commission for Environmental Cooperation\",\"description\":\"Three countries working together to protect our shared environment\",\"alternateName\":\"CEC - CCA -CCE\",\"potentialAction\":[{\"@type\":\"SearchAction\",\"target\":{\"@type\":\"EntryPoint\",\"urlTemplate\":\"https:\/\/www.cec.org\/fr\/?s={search_term_string}\"},\"query-input\":{\"@type\":\"PropertyValueSpecification\",\"valueRequired\":true,\"valueName\":\"search_term_string\"}}],\"inLanguage\":\"fr-FR\"}]}<\/script>\n<!-- \/ Yoast SEO Premium plugin. -->","yoast_head_json":{"title":"Blitz international de suivi du monarque","description":"Le Blitz international de suivi du monarque invite les citoyens scientifiques de partout en Am\u00e9rique du Nord \u00e0 s\u2019unir pour atteindre un objectif commun...","robots":{"index":"index","follow":"follow","max-snippet":"max-snippet:-1","max-image-preview":"max-image-preview:large","max-video-preview":"max-video-preview:-1"},"canonical":"https:\/\/www.cec.org\/fr\/blitz-international-de-suivi-du-monarque\/","og_locale":"fr_FR","og_type":"article","og_title":"Blitz international de suivi du monarque","og_description":"Le Blitz international de suivi du monarque est un appel \u00e0 l\u2019action \u00e0 un large \u00e9ventail d\u2019organisations et de b\u00e9n\u00e9voles scientifiques de partout en","og_url":"https:\/\/www.cec.org\/fr\/blitz-international-de-suivi-du-monarque\/","og_site_name":"Commission de coop\u00e9ration environnementale","article_publisher":"https:\/\/www.facebook.com\/CECconnect","article_modified_time":"2026-03-24T22:10:55+00:00","og_image":[{"width":1200,"height":684,"url":"https:\/\/www.cec.org\/wp-content\/uploads\/CEC_Monarch-Results-20251200x684-FR-1.webp","type":"image\/webp"}],"twitter_card":"summary_large_image","twitter_site":"@CECweb","schema":{"@context":"https:\/\/schema.org","@graph":[{"@type":"WebPage","@id":"https:\/\/www.cec.org\/fr\/blitz-international-de-suivi-du-monarque\/","url":"https:\/\/www.cec.org\/fr\/blitz-international-de-suivi-du-monarque\/","name":"Blitz international de suivi du monarque","isPartOf":{"@id":"https:\/\/www.cec.org\/fr\/#website"},"primaryImageOfPage":{"@id":"https:\/\/www.cec.org\/fr\/blitz-international-de-suivi-du-monarque\/#primaryimage"},"image":{"@id":"https:\/\/www.cec.org\/fr\/blitz-international-de-suivi-du-monarque\/#primaryimage"},"thumbnailUrl":"https:\/\/www.cec.org\/wp-content\/uploads\/CEC_Monarch-Results-20251200x684-FR-1.webp","datePublished":"2022-07-04T17:16:16+00:00","dateModified":"2026-03-24T22:10:55+00:00","description":"Le Blitz international de suivi du monarque invite les citoyens scientifiques de partout en Am\u00e9rique du Nord \u00e0 s\u2019unir pour atteindre un objectif commun...","breadcrumb":{"@id":"https:\/\/www.cec.org\/fr\/blitz-international-de-suivi-du-monarque\/#breadcrumb"},"inLanguage":"fr-FR","potentialAction":[{"@type":"ReadAction","target":["https:\/\/www.cec.org\/fr\/blitz-international-de-suivi-du-monarque\/"]}]},{"@type":"ImageObject","inLanguage":"fr-FR","@id":"https:\/\/www.cec.org\/fr\/blitz-international-de-suivi-du-monarque\/#primaryimage","url":"https:\/\/www.cec.org\/wp-content\/uploads\/CEC_Monarch-Results-20251200x684-FR-1.webp","contentUrl":"https:\/\/www.cec.org\/wp-content\/uploads\/CEC_Monarch-Results-20251200x684-FR-1.webp","width":1200,"height":684,"caption":"Blitz monmarque"},{"@type":"BreadcrumbList","@id":"https:\/\/www.cec.org\/fr\/blitz-international-de-suivi-du-monarque\/#breadcrumb","itemListElement":[{"@type":"ListItem","position":1,"name":"Accueil","item":"https:\/\/www.cec.org\/fr\/"},{"@type":"ListItem","position":2,"name":"Blitz international de suivi du monarque"}]},{"@type":"WebSite","@id":"https:\/\/www.cec.org\/fr\/#website","url":"https:\/\/www.cec.org\/fr\/","name":"Commission for Environmental Cooperation","description":"Three countries working together to protect our shared environment","alternateName":"CEC - CCA -CCE","potentialAction":[{"@type":"SearchAction","target":{"@type":"EntryPoint","urlTemplate":"https:\/\/www.cec.org\/fr\/?s={search_term_string}"},"query-input":{"@type":"PropertyValueSpecification","valueRequired":true,"valueName":"search_term_string"}}],"inLanguage":"fr-FR"}]}},"_links":{"self":[{"href":"https:\/\/www.cec.org\/fr\/wp-json\/wp\/v2\/pages\/49739","targetHints":{"allow":["GET"]}}],"collection":[{"href":"https:\/\/www.cec.org\/fr\/wp-json\/wp\/v2\/pages"}],"about":[{"href":"https:\/\/www.cec.org\/fr\/wp-json\/wp\/v2\/types\/page"}],"author":[{"embeddable":true,"href":"https:\/\/www.cec.org\/fr\/wp-json\/wp\/v2\/users\/1"}],"replies":[{"embeddable":true,"href":"https:\/\/www.cec.org\/fr\/wp-json\/wp\/v2\/comments?post=49739"}],"version-history":[{"count":22,"href":"https:\/\/www.cec.org\/fr\/wp-json\/wp\/v2\/pages\/49739\/revisions"}],"predecessor-version":[{"id":62087,"href":"https:\/\/www.cec.org\/fr\/wp-json\/wp\/v2\/pages\/49739\/revisions\/62087"}],"wp:featuredmedia":[{"embeddable":true,"href":"https:\/\/www.cec.org\/fr\/wp-json\/wp\/v2\/media\/60136"}],"wp:attachment":[{"href":"https:\/\/www.cec.org\/fr\/wp-json\/wp\/v2\/media?parent=49739"}],"curies":[{"name":"wp","href":"https:\/\/api.w.org\/{rel}","templated":true}]}}