{"id":48657,"date":"2022-04-25T17:38:41","date_gmt":"2022-04-25T21:38:41","guid":{"rendered":"http:\/\/www.cec.org\/mapmonday\/"},"modified":"2024-07-11T13:34:57","modified_gmt":"2024-07-11T17:34:57","slug":"mapmonday","status":"publish","type":"page","link":"https:\/\/www.cec.org\/fr\/mapmonday\/","title":{"rendered":"MapMonday"},"content":{"rendered":"<p>Ce n\u2019est pas toujours \u00e9vident, mais les <a class=\" xil3i\" tabindex=\"0\" href=\"https:\/\/www.instagram.com\/explore\/tags\/cartes\/\">#cartes<\/a> jouent un r\u00f4le dans notre vie. Que ce soit pour suivre une commande Uber \u00e0 Montr\u00e9al ou comprendre l\u2019effet de l\u2019agriculture sur la c\u00f4te du Sinaloa, au Mexique \u2013 les cartes nous aident \u00e0 comprendre le monde qui nous entoure.<\/p>\n<p>Soyez l\u00e0 tous les <a class=\" xil3i\" tabindex=\"0\" href=\"https:\/\/www.instagram.com\/explore\/tags\/mapmonday\/\">#MapMonday<\/a> pour d\u00e9couvrir ce que les cartes nous apprennent!<\/p>\n","protected":false},"excerpt":{"rendered":"<p>Ce n\u2019est pas toujours \u00e9vident, mais les #cartes jouent un r\u00f4le dans notre vie. Que ce soit pour suivre une commande Uber \u00e0 Montr\u00e9al ou comprendre l\u2019effet de l\u2019agriculture sur la c\u00f4te du Sinaloa, au Mexique \u2013 les cartes nous aident \u00e0 comprendre le monde qui nous entoure. Soyez l\u00e0 tous les #MapMonday pour d\u00e9couvrir [&hellip;]<\/p>\n","protected":false},"author":1,"featured_media":48448,"parent":0,"menu_order":0,"comment_status":"closed","ping_status":"closed","template":"page-mapmonday.php","meta":{"_acf_changed":false,"footnotes":""},"class_list":["post-48657","page","type-page","status-publish","has-post-thumbnail","hentry"],"acf":[],"yoast_head":"<!-- This site is optimized with the Yoast SEO Premium plugin v27.0 (Yoast SEO v27.0) - https:\/\/yoast.com\/product\/yoast-seo-premium-wordpress\/ -->\n<title>MapMonday<\/title>\n<meta name=\"description\" content=\"Ce n\u2019est pas toujours \u00e9vident, mais les #cartes jouent un r\u00f4le dans notre vie.\" \/>\n<meta name=\"robots\" content=\"index, follow, max-snippet:-1, max-image-preview:large, max-video-preview:-1\" \/>\n<link rel=\"canonical\" href=\"https:\/\/www.cec.org\/fr\/mapmonday\/\" \/>\n<meta property=\"og:locale\" content=\"fr_FR\" \/>\n<meta property=\"og:type\" content=\"article\" \/>\n<meta property=\"og:title\" content=\"MapMonday\" \/>\n<meta property=\"og:description\" content=\"Ce n\u2019est pas toujours \u00e9vident, mais les #cartes jouent un r\u00f4le dans notre vie. Que ce soit pour suivre une commande Uber \u00e0 Montr\u00e9al ou comprendre l\u2019effet\" \/>\n<meta property=\"og:url\" content=\"https:\/\/www.cec.org\/fr\/mapmonday\/\" \/>\n<meta property=\"og:site_name\" content=\"Commission de coop\u00e9ration environnementale\" \/>\n<meta property=\"article:publisher\" content=\"https:\/\/www.facebook.com\/CECconnect\" \/>\n<meta property=\"article:modified_time\" content=\"2024-07-11T17:34:57+00:00\" \/>\n<meta property=\"og:image\" content=\"https:\/\/www.cec.org\/wp-content\/uploads\/MapMonday_FB_FR.jpg\" \/>\n\t<meta property=\"og:image:width\" content=\"1200\" \/>\n\t<meta property=\"og:image:height\" content=\"628\" \/>\n\t<meta property=\"og:image:type\" content=\"image\/jpeg\" \/>\n<meta name=\"twitter:card\" content=\"summary_large_image\" \/>\n<meta name=\"twitter:site\" content=\"@CECweb\" \/>\n<script type=\"application\/ld+json\" class=\"yoast-schema-graph\">{\"@context\":\"https:\/\/schema.org\",\"@graph\":[{\"@type\":\"WebPage\",\"@id\":\"https:\/\/www.cec.org\/fr\/mapmonday\/\",\"url\":\"https:\/\/www.cec.org\/fr\/mapmonday\/\",\"name\":\"MapMonday\",\"isPartOf\":{\"@id\":\"https:\/\/www.cec.org\/fr\/#website\"},\"primaryImageOfPage\":{\"@id\":\"https:\/\/www.cec.org\/fr\/mapmonday\/#primaryimage\"},\"image\":{\"@id\":\"https:\/\/www.cec.org\/fr\/mapmonday\/#primaryimage\"},\"thumbnailUrl\":\"https:\/\/www.cec.org\/wp-content\/uploads\/MapMonday_FB_FR.jpg\",\"datePublished\":\"2022-04-25T21:38:41+00:00\",\"dateModified\":\"2024-07-11T17:34:57+00:00\",\"description\":\"Ce n\u2019est pas toujours \u00e9vident, mais les #cartes jouent un r\u00f4le dans notre vie.\",\"breadcrumb\":{\"@id\":\"https:\/\/www.cec.org\/fr\/mapmonday\/#breadcrumb\"},\"inLanguage\":\"fr-FR\",\"potentialAction\":[{\"@type\":\"ReadAction\",\"target\":[\"https:\/\/www.cec.org\/fr\/mapmonday\/\"]}]},{\"@type\":\"ImageObject\",\"inLanguage\":\"fr-FR\",\"@id\":\"https:\/\/www.cec.org\/fr\/mapmonday\/#primaryimage\",\"url\":\"https:\/\/www.cec.org\/wp-content\/uploads\/MapMonday_FB_FR.jpg\",\"contentUrl\":\"https:\/\/www.cec.org\/wp-content\/uploads\/MapMonday_FB_FR.jpg\",\"width\":1200,\"height\":628,\"caption\":\"Main Banner for MapMonday\"},{\"@type\":\"BreadcrumbList\",\"@id\":\"https:\/\/www.cec.org\/fr\/mapmonday\/#breadcrumb\",\"itemListElement\":[{\"@type\":\"ListItem\",\"position\":1,\"name\":\"Accueil\",\"item\":\"https:\/\/www.cec.org\/fr\/\"},{\"@type\":\"ListItem\",\"position\":2,\"name\":\"MapMonday\"}]},{\"@type\":\"WebSite\",\"@id\":\"https:\/\/www.cec.org\/fr\/#website\",\"url\":\"https:\/\/www.cec.org\/fr\/\",\"name\":\"Commission for Environmental Cooperation\",\"description\":\"Three countries working together to protect our shared environment\",\"alternateName\":\"CEC - CCA -CCE\",\"potentialAction\":[{\"@type\":\"SearchAction\",\"target\":{\"@type\":\"EntryPoint\",\"urlTemplate\":\"https:\/\/www.cec.org\/fr\/?s={search_term_string}\"},\"query-input\":{\"@type\":\"PropertyValueSpecification\",\"valueRequired\":true,\"valueName\":\"search_term_string\"}}],\"inLanguage\":\"fr-FR\"}]}<\/script>\n<!-- \/ Yoast SEO Premium plugin. -->","yoast_head_json":{"title":"MapMonday","description":"Ce n\u2019est pas toujours \u00e9vident, mais les #cartes jouent un r\u00f4le dans notre vie.","robots":{"index":"index","follow":"follow","max-snippet":"max-snippet:-1","max-image-preview":"max-image-preview:large","max-video-preview":"max-video-preview:-1"},"canonical":"https:\/\/www.cec.org\/fr\/mapmonday\/","og_locale":"fr_FR","og_type":"article","og_title":"MapMonday","og_description":"Ce n\u2019est pas toujours \u00e9vident, mais les #cartes jouent un r\u00f4le dans notre vie. Que ce soit pour suivre une commande Uber \u00e0 Montr\u00e9al ou comprendre l\u2019effet","og_url":"https:\/\/www.cec.org\/fr\/mapmonday\/","og_site_name":"Commission de coop\u00e9ration environnementale","article_publisher":"https:\/\/www.facebook.com\/CECconnect","article_modified_time":"2024-07-11T17:34:57+00:00","og_image":[{"width":1200,"height":628,"url":"https:\/\/www.cec.org\/wp-content\/uploads\/MapMonday_FB_FR.jpg","type":"image\/jpeg"}],"twitter_card":"summary_large_image","twitter_site":"@CECweb","schema":{"@context":"https:\/\/schema.org","@graph":[{"@type":"WebPage","@id":"https:\/\/www.cec.org\/fr\/mapmonday\/","url":"https:\/\/www.cec.org\/fr\/mapmonday\/","name":"MapMonday","isPartOf":{"@id":"https:\/\/www.cec.org\/fr\/#website"},"primaryImageOfPage":{"@id":"https:\/\/www.cec.org\/fr\/mapmonday\/#primaryimage"},"image":{"@id":"https:\/\/www.cec.org\/fr\/mapmonday\/#primaryimage"},"thumbnailUrl":"https:\/\/www.cec.org\/wp-content\/uploads\/MapMonday_FB_FR.jpg","datePublished":"2022-04-25T21:38:41+00:00","dateModified":"2024-07-11T17:34:57+00:00","description":"Ce n\u2019est pas toujours \u00e9vident, mais les #cartes jouent un r\u00f4le dans notre vie.","breadcrumb":{"@id":"https:\/\/www.cec.org\/fr\/mapmonday\/#breadcrumb"},"inLanguage":"fr-FR","potentialAction":[{"@type":"ReadAction","target":["https:\/\/www.cec.org\/fr\/mapmonday\/"]}]},{"@type":"ImageObject","inLanguage":"fr-FR","@id":"https:\/\/www.cec.org\/fr\/mapmonday\/#primaryimage","url":"https:\/\/www.cec.org\/wp-content\/uploads\/MapMonday_FB_FR.jpg","contentUrl":"https:\/\/www.cec.org\/wp-content\/uploads\/MapMonday_FB_FR.jpg","width":1200,"height":628,"caption":"Main Banner for MapMonday"},{"@type":"BreadcrumbList","@id":"https:\/\/www.cec.org\/fr\/mapmonday\/#breadcrumb","itemListElement":[{"@type":"ListItem","position":1,"name":"Accueil","item":"https:\/\/www.cec.org\/fr\/"},{"@type":"ListItem","position":2,"name":"MapMonday"}]},{"@type":"WebSite","@id":"https:\/\/www.cec.org\/fr\/#website","url":"https:\/\/www.cec.org\/fr\/","name":"Commission for Environmental Cooperation","description":"Three countries working together to protect our shared environment","alternateName":"CEC - CCA -CCE","potentialAction":[{"@type":"SearchAction","target":{"@type":"EntryPoint","urlTemplate":"https:\/\/www.cec.org\/fr\/?s={search_term_string}"},"query-input":{"@type":"PropertyValueSpecification","valueRequired":true,"valueName":"search_term_string"}}],"inLanguage":"fr-FR"}]}},"_links":{"self":[{"href":"https:\/\/www.cec.org\/fr\/wp-json\/wp\/v2\/pages\/48657","targetHints":{"allow":["GET"]}}],"collection":[{"href":"https:\/\/www.cec.org\/fr\/wp-json\/wp\/v2\/pages"}],"about":[{"href":"https:\/\/www.cec.org\/fr\/wp-json\/wp\/v2\/types\/page"}],"author":[{"embeddable":true,"href":"https:\/\/www.cec.org\/fr\/wp-json\/wp\/v2\/users\/1"}],"replies":[{"embeddable":true,"href":"https:\/\/www.cec.org\/fr\/wp-json\/wp\/v2\/comments?post=48657"}],"version-history":[{"count":1,"href":"https:\/\/www.cec.org\/fr\/wp-json\/wp\/v2\/pages\/48657\/revisions"}],"predecessor-version":[{"id":48681,"href":"https:\/\/www.cec.org\/fr\/wp-json\/wp\/v2\/pages\/48657\/revisions\/48681"}],"wp:featuredmedia":[{"embeddable":true,"href":"https:\/\/www.cec.org\/fr\/wp-json\/wp\/v2\/media\/48448"}],"wp:attachment":[{"href":"https:\/\/www.cec.org\/fr\/wp-json\/wp\/v2\/media?parent=48657"}],"curies":[{"name":"wp","href":"https:\/\/api.w.org\/{rel}","templated":true}]}}