{"id":47255,"date":"2022-01-21T10:03:27","date_gmt":"2022-01-21T15:03:27","guid":{"rendered":"http:\/\/www.cec.org\/partenariats-et-de-collaborations\/"},"modified":"2025-08-28T14:25:20","modified_gmt":"2025-08-28T18:25:20","slug":"partenariats-et-de-collaborations","status":"publish","type":"page","link":"https:\/\/www.cec.org\/fr\/impliquez-vous\/partenariats-et-de-collaborations\/","title":{"rendered":"Partenariats et collaborations"},"content":{"rendered":"<p>Depuis plus de trente ans, la Commission de coop\u00e9ration environnementale (CCE) collabore avec des organisations partenaires du Canada, du Mexique et des \u00c9tats-Unis pour prot\u00e9ger notre environnement commun, pour les g\u00e9n\u00e9rations pr\u00e9sentes et futures. En collaborant avec des personnes, des communaut\u00e9s, des organisations et des gouvernements \u00e0 tous les niveaux, la CCE rel\u00e8ve les d\u00e9fis environnementaux, sociaux et \u00e9conomiques dans toute la r\u00e9gion et \u0153uvre \u00e0 la pr\u00e9servation de ses \u00e9cosyst\u00e8mes et esp\u00e8ces diversifi\u00e9s. Nos efforts collaboratifs ont renforc\u00e9 notre travail et tiss\u00e9 des liens, cr\u00e9ant un solide r\u00e9seau nord-am\u00e9ricain qui favorise le d\u00e9veloppement et l\u2019apprentissage continus.<\/p>\n","protected":false},"excerpt":{"rendered":"<p>Depuis plus de trente ans, la Commission de coop\u00e9ration environnementale (CCE) collabore avec des organisations partenaires du Canada, du Mexique et des \u00c9tats-Unis pour prot\u00e9ger notre environnement commun, pour les g\u00e9n\u00e9rations pr\u00e9sentes et futures. En collaborant avec des personnes, des communaut\u00e9s, des organisations et des gouvernements \u00e0 tous les niveaux, la CCE rel\u00e8ve les d\u00e9fis [&hellip;]<\/p>\n","protected":false},"author":1,"featured_media":47484,"parent":28359,"menu_order":0,"comment_status":"closed","ping_status":"closed","template":"page-partnerships.php","meta":{"_acf_changed":false,"footnotes":""},"class_list":["post-47255","page","type-page","status-publish","has-post-thumbnail","hentry"],"acf":[],"yoast_head":"<!-- This site is optimized with the Yoast SEO Premium plugin v27.4 (Yoast SEO v27.4) - https:\/\/yoast.com\/product\/yoast-seo-premium-wordpress\/ -->\n<title>Ensemble, elles rappellent toute l\u2019importance d\u2019agir collectivement afin de b\u00e2tir un avenir durable pour notre r\u00e9gion, l\u2019Am\u00e9rique du Nord.<\/title>\n<meta name=\"description\" content=\"Nous collaborons avec des particuliers, des collectivit\u00e9s, des entreprises et des organisations afin de renforcer les efforts que nous d\u00e9ployons\" \/>\n<meta name=\"robots\" content=\"index, follow, max-snippet:-1, max-image-preview:large, max-video-preview:-1\" \/>\n<link rel=\"canonical\" href=\"https:\/\/www.cec.org\/fr\/impliquez-vous\/partenariats-et-de-collaborations\/\" \/>\n<meta property=\"og:locale\" content=\"fr_FR\" \/>\n<meta property=\"og:type\" content=\"article\" \/>\n<meta property=\"og:title\" content=\"Partenariats et collaborations\" \/>\n<meta property=\"og:description\" content=\"Depuis plus de trente ans, la Commission de coop\u00e9ration environnementale (CCE) collabore avec des organisations partenaires du Canada, du Mexique et des\" \/>\n<meta property=\"og:url\" content=\"https:\/\/www.cec.org\/fr\/impliquez-vous\/partenariats-et-de-collaborations\/\" \/>\n<meta property=\"og:site_name\" content=\"Commission de coop\u00e9ration environnementale\" \/>\n<meta property=\"article:publisher\" content=\"https:\/\/www.facebook.com\/CECconnect\" \/>\n<meta property=\"article:modified_time\" content=\"2025-08-28T18:25:20+00:00\" \/>\n<meta property=\"og:image\" content=\"https:\/\/www.cec.org\/wp-content\/uploads\/PartnersThumbnail.jpg\" \/>\n\t<meta property=\"og:image:width\" content=\"600\" \/>\n\t<meta property=\"og:image:height\" content=\"342\" \/>\n\t<meta property=\"og:image:type\" content=\"image\/jpeg\" \/>\n<meta name=\"twitter:card\" content=\"summary_large_image\" \/>\n<meta name=\"twitter:site\" content=\"@CECweb\" \/>\n<script type=\"application\/ld+json\" class=\"yoast-schema-graph\">{\"@context\":\"https:\\\/\\\/schema.org\",\"@graph\":[{\"@type\":\"WebPage\",\"@id\":\"https:\\\/\\\/www.cec.org\\\/fr\\\/impliquez-vous\\\/partenariats-et-de-collaborations\\\/\",\"url\":\"https:\\\/\\\/www.cec.org\\\/fr\\\/impliquez-vous\\\/partenariats-et-de-collaborations\\\/\",\"name\":\"Ensemble, elles rappellent toute l\u2019importance d\u2019agir collectivement afin de b\u00e2tir un avenir durable pour notre r\u00e9gion, l\u2019Am\u00e9rique du Nord.\",\"isPartOf\":{\"@id\":\"https:\\\/\\\/www.cec.org\\\/fr\\\/#website\"},\"primaryImageOfPage\":{\"@id\":\"https:\\\/\\\/www.cec.org\\\/fr\\\/impliquez-vous\\\/partenariats-et-de-collaborations\\\/#primaryimage\"},\"image\":{\"@id\":\"https:\\\/\\\/www.cec.org\\\/fr\\\/impliquez-vous\\\/partenariats-et-de-collaborations\\\/#primaryimage\"},\"thumbnailUrl\":\"https:\\\/\\\/www.cec.org\\\/wp-content\\\/uploads\\\/PartnersThumbnail.jpg\",\"datePublished\":\"2022-01-21T15:03:27+00:00\",\"dateModified\":\"2025-08-28T18:25:20+00:00\",\"description\":\"Nous collaborons avec des particuliers, des collectivit\u00e9s, des entreprises et des organisations afin de renforcer les efforts que nous d\u00e9ployons\",\"breadcrumb\":{\"@id\":\"https:\\\/\\\/www.cec.org\\\/fr\\\/impliquez-vous\\\/partenariats-et-de-collaborations\\\/#breadcrumb\"},\"inLanguage\":\"fr-FR\",\"potentialAction\":[{\"@type\":\"ReadAction\",\"target\":[\"https:\\\/\\\/www.cec.org\\\/fr\\\/impliquez-vous\\\/partenariats-et-de-collaborations\\\/\"]}]},{\"@type\":\"ImageObject\",\"inLanguage\":\"fr-FR\",\"@id\":\"https:\\\/\\\/www.cec.org\\\/fr\\\/impliquez-vous\\\/partenariats-et-de-collaborations\\\/#primaryimage\",\"url\":\"https:\\\/\\\/www.cec.org\\\/wp-content\\\/uploads\\\/PartnersThumbnail.jpg\",\"contentUrl\":\"https:\\\/\\\/www.cec.org\\\/wp-content\\\/uploads\\\/PartnersThumbnail.jpg\",\"width\":600,\"height\":342,\"caption\":\"Cover for Partnerships & Collaboration: Teamwork putting hands together\"},{\"@type\":\"BreadcrumbList\",\"@id\":\"https:\\\/\\\/www.cec.org\\\/fr\\\/impliquez-vous\\\/partenariats-et-de-collaborations\\\/#breadcrumb\",\"itemListElement\":[{\"@type\":\"ListItem\",\"position\":1,\"name\":\"Accueil\",\"item\":\"https:\\\/\\\/www.cec.org\\\/fr\\\/\"},{\"@type\":\"ListItem\",\"position\":2,\"name\":\"Impliquez-vous\",\"item\":\"https:\\\/\\\/www.cec.org\\\/fr\\\/impliquez-vous\\\/\"},{\"@type\":\"ListItem\",\"position\":3,\"name\":\"Partenariats et collaborations\"}]},{\"@type\":\"WebSite\",\"@id\":\"https:\\\/\\\/www.cec.org\\\/fr\\\/#website\",\"url\":\"https:\\\/\\\/www.cec.org\\\/fr\\\/\",\"name\":\"Commission for Environmental Cooperation\",\"description\":\"Three countries working together to protect our shared environment\",\"alternateName\":\"CEC - CCA -CCE\",\"potentialAction\":[{\"@type\":\"SearchAction\",\"target\":{\"@type\":\"EntryPoint\",\"urlTemplate\":\"https:\\\/\\\/www.cec.org\\\/fr\\\/?s={search_term_string}\"},\"query-input\":{\"@type\":\"PropertyValueSpecification\",\"valueRequired\":true,\"valueName\":\"search_term_string\"}}],\"inLanguage\":\"fr-FR\"}]}<\/script>\n<!-- \/ Yoast SEO Premium plugin. -->","yoast_head_json":{"title":"Ensemble, elles rappellent toute l\u2019importance d\u2019agir collectivement afin de b\u00e2tir un avenir durable pour notre r\u00e9gion, l\u2019Am\u00e9rique du Nord.","description":"Nous collaborons avec des particuliers, des collectivit\u00e9s, des entreprises et des organisations afin de renforcer les efforts que nous d\u00e9ployons","robots":{"index":"index","follow":"follow","max-snippet":"max-snippet:-1","max-image-preview":"max-image-preview:large","max-video-preview":"max-video-preview:-1"},"canonical":"https:\/\/www.cec.org\/fr\/impliquez-vous\/partenariats-et-de-collaborations\/","og_locale":"fr_FR","og_type":"article","og_title":"Partenariats et collaborations","og_description":"Depuis plus de trente ans, la Commission de coop\u00e9ration environnementale (CCE) collabore avec des organisations partenaires du Canada, du Mexique et des","og_url":"https:\/\/www.cec.org\/fr\/impliquez-vous\/partenariats-et-de-collaborations\/","og_site_name":"Commission de coop\u00e9ration environnementale","article_publisher":"https:\/\/www.facebook.com\/CECconnect","article_modified_time":"2025-08-28T18:25:20+00:00","og_image":[{"width":600,"height":342,"url":"https:\/\/www.cec.org\/wp-content\/uploads\/PartnersThumbnail.jpg","type":"image\/jpeg"}],"twitter_card":"summary_large_image","twitter_site":"@CECweb","schema":{"@context":"https:\/\/schema.org","@graph":[{"@type":"WebPage","@id":"https:\/\/www.cec.org\/fr\/impliquez-vous\/partenariats-et-de-collaborations\/","url":"https:\/\/www.cec.org\/fr\/impliquez-vous\/partenariats-et-de-collaborations\/","name":"Ensemble, elles rappellent toute l\u2019importance d\u2019agir collectivement afin de b\u00e2tir un avenir durable pour notre r\u00e9gion, l\u2019Am\u00e9rique du Nord.","isPartOf":{"@id":"https:\/\/www.cec.org\/fr\/#website"},"primaryImageOfPage":{"@id":"https:\/\/www.cec.org\/fr\/impliquez-vous\/partenariats-et-de-collaborations\/#primaryimage"},"image":{"@id":"https:\/\/www.cec.org\/fr\/impliquez-vous\/partenariats-et-de-collaborations\/#primaryimage"},"thumbnailUrl":"https:\/\/www.cec.org\/wp-content\/uploads\/PartnersThumbnail.jpg","datePublished":"2022-01-21T15:03:27+00:00","dateModified":"2025-08-28T18:25:20+00:00","description":"Nous collaborons avec des particuliers, des collectivit\u00e9s, des entreprises et des organisations afin de renforcer les efforts que nous d\u00e9ployons","breadcrumb":{"@id":"https:\/\/www.cec.org\/fr\/impliquez-vous\/partenariats-et-de-collaborations\/#breadcrumb"},"inLanguage":"fr-FR","potentialAction":[{"@type":"ReadAction","target":["https:\/\/www.cec.org\/fr\/impliquez-vous\/partenariats-et-de-collaborations\/"]}]},{"@type":"ImageObject","inLanguage":"fr-FR","@id":"https:\/\/www.cec.org\/fr\/impliquez-vous\/partenariats-et-de-collaborations\/#primaryimage","url":"https:\/\/www.cec.org\/wp-content\/uploads\/PartnersThumbnail.jpg","contentUrl":"https:\/\/www.cec.org\/wp-content\/uploads\/PartnersThumbnail.jpg","width":600,"height":342,"caption":"Cover for Partnerships & Collaboration: Teamwork putting hands together"},{"@type":"BreadcrumbList","@id":"https:\/\/www.cec.org\/fr\/impliquez-vous\/partenariats-et-de-collaborations\/#breadcrumb","itemListElement":[{"@type":"ListItem","position":1,"name":"Accueil","item":"https:\/\/www.cec.org\/fr\/"},{"@type":"ListItem","position":2,"name":"Impliquez-vous","item":"https:\/\/www.cec.org\/fr\/impliquez-vous\/"},{"@type":"ListItem","position":3,"name":"Partenariats et collaborations"}]},{"@type":"WebSite","@id":"https:\/\/www.cec.org\/fr\/#website","url":"https:\/\/www.cec.org\/fr\/","name":"Commission for Environmental Cooperation","description":"Three countries working together to protect our shared environment","alternateName":"CEC - CCA -CCE","potentialAction":[{"@type":"SearchAction","target":{"@type":"EntryPoint","urlTemplate":"https:\/\/www.cec.org\/fr\/?s={search_term_string}"},"query-input":{"@type":"PropertyValueSpecification","valueRequired":true,"valueName":"search_term_string"}}],"inLanguage":"fr-FR"}]}},"_links":{"self":[{"href":"https:\/\/www.cec.org\/fr\/wp-json\/wp\/v2\/pages\/47255","targetHints":{"allow":["GET"]}}],"collection":[{"href":"https:\/\/www.cec.org\/fr\/wp-json\/wp\/v2\/pages"}],"about":[{"href":"https:\/\/www.cec.org\/fr\/wp-json\/wp\/v2\/types\/page"}],"author":[{"embeddable":true,"href":"https:\/\/www.cec.org\/fr\/wp-json\/wp\/v2\/users\/1"}],"replies":[{"embeddable":true,"href":"https:\/\/www.cec.org\/fr\/wp-json\/wp\/v2\/comments?post=47255"}],"version-history":[{"count":15,"href":"https:\/\/www.cec.org\/fr\/wp-json\/wp\/v2\/pages\/47255\/revisions"}],"predecessor-version":[{"id":60031,"href":"https:\/\/www.cec.org\/fr\/wp-json\/wp\/v2\/pages\/47255\/revisions\/60031"}],"up":[{"embeddable":true,"href":"https:\/\/www.cec.org\/fr\/wp-json\/wp\/v2\/pages\/28359"}],"wp:featuredmedia":[{"embeddable":true,"href":"https:\/\/www.cec.org\/fr\/wp-json\/wp\/v2\/media\/47484"}],"wp:attachment":[{"href":"https:\/\/www.cec.org\/fr\/wp-json\/wp\/v2\/media?parent=47255"}],"curies":[{"name":"wp","href":"https:\/\/api.w.org\/{rel}","templated":true}]}}